{"id":2060,"date":"2025-02-26T10:04:26","date_gmt":"2025-02-26T10:04:26","guid":{"rendered":"https:\/\/metropolitanthings.com\/product\/olla-acer-inoxidable-30-cm\/"},"modified":"2025-05-16T12:39:08","modified_gmt":"2025-05-16T12:39:08","slug":"olla-acer-inoxidable-30-cm","status":"publish","type":"product","link":"https:\/\/metropolitanthings.com\/ca\/product\/olla-acer-inoxidable-30-cm\/","title":{"rendered":"Olla Acer Inoxidable 30 cm"},"content":{"rendered":"<p data-start=\"203\" data-end=\"377\"><span class=\"relative -mx-px my-[-0.2rem] rounded px-px py-[0.2rem]\">Fabricada en acer inoxidable d&#8217;alta qualitat, garanteix durabilitat, resist\u00e8ncia a la corrosi\u00f3 i una distribuci\u00f3 uniforme de la calor<\/span><span class=\"relative -mx-px my-[-0.2rem] rounded px-px py-[0.2rem]\">. Inclou una tapa de vidre temperat que permet supervisar la cocci\u00f3 sense necessitat de destapar, conservant aix\u00ed la calor i els sabors.\u200b<\/span><\/p>\n<p data-start=\"379\" data-end=\"399\"><strong data-start=\"379\" data-end=\"399\">Caracter\u00edstiques:<\/strong><\/p>\n<ul data-start=\"400\" data-end=\"1214\">\n<li data-start=\"400\" data-end=\"497\"><strong data-start=\"402\" data-end=\"415\">Material: <\/strong><span class=\"relative -mx-px my-[-0.2rem] rounded px-px py-[0.2rem]\">Acer inoxidable de grau aliment\u00f3s, resistent i f\u00e0cil de netejar.\u200b<\/span><\/li>\n<li data-start=\"498\" data-end=\"599\"><strong data-start=\"500\" data-end=\"513\">Di\u00e0metre:<\/strong> <span class=\"relative -mx-px my-[-0.2rem] rounded px-px py-[0.2rem]\">30 cm.<\/span>\u200b<\/li>\n<li data-start=\"600\" data-end=\"702\"><strong data-start=\"602\" data-end=\"616\">Capacitat:<\/strong> <span class=\"relative -mx-px my-[-0.2rem] rounded px-px py-[0.2rem]\">Aproximadament 15 litres, ideal per a preparar sopes, guisats i pastes en grans quantitats<\/span><\/li>\n<li data-start=\"703\" data-end=\"800\"><strong data-start=\"705\" data-end=\"714\">Tapa:<\/strong> <span class=\"relative -mx-px my-[-0.2rem] rounded px-px py-[0.2rem]\">Vidre temperat amb sortida de vapor, que facilita el monitoratge de la cocci\u00f3.\u200b<\/span><\/li>\n<li data-start=\"801\" data-end=\"908\"><strong data-start=\"803\" data-end=\"822\">Compatibilitat:<\/strong> <span class=\"relative -mx-px my-[-0.2rem] rounded px-px py-[0.2rem]\">Apta per a tota mena de cuines: gas, el\u00e8ctrica, vitrocer\u00e0mica i inducci\u00f3.\u200b<\/span><\/li>\n<li data-start=\"909\" data-end=\"1006\"><strong data-start=\"911\" data-end=\"920\">Anses<\/strong>:<span class=\"relative -mx-px my-[-0.2rem] rounded px-px py-[0.2rem]\"> Ergon\u00f2miques i a\u00efllants de la calor, per a un maneig segur i c\u00f2mode.\u200b<\/span><\/li>\n<li data-start=\"1007\" data-end=\"1112\"><strong data-start=\"1009\" data-end=\"1026\">\u00das en forn:<\/strong><span class=\"relative -mx-px my-[-0.2rem] rounded px-px py-[0.2rem]\"> Resistent a la calor, adequada per al seu \u00fas en forn (sense la tapa de vidre).\u200b<\/span><\/li>\n<li data-start=\"1113\" data-end=\"1214\"><strong data-start=\"1115\" data-end=\"1128\">Neteja: <\/strong><span class=\"relative -mx-px my-[-0.2rem] rounded px-px py-[0.2rem]\">Apta per a rentavaixella, facilitant el seu manteniment diari.\u200b<\/span><\/li>\n<\/ul>\n<p data-start=\"1216\" data-end=\"1231\"><strong data-start=\"1216\" data-end=\"1231\">Beneficis:<\/strong><\/p>\n<ul data-start=\"1232\" data-end=\"1660\">\n<li data-start=\"1232\" data-end=\"1337\"><strong data-start=\"1234\" data-end=\"1251\">Versatilitat:<\/strong><span class=\"relative -mx-px my-[-0.2rem] rounded px-px py-[0.2rem]\"> La seva gran capacitat i compatibilitat amb diverses fonts de calor la fan ideal per a una \u00e0mplia gamma de receptes.\u200b<\/span><\/li>\n<li data-start=\"1338\" data-end=\"1442\"><strong data-start=\"1340\" data-end=\"1356\">Durabilitat:<\/strong> <span class=\"relative -mx-px my-[-0.2rem] rounded px-px py-[0.2rem]\">L&#8217;acer inoxidable assegura una llarga vida \u00fatil i mant\u00e9 la seva aparen\u00e7a fins i tot amb \u00fas freq\u00fcent.\u200b<\/span><\/li>\n<li data-start=\"1443\" data-end=\"1545\"><strong data-start=\"1445\" data-end=\"1459\">Saludable:<\/strong> <span class=\"relative -mx-px my-[-0.2rem] rounded px-px py-[0.2rem]\">Materials que no reaccionen amb els aliments, preservant el seu sabor i propietats nutricionals.\u200b<\/span><\/li>\n<li data-start=\"1546\" data-end=\"1660\"><strong data-start=\"1548\" data-end=\"1574\">Efici\u00e8ncia Energ\u00e8tica:<\/strong><span class=\"relative -mx-px my-[-0.2rem] rounded px-px py-[0.2rem]\"> La distribuci\u00f3 uniforme de la calor permet una cocci\u00f3 m\u00e9s r\u00e0pida i eficient, estalviant energia.\u200b<\/span><\/li>\n<\/ul>\n<p data-start=\"1662\" data-end=\"1689\"><strong data-start=\"1662\" data-end=\"1689\">Recomanacions d&#8217;\u00das:<\/strong><\/p>\n<ul data-start=\"1690\" data-end=\"2041\">\n<li data-start=\"1690\" data-end=\"1777\"><span class=\"relative -mx-px my-[-0.2rem] rounded px-px py-[0.2rem]\">Abans del primer \u00fas, rentar amb aigua t\u00e8bia i sab\u00f3 neutre.\u200b<\/span><\/li>\n<li data-start=\"1778\" data-end=\"1865\"><span class=\"relative -mx-px my-[-0.2rem] rounded px-px py-[0.2rem]\">Utilitzar utensilis de fusta, silicona o pl\u00e0stic per a evitar ratllar la superf\u00edcie.\u200b<\/span><\/li>\n<li data-start=\"1866\" data-end=\"1953\"><span class=\"relative -mx-px my-[-0.2rem] rounded px-px py-[0.2rem]\">Evitar canvis bruscos de temperatura per a prolongar la vida \u00fatil de l&#8217;olla.\u200b<\/span><\/li>\n<li data-start=\"1954\" data-end=\"2041\"><span class=\"relative -mx-px my-[-0.2rem] rounded px-px py-[0.2rem]\">Si s&#8217;utilitza en forn, retirar la tapa de vidre i assegurar-se que les anses siguin aptes per a altes temperatures.\u200b<\/span><\/li>\n<\/ul>\n<p data-start=\"2043\" data-end=\"2142\">\n","protected":false},"excerpt":{"rendered":"<p><span class=\"relative -mx-px my-[-0.2rem] rounded px-px py-[0.2rem]\">Aquesta olla \u00e9s el complement perfecte per a la teva cuina, dissenyada per a satisfer les necessitats de fam\u00edlies nombroses o per a la preparaci\u00f3 de grans quantitats d&#8217;aliments.<\/span><\/p>\n","protected":false},"featured_media":1356,"template":"","meta":[],"product_brand":[],"product_cat":[109,124],"product_tag":[],"class_list":{"0":"post-2060","1":"product","2":"type-product","3":"status-publish","4":"has-post-thumbnail","6":"product_cat-ollas-ca","7":"product_cat-sartenes-y-ollas-ca","9":"first","10":"instock","11":"taxable","12":"shipping-taxable","13":"purchasable","14":"product-type-simple"},"yoast_head":"<!-- This site is optimized with the Yoast SEO plugin v27.1.1 - https:\/\/yoast.com\/product\/yoast-seo-wordpress\/ -->\n<title>Olla Acer Inoxidable 30 cm - Metropolitan Things<\/title>\n<meta name=\"robots\" content=\"index, follow, max-snippet:-1, max-image-preview:large, max-video-preview:-1\" \/>\n<link rel=\"canonical\" href=\"https:\/\/metropolitanthings.com\/ca\/product\/olla-acer-inoxidable-30-cm\/\" \/>\n<meta property=\"og:locale\" content=\"ca_ES\" \/>\n<meta property=\"og:type\" content=\"article\" \/>\n<meta property=\"og:title\" content=\"Olla Acer Inoxidable 30 cm - Metropolitan Things\" \/>\n<meta property=\"og:description\" content=\"Aquesta olla \u00e9s el complement perfecte per a la teva cuina, dissenyada per a satisfer les necessitats de fam\u00edlies nombroses o per a la preparaci\u00f3 de grans quantitats d&#039;aliments.\" \/>\n<meta property=\"og:url\" content=\"https:\/\/metropolitanthings.com\/ca\/product\/olla-acer-inoxidable-30-cm\/\" \/>\n<meta property=\"og:site_name\" content=\"Metropolitan Things\" \/>\n<meta property=\"article:modified_time\" content=\"2025-05-16T12:39:08+00:00\" \/>\n<meta property=\"og:image\" content=\"https:\/\/metropolitanthings.com\/wp-content\/uploads\/2025\/02\/olla.webp\" \/>\n\t<meta property=\"og:image:width\" content=\"800\" \/>\n\t<meta property=\"og:image:height\" content=\"800\" \/>\n\t<meta property=\"og:image:type\" content=\"image\/webp\" \/>\n<meta name=\"twitter:card\" content=\"summary_large_image\" \/>\n<meta name=\"twitter:label1\" content=\"Temps estimat de lectura\" \/>\n\t<meta name=\"twitter:data1\" content=\"2 minuts\" \/>\n<script type=\"application\/ld+json\" class=\"yoast-schema-graph\">{\"@context\":\"https:\/\/schema.org\",\"@graph\":[{\"@type\":\"WebPage\",\"@id\":\"https:\/\/metropolitanthings.com\/ca\/product\/olla-acer-inoxidable-30-cm\/\",\"url\":\"https:\/\/metropolitanthings.com\/ca\/product\/olla-acer-inoxidable-30-cm\/\",\"name\":\"Olla Acer Inoxidable 30 cm - Metropolitan Things\",\"isPartOf\":{\"@id\":\"https:\/\/metropolitanthings.com\/ca\/#website\"},\"primaryImageOfPage\":{\"@id\":\"https:\/\/metropolitanthings.com\/ca\/product\/olla-acer-inoxidable-30-cm\/#primaryimage\"},\"image\":{\"@id\":\"https:\/\/metropolitanthings.com\/ca\/product\/olla-acer-inoxidable-30-cm\/#primaryimage\"},\"thumbnailUrl\":\"https:\/\/metropolitanthings.com\/wp-content\/uploads\/2025\/02\/olla.webp\",\"datePublished\":\"2025-02-26T10:04:26+00:00\",\"dateModified\":\"2025-05-16T12:39:08+00:00\",\"breadcrumb\":{\"@id\":\"https:\/\/metropolitanthings.com\/ca\/product\/olla-acer-inoxidable-30-cm\/#breadcrumb\"},\"inLanguage\":\"ca\",\"potentialAction\":[{\"@type\":\"ReadAction\",\"target\":[\"https:\/\/metropolitanthings.com\/ca\/product\/olla-acer-inoxidable-30-cm\/\"]}]},{\"@type\":\"ImageObject\",\"inLanguage\":\"ca\",\"@id\":\"https:\/\/metropolitanthings.com\/ca\/product\/olla-acer-inoxidable-30-cm\/#primaryimage\",\"url\":\"https:\/\/metropolitanthings.com\/wp-content\/uploads\/2025\/02\/olla.webp\",\"contentUrl\":\"https:\/\/metropolitanthings.com\/wp-content\/uploads\/2025\/02\/olla.webp\",\"width\":800,\"height\":800,\"caption\":\"olla-acero-inoxidable-metropolitan-things\"},{\"@type\":\"BreadcrumbList\",\"@id\":\"https:\/\/metropolitanthings.com\/ca\/product\/olla-acer-inoxidable-30-cm\/#breadcrumb\",\"itemListElement\":[{\"@type\":\"ListItem\",\"position\":1,\"name\":\"Home\",\"item\":\"https:\/\/metropolitanthings.com\/ca\/\"},{\"@type\":\"ListItem\",\"position\":2,\"name\":\"Botiga\",\"item\":\"https:\/\/metropolitanthings.com\/botiga\/\"},{\"@type\":\"ListItem\",\"position\":3,\"name\":\"Olla Acer Inoxidable 30 cm\"}]},{\"@type\":\"WebSite\",\"@id\":\"https:\/\/metropolitanthings.com\/ca\/#website\",\"url\":\"https:\/\/metropolitanthings.com\/ca\/\",\"name\":\"Metropolitan Things\",\"description\":\"\",\"publisher\":{\"@id\":\"https:\/\/metropolitanthings.com\/ca\/#organization\"},\"potentialAction\":[{\"@type\":\"SearchAction\",\"target\":{\"@type\":\"EntryPoint\",\"urlTemplate\":\"https:\/\/metropolitanthings.com\/ca\/?s={search_term_string}\"},\"query-input\":{\"@type\":\"PropertyValueSpecification\",\"valueRequired\":true,\"valueName\":\"search_term_string\"}}],\"inLanguage\":\"ca\"},{\"@type\":\"Organization\",\"@id\":\"https:\/\/metropolitanthings.com\/ca\/#organization\",\"name\":\"Metropolitan Things\",\"url\":\"https:\/\/metropolitanthings.com\/ca\/\",\"logo\":{\"@type\":\"ImageObject\",\"inLanguage\":\"ca\",\"@id\":\"https:\/\/metropolitanthings.com\/ca\/#\/schema\/logo\/image\/\",\"url\":\"https:\/\/metropolitanthings.com\/wp-content\/uploads\/2025\/02\/cropped-cropped-logo-metropolitan.png\",\"contentUrl\":\"https:\/\/metropolitanthings.com\/wp-content\/uploads\/2025\/02\/cropped-cropped-logo-metropolitan.png\",\"width\":512,\"height\":512,\"caption\":\"Metropolitan Things\"},\"image\":{\"@id\":\"https:\/\/metropolitanthings.com\/ca\/#\/schema\/logo\/image\/\"}}]}<\/script>\n<!-- \/ Yoast SEO plugin. -->","yoast_head_json":{"title":"Olla Acer Inoxidable 30 cm - Metropolitan Things","robots":{"index":"index","follow":"follow","max-snippet":"max-snippet:-1","max-image-preview":"max-image-preview:large","max-video-preview":"max-video-preview:-1"},"canonical":"https:\/\/metropolitanthings.com\/ca\/product\/olla-acer-inoxidable-30-cm\/","og_locale":"ca_ES","og_type":"article","og_title":"Olla Acer Inoxidable 30 cm - Metropolitan Things","og_description":"Aquesta olla \u00e9s el complement perfecte per a la teva cuina, dissenyada per a satisfer les necessitats de fam\u00edlies nombroses o per a la preparaci\u00f3 de grans quantitats d'aliments.","og_url":"https:\/\/metropolitanthings.com\/ca\/product\/olla-acer-inoxidable-30-cm\/","og_site_name":"Metropolitan Things","article_modified_time":"2025-05-16T12:39:08+00:00","og_image":[{"width":800,"height":800,"url":"https:\/\/metropolitanthings.com\/wp-content\/uploads\/2025\/02\/olla.webp","type":"image\/webp"}],"twitter_card":"summary_large_image","twitter_misc":{"Temps estimat de lectura":"2 minuts"},"schema":{"@context":"https:\/\/schema.org","@graph":[{"@type":"WebPage","@id":"https:\/\/metropolitanthings.com\/ca\/product\/olla-acer-inoxidable-30-cm\/","url":"https:\/\/metropolitanthings.com\/ca\/product\/olla-acer-inoxidable-30-cm\/","name":"Olla Acer Inoxidable 30 cm - Metropolitan Things","isPartOf":{"@id":"https:\/\/metropolitanthings.com\/ca\/#website"},"primaryImageOfPage":{"@id":"https:\/\/metropolitanthings.com\/ca\/product\/olla-acer-inoxidable-30-cm\/#primaryimage"},"image":{"@id":"https:\/\/metropolitanthings.com\/ca\/product\/olla-acer-inoxidable-30-cm\/#primaryimage"},"thumbnailUrl":"https:\/\/metropolitanthings.com\/wp-content\/uploads\/2025\/02\/olla.webp","datePublished":"2025-02-26T10:04:26+00:00","dateModified":"2025-05-16T12:39:08+00:00","breadcrumb":{"@id":"https:\/\/metropolitanthings.com\/ca\/product\/olla-acer-inoxidable-30-cm\/#breadcrumb"},"inLanguage":"ca","potentialAction":[{"@type":"ReadAction","target":["https:\/\/metropolitanthings.com\/ca\/product\/olla-acer-inoxidable-30-cm\/"]}]},{"@type":"ImageObject","inLanguage":"ca","@id":"https:\/\/metropolitanthings.com\/ca\/product\/olla-acer-inoxidable-30-cm\/#primaryimage","url":"https:\/\/metropolitanthings.com\/wp-content\/uploads\/2025\/02\/olla.webp","contentUrl":"https:\/\/metropolitanthings.com\/wp-content\/uploads\/2025\/02\/olla.webp","width":800,"height":800,"caption":"olla-acero-inoxidable-metropolitan-things"},{"@type":"BreadcrumbList","@id":"https:\/\/metropolitanthings.com\/ca\/product\/olla-acer-inoxidable-30-cm\/#breadcrumb","itemListElement":[{"@type":"ListItem","position":1,"name":"Home","item":"https:\/\/metropolitanthings.com\/ca\/"},{"@type":"ListItem","position":2,"name":"Botiga","item":"https:\/\/metropolitanthings.com\/botiga\/"},{"@type":"ListItem","position":3,"name":"Olla Acer Inoxidable 30 cm"}]},{"@type":"WebSite","@id":"https:\/\/metropolitanthings.com\/ca\/#website","url":"https:\/\/metropolitanthings.com\/ca\/","name":"Metropolitan Things","description":"","publisher":{"@id":"https:\/\/metropolitanthings.com\/ca\/#organization"},"potentialAction":[{"@type":"SearchAction","target":{"@type":"EntryPoint","urlTemplate":"https:\/\/metropolitanthings.com\/ca\/?s={search_term_string}"},"query-input":{"@type":"PropertyValueSpecification","valueRequired":true,"valueName":"search_term_string"}}],"inLanguage":"ca"},{"@type":"Organization","@id":"https:\/\/metropolitanthings.com\/ca\/#organization","name":"Metropolitan Things","url":"https:\/\/metropolitanthings.com\/ca\/","logo":{"@type":"ImageObject","inLanguage":"ca","@id":"https:\/\/metropolitanthings.com\/ca\/#\/schema\/logo\/image\/","url":"https:\/\/metropolitanthings.com\/wp-content\/uploads\/2025\/02\/cropped-cropped-logo-metropolitan.png","contentUrl":"https:\/\/metropolitanthings.com\/wp-content\/uploads\/2025\/02\/cropped-cropped-logo-metropolitan.png","width":512,"height":512,"caption":"Metropolitan Things"},"image":{"@id":"https:\/\/metropolitanthings.com\/ca\/#\/schema\/logo\/image\/"}}]}},"jetpack_sharing_enabled":true,"_links":{"self":[{"href":"https:\/\/metropolitanthings.com\/ca\/wp-json\/wp\/v2\/product\/2060","targetHints":{"allow":["GET"]}}],"collection":[{"href":"https:\/\/metropolitanthings.com\/ca\/wp-json\/wp\/v2\/product"}],"about":[{"href":"https:\/\/metropolitanthings.com\/ca\/wp-json\/wp\/v2\/types\/product"}],"version-history":[{"count":1,"href":"https:\/\/metropolitanthings.com\/ca\/wp-json\/wp\/v2\/product\/2060\/revisions"}],"predecessor-version":[{"id":2281,"href":"https:\/\/metropolitanthings.com\/ca\/wp-json\/wp\/v2\/product\/2060\/revisions\/2281"}],"wp:featuredmedia":[{"embeddable":true,"href":"https:\/\/metropolitanthings.com\/ca\/wp-json\/wp\/v2\/media\/1356"}],"wp:attachment":[{"href":"https:\/\/metropolitanthings.com\/ca\/wp-json\/wp\/v2\/media?parent=2060"}],"wp:term":[{"taxonomy":"product_brand","embeddable":true,"href":"https:\/\/metropolitanthings.com\/ca\/wp-json\/wp\/v2\/product_brand?post=2060"},{"taxonomy":"product_cat","embeddable":true,"href":"https:\/\/metropolitanthings.com\/ca\/wp-json\/wp\/v2\/product_cat?post=2060"},{"taxonomy":"product_tag","embeddable":true,"href":"https:\/\/metropolitanthings.com\/ca\/wp-json\/wp\/v2\/product_tag?post=2060"}],"curies":[{"name":"wp","href":"https:\/\/api.w.org\/{rel}","templated":true}]}}