{"id":2059,"date":"2025-03-06T13:01:39","date_gmt":"2025-03-06T13:01:39","guid":{"rendered":"https:\/\/metropolitanthings.com\/product\/rostidor\/"},"modified":"2025-05-16T12:38:56","modified_gmt":"2025-05-16T12:38:56","slug":"rostidor","status":"publish","type":"product","link":"https:\/\/metropolitanthings.com\/ca\/product\/rostidor\/","title":{"rendered":"Rostidor"},"content":{"rendered":"<p data-start=\"0\" data-end=\"126\"><span class=\"relative -mx-px my-[-0.2rem] rounded px-px py-[0.2rem]\">Dissenyat per a oferir una experi\u00e8ncia culin\u00e0ria superior, aquest grill combina materials d&#8217;alta qualitat amb tecnologia avan\u00e7ada per a garantir resultats \u00f2ptims en cada preparaci\u00f3.\u200b<\/span><\/p>\n<p data-start=\"128\" data-end=\"160\"><strong data-start=\"128\" data-end=\"160\">Caracter\u00edstiques principals:<\/strong><\/p>\n<ul data-start=\"162\" data-end=\"753\">\n<li data-start=\"162\" data-end=\"274\">\n<p data-start=\"164\" data-end=\"274\"><strong data-start=\"164\" data-end=\"192\">Material de fabricaci\u00f3:<\/strong> <span class=\"relative -mx-px my-[-0.2rem] rounded px-px py-[0.2rem]\">El cos del grill est\u00e0 elaborat en alumini forjat, reconegut per la seva gran duresa i durabilitat. Aquest material assegura una distribuci\u00f3 uniforme de la calor, permetent una cocci\u00f3 homog\u00e8nia dels aliments. <\/span>\u200b<\/p>\n<\/li>\n<li data-start=\"276\" data-end=\"404\">\n<p data-start=\"278\" data-end=\"404\"><strong data-start=\"278\" data-end=\"322\">Revestiment antiadherent QuanTanium\u00ae:<\/strong> <span class=\"relative -mx-px my-[-0.2rem] rounded px-px py-[0.2rem]\">Compta amb un recobriment multicapa refor\u00e7at internament amb part\u00edcules de titani, la qual cosa proporciona una alta resist\u00e8ncia a les esgarrapades i una superf\u00edcie lliure de PFOA, garantint la seva seguretat en contacte amb aliments.\u200b<\/span><\/p>\n<\/li>\n<li data-start=\"406\" data-end=\"524\">\n<p data-start=\"408\" data-end=\"524\"><strong data-start=\"408\" data-end=\"442\">M\u00e0nec ergon\u00f2mic de baquelita:<\/strong><span class=\"relative -mx-px my-[-0.2rem] rounded px-px py-[0.2rem]\"> Dissenyat per a adaptar-se c\u00f2modament a la m\u00e0, el m\u00e0nec roman fred durant la cocci\u00f3, oferint seguretat i comoditat en el seu \u00fas.\u200b<\/span><\/p>\n<\/li>\n<li data-start=\"526\" data-end=\"647\">\n<p data-start=\"528\" data-end=\"647\"><strong data-start=\"528\" data-end=\"563\">Compatibilitat i manteniment:<\/strong> <span class=\"relative -mx-px my-[-0.2rem] rounded px-px py-[0.2rem]\">Aquest grill \u00e9s apte per al seu \u00fas en tota mena de cuines, incloent-hi gas, el\u00e8ctriques i vitrocer\u00e0miques. A m\u00e9s, pot rentar-se en el rentavaixella, facilitant la seva neteja i manteniment. <\/span>\u200b<\/p>\n<\/li>\n<li data-start=\"649\" data-end=\"753\">\n<p data-start=\"651\" data-end=\"753\"><strong data-start=\"651\" data-end=\"667\">Dimensions:<\/strong> <span class=\"relative -mx-px my-[-0.2rem] rounded px-px py-[0.2rem]\">28 cm x 28 cm<\/span><\/p>\n<\/li>\n<\/ul>\n<p data-start=\"755\" data-end=\"880\">\n","protected":false},"excerpt":{"rendered":"<p>Dissenyat per a oferir una experi\u00e8ncia culin\u00e0ria superior, aquest grill combina materials d&#8217;alta qualitat amb tecnologia avan\u00e7ada per a garantir resultats \u00f2ptims en cada preparaci\u00f3.\u200b Caracter\u00edstiques<span class=\"excerpt-hellip\"> [\u2026]<\/span><\/p>\n","protected":false},"featured_media":1571,"template":"","meta":[],"product_brand":[],"product_cat":[124,114],"product_tag":[],"class_list":{"0":"post-2059","1":"product","2":"type-product","3":"status-publish","4":"has-post-thumbnail","6":"product_cat-sartenes-y-ollas-ca","7":"product_cat-asadores-ca","9":"first","10":"instock","11":"taxable","12":"shipping-taxable","13":"purchasable","14":"product-type-simple"},"yoast_head":"<!-- This site is optimized with the Yoast SEO plugin v27.1.1 - https:\/\/yoast.com\/product\/yoast-seo-wordpress\/ -->\n<title>Rostidor - Metropolitan Things<\/title>\n<meta name=\"robots\" content=\"index, follow, max-snippet:-1, max-image-preview:large, max-video-preview:-1\" \/>\n<link rel=\"canonical\" href=\"https:\/\/metropolitanthings.com\/ca\/product\/rostidor\/\" \/>\n<meta property=\"og:locale\" content=\"ca_ES\" \/>\n<meta property=\"og:type\" content=\"article\" \/>\n<meta property=\"og:title\" content=\"Rostidor - Metropolitan Things\" \/>\n<meta property=\"og:description\" content=\"Dissenyat per a oferir una experi\u00e8ncia culin\u00e0ria superior, aquest grill combina materials d&#8217;alta qualitat amb tecnologia avan\u00e7ada per a garantir resultats \u00f2ptims en cada preparaci\u00f3.\u200b Caracter\u00edstiques [\u2026]\" \/>\n<meta property=\"og:url\" content=\"https:\/\/metropolitanthings.com\/ca\/product\/rostidor\/\" \/>\n<meta property=\"og:site_name\" content=\"Metropolitan Things\" \/>\n<meta property=\"article:modified_time\" content=\"2025-05-16T12:38:56+00:00\" \/>\n<meta property=\"og:image\" content=\"https:\/\/metropolitanthings.com\/wp-content\/uploads\/2025\/03\/asador-kaula-arcos.png\" \/>\n\t<meta property=\"og:image:width\" content=\"800\" \/>\n\t<meta property=\"og:image:height\" content=\"800\" \/>\n\t<meta property=\"og:image:type\" content=\"image\/png\" \/>\n<meta name=\"twitter:card\" content=\"summary_large_image\" \/>\n<meta name=\"twitter:label1\" content=\"Temps estimat de lectura\" \/>\n\t<meta name=\"twitter:data1\" content=\"1 minut\" \/>\n<script type=\"application\/ld+json\" class=\"yoast-schema-graph\">{\"@context\":\"https:\/\/schema.org\",\"@graph\":[{\"@type\":\"WebPage\",\"@id\":\"https:\/\/metropolitanthings.com\/ca\/product\/rostidor\/\",\"url\":\"https:\/\/metropolitanthings.com\/ca\/product\/rostidor\/\",\"name\":\"Rostidor - Metropolitan Things\",\"isPartOf\":{\"@id\":\"https:\/\/metropolitanthings.com\/ca\/#website\"},\"primaryImageOfPage\":{\"@id\":\"https:\/\/metropolitanthings.com\/ca\/product\/rostidor\/#primaryimage\"},\"image\":{\"@id\":\"https:\/\/metropolitanthings.com\/ca\/product\/rostidor\/#primaryimage\"},\"thumbnailUrl\":\"https:\/\/metropolitanthings.com\/wp-content\/uploads\/2025\/03\/asador-kaula-arcos.png\",\"datePublished\":\"2025-03-06T13:01:39+00:00\",\"dateModified\":\"2025-05-16T12:38:56+00:00\",\"breadcrumb\":{\"@id\":\"https:\/\/metropolitanthings.com\/ca\/product\/rostidor\/#breadcrumb\"},\"inLanguage\":\"ca\",\"potentialAction\":[{\"@type\":\"ReadAction\",\"target\":[\"https:\/\/metropolitanthings.com\/ca\/product\/rostidor\/\"]}]},{\"@type\":\"ImageObject\",\"inLanguage\":\"ca\",\"@id\":\"https:\/\/metropolitanthings.com\/ca\/product\/rostidor\/#primaryimage\",\"url\":\"https:\/\/metropolitanthings.com\/wp-content\/uploads\/2025\/03\/asador-kaula-arcos.png\",\"contentUrl\":\"https:\/\/metropolitanthings.com\/wp-content\/uploads\/2025\/03\/asador-kaula-arcos.png\",\"width\":800,\"height\":800,\"caption\":\"asador-metropolitan-things\"},{\"@type\":\"BreadcrumbList\",\"@id\":\"https:\/\/metropolitanthings.com\/ca\/product\/rostidor\/#breadcrumb\",\"itemListElement\":[{\"@type\":\"ListItem\",\"position\":1,\"name\":\"Home\",\"item\":\"https:\/\/metropolitanthings.com\/ca\/\"},{\"@type\":\"ListItem\",\"position\":2,\"name\":\"Botiga\",\"item\":\"https:\/\/metropolitanthings.com\/botiga\/\"},{\"@type\":\"ListItem\",\"position\":3,\"name\":\"Rostidor\"}]},{\"@type\":\"WebSite\",\"@id\":\"https:\/\/metropolitanthings.com\/ca\/#website\",\"url\":\"https:\/\/metropolitanthings.com\/ca\/\",\"name\":\"Metropolitan Things\",\"description\":\"\",\"publisher\":{\"@id\":\"https:\/\/metropolitanthings.com\/ca\/#organization\"},\"potentialAction\":[{\"@type\":\"SearchAction\",\"target\":{\"@type\":\"EntryPoint\",\"urlTemplate\":\"https:\/\/metropolitanthings.com\/ca\/?s={search_term_string}\"},\"query-input\":{\"@type\":\"PropertyValueSpecification\",\"valueRequired\":true,\"valueName\":\"search_term_string\"}}],\"inLanguage\":\"ca\"},{\"@type\":\"Organization\",\"@id\":\"https:\/\/metropolitanthings.com\/ca\/#organization\",\"name\":\"Metropolitan Things\",\"url\":\"https:\/\/metropolitanthings.com\/ca\/\",\"logo\":{\"@type\":\"ImageObject\",\"inLanguage\":\"ca\",\"@id\":\"https:\/\/metropolitanthings.com\/ca\/#\/schema\/logo\/image\/\",\"url\":\"https:\/\/metropolitanthings.com\/wp-content\/uploads\/2025\/02\/cropped-cropped-logo-metropolitan.png\",\"contentUrl\":\"https:\/\/metropolitanthings.com\/wp-content\/uploads\/2025\/02\/cropped-cropped-logo-metropolitan.png\",\"width\":512,\"height\":512,\"caption\":\"Metropolitan Things\"},\"image\":{\"@id\":\"https:\/\/metropolitanthings.com\/ca\/#\/schema\/logo\/image\/\"}}]}<\/script>\n<!-- \/ Yoast SEO plugin. -->","yoast_head_json":{"title":"Rostidor - Metropolitan Things","robots":{"index":"index","follow":"follow","max-snippet":"max-snippet:-1","max-image-preview":"max-image-preview:large","max-video-preview":"max-video-preview:-1"},"canonical":"https:\/\/metropolitanthings.com\/ca\/product\/rostidor\/","og_locale":"ca_ES","og_type":"article","og_title":"Rostidor - Metropolitan Things","og_description":"Dissenyat per a oferir una experi\u00e8ncia culin\u00e0ria superior, aquest grill combina materials d&#8217;alta qualitat amb tecnologia avan\u00e7ada per a garantir resultats \u00f2ptims en cada preparaci\u00f3.\u200b Caracter\u00edstiques [\u2026]","og_url":"https:\/\/metropolitanthings.com\/ca\/product\/rostidor\/","og_site_name":"Metropolitan Things","article_modified_time":"2025-05-16T12:38:56+00:00","og_image":[{"width":800,"height":800,"url":"https:\/\/metropolitanthings.com\/wp-content\/uploads\/2025\/03\/asador-kaula-arcos.png","type":"image\/png"}],"twitter_card":"summary_large_image","twitter_misc":{"Temps estimat de lectura":"1 minut"},"schema":{"@context":"https:\/\/schema.org","@graph":[{"@type":"WebPage","@id":"https:\/\/metropolitanthings.com\/ca\/product\/rostidor\/","url":"https:\/\/metropolitanthings.com\/ca\/product\/rostidor\/","name":"Rostidor - Metropolitan Things","isPartOf":{"@id":"https:\/\/metropolitanthings.com\/ca\/#website"},"primaryImageOfPage":{"@id":"https:\/\/metropolitanthings.com\/ca\/product\/rostidor\/#primaryimage"},"image":{"@id":"https:\/\/metropolitanthings.com\/ca\/product\/rostidor\/#primaryimage"},"thumbnailUrl":"https:\/\/metropolitanthings.com\/wp-content\/uploads\/2025\/03\/asador-kaula-arcos.png","datePublished":"2025-03-06T13:01:39+00:00","dateModified":"2025-05-16T12:38:56+00:00","breadcrumb":{"@id":"https:\/\/metropolitanthings.com\/ca\/product\/rostidor\/#breadcrumb"},"inLanguage":"ca","potentialAction":[{"@type":"ReadAction","target":["https:\/\/metropolitanthings.com\/ca\/product\/rostidor\/"]}]},{"@type":"ImageObject","inLanguage":"ca","@id":"https:\/\/metropolitanthings.com\/ca\/product\/rostidor\/#primaryimage","url":"https:\/\/metropolitanthings.com\/wp-content\/uploads\/2025\/03\/asador-kaula-arcos.png","contentUrl":"https:\/\/metropolitanthings.com\/wp-content\/uploads\/2025\/03\/asador-kaula-arcos.png","width":800,"height":800,"caption":"asador-metropolitan-things"},{"@type":"BreadcrumbList","@id":"https:\/\/metropolitanthings.com\/ca\/product\/rostidor\/#breadcrumb","itemListElement":[{"@type":"ListItem","position":1,"name":"Home","item":"https:\/\/metropolitanthings.com\/ca\/"},{"@type":"ListItem","position":2,"name":"Botiga","item":"https:\/\/metropolitanthings.com\/botiga\/"},{"@type":"ListItem","position":3,"name":"Rostidor"}]},{"@type":"WebSite","@id":"https:\/\/metropolitanthings.com\/ca\/#website","url":"https:\/\/metropolitanthings.com\/ca\/","name":"Metropolitan Things","description":"","publisher":{"@id":"https:\/\/metropolitanthings.com\/ca\/#organization"},"potentialAction":[{"@type":"SearchAction","target":{"@type":"EntryPoint","urlTemplate":"https:\/\/metropolitanthings.com\/ca\/?s={search_term_string}"},"query-input":{"@type":"PropertyValueSpecification","valueRequired":true,"valueName":"search_term_string"}}],"inLanguage":"ca"},{"@type":"Organization","@id":"https:\/\/metropolitanthings.com\/ca\/#organization","name":"Metropolitan Things","url":"https:\/\/metropolitanthings.com\/ca\/","logo":{"@type":"ImageObject","inLanguage":"ca","@id":"https:\/\/metropolitanthings.com\/ca\/#\/schema\/logo\/image\/","url":"https:\/\/metropolitanthings.com\/wp-content\/uploads\/2025\/02\/cropped-cropped-logo-metropolitan.png","contentUrl":"https:\/\/metropolitanthings.com\/wp-content\/uploads\/2025\/02\/cropped-cropped-logo-metropolitan.png","width":512,"height":512,"caption":"Metropolitan Things"},"image":{"@id":"https:\/\/metropolitanthings.com\/ca\/#\/schema\/logo\/image\/"}}]}},"jetpack_sharing_enabled":true,"_links":{"self":[{"href":"https:\/\/metropolitanthings.com\/ca\/wp-json\/wp\/v2\/product\/2059","targetHints":{"allow":["GET"]}}],"collection":[{"href":"https:\/\/metropolitanthings.com\/ca\/wp-json\/wp\/v2\/product"}],"about":[{"href":"https:\/\/metropolitanthings.com\/ca\/wp-json\/wp\/v2\/types\/product"}],"version-history":[{"count":1,"href":"https:\/\/metropolitanthings.com\/ca\/wp-json\/wp\/v2\/product\/2059\/revisions"}],"predecessor-version":[{"id":2280,"href":"https:\/\/metropolitanthings.com\/ca\/wp-json\/wp\/v2\/product\/2059\/revisions\/2280"}],"wp:featuredmedia":[{"embeddable":true,"href":"https:\/\/metropolitanthings.com\/ca\/wp-json\/wp\/v2\/media\/1571"}],"wp:attachment":[{"href":"https:\/\/metropolitanthings.com\/ca\/wp-json\/wp\/v2\/media?parent=2059"}],"wp:term":[{"taxonomy":"product_brand","embeddable":true,"href":"https:\/\/metropolitanthings.com\/ca\/wp-json\/wp\/v2\/product_brand?post=2059"},{"taxonomy":"product_cat","embeddable":true,"href":"https:\/\/metropolitanthings.com\/ca\/wp-json\/wp\/v2\/product_cat?post=2059"},{"taxonomy":"product_tag","embeddable":true,"href":"https:\/\/metropolitanthings.com\/ca\/wp-json\/wp\/v2\/product_tag?post=2059"}],"curies":[{"name":"wp","href":"https:\/\/api.w.org\/{rel}","templated":true}]}}