{"id":2057,"date":"2025-02-05T15:17:04","date_gmt":"2025-02-05T15:17:04","guid":{"rendered":"https:\/\/metropolitanthings.com\/product\/batedora-de-got\/"},"modified":"2025-05-16T12:49:03","modified_gmt":"2025-05-16T12:49:03","slug":"batedora-de-got","status":"publish","type":"product","link":"https:\/\/metropolitanthings.com\/ca\/product\/batedora-de-got\/","title":{"rendered":"Batedora de got"},"content":{"rendered":"<p data-start=\"0\" data-end=\"88\"><span class=\"relative -mx-px my-[-0.2rem] rounded px-px py-[0.2rem]\">Electrodom\u00e8stic vers\u00e0til i potent, dissenyat per a facilitar la preparaci\u00f3 d&#8217;una \u00e0mplia varietat de receptes en la teva cuina.\u200b<\/span><\/p>\n<p data-start=\"90\" data-end=\"122\"><strong data-start=\"90\" data-end=\"122\">Caracter\u00edstiques principals:<\/strong><\/p>\n<ul data-start=\"124\" data-end=\"676\">\n<li data-start=\"124\" data-end=\"221\">\n<p data-start=\"126\" data-end=\"221\"><strong data-start=\"126\" data-end=\"139\">Pot\u00e8ncia:<\/strong> <span class=\"relative -mx-px my-[-0.2rem] rounded px-px py-[0.2rem]\">Compta amb un motor de 500W, que permet processar ingredients amb efici\u00e8ncia i rapidesa.\u200b<\/span><\/p>\n<\/li>\n<li data-start=\"223\" data-end=\"330\">\n<p data-start=\"225\" data-end=\"330\"><strong data-start=\"225\" data-end=\"248\">Capacitat del got:<\/strong><span class=\"relative -mx-px my-[-0.2rem] rounded px-px py-[0.2rem]\"> La seva gerra de 1,5 litres \u00e9s ideal per a preparar des de petites porcions fins a mescles m\u00e9s abundants, adaptant-se a les necessitats de cada llar.\u200b<\/span><\/p>\n<\/li>\n<li data-start=\"332\" data-end=\"438\">\n<p data-start=\"334\" data-end=\"438\"><strong data-start=\"334\" data-end=\"356\">Material del got:<\/strong> <span class=\"relative -mx-px my-[-0.2rem] rounded px-px py-[0.2rem]\">Fabricat en vidre resistent, suporta canvis de temperatura i \u00e9s f\u00e0cil de netejar, garantint durabilitat i seguretat aliment\u00e0ria.\u200b<\/span><\/p>\n<\/li>\n<li data-start=\"440\" data-end=\"558\">\n<p data-start=\"442\" data-end=\"558\"><strong data-start=\"442\" data-end=\"476\">Fulles d&#8217;acer inoxidable:<\/strong> <span class=\"relative -mx-px my-[-0.2rem] rounded px-px py-[0.2rem]\">Dissenyades per a triturar i barrejar ingredients de manera uniforme, s\u00f3n desmuntables per a facilitar la seva neteja.\u200b<\/span><\/p>\n<\/li>\n<li data-start=\"560\" data-end=\"676\">\n<p data-start=\"562\" data-end=\"676\"><strong data-start=\"562\" data-end=\"590\">Velocitats i funcions:<\/strong> <span class=\"relative -mx-px my-[-0.2rem] rounded px-px py-[0.2rem]\">Disposa de m\u00faltiples velocitats i una funci\u00f3 de pols, oferint control total sobre la textura i consist\u00e8ncia de les preparacions.\u200b<\/span><\/p>\n<\/li>\n<\/ul>\n<p data-start=\"678\" data-end=\"705\">\n","protected":false},"excerpt":{"rendered":"<p>Electrodom\u00e8stic vers\u00e0til i potent, dissenyat per a facilitar la preparaci\u00f3 d&#8217;una \u00e0mplia varietat de receptes en la teva cuina.\u200b Caracter\u00edstiques principals: Pot\u00e8ncia: Compta amb un motor<span class=\"excerpt-hellip\"> [\u2026]<\/span><\/p>\n","protected":false},"featured_media":1362,"template":"","meta":[],"product_brand":[],"product_cat":[117,112],"product_tag":[],"class_list":{"0":"post-2057","1":"product","2":"type-product","3":"status-publish","4":"has-post-thumbnail","6":"product_cat-batidoras-de-vaso-ca","7":"product_cat-petit-electrodomestic","9":"first","10":"instock","11":"taxable","12":"shipping-taxable","13":"purchasable","14":"product-type-simple"},"yoast_head":"<!-- This site is optimized with the Yoast SEO plugin v27.1.1 - https:\/\/yoast.com\/product\/yoast-seo-wordpress\/ -->\n<title>Batedora de got - Metropolitan Things<\/title>\n<meta name=\"robots\" content=\"index, follow, max-snippet:-1, max-image-preview:large, max-video-preview:-1\" \/>\n<link rel=\"canonical\" href=\"https:\/\/metropolitanthings.com\/ca\/product\/batedora-de-got\/\" \/>\n<meta property=\"og:locale\" content=\"ca_ES\" \/>\n<meta property=\"og:type\" content=\"article\" \/>\n<meta property=\"og:title\" content=\"Batedora de got - Metropolitan Things\" \/>\n<meta property=\"og:description\" content=\"Electrodom\u00e8stic vers\u00e0til i potent, dissenyat per a facilitar la preparaci\u00f3 d&#8217;una \u00e0mplia varietat de receptes en la teva cuina.\u200b Caracter\u00edstiques principals: Pot\u00e8ncia: Compta amb un motor [\u2026]\" \/>\n<meta property=\"og:url\" content=\"https:\/\/metropolitanthings.com\/ca\/product\/batedora-de-got\/\" \/>\n<meta property=\"og:site_name\" content=\"Metropolitan Things\" \/>\n<meta property=\"article:modified_time\" content=\"2025-05-16T12:49:03+00:00\" \/>\n<meta property=\"og:image\" content=\"https:\/\/metropolitanthings.com\/wp-content\/uploads\/2025\/02\/batidora-electrica.webp\" \/>\n\t<meta property=\"og:image:width\" content=\"800\" \/>\n\t<meta property=\"og:image:height\" content=\"800\" \/>\n\t<meta property=\"og:image:type\" content=\"image\/webp\" \/>\n<meta name=\"twitter:card\" content=\"summary_large_image\" \/>\n<meta name=\"twitter:label1\" content=\"Temps estimat de lectura\" \/>\n\t<meta name=\"twitter:data1\" content=\"1 minut\" \/>\n<script type=\"application\/ld+json\" class=\"yoast-schema-graph\">{\"@context\":\"https:\/\/schema.org\",\"@graph\":[{\"@type\":\"WebPage\",\"@id\":\"https:\/\/metropolitanthings.com\/ca\/product\/batedora-de-got\/\",\"url\":\"https:\/\/metropolitanthings.com\/ca\/product\/batedora-de-got\/\",\"name\":\"Batedora de got - Metropolitan Things\",\"isPartOf\":{\"@id\":\"https:\/\/metropolitanthings.com\/ca\/#website\"},\"primaryImageOfPage\":{\"@id\":\"https:\/\/metropolitanthings.com\/ca\/product\/batedora-de-got\/#primaryimage\"},\"image\":{\"@id\":\"https:\/\/metropolitanthings.com\/ca\/product\/batedora-de-got\/#primaryimage\"},\"thumbnailUrl\":\"https:\/\/metropolitanthings.com\/wp-content\/uploads\/2025\/02\/batidora-electrica.webp\",\"datePublished\":\"2025-02-05T15:17:04+00:00\",\"dateModified\":\"2025-05-16T12:49:03+00:00\",\"breadcrumb\":{\"@id\":\"https:\/\/metropolitanthings.com\/ca\/product\/batedora-de-got\/#breadcrumb\"},\"inLanguage\":\"ca\",\"potentialAction\":[{\"@type\":\"ReadAction\",\"target\":[\"https:\/\/metropolitanthings.com\/ca\/product\/batedora-de-got\/\"]}]},{\"@type\":\"ImageObject\",\"inLanguage\":\"ca\",\"@id\":\"https:\/\/metropolitanthings.com\/ca\/product\/batedora-de-got\/#primaryimage\",\"url\":\"https:\/\/metropolitanthings.com\/wp-content\/uploads\/2025\/02\/batidora-electrica.webp\",\"contentUrl\":\"https:\/\/metropolitanthings.com\/wp-content\/uploads\/2025\/02\/batidora-electrica.webp\",\"width\":800,\"height\":800,\"caption\":\"batidora-metropolitan-things\"},{\"@type\":\"BreadcrumbList\",\"@id\":\"https:\/\/metropolitanthings.com\/ca\/product\/batedora-de-got\/#breadcrumb\",\"itemListElement\":[{\"@type\":\"ListItem\",\"position\":1,\"name\":\"Home\",\"item\":\"https:\/\/metropolitanthings.com\/ca\/\"},{\"@type\":\"ListItem\",\"position\":2,\"name\":\"Botiga\",\"item\":\"https:\/\/metropolitanthings.com\/botiga\/\"},{\"@type\":\"ListItem\",\"position\":3,\"name\":\"Batedora de got\"}]},{\"@type\":\"WebSite\",\"@id\":\"https:\/\/metropolitanthings.com\/ca\/#website\",\"url\":\"https:\/\/metropolitanthings.com\/ca\/\",\"name\":\"Metropolitan Things\",\"description\":\"\",\"publisher\":{\"@id\":\"https:\/\/metropolitanthings.com\/ca\/#organization\"},\"potentialAction\":[{\"@type\":\"SearchAction\",\"target\":{\"@type\":\"EntryPoint\",\"urlTemplate\":\"https:\/\/metropolitanthings.com\/ca\/?s={search_term_string}\"},\"query-input\":{\"@type\":\"PropertyValueSpecification\",\"valueRequired\":true,\"valueName\":\"search_term_string\"}}],\"inLanguage\":\"ca\"},{\"@type\":\"Organization\",\"@id\":\"https:\/\/metropolitanthings.com\/ca\/#organization\",\"name\":\"Metropolitan Things\",\"url\":\"https:\/\/metropolitanthings.com\/ca\/\",\"logo\":{\"@type\":\"ImageObject\",\"inLanguage\":\"ca\",\"@id\":\"https:\/\/metropolitanthings.com\/ca\/#\/schema\/logo\/image\/\",\"url\":\"https:\/\/metropolitanthings.com\/wp-content\/uploads\/2025\/02\/cropped-cropped-logo-metropolitan.png\",\"contentUrl\":\"https:\/\/metropolitanthings.com\/wp-content\/uploads\/2025\/02\/cropped-cropped-logo-metropolitan.png\",\"width\":512,\"height\":512,\"caption\":\"Metropolitan Things\"},\"image\":{\"@id\":\"https:\/\/metropolitanthings.com\/ca\/#\/schema\/logo\/image\/\"}}]}<\/script>\n<!-- \/ Yoast SEO plugin. -->","yoast_head_json":{"title":"Batedora de got - Metropolitan Things","robots":{"index":"index","follow":"follow","max-snippet":"max-snippet:-1","max-image-preview":"max-image-preview:large","max-video-preview":"max-video-preview:-1"},"canonical":"https:\/\/metropolitanthings.com\/ca\/product\/batedora-de-got\/","og_locale":"ca_ES","og_type":"article","og_title":"Batedora de got - Metropolitan Things","og_description":"Electrodom\u00e8stic vers\u00e0til i potent, dissenyat per a facilitar la preparaci\u00f3 d&#8217;una \u00e0mplia varietat de receptes en la teva cuina.\u200b Caracter\u00edstiques principals: Pot\u00e8ncia: Compta amb un motor [\u2026]","og_url":"https:\/\/metropolitanthings.com\/ca\/product\/batedora-de-got\/","og_site_name":"Metropolitan Things","article_modified_time":"2025-05-16T12:49:03+00:00","og_image":[{"width":800,"height":800,"url":"https:\/\/metropolitanthings.com\/wp-content\/uploads\/2025\/02\/batidora-electrica.webp","type":"image\/webp"}],"twitter_card":"summary_large_image","twitter_misc":{"Temps estimat de lectura":"1 minut"},"schema":{"@context":"https:\/\/schema.org","@graph":[{"@type":"WebPage","@id":"https:\/\/metropolitanthings.com\/ca\/product\/batedora-de-got\/","url":"https:\/\/metropolitanthings.com\/ca\/product\/batedora-de-got\/","name":"Batedora de got - Metropolitan Things","isPartOf":{"@id":"https:\/\/metropolitanthings.com\/ca\/#website"},"primaryImageOfPage":{"@id":"https:\/\/metropolitanthings.com\/ca\/product\/batedora-de-got\/#primaryimage"},"image":{"@id":"https:\/\/metropolitanthings.com\/ca\/product\/batedora-de-got\/#primaryimage"},"thumbnailUrl":"https:\/\/metropolitanthings.com\/wp-content\/uploads\/2025\/02\/batidora-electrica.webp","datePublished":"2025-02-05T15:17:04+00:00","dateModified":"2025-05-16T12:49:03+00:00","breadcrumb":{"@id":"https:\/\/metropolitanthings.com\/ca\/product\/batedora-de-got\/#breadcrumb"},"inLanguage":"ca","potentialAction":[{"@type":"ReadAction","target":["https:\/\/metropolitanthings.com\/ca\/product\/batedora-de-got\/"]}]},{"@type":"ImageObject","inLanguage":"ca","@id":"https:\/\/metropolitanthings.com\/ca\/product\/batedora-de-got\/#primaryimage","url":"https:\/\/metropolitanthings.com\/wp-content\/uploads\/2025\/02\/batidora-electrica.webp","contentUrl":"https:\/\/metropolitanthings.com\/wp-content\/uploads\/2025\/02\/batidora-electrica.webp","width":800,"height":800,"caption":"batidora-metropolitan-things"},{"@type":"BreadcrumbList","@id":"https:\/\/metropolitanthings.com\/ca\/product\/batedora-de-got\/#breadcrumb","itemListElement":[{"@type":"ListItem","position":1,"name":"Home","item":"https:\/\/metropolitanthings.com\/ca\/"},{"@type":"ListItem","position":2,"name":"Botiga","item":"https:\/\/metropolitanthings.com\/botiga\/"},{"@type":"ListItem","position":3,"name":"Batedora de got"}]},{"@type":"WebSite","@id":"https:\/\/metropolitanthings.com\/ca\/#website","url":"https:\/\/metropolitanthings.com\/ca\/","name":"Metropolitan Things","description":"","publisher":{"@id":"https:\/\/metropolitanthings.com\/ca\/#organization"},"potentialAction":[{"@type":"SearchAction","target":{"@type":"EntryPoint","urlTemplate":"https:\/\/metropolitanthings.com\/ca\/?s={search_term_string}"},"query-input":{"@type":"PropertyValueSpecification","valueRequired":true,"valueName":"search_term_string"}}],"inLanguage":"ca"},{"@type":"Organization","@id":"https:\/\/metropolitanthings.com\/ca\/#organization","name":"Metropolitan Things","url":"https:\/\/metropolitanthings.com\/ca\/","logo":{"@type":"ImageObject","inLanguage":"ca","@id":"https:\/\/metropolitanthings.com\/ca\/#\/schema\/logo\/image\/","url":"https:\/\/metropolitanthings.com\/wp-content\/uploads\/2025\/02\/cropped-cropped-logo-metropolitan.png","contentUrl":"https:\/\/metropolitanthings.com\/wp-content\/uploads\/2025\/02\/cropped-cropped-logo-metropolitan.png","width":512,"height":512,"caption":"Metropolitan Things"},"image":{"@id":"https:\/\/metropolitanthings.com\/ca\/#\/schema\/logo\/image\/"}}]}},"jetpack_sharing_enabled":true,"_links":{"self":[{"href":"https:\/\/metropolitanthings.com\/ca\/wp-json\/wp\/v2\/product\/2057","targetHints":{"allow":["GET"]}}],"collection":[{"href":"https:\/\/metropolitanthings.com\/ca\/wp-json\/wp\/v2\/product"}],"about":[{"href":"https:\/\/metropolitanthings.com\/ca\/wp-json\/wp\/v2\/types\/product"}],"version-history":[{"count":1,"href":"https:\/\/metropolitanthings.com\/ca\/wp-json\/wp\/v2\/product\/2057\/revisions"}],"predecessor-version":[{"id":2249,"href":"https:\/\/metropolitanthings.com\/ca\/wp-json\/wp\/v2\/product\/2057\/revisions\/2249"}],"wp:featuredmedia":[{"embeddable":true,"href":"https:\/\/metropolitanthings.com\/ca\/wp-json\/wp\/v2\/media\/1362"}],"wp:attachment":[{"href":"https:\/\/metropolitanthings.com\/ca\/wp-json\/wp\/v2\/media?parent=2057"}],"wp:term":[{"taxonomy":"product_brand","embeddable":true,"href":"https:\/\/metropolitanthings.com\/ca\/wp-json\/wp\/v2\/product_brand?post=2057"},{"taxonomy":"product_cat","embeddable":true,"href":"https:\/\/metropolitanthings.com\/ca\/wp-json\/wp\/v2\/product_cat?post=2057"},{"taxonomy":"product_tag","embeddable":true,"href":"https:\/\/metropolitanthings.com\/ca\/wp-json\/wp\/v2\/product_tag?post=2057"}],"curies":[{"name":"wp","href":"https:\/\/api.w.org\/{rel}","templated":true}]}}