{"id":2054,"date":"2025-03-06T13:02:09","date_gmt":"2025-03-06T13:02:09","guid":{"rendered":"https:\/\/metropolitanthings.com\/product\/arrossera\/"},"modified":"2025-05-16T10:52:14","modified_gmt":"2025-05-16T10:52:14","slug":"arrossera","status":"publish","type":"product","link":"https:\/\/metropolitanthings.com\/ca\/product\/arrossera\/","title":{"rendered":"Arrossera"},"content":{"rendered":"<p data-start=\"0\" data-end=\"88\"><span class=\"relative -mx-px my-[-0.2rem] rounded px-px py-[0.2rem]\">Electrodom\u00e8stic dissenyat per a facilitar la preparaci\u00f3 perfecta de l&#8217;arr\u00f2s i altres plats, combinant funcionalitat i disseny modern per a adaptar-se a qualsevol cuina.\u200b<\/span><\/p>\n<p data-start=\"90\" data-end=\"122\"><strong data-start=\"90\" data-end=\"122\">Caracter\u00edstiques principals:<\/strong><\/p>\n<ul data-start=\"124\" data-end=\"685\">\n<li data-start=\"124\" data-end=\"231\">\n<p data-start=\"126\" data-end=\"231\"><strong data-start=\"126\" data-end=\"149\">Capacitat adequada:<\/strong> <span class=\"relative -mx-px my-[-0.2rem] rounded px-px py-[0.2rem]\">Ideal per a preparar des de petites porcions fins a menjars familiars, adaptant-se a diverses necessitats culin\u00e0ries.\u200b<\/span><\/p>\n<\/li>\n<li data-start=\"233\" data-end=\"347\">\n<p data-start=\"235\" data-end=\"347\"><strong data-start=\"235\" data-end=\"265\">Funcionament autom\u00e0tic: <\/strong><span class=\"relative -mx-px my-[-0.2rem] rounded px-px py-[0.2rem]\">Simplifica el proc\u00e9s de cocci\u00f3 de l&#8217;arr\u00f2s, garantint resultats \u00f2ptims sense necessitat de supervisi\u00f3 constant.\u200b<\/span><\/p>\n<\/li>\n<li data-start=\"349\" data-end=\"459\">\n<p data-start=\"351\" data-end=\"459\"><strong data-start=\"351\" data-end=\"377\">Funcions addicionals:<\/strong> <span class=\"relative -mx-px my-[-0.2rem] rounded px-px py-[0.2rem]\">A m\u00e9s de cuinar arr\u00f2s, permet preparar una varietat de plats, oferint versatilitat en la cuina.\u200b<\/span><\/p>\n<\/li>\n<li data-start=\"461\" data-end=\"576\">\n<p data-start=\"463\" data-end=\"576\"><strong data-start=\"463\" data-end=\"494\">Disseny compacte i elegant: <\/strong><span class=\"relative -mx-px my-[-0.2rem] rounded px-px py-[0.2rem]\">La seva est\u00e8tica moderna s&#8217;integra f\u00e0cilment en qualsevol estil de cuina, ocupant un espai m\u00ednim en la placa de cocci\u00f3.\u200b<\/span><\/p>\n<\/li>\n<li data-start=\"578\" data-end=\"685\">\n<p data-start=\"580\" data-end=\"685\"><strong data-start=\"580\" data-end=\"599\">F\u00e0cil neteja: <\/strong><span class=\"relative -mx-px my-[-0.2rem] rounded px-px py-[0.2rem]\">Les parts desmuntables faciliten el seu manteniment, permetent una neteja r\u00e0pida i senzilla.<\/span><\/p>\n<\/li>\n<\/ul>\n","protected":false},"excerpt":{"rendered":"<p>Electrodom\u00e8stic dissenyat per a facilitar la preparaci\u00f3 perfecta de l&#8217;arr\u00f2s i altres plats, combinant funcionalitat i disseny modern per a adaptar-se a qualsevol cuina.\u200b Caracter\u00edstiques principals:<span class=\"excerpt-hellip\"> [\u2026]<\/span><\/p>\n","protected":false},"featured_media":1029,"template":"","meta":[],"product_brand":[],"product_cat":[115,112],"product_tag":[],"class_list":{"0":"post-2054","1":"product","2":"type-product","3":"status-publish","4":"has-post-thumbnail","6":"product_cat-arrosseres","7":"product_cat-petit-electrodomestic","9":"first","10":"instock","11":"taxable","12":"shipping-taxable","13":"purchasable","14":"product-type-simple"},"yoast_head":"<!-- This site is optimized with the Yoast SEO plugin v27.1.1 - https:\/\/yoast.com\/product\/yoast-seo-wordpress\/ -->\n<title>Arrossera - Metropolitan Things Arrossera | Metropolitan Things<\/title>\n<meta name=\"description\" content=\"Arrossera Electrodom\u00e8stic dissenyat per a facilitar la preparaci\u00f3 perfecta de l&#039;arr\u00f2s i altres plats, combinant funcionalitat i disseny modern per a adaptar-se a qualsevol cuina.\u200b\" \/>\n<meta name=\"robots\" content=\"index, follow, max-snippet:-1, max-image-preview:large, max-video-preview:-1\" \/>\n<link rel=\"canonical\" href=\"https:\/\/metropolitanthings.com\/ca\/product\/arrossera\/\" \/>\n<meta property=\"og:locale\" content=\"ca_ES\" \/>\n<meta property=\"og:type\" content=\"article\" \/>\n<meta property=\"og:title\" content=\"Arrossera - Metropolitan Things Arrossera | Metropolitan Things\" \/>\n<meta property=\"og:description\" content=\"Arrossera Electrodom\u00e8stic dissenyat per a facilitar la preparaci\u00f3 perfecta de l&#039;arr\u00f2s i altres plats, combinant funcionalitat i disseny modern per a adaptar-se a qualsevol cuina.\u200b\" \/>\n<meta property=\"og:url\" content=\"https:\/\/metropolitanthings.com\/ca\/product\/arrossera\/\" \/>\n<meta property=\"og:site_name\" content=\"Metropolitan Things\" \/>\n<meta property=\"article:modified_time\" content=\"2025-05-16T10:52:14+00:00\" \/>\n<meta property=\"og:image\" content=\"https:\/\/metropolitanthings.com\/wp-content\/uploads\/2025\/02\/arrocera-1-1.webp\" \/>\n\t<meta property=\"og:image:width\" content=\"1200\" \/>\n\t<meta property=\"og:image:height\" content=\"800\" \/>\n\t<meta property=\"og:image:type\" content=\"image\/webp\" \/>\n<meta name=\"twitter:card\" content=\"summary_large_image\" \/>\n<meta name=\"twitter:label1\" content=\"Temps estimat de lectura\" \/>\n\t<meta name=\"twitter:data1\" content=\"1 minut\" \/>\n<script type=\"application\/ld+json\" class=\"yoast-schema-graph\">{\"@context\":\"https:\/\/schema.org\",\"@graph\":[{\"@type\":\"WebPage\",\"@id\":\"https:\/\/metropolitanthings.com\/ca\/product\/arrossera\/\",\"url\":\"https:\/\/metropolitanthings.com\/ca\/product\/arrossera\/\",\"name\":\"Arrossera - Metropolitan Things Arrossera | Metropolitan Things\",\"isPartOf\":{\"@id\":\"https:\/\/metropolitanthings.com\/ca\/#website\"},\"primaryImageOfPage\":{\"@id\":\"https:\/\/metropolitanthings.com\/ca\/product\/arrossera\/#primaryimage\"},\"image\":{\"@id\":\"https:\/\/metropolitanthings.com\/ca\/product\/arrossera\/#primaryimage\"},\"thumbnailUrl\":\"https:\/\/metropolitanthings.com\/wp-content\/uploads\/2025\/02\/arrocera-1-1.webp\",\"datePublished\":\"2025-03-06T13:02:09+00:00\",\"dateModified\":\"2025-05-16T10:52:14+00:00\",\"description\":\"Arrossera Electrodom\u00e8stic dissenyat per a facilitar la preparaci\u00f3 perfecta de l'arr\u00f2s i altres plats, combinant funcionalitat i disseny modern per a adaptar-se a qualsevol cuina.\u200b\",\"breadcrumb\":{\"@id\":\"https:\/\/metropolitanthings.com\/ca\/product\/arrossera\/#breadcrumb\"},\"inLanguage\":\"ca\",\"potentialAction\":[{\"@type\":\"ReadAction\",\"target\":[\"https:\/\/metropolitanthings.com\/ca\/product\/arrossera\/\"]}]},{\"@type\":\"ImageObject\",\"inLanguage\":\"ca\",\"@id\":\"https:\/\/metropolitanthings.com\/ca\/product\/arrossera\/#primaryimage\",\"url\":\"https:\/\/metropolitanthings.com\/wp-content\/uploads\/2025\/02\/arrocera-1-1.webp\",\"contentUrl\":\"https:\/\/metropolitanthings.com\/wp-content\/uploads\/2025\/02\/arrocera-1-1.webp\",\"width\":1200,\"height\":800,\"caption\":\"arrocera-metropolitan-things\"},{\"@type\":\"BreadcrumbList\",\"@id\":\"https:\/\/metropolitanthings.com\/ca\/product\/arrossera\/#breadcrumb\",\"itemListElement\":[{\"@type\":\"ListItem\",\"position\":1,\"name\":\"Home\",\"item\":\"https:\/\/metropolitanthings.com\/ca\/\"},{\"@type\":\"ListItem\",\"position\":2,\"name\":\"Botiga\",\"item\":\"https:\/\/metropolitanthings.com\/botiga\/\"},{\"@type\":\"ListItem\",\"position\":3,\"name\":\"Arrossera\"}]},{\"@type\":\"WebSite\",\"@id\":\"https:\/\/metropolitanthings.com\/ca\/#website\",\"url\":\"https:\/\/metropolitanthings.com\/ca\/\",\"name\":\"Metropolitan Things\",\"description\":\"\",\"publisher\":{\"@id\":\"https:\/\/metropolitanthings.com\/ca\/#organization\"},\"potentialAction\":[{\"@type\":\"SearchAction\",\"target\":{\"@type\":\"EntryPoint\",\"urlTemplate\":\"https:\/\/metropolitanthings.com\/ca\/?s={search_term_string}\"},\"query-input\":{\"@type\":\"PropertyValueSpecification\",\"valueRequired\":true,\"valueName\":\"search_term_string\"}}],\"inLanguage\":\"ca\"},{\"@type\":\"Organization\",\"@id\":\"https:\/\/metropolitanthings.com\/ca\/#organization\",\"name\":\"Metropolitan Things\",\"url\":\"https:\/\/metropolitanthings.com\/ca\/\",\"logo\":{\"@type\":\"ImageObject\",\"inLanguage\":\"ca\",\"@id\":\"https:\/\/metropolitanthings.com\/ca\/#\/schema\/logo\/image\/\",\"url\":\"https:\/\/metropolitanthings.com\/wp-content\/uploads\/2025\/02\/cropped-cropped-logo-metropolitan.png\",\"contentUrl\":\"https:\/\/metropolitanthings.com\/wp-content\/uploads\/2025\/02\/cropped-cropped-logo-metropolitan.png\",\"width\":512,\"height\":512,\"caption\":\"Metropolitan Things\"},\"image\":{\"@id\":\"https:\/\/metropolitanthings.com\/ca\/#\/schema\/logo\/image\/\"}}]}<\/script>\n<!-- \/ Yoast SEO plugin. -->","yoast_head_json":{"title":"Arrossera - Metropolitan Things Arrossera | Metropolitan Things","description":"Arrossera Electrodom\u00e8stic dissenyat per a facilitar la preparaci\u00f3 perfecta de l'arr\u00f2s i altres plats, combinant funcionalitat i disseny modern per a adaptar-se a qualsevol cuina.\u200b","robots":{"index":"index","follow":"follow","max-snippet":"max-snippet:-1","max-image-preview":"max-image-preview:large","max-video-preview":"max-video-preview:-1"},"canonical":"https:\/\/metropolitanthings.com\/ca\/product\/arrossera\/","og_locale":"ca_ES","og_type":"article","og_title":"Arrossera - Metropolitan Things Arrossera | Metropolitan Things","og_description":"Arrossera Electrodom\u00e8stic dissenyat per a facilitar la preparaci\u00f3 perfecta de l'arr\u00f2s i altres plats, combinant funcionalitat i disseny modern per a adaptar-se a qualsevol cuina.\u200b","og_url":"https:\/\/metropolitanthings.com\/ca\/product\/arrossera\/","og_site_name":"Metropolitan Things","article_modified_time":"2025-05-16T10:52:14+00:00","og_image":[{"width":1200,"height":800,"url":"https:\/\/metropolitanthings.com\/wp-content\/uploads\/2025\/02\/arrocera-1-1.webp","type":"image\/webp"}],"twitter_card":"summary_large_image","twitter_misc":{"Temps estimat de lectura":"1 minut"},"schema":{"@context":"https:\/\/schema.org","@graph":[{"@type":"WebPage","@id":"https:\/\/metropolitanthings.com\/ca\/product\/arrossera\/","url":"https:\/\/metropolitanthings.com\/ca\/product\/arrossera\/","name":"Arrossera - Metropolitan Things Arrossera | Metropolitan Things","isPartOf":{"@id":"https:\/\/metropolitanthings.com\/ca\/#website"},"primaryImageOfPage":{"@id":"https:\/\/metropolitanthings.com\/ca\/product\/arrossera\/#primaryimage"},"image":{"@id":"https:\/\/metropolitanthings.com\/ca\/product\/arrossera\/#primaryimage"},"thumbnailUrl":"https:\/\/metropolitanthings.com\/wp-content\/uploads\/2025\/02\/arrocera-1-1.webp","datePublished":"2025-03-06T13:02:09+00:00","dateModified":"2025-05-16T10:52:14+00:00","description":"Arrossera Electrodom\u00e8stic dissenyat per a facilitar la preparaci\u00f3 perfecta de l'arr\u00f2s i altres plats, combinant funcionalitat i disseny modern per a adaptar-se a qualsevol cuina.\u200b","breadcrumb":{"@id":"https:\/\/metropolitanthings.com\/ca\/product\/arrossera\/#breadcrumb"},"inLanguage":"ca","potentialAction":[{"@type":"ReadAction","target":["https:\/\/metropolitanthings.com\/ca\/product\/arrossera\/"]}]},{"@type":"ImageObject","inLanguage":"ca","@id":"https:\/\/metropolitanthings.com\/ca\/product\/arrossera\/#primaryimage","url":"https:\/\/metropolitanthings.com\/wp-content\/uploads\/2025\/02\/arrocera-1-1.webp","contentUrl":"https:\/\/metropolitanthings.com\/wp-content\/uploads\/2025\/02\/arrocera-1-1.webp","width":1200,"height":800,"caption":"arrocera-metropolitan-things"},{"@type":"BreadcrumbList","@id":"https:\/\/metropolitanthings.com\/ca\/product\/arrossera\/#breadcrumb","itemListElement":[{"@type":"ListItem","position":1,"name":"Home","item":"https:\/\/metropolitanthings.com\/ca\/"},{"@type":"ListItem","position":2,"name":"Botiga","item":"https:\/\/metropolitanthings.com\/botiga\/"},{"@type":"ListItem","position":3,"name":"Arrossera"}]},{"@type":"WebSite","@id":"https:\/\/metropolitanthings.com\/ca\/#website","url":"https:\/\/metropolitanthings.com\/ca\/","name":"Metropolitan Things","description":"","publisher":{"@id":"https:\/\/metropolitanthings.com\/ca\/#organization"},"potentialAction":[{"@type":"SearchAction","target":{"@type":"EntryPoint","urlTemplate":"https:\/\/metropolitanthings.com\/ca\/?s={search_term_string}"},"query-input":{"@type":"PropertyValueSpecification","valueRequired":true,"valueName":"search_term_string"}}],"inLanguage":"ca"},{"@type":"Organization","@id":"https:\/\/metropolitanthings.com\/ca\/#organization","name":"Metropolitan Things","url":"https:\/\/metropolitanthings.com\/ca\/","logo":{"@type":"ImageObject","inLanguage":"ca","@id":"https:\/\/metropolitanthings.com\/ca\/#\/schema\/logo\/image\/","url":"https:\/\/metropolitanthings.com\/wp-content\/uploads\/2025\/02\/cropped-cropped-logo-metropolitan.png","contentUrl":"https:\/\/metropolitanthings.com\/wp-content\/uploads\/2025\/02\/cropped-cropped-logo-metropolitan.png","width":512,"height":512,"caption":"Metropolitan Things"},"image":{"@id":"https:\/\/metropolitanthings.com\/ca\/#\/schema\/logo\/image\/"}}]}},"jetpack_sharing_enabled":true,"_links":{"self":[{"href":"https:\/\/metropolitanthings.com\/ca\/wp-json\/wp\/v2\/product\/2054","targetHints":{"allow":["GET"]}}],"collection":[{"href":"https:\/\/metropolitanthings.com\/ca\/wp-json\/wp\/v2\/product"}],"about":[{"href":"https:\/\/metropolitanthings.com\/ca\/wp-json\/wp\/v2\/types\/product"}],"version-history":[{"count":2,"href":"https:\/\/metropolitanthings.com\/ca\/wp-json\/wp\/v2\/product\/2054\/revisions"}],"predecessor-version":[{"id":2246,"href":"https:\/\/metropolitanthings.com\/ca\/wp-json\/wp\/v2\/product\/2054\/revisions\/2246"}],"wp:featuredmedia":[{"embeddable":true,"href":"https:\/\/metropolitanthings.com\/ca\/wp-json\/wp\/v2\/media\/1029"}],"wp:attachment":[{"href":"https:\/\/metropolitanthings.com\/ca\/wp-json\/wp\/v2\/media?parent=2054"}],"wp:term":[{"taxonomy":"product_brand","embeddable":true,"href":"https:\/\/metropolitanthings.com\/ca\/wp-json\/wp\/v2\/product_brand?post=2054"},{"taxonomy":"product_cat","embeddable":true,"href":"https:\/\/metropolitanthings.com\/ca\/wp-json\/wp\/v2\/product_cat?post=2054"},{"taxonomy":"product_tag","embeddable":true,"href":"https:\/\/metropolitanthings.com\/ca\/wp-json\/wp\/v2\/product_tag?post=2054"}],"curies":[{"name":"wp","href":"https:\/\/api.w.org\/{rel}","templated":true}]}}