{"id":2053,"date":"2025-03-06T13:02:11","date_gmt":"2025-03-06T13:02:11","guid":{"rendered":"https:\/\/metropolitanthings.com\/product\/balanca-de-cuina\/"},"modified":"2025-05-16T12:38:47","modified_gmt":"2025-05-16T12:38:47","slug":"balanca-de-cuina","status":"publish","type":"product","link":"https:\/\/metropolitanthings.com\/ca\/product\/balanca-de-cuina\/","title":{"rendered":"Balan\u00e7a de cuina"},"content":{"rendered":"<p data-start=\"0\" data-end=\"88\"><span class=\"relative -mx-px my-[-0.2rem] rounded px-px py-[0.2rem]\">Eina essencial per a qualsevol entusiasta de la cuina que busca precisi\u00f3 en les seves receptes.\u200b<\/span><\/p>\n<p data-start=\"90\" data-end=\"122\"><strong data-start=\"90\" data-end=\"122\">Caracter\u00edstiques principals:<\/strong><\/p>\n<ul data-start=\"124\" data-end=\"679\">\n<li data-start=\"124\" data-end=\"238\">\n<p data-start=\"126\" data-end=\"238\"><strong data-start=\"126\" data-end=\"156\">Disseny compacte i modern:<\/strong> <span class=\"relative -mx-px my-[-0.2rem] rounded px-px py-[0.2rem]\">La seva estructura lleugera i manejable facilita el seu \u00fas en diferents parts del cos, permetent sessions de massatge c\u00f2modes i efectives.<\/span>\u200b<\/p>\n<\/li>\n<li data-start=\"240\" data-end=\"350\">\n<p data-start=\"242\" data-end=\"350\"><strong data-start=\"242\" data-end=\"268\">Capacitat i precisi\u00f3:<\/strong> <span class=\"relative -mx-px my-[-0.2rem] rounded px-px py-[0.2rem]\">Permet mesurar ingredients des d&#8217;1 gram fins a 5 quilograms, oferint una precisi\u00f3 d&#8217;1 gram, ideal per a receptes que requereixen exactitud.\u200b<\/span><\/p>\n<\/li>\n<li data-start=\"352\" data-end=\"462\">\n<p data-start=\"354\" data-end=\"462\"><strong data-start=\"354\" data-end=\"380\">Funcions addicionals:<\/strong><span class=\"relative -mx-px my-[-0.2rem] rounded px-px py-[0.2rem]\"> Inclou opcions de tara per a restar el pes del recipient i conversi\u00f3 d&#8217;unitats (grams, mil\u00b7lilitres, unces, lliures), adaptant-se a diverses necessitats culin\u00e0ries.\u200b<\/span><\/p>\n<\/li>\n<li data-start=\"464\" data-end=\"565\">\n<p data-start=\"466\" data-end=\"565\"><strong data-start=\"466\" data-end=\"483\">Pantalla LCD: <\/strong><span class=\"relative -mx-px my-[-0.2rem] rounded px-px py-[0.2rem]\">Proporciona una lectura clara i f\u00e0cil dels valors, fins i tot en condicions de poca llum.\u200b<\/span><\/p>\n<\/li>\n<li data-start=\"567\" data-end=\"679\">\n<p data-start=\"569\" data-end=\"679\"><strong data-start=\"569\" data-end=\"593\">F\u00e0cil manteniment: <\/strong><span class=\"relative -mx-px my-[-0.2rem] rounded px-px py-[0.2rem]\">La superf\u00edcie llisa i resistent permet una neteja r\u00e0pida, mantenint la balan\u00e7a en \u00f2ptimes condicions.<\/span><\/p>\n<\/li>\n<\/ul>\n","protected":false},"excerpt":{"rendered":"<p>Eina essencial per a qualsevol entusiasta de la cuina que busca precisi\u00f3 en les seves receptes.\u200b Caracter\u00edstiques principals: Disseny compacte i modern: La seva estructura lleugera<span class=\"excerpt-hellip\"> [\u2026]<\/span><\/p>\n","protected":false},"featured_media":1587,"template":"","meta":[],"product_brand":[],"product_cat":[116,112],"product_tag":[],"class_list":{"0":"post-2053","1":"product","2":"type-product","3":"status-publish","4":"has-post-thumbnail","6":"product_cat-balanzas-de-cocina-ca","7":"product_cat-petit-electrodomestic","9":"first","10":"instock","11":"taxable","12":"shipping-taxable","13":"purchasable","14":"product-type-simple"},"yoast_head":"<!-- This site is optimized with the Yoast SEO plugin v27.1.1 - https:\/\/yoast.com\/product\/yoast-seo-wordpress\/ -->\n<title>Balan\u00e7a de cuina - Metropolitan Things<\/title>\n<meta name=\"robots\" content=\"index, follow, max-snippet:-1, max-image-preview:large, max-video-preview:-1\" \/>\n<link rel=\"canonical\" href=\"https:\/\/metropolitanthings.com\/ca\/product\/balanca-de-cuina\/\" \/>\n<meta property=\"og:locale\" content=\"ca_ES\" \/>\n<meta property=\"og:type\" content=\"article\" \/>\n<meta property=\"og:title\" content=\"Balan\u00e7a de cuina - Metropolitan Things\" \/>\n<meta property=\"og:description\" content=\"Eina essencial per a qualsevol entusiasta de la cuina que busca precisi\u00f3 en les seves receptes.\u200b Caracter\u00edstiques principals: Disseny compacte i modern: La seva estructura lleugera [\u2026]\" \/>\n<meta property=\"og:url\" content=\"https:\/\/metropolitanthings.com\/ca\/product\/balanca-de-cuina\/\" \/>\n<meta property=\"og:site_name\" content=\"Metropolitan Things\" \/>\n<meta property=\"article:modified_time\" content=\"2025-05-16T12:38:47+00:00\" \/>\n<meta property=\"og:image\" content=\"https:\/\/metropolitanthings.com\/wp-content\/uploads\/2025\/03\/Balanza_Cocina_Maxel_Power.webp\" \/>\n\t<meta property=\"og:image:width\" content=\"800\" \/>\n\t<meta property=\"og:image:height\" content=\"800\" \/>\n\t<meta property=\"og:image:type\" content=\"image\/webp\" \/>\n<meta name=\"twitter:card\" content=\"summary_large_image\" \/>\n<meta name=\"twitter:label1\" content=\"Temps estimat de lectura\" \/>\n\t<meta name=\"twitter:data1\" content=\"1 minut\" \/>\n<script type=\"application\/ld+json\" class=\"yoast-schema-graph\">{\"@context\":\"https:\/\/schema.org\",\"@graph\":[{\"@type\":\"WebPage\",\"@id\":\"https:\/\/metropolitanthings.com\/ca\/product\/balanca-de-cuina\/\",\"url\":\"https:\/\/metropolitanthings.com\/ca\/product\/balanca-de-cuina\/\",\"name\":\"Balan\u00e7a de cuina - Metropolitan Things\",\"isPartOf\":{\"@id\":\"https:\/\/metropolitanthings.com\/ca\/#website\"},\"primaryImageOfPage\":{\"@id\":\"https:\/\/metropolitanthings.com\/ca\/product\/balanca-de-cuina\/#primaryimage\"},\"image\":{\"@id\":\"https:\/\/metropolitanthings.com\/ca\/product\/balanca-de-cuina\/#primaryimage\"},\"thumbnailUrl\":\"https:\/\/metropolitanthings.com\/wp-content\/uploads\/2025\/03\/Balanza_Cocina_Maxel_Power.webp\",\"datePublished\":\"2025-03-06T13:02:11+00:00\",\"dateModified\":\"2025-05-16T12:38:47+00:00\",\"breadcrumb\":{\"@id\":\"https:\/\/metropolitanthings.com\/ca\/product\/balanca-de-cuina\/#breadcrumb\"},\"inLanguage\":\"ca\",\"potentialAction\":[{\"@type\":\"ReadAction\",\"target\":[\"https:\/\/metropolitanthings.com\/ca\/product\/balanca-de-cuina\/\"]}]},{\"@type\":\"ImageObject\",\"inLanguage\":\"ca\",\"@id\":\"https:\/\/metropolitanthings.com\/ca\/product\/balanca-de-cuina\/#primaryimage\",\"url\":\"https:\/\/metropolitanthings.com\/wp-content\/uploads\/2025\/03\/Balanza_Cocina_Maxel_Power.webp\",\"contentUrl\":\"https:\/\/metropolitanthings.com\/wp-content\/uploads\/2025\/03\/Balanza_Cocina_Maxel_Power.webp\",\"width\":800,\"height\":800,\"caption\":\"balanza-cocina-metropolitan-things\"},{\"@type\":\"BreadcrumbList\",\"@id\":\"https:\/\/metropolitanthings.com\/ca\/product\/balanca-de-cuina\/#breadcrumb\",\"itemListElement\":[{\"@type\":\"ListItem\",\"position\":1,\"name\":\"Home\",\"item\":\"https:\/\/metropolitanthings.com\/ca\/\"},{\"@type\":\"ListItem\",\"position\":2,\"name\":\"Botiga\",\"item\":\"https:\/\/metropolitanthings.com\/botiga\/\"},{\"@type\":\"ListItem\",\"position\":3,\"name\":\"Balan\u00e7a de cuina\"}]},{\"@type\":\"WebSite\",\"@id\":\"https:\/\/metropolitanthings.com\/ca\/#website\",\"url\":\"https:\/\/metropolitanthings.com\/ca\/\",\"name\":\"Metropolitan Things\",\"description\":\"\",\"publisher\":{\"@id\":\"https:\/\/metropolitanthings.com\/ca\/#organization\"},\"potentialAction\":[{\"@type\":\"SearchAction\",\"target\":{\"@type\":\"EntryPoint\",\"urlTemplate\":\"https:\/\/metropolitanthings.com\/ca\/?s={search_term_string}\"},\"query-input\":{\"@type\":\"PropertyValueSpecification\",\"valueRequired\":true,\"valueName\":\"search_term_string\"}}],\"inLanguage\":\"ca\"},{\"@type\":\"Organization\",\"@id\":\"https:\/\/metropolitanthings.com\/ca\/#organization\",\"name\":\"Metropolitan Things\",\"url\":\"https:\/\/metropolitanthings.com\/ca\/\",\"logo\":{\"@type\":\"ImageObject\",\"inLanguage\":\"ca\",\"@id\":\"https:\/\/metropolitanthings.com\/ca\/#\/schema\/logo\/image\/\",\"url\":\"https:\/\/metropolitanthings.com\/wp-content\/uploads\/2025\/02\/cropped-cropped-logo-metropolitan.png\",\"contentUrl\":\"https:\/\/metropolitanthings.com\/wp-content\/uploads\/2025\/02\/cropped-cropped-logo-metropolitan.png\",\"width\":512,\"height\":512,\"caption\":\"Metropolitan Things\"},\"image\":{\"@id\":\"https:\/\/metropolitanthings.com\/ca\/#\/schema\/logo\/image\/\"}}]}<\/script>\n<!-- \/ Yoast SEO plugin. -->","yoast_head_json":{"title":"Balan\u00e7a de cuina - Metropolitan Things","robots":{"index":"index","follow":"follow","max-snippet":"max-snippet:-1","max-image-preview":"max-image-preview:large","max-video-preview":"max-video-preview:-1"},"canonical":"https:\/\/metropolitanthings.com\/ca\/product\/balanca-de-cuina\/","og_locale":"ca_ES","og_type":"article","og_title":"Balan\u00e7a de cuina - Metropolitan Things","og_description":"Eina essencial per a qualsevol entusiasta de la cuina que busca precisi\u00f3 en les seves receptes.\u200b Caracter\u00edstiques principals: Disseny compacte i modern: La seva estructura lleugera [\u2026]","og_url":"https:\/\/metropolitanthings.com\/ca\/product\/balanca-de-cuina\/","og_site_name":"Metropolitan Things","article_modified_time":"2025-05-16T12:38:47+00:00","og_image":[{"width":800,"height":800,"url":"https:\/\/metropolitanthings.com\/wp-content\/uploads\/2025\/03\/Balanza_Cocina_Maxel_Power.webp","type":"image\/webp"}],"twitter_card":"summary_large_image","twitter_misc":{"Temps estimat de lectura":"1 minut"},"schema":{"@context":"https:\/\/schema.org","@graph":[{"@type":"WebPage","@id":"https:\/\/metropolitanthings.com\/ca\/product\/balanca-de-cuina\/","url":"https:\/\/metropolitanthings.com\/ca\/product\/balanca-de-cuina\/","name":"Balan\u00e7a de cuina - Metropolitan Things","isPartOf":{"@id":"https:\/\/metropolitanthings.com\/ca\/#website"},"primaryImageOfPage":{"@id":"https:\/\/metropolitanthings.com\/ca\/product\/balanca-de-cuina\/#primaryimage"},"image":{"@id":"https:\/\/metropolitanthings.com\/ca\/product\/balanca-de-cuina\/#primaryimage"},"thumbnailUrl":"https:\/\/metropolitanthings.com\/wp-content\/uploads\/2025\/03\/Balanza_Cocina_Maxel_Power.webp","datePublished":"2025-03-06T13:02:11+00:00","dateModified":"2025-05-16T12:38:47+00:00","breadcrumb":{"@id":"https:\/\/metropolitanthings.com\/ca\/product\/balanca-de-cuina\/#breadcrumb"},"inLanguage":"ca","potentialAction":[{"@type":"ReadAction","target":["https:\/\/metropolitanthings.com\/ca\/product\/balanca-de-cuina\/"]}]},{"@type":"ImageObject","inLanguage":"ca","@id":"https:\/\/metropolitanthings.com\/ca\/product\/balanca-de-cuina\/#primaryimage","url":"https:\/\/metropolitanthings.com\/wp-content\/uploads\/2025\/03\/Balanza_Cocina_Maxel_Power.webp","contentUrl":"https:\/\/metropolitanthings.com\/wp-content\/uploads\/2025\/03\/Balanza_Cocina_Maxel_Power.webp","width":800,"height":800,"caption":"balanza-cocina-metropolitan-things"},{"@type":"BreadcrumbList","@id":"https:\/\/metropolitanthings.com\/ca\/product\/balanca-de-cuina\/#breadcrumb","itemListElement":[{"@type":"ListItem","position":1,"name":"Home","item":"https:\/\/metropolitanthings.com\/ca\/"},{"@type":"ListItem","position":2,"name":"Botiga","item":"https:\/\/metropolitanthings.com\/botiga\/"},{"@type":"ListItem","position":3,"name":"Balan\u00e7a de cuina"}]},{"@type":"WebSite","@id":"https:\/\/metropolitanthings.com\/ca\/#website","url":"https:\/\/metropolitanthings.com\/ca\/","name":"Metropolitan Things","description":"","publisher":{"@id":"https:\/\/metropolitanthings.com\/ca\/#organization"},"potentialAction":[{"@type":"SearchAction","target":{"@type":"EntryPoint","urlTemplate":"https:\/\/metropolitanthings.com\/ca\/?s={search_term_string}"},"query-input":{"@type":"PropertyValueSpecification","valueRequired":true,"valueName":"search_term_string"}}],"inLanguage":"ca"},{"@type":"Organization","@id":"https:\/\/metropolitanthings.com\/ca\/#organization","name":"Metropolitan Things","url":"https:\/\/metropolitanthings.com\/ca\/","logo":{"@type":"ImageObject","inLanguage":"ca","@id":"https:\/\/metropolitanthings.com\/ca\/#\/schema\/logo\/image\/","url":"https:\/\/metropolitanthings.com\/wp-content\/uploads\/2025\/02\/cropped-cropped-logo-metropolitan.png","contentUrl":"https:\/\/metropolitanthings.com\/wp-content\/uploads\/2025\/02\/cropped-cropped-logo-metropolitan.png","width":512,"height":512,"caption":"Metropolitan Things"},"image":{"@id":"https:\/\/metropolitanthings.com\/ca\/#\/schema\/logo\/image\/"}}]}},"jetpack_sharing_enabled":true,"_links":{"self":[{"href":"https:\/\/metropolitanthings.com\/ca\/wp-json\/wp\/v2\/product\/2053","targetHints":{"allow":["GET"]}}],"collection":[{"href":"https:\/\/metropolitanthings.com\/ca\/wp-json\/wp\/v2\/product"}],"about":[{"href":"https:\/\/metropolitanthings.com\/ca\/wp-json\/wp\/v2\/types\/product"}],"version-history":[{"count":1,"href":"https:\/\/metropolitanthings.com\/ca\/wp-json\/wp\/v2\/product\/2053\/revisions"}],"predecessor-version":[{"id":2248,"href":"https:\/\/metropolitanthings.com\/ca\/wp-json\/wp\/v2\/product\/2053\/revisions\/2248"}],"wp:featuredmedia":[{"embeddable":true,"href":"https:\/\/metropolitanthings.com\/ca\/wp-json\/wp\/v2\/media\/1587"}],"wp:attachment":[{"href":"https:\/\/metropolitanthings.com\/ca\/wp-json\/wp\/v2\/media?parent=2053"}],"wp:term":[{"taxonomy":"product_brand","embeddable":true,"href":"https:\/\/metropolitanthings.com\/ca\/wp-json\/wp\/v2\/product_brand?post=2053"},{"taxonomy":"product_cat","embeddable":true,"href":"https:\/\/metropolitanthings.com\/ca\/wp-json\/wp\/v2\/product_cat?post=2053"},{"taxonomy":"product_tag","embeddable":true,"href":"https:\/\/metropolitanthings.com\/ca\/wp-json\/wp\/v2\/product_tag?post=2053"}],"curies":[{"name":"wp","href":"https:\/\/api.w.org\/{rel}","templated":true}]}}