{"id":2052,"date":"2025-03-06T13:02:13","date_gmt":"2025-03-06T13:02:13","guid":{"rendered":"https:\/\/metropolitanthings.com\/product\/espremedora-electrica\/"},"modified":"2025-05-16T12:38:40","modified_gmt":"2025-05-16T12:38:40","slug":"espremedora-electrica","status":"publish","type":"product","link":"https:\/\/metropolitanthings.com\/ca\/product\/espremedora-electrica\/","title":{"rendered":"Espremedora el\u00e8ctrica"},"content":{"rendered":"<p data-start=\"0\" data-end=\"88\"><span class=\"relative -mx-px my-[-0.2rem] rounded px-px py-[0.2rem]\">electrodom\u00e8stic dissenyat per a facilitar l&#8217;extracci\u00f3 de sucs de c\u00edtrics de manera eficient i sense esfor\u00e7.\u200b<\/span><\/p>\n<p data-start=\"90\" data-end=\"122\"><strong data-start=\"90\" data-end=\"122\">Caracter\u00edstiques principals:<\/strong><\/p>\n<ul data-start=\"124\" data-end=\"670\">\n<li data-start=\"124\" data-end=\"221\">\n<p data-start=\"126\" data-end=\"221\"><strong data-start=\"126\" data-end=\"139\">Pot\u00e8ncia:<\/strong> <span class=\"relative -mx-px my-[-0.2rem] rounded px-px py-[0.2rem]\">Compta amb un motor de 40W, la qual cosa garanteix un rendiment \u00f2ptim en espr\u00e9mer taronges, llimones i altres c\u00edtrics.\u200b<\/span><\/p>\n<\/li>\n<li data-start=\"223\" data-end=\"337\">\n<p data-start=\"225\" data-end=\"337\"><strong data-start=\"225\" data-end=\"255\">Disseny robust i elegant:<\/strong><span class=\"relative -mx-px my-[-0.2rem] rounded px-px py-[0.2rem]\"> Fabricat amb materials d&#8217;alta qualitat, presenta una estructura resistent que assegura durabilitat i un aspecte modern que s&#8217;adapta a qualsevol cuina.\u200b<\/span><\/p>\n<\/li>\n<li data-start=\"339\" data-end=\"453\">\n<p data-start=\"341\" data-end=\"453\"><strong data-start=\"341\" data-end=\"371\">Funcionament silenci\u00f3s:<\/strong><span class=\"relative -mx-px my-[-0.2rem] rounded px-px py-[0.2rem]\"> Dissenyat per a minimitzar el soroll durant el seu \u00fas, permetent preparar sucs en qualsevol moment sense mol\u00e8sties.<\/span><\/p>\n<\/li>\n<li data-start=\"455\" data-end=\"561\">\n<p data-start=\"457\" data-end=\"561\"><strong data-start=\"457\" data-end=\"479\">Sistema antidegoteig:<\/strong><span class=\"relative -mx-px my-[-0.2rem] rounded px-px py-[0.2rem]\"> Incorpora un vertedor amb funci\u00f3 antidegoteig, evitant vessaments i mantenint la placa de cocci\u00f3 neta.<\/span><\/p>\n<\/li>\n<li data-start=\"563\" data-end=\"670\">\n<p data-start=\"565\" data-end=\"670\"><strong data-start=\"565\" data-end=\"584\">F\u00e0cil neteja:<\/strong><\/p>\n<\/li>\n<\/ul>\n","protected":false},"excerpt":{"rendered":"<p>electrodom\u00e8stic dissenyat per a facilitar l&#8217;extracci\u00f3 de sucs de c\u00edtrics de manera eficient i sense esfor\u00e7.\u200b Caracter\u00edstiques principals: Pot\u00e8ncia: Compta amb un motor de 40W, la<span class=\"excerpt-hellip\"> [\u2026]<\/span><\/p>\n","protected":false},"featured_media":1789,"template":"","meta":[],"product_brand":[],"product_cat":[118,112],"product_tag":[],"class_list":{"0":"post-2052","1":"product","2":"type-product","3":"status-publish","4":"has-post-thumbnail","6":"product_cat-exprimidores-electricos-ca","7":"product_cat-petit-electrodomestic","9":"first","10":"instock","11":"taxable","12":"shipping-taxable","13":"purchasable","14":"product-type-simple"},"yoast_head":"<!-- This site is optimized with the Yoast SEO plugin v27.1.1 - https:\/\/yoast.com\/product\/yoast-seo-wordpress\/ -->\n<title>Espremedora el\u00e8ctrica - Metropolitan Things<\/title>\n<meta name=\"robots\" content=\"index, follow, max-snippet:-1, max-image-preview:large, max-video-preview:-1\" \/>\n<link rel=\"canonical\" href=\"https:\/\/metropolitanthings.com\/ca\/product\/espremedora-electrica\/\" \/>\n<meta property=\"og:locale\" content=\"ca_ES\" \/>\n<meta property=\"og:type\" content=\"article\" \/>\n<meta property=\"og:title\" content=\"Espremedora el\u00e8ctrica - Metropolitan Things\" \/>\n<meta property=\"og:description\" content=\"electrodom\u00e8stic dissenyat per a facilitar l&#8217;extracci\u00f3 de sucs de c\u00edtrics de manera eficient i sense esfor\u00e7.\u200b Caracter\u00edstiques principals: Pot\u00e8ncia: Compta amb un motor de 40W, la [\u2026]\" \/>\n<meta property=\"og:url\" content=\"https:\/\/metropolitanthings.com\/ca\/product\/espremedora-electrica\/\" \/>\n<meta property=\"og:site_name\" content=\"Metropolitan Things\" \/>\n<meta property=\"article:modified_time\" content=\"2025-05-16T12:38:40+00:00\" \/>\n<meta property=\"og:image\" content=\"https:\/\/metropolitanthings.com\/wp-content\/uploads\/2025\/03\/exprimidor-electrico.webp\" \/>\n\t<meta property=\"og:image:width\" content=\"800\" \/>\n\t<meta property=\"og:image:height\" content=\"800\" \/>\n\t<meta property=\"og:image:type\" content=\"image\/webp\" \/>\n<meta name=\"twitter:card\" content=\"summary_large_image\" \/>\n<meta name=\"twitter:label1\" content=\"Temps estimat de lectura\" \/>\n\t<meta name=\"twitter:data1\" content=\"1 minut\" \/>\n<script type=\"application\/ld+json\" class=\"yoast-schema-graph\">{\"@context\":\"https:\/\/schema.org\",\"@graph\":[{\"@type\":\"WebPage\",\"@id\":\"https:\/\/metropolitanthings.com\/ca\/product\/espremedora-electrica\/\",\"url\":\"https:\/\/metropolitanthings.com\/ca\/product\/espremedora-electrica\/\",\"name\":\"Espremedora el\u00e8ctrica - Metropolitan Things\",\"isPartOf\":{\"@id\":\"https:\/\/metropolitanthings.com\/ca\/#website\"},\"primaryImageOfPage\":{\"@id\":\"https:\/\/metropolitanthings.com\/ca\/product\/espremedora-electrica\/#primaryimage\"},\"image\":{\"@id\":\"https:\/\/metropolitanthings.com\/ca\/product\/espremedora-electrica\/#primaryimage\"},\"thumbnailUrl\":\"https:\/\/metropolitanthings.com\/wp-content\/uploads\/2025\/03\/exprimidor-electrico.webp\",\"datePublished\":\"2025-03-06T13:02:13+00:00\",\"dateModified\":\"2025-05-16T12:38:40+00:00\",\"breadcrumb\":{\"@id\":\"https:\/\/metropolitanthings.com\/ca\/product\/espremedora-electrica\/#breadcrumb\"},\"inLanguage\":\"ca\",\"potentialAction\":[{\"@type\":\"ReadAction\",\"target\":[\"https:\/\/metropolitanthings.com\/ca\/product\/espremedora-electrica\/\"]}]},{\"@type\":\"ImageObject\",\"inLanguage\":\"ca\",\"@id\":\"https:\/\/metropolitanthings.com\/ca\/product\/espremedora-electrica\/#primaryimage\",\"url\":\"https:\/\/metropolitanthings.com\/wp-content\/uploads\/2025\/03\/exprimidor-electrico.webp\",\"contentUrl\":\"https:\/\/metropolitanthings.com\/wp-content\/uploads\/2025\/03\/exprimidor-electrico.webp\",\"width\":800,\"height\":800,\"caption\":\"exprimidor-metropolitan-things\"},{\"@type\":\"BreadcrumbList\",\"@id\":\"https:\/\/metropolitanthings.com\/ca\/product\/espremedora-electrica\/#breadcrumb\",\"itemListElement\":[{\"@type\":\"ListItem\",\"position\":1,\"name\":\"Home\",\"item\":\"https:\/\/metropolitanthings.com\/ca\/\"},{\"@type\":\"ListItem\",\"position\":2,\"name\":\"Botiga\",\"item\":\"https:\/\/metropolitanthings.com\/botiga\/\"},{\"@type\":\"ListItem\",\"position\":3,\"name\":\"Espremedora el\u00e8ctrica\"}]},{\"@type\":\"WebSite\",\"@id\":\"https:\/\/metropolitanthings.com\/ca\/#website\",\"url\":\"https:\/\/metropolitanthings.com\/ca\/\",\"name\":\"Metropolitan Things\",\"description\":\"\",\"publisher\":{\"@id\":\"https:\/\/metropolitanthings.com\/ca\/#organization\"},\"potentialAction\":[{\"@type\":\"SearchAction\",\"target\":{\"@type\":\"EntryPoint\",\"urlTemplate\":\"https:\/\/metropolitanthings.com\/ca\/?s={search_term_string}\"},\"query-input\":{\"@type\":\"PropertyValueSpecification\",\"valueRequired\":true,\"valueName\":\"search_term_string\"}}],\"inLanguage\":\"ca\"},{\"@type\":\"Organization\",\"@id\":\"https:\/\/metropolitanthings.com\/ca\/#organization\",\"name\":\"Metropolitan Things\",\"url\":\"https:\/\/metropolitanthings.com\/ca\/\",\"logo\":{\"@type\":\"ImageObject\",\"inLanguage\":\"ca\",\"@id\":\"https:\/\/metropolitanthings.com\/ca\/#\/schema\/logo\/image\/\",\"url\":\"https:\/\/metropolitanthings.com\/wp-content\/uploads\/2025\/02\/cropped-cropped-logo-metropolitan.png\",\"contentUrl\":\"https:\/\/metropolitanthings.com\/wp-content\/uploads\/2025\/02\/cropped-cropped-logo-metropolitan.png\",\"width\":512,\"height\":512,\"caption\":\"Metropolitan Things\"},\"image\":{\"@id\":\"https:\/\/metropolitanthings.com\/ca\/#\/schema\/logo\/image\/\"}}]}<\/script>\n<!-- \/ Yoast SEO plugin. -->","yoast_head_json":{"title":"Espremedora el\u00e8ctrica - Metropolitan Things","robots":{"index":"index","follow":"follow","max-snippet":"max-snippet:-1","max-image-preview":"max-image-preview:large","max-video-preview":"max-video-preview:-1"},"canonical":"https:\/\/metropolitanthings.com\/ca\/product\/espremedora-electrica\/","og_locale":"ca_ES","og_type":"article","og_title":"Espremedora el\u00e8ctrica - Metropolitan Things","og_description":"electrodom\u00e8stic dissenyat per a facilitar l&#8217;extracci\u00f3 de sucs de c\u00edtrics de manera eficient i sense esfor\u00e7.\u200b Caracter\u00edstiques principals: Pot\u00e8ncia: Compta amb un motor de 40W, la [\u2026]","og_url":"https:\/\/metropolitanthings.com\/ca\/product\/espremedora-electrica\/","og_site_name":"Metropolitan Things","article_modified_time":"2025-05-16T12:38:40+00:00","og_image":[{"width":800,"height":800,"url":"https:\/\/metropolitanthings.com\/wp-content\/uploads\/2025\/03\/exprimidor-electrico.webp","type":"image\/webp"}],"twitter_card":"summary_large_image","twitter_misc":{"Temps estimat de lectura":"1 minut"},"schema":{"@context":"https:\/\/schema.org","@graph":[{"@type":"WebPage","@id":"https:\/\/metropolitanthings.com\/ca\/product\/espremedora-electrica\/","url":"https:\/\/metropolitanthings.com\/ca\/product\/espremedora-electrica\/","name":"Espremedora el\u00e8ctrica - Metropolitan Things","isPartOf":{"@id":"https:\/\/metropolitanthings.com\/ca\/#website"},"primaryImageOfPage":{"@id":"https:\/\/metropolitanthings.com\/ca\/product\/espremedora-electrica\/#primaryimage"},"image":{"@id":"https:\/\/metropolitanthings.com\/ca\/product\/espremedora-electrica\/#primaryimage"},"thumbnailUrl":"https:\/\/metropolitanthings.com\/wp-content\/uploads\/2025\/03\/exprimidor-electrico.webp","datePublished":"2025-03-06T13:02:13+00:00","dateModified":"2025-05-16T12:38:40+00:00","breadcrumb":{"@id":"https:\/\/metropolitanthings.com\/ca\/product\/espremedora-electrica\/#breadcrumb"},"inLanguage":"ca","potentialAction":[{"@type":"ReadAction","target":["https:\/\/metropolitanthings.com\/ca\/product\/espremedora-electrica\/"]}]},{"@type":"ImageObject","inLanguage":"ca","@id":"https:\/\/metropolitanthings.com\/ca\/product\/espremedora-electrica\/#primaryimage","url":"https:\/\/metropolitanthings.com\/wp-content\/uploads\/2025\/03\/exprimidor-electrico.webp","contentUrl":"https:\/\/metropolitanthings.com\/wp-content\/uploads\/2025\/03\/exprimidor-electrico.webp","width":800,"height":800,"caption":"exprimidor-metropolitan-things"},{"@type":"BreadcrumbList","@id":"https:\/\/metropolitanthings.com\/ca\/product\/espremedora-electrica\/#breadcrumb","itemListElement":[{"@type":"ListItem","position":1,"name":"Home","item":"https:\/\/metropolitanthings.com\/ca\/"},{"@type":"ListItem","position":2,"name":"Botiga","item":"https:\/\/metropolitanthings.com\/botiga\/"},{"@type":"ListItem","position":3,"name":"Espremedora el\u00e8ctrica"}]},{"@type":"WebSite","@id":"https:\/\/metropolitanthings.com\/ca\/#website","url":"https:\/\/metropolitanthings.com\/ca\/","name":"Metropolitan Things","description":"","publisher":{"@id":"https:\/\/metropolitanthings.com\/ca\/#organization"},"potentialAction":[{"@type":"SearchAction","target":{"@type":"EntryPoint","urlTemplate":"https:\/\/metropolitanthings.com\/ca\/?s={search_term_string}"},"query-input":{"@type":"PropertyValueSpecification","valueRequired":true,"valueName":"search_term_string"}}],"inLanguage":"ca"},{"@type":"Organization","@id":"https:\/\/metropolitanthings.com\/ca\/#organization","name":"Metropolitan Things","url":"https:\/\/metropolitanthings.com\/ca\/","logo":{"@type":"ImageObject","inLanguage":"ca","@id":"https:\/\/metropolitanthings.com\/ca\/#\/schema\/logo\/image\/","url":"https:\/\/metropolitanthings.com\/wp-content\/uploads\/2025\/02\/cropped-cropped-logo-metropolitan.png","contentUrl":"https:\/\/metropolitanthings.com\/wp-content\/uploads\/2025\/02\/cropped-cropped-logo-metropolitan.png","width":512,"height":512,"caption":"Metropolitan Things"},"image":{"@id":"https:\/\/metropolitanthings.com\/ca\/#\/schema\/logo\/image\/"}}]}},"jetpack_sharing_enabled":true,"_links":{"self":[{"href":"https:\/\/metropolitanthings.com\/ca\/wp-json\/wp\/v2\/product\/2052","targetHints":{"allow":["GET"]}}],"collection":[{"href":"https:\/\/metropolitanthings.com\/ca\/wp-json\/wp\/v2\/product"}],"about":[{"href":"https:\/\/metropolitanthings.com\/ca\/wp-json\/wp\/v2\/types\/product"}],"version-history":[{"count":1,"href":"https:\/\/metropolitanthings.com\/ca\/wp-json\/wp\/v2\/product\/2052\/revisions"}],"predecessor-version":[{"id":2279,"href":"https:\/\/metropolitanthings.com\/ca\/wp-json\/wp\/v2\/product\/2052\/revisions\/2279"}],"wp:featuredmedia":[{"embeddable":true,"href":"https:\/\/metropolitanthings.com\/ca\/wp-json\/wp\/v2\/media\/1789"}],"wp:attachment":[{"href":"https:\/\/metropolitanthings.com\/ca\/wp-json\/wp\/v2\/media?parent=2052"}],"wp:term":[{"taxonomy":"product_brand","embeddable":true,"href":"https:\/\/metropolitanthings.com\/ca\/wp-json\/wp\/v2\/product_brand?post=2052"},{"taxonomy":"product_cat","embeddable":true,"href":"https:\/\/metropolitanthings.com\/ca\/wp-json\/wp\/v2\/product_cat?post=2052"},{"taxonomy":"product_tag","embeddable":true,"href":"https:\/\/metropolitanthings.com\/ca\/wp-json\/wp\/v2\/product_tag?post=2052"}],"curies":[{"name":"wp","href":"https:\/\/api.w.org\/{rel}","templated":true}]}}