{"id":2050,"date":"2025-03-06T13:02:16","date_gmt":"2025-03-06T13:02:16","guid":{"rendered":"https:\/\/metropolitanthings.com\/product\/picadora-petita\/"},"modified":"2025-05-16T12:38:10","modified_gmt":"2025-05-16T12:38:10","slug":"picadora-petita","status":"publish","type":"product","link":"https:\/\/metropolitanthings.com\/ca\/product\/picadora-petita\/","title":{"rendered":"Picadora petita"},"content":{"rendered":"<p data-start=\"0\" data-end=\"88\"><span class=\"relative -mx-px my-[-0.2rem] rounded px-px py-[0.2rem]\">electrodom\u00e8stic compacte i eficient, ideal per a facilitar la preparaci\u00f3 d&#8217;aliments en la teva cuina.\u200b<\/span><\/p>\n<p data-start=\"90\" data-end=\"122\"><strong data-start=\"90\" data-end=\"122\">Caracter\u00edstiques principals:<\/strong><\/p>\n<ul data-start=\"124\" data-end=\"567\">\n<li data-start=\"124\" data-end=\"228\">\n<p data-start=\"126\" data-end=\"228\"><strong data-start=\"126\" data-end=\"146\">Disseny compacte:<\/strong> <span class=\"relative -mx-px my-[-0.2rem] rounded px-px py-[0.2rem]\">La seva grand\u00e0ria redu\u00efda la fa perfecta per a cuines amb espai limitat, permetent un f\u00e0cil emmagatzematge.\u200b<\/span><\/p>\n<\/li>\n<li data-start=\"230\" data-end=\"348\">\n<p data-start=\"232\" data-end=\"348\"><strong data-start=\"232\" data-end=\"266\">Fulles d&#8217;acer inoxidable<\/strong>:<span class=\"relative -mx-px my-[-0.2rem] rounded px-px py-[0.2rem]\"> Garanteixen un tall prec\u00eds i durador, aptes per a picar una varietat d&#8217;aliments com a verdures, fruites i fruita seca.\u200b<\/span><\/p>\n<\/li>\n<li data-start=\"350\" data-end=\"462\">\n<p data-start=\"352\" data-end=\"462\"><strong data-start=\"352\" data-end=\"380\">Funcionament senzill:<\/strong> <span class=\"relative -mx-px my-[-0.2rem] rounded px-px py-[0.2rem]\">Amb un sol bot\u00f3, pots controlar el proc\u00e9s de picat, aconseguint la textura desitjada en segons.\u200b<\/span><\/p>\n<\/li>\n<li data-start=\"464\" data-end=\"567\">\n<p data-start=\"466\" data-end=\"567\"><strong data-start=\"466\" data-end=\"485\">F\u00e0cil neteja<\/strong>:<span class=\"relative -mx-px my-[-0.2rem] rounded px-px py-[0.2rem]\"> Les peces desmuntables faciliten la seva rentada, sent aptes per a rentavaixelles.<\/span><\/p>\n<\/li>\n<\/ul>\n","protected":false},"excerpt":{"rendered":"<p>electrodom\u00e8stic compacte i eficient, ideal per a facilitar la preparaci\u00f3 d&#8217;aliments en la teva cuina.\u200b Caracter\u00edstiques principals: Disseny compacte: La seva grand\u00e0ria redu\u00efda la fa perfecta<span class=\"excerpt-hellip\"> [\u2026]<\/span><\/p>\n","protected":false},"featured_media":1358,"template":"","meta":[],"product_brand":[],"product_cat":[112,119],"product_tag":[],"class_list":{"0":"post-2050","1":"product","2":"type-product","3":"status-publish","4":"has-post-thumbnail","6":"product_cat-petit-electrodomestic","7":"product_cat-picadoras-ca","9":"first","10":"instock","11":"taxable","12":"shipping-taxable","13":"purchasable","14":"product-type-simple"},"yoast_head":"<!-- This site is optimized with the Yoast SEO plugin v27.1.1 - https:\/\/yoast.com\/product\/yoast-seo-wordpress\/ -->\n<title>Picadora petita - Metropolitan Things<\/title>\n<meta name=\"robots\" content=\"index, follow, max-snippet:-1, max-image-preview:large, max-video-preview:-1\" \/>\n<link rel=\"canonical\" href=\"https:\/\/metropolitanthings.com\/ca\/product\/picadora-petita\/\" \/>\n<meta property=\"og:locale\" content=\"ca_ES\" \/>\n<meta property=\"og:type\" content=\"article\" \/>\n<meta property=\"og:title\" content=\"Picadora petita - Metropolitan Things\" \/>\n<meta property=\"og:description\" content=\"electrodom\u00e8stic compacte i eficient, ideal per a facilitar la preparaci\u00f3 d&#8217;aliments en la teva cuina.\u200b Caracter\u00edstiques principals: Disseny compacte: La seva grand\u00e0ria redu\u00efda la fa perfecta [\u2026]\" \/>\n<meta property=\"og:url\" content=\"https:\/\/metropolitanthings.com\/ca\/product\/picadora-petita\/\" \/>\n<meta property=\"og:site_name\" content=\"Metropolitan Things\" \/>\n<meta property=\"article:modified_time\" content=\"2025-05-16T12:38:10+00:00\" \/>\n<meta property=\"og:image\" content=\"https:\/\/metropolitanthings.com\/wp-content\/uploads\/2025\/03\/batidora-manual.webp\" \/>\n\t<meta property=\"og:image:width\" content=\"800\" \/>\n\t<meta property=\"og:image:height\" content=\"800\" \/>\n\t<meta property=\"og:image:type\" content=\"image\/webp\" \/>\n<meta name=\"twitter:card\" content=\"summary_large_image\" \/>\n<meta name=\"twitter:label1\" content=\"Temps estimat de lectura\" \/>\n\t<meta name=\"twitter:data1\" content=\"1 minut\" \/>\n<script type=\"application\/ld+json\" class=\"yoast-schema-graph\">{\"@context\":\"https:\/\/schema.org\",\"@graph\":[{\"@type\":\"WebPage\",\"@id\":\"https:\/\/metropolitanthings.com\/ca\/product\/picadora-petita\/\",\"url\":\"https:\/\/metropolitanthings.com\/ca\/product\/picadora-petita\/\",\"name\":\"Picadora petita - Metropolitan Things\",\"isPartOf\":{\"@id\":\"https:\/\/metropolitanthings.com\/ca\/#website\"},\"primaryImageOfPage\":{\"@id\":\"https:\/\/metropolitanthings.com\/ca\/product\/picadora-petita\/#primaryimage\"},\"image\":{\"@id\":\"https:\/\/metropolitanthings.com\/ca\/product\/picadora-petita\/#primaryimage\"},\"thumbnailUrl\":\"https:\/\/metropolitanthings.com\/wp-content\/uploads\/2025\/03\/batidora-manual.webp\",\"datePublished\":\"2025-03-06T13:02:16+00:00\",\"dateModified\":\"2025-05-16T12:38:10+00:00\",\"breadcrumb\":{\"@id\":\"https:\/\/metropolitanthings.com\/ca\/product\/picadora-petita\/#breadcrumb\"},\"inLanguage\":\"ca\",\"potentialAction\":[{\"@type\":\"ReadAction\",\"target\":[\"https:\/\/metropolitanthings.com\/ca\/product\/picadora-petita\/\"]}]},{\"@type\":\"ImageObject\",\"inLanguage\":\"ca\",\"@id\":\"https:\/\/metropolitanthings.com\/ca\/product\/picadora-petita\/#primaryimage\",\"url\":\"https:\/\/metropolitanthings.com\/wp-content\/uploads\/2025\/03\/batidora-manual.webp\",\"contentUrl\":\"https:\/\/metropolitanthings.com\/wp-content\/uploads\/2025\/03\/batidora-manual.webp\",\"width\":800,\"height\":800,\"caption\":\"picadora-grande-metropolitan-things\"},{\"@type\":\"BreadcrumbList\",\"@id\":\"https:\/\/metropolitanthings.com\/ca\/product\/picadora-petita\/#breadcrumb\",\"itemListElement\":[{\"@type\":\"ListItem\",\"position\":1,\"name\":\"Home\",\"item\":\"https:\/\/metropolitanthings.com\/ca\/\"},{\"@type\":\"ListItem\",\"position\":2,\"name\":\"Botiga\",\"item\":\"https:\/\/metropolitanthings.com\/botiga\/\"},{\"@type\":\"ListItem\",\"position\":3,\"name\":\"Picadora petita\"}]},{\"@type\":\"WebSite\",\"@id\":\"https:\/\/metropolitanthings.com\/ca\/#website\",\"url\":\"https:\/\/metropolitanthings.com\/ca\/\",\"name\":\"Metropolitan Things\",\"description\":\"\",\"publisher\":{\"@id\":\"https:\/\/metropolitanthings.com\/ca\/#organization\"},\"potentialAction\":[{\"@type\":\"SearchAction\",\"target\":{\"@type\":\"EntryPoint\",\"urlTemplate\":\"https:\/\/metropolitanthings.com\/ca\/?s={search_term_string}\"},\"query-input\":{\"@type\":\"PropertyValueSpecification\",\"valueRequired\":true,\"valueName\":\"search_term_string\"}}],\"inLanguage\":\"ca\"},{\"@type\":\"Organization\",\"@id\":\"https:\/\/metropolitanthings.com\/ca\/#organization\",\"name\":\"Metropolitan Things\",\"url\":\"https:\/\/metropolitanthings.com\/ca\/\",\"logo\":{\"@type\":\"ImageObject\",\"inLanguage\":\"ca\",\"@id\":\"https:\/\/metropolitanthings.com\/ca\/#\/schema\/logo\/image\/\",\"url\":\"https:\/\/metropolitanthings.com\/wp-content\/uploads\/2025\/02\/cropped-cropped-logo-metropolitan.png\",\"contentUrl\":\"https:\/\/metropolitanthings.com\/wp-content\/uploads\/2025\/02\/cropped-cropped-logo-metropolitan.png\",\"width\":512,\"height\":512,\"caption\":\"Metropolitan Things\"},\"image\":{\"@id\":\"https:\/\/metropolitanthings.com\/ca\/#\/schema\/logo\/image\/\"}}]}<\/script>\n<!-- \/ Yoast SEO plugin. -->","yoast_head_json":{"title":"Picadora petita - Metropolitan Things","robots":{"index":"index","follow":"follow","max-snippet":"max-snippet:-1","max-image-preview":"max-image-preview:large","max-video-preview":"max-video-preview:-1"},"canonical":"https:\/\/metropolitanthings.com\/ca\/product\/picadora-petita\/","og_locale":"ca_ES","og_type":"article","og_title":"Picadora petita - Metropolitan Things","og_description":"electrodom\u00e8stic compacte i eficient, ideal per a facilitar la preparaci\u00f3 d&#8217;aliments en la teva cuina.\u200b Caracter\u00edstiques principals: Disseny compacte: La seva grand\u00e0ria redu\u00efda la fa perfecta [\u2026]","og_url":"https:\/\/metropolitanthings.com\/ca\/product\/picadora-petita\/","og_site_name":"Metropolitan Things","article_modified_time":"2025-05-16T12:38:10+00:00","og_image":[{"width":800,"height":800,"url":"https:\/\/metropolitanthings.com\/wp-content\/uploads\/2025\/03\/batidora-manual.webp","type":"image\/webp"}],"twitter_card":"summary_large_image","twitter_misc":{"Temps estimat de lectura":"1 minut"},"schema":{"@context":"https:\/\/schema.org","@graph":[{"@type":"WebPage","@id":"https:\/\/metropolitanthings.com\/ca\/product\/picadora-petita\/","url":"https:\/\/metropolitanthings.com\/ca\/product\/picadora-petita\/","name":"Picadora petita - Metropolitan Things","isPartOf":{"@id":"https:\/\/metropolitanthings.com\/ca\/#website"},"primaryImageOfPage":{"@id":"https:\/\/metropolitanthings.com\/ca\/product\/picadora-petita\/#primaryimage"},"image":{"@id":"https:\/\/metropolitanthings.com\/ca\/product\/picadora-petita\/#primaryimage"},"thumbnailUrl":"https:\/\/metropolitanthings.com\/wp-content\/uploads\/2025\/03\/batidora-manual.webp","datePublished":"2025-03-06T13:02:16+00:00","dateModified":"2025-05-16T12:38:10+00:00","breadcrumb":{"@id":"https:\/\/metropolitanthings.com\/ca\/product\/picadora-petita\/#breadcrumb"},"inLanguage":"ca","potentialAction":[{"@type":"ReadAction","target":["https:\/\/metropolitanthings.com\/ca\/product\/picadora-petita\/"]}]},{"@type":"ImageObject","inLanguage":"ca","@id":"https:\/\/metropolitanthings.com\/ca\/product\/picadora-petita\/#primaryimage","url":"https:\/\/metropolitanthings.com\/wp-content\/uploads\/2025\/03\/batidora-manual.webp","contentUrl":"https:\/\/metropolitanthings.com\/wp-content\/uploads\/2025\/03\/batidora-manual.webp","width":800,"height":800,"caption":"picadora-grande-metropolitan-things"},{"@type":"BreadcrumbList","@id":"https:\/\/metropolitanthings.com\/ca\/product\/picadora-petita\/#breadcrumb","itemListElement":[{"@type":"ListItem","position":1,"name":"Home","item":"https:\/\/metropolitanthings.com\/ca\/"},{"@type":"ListItem","position":2,"name":"Botiga","item":"https:\/\/metropolitanthings.com\/botiga\/"},{"@type":"ListItem","position":3,"name":"Picadora petita"}]},{"@type":"WebSite","@id":"https:\/\/metropolitanthings.com\/ca\/#website","url":"https:\/\/metropolitanthings.com\/ca\/","name":"Metropolitan Things","description":"","publisher":{"@id":"https:\/\/metropolitanthings.com\/ca\/#organization"},"potentialAction":[{"@type":"SearchAction","target":{"@type":"EntryPoint","urlTemplate":"https:\/\/metropolitanthings.com\/ca\/?s={search_term_string}"},"query-input":{"@type":"PropertyValueSpecification","valueRequired":true,"valueName":"search_term_string"}}],"inLanguage":"ca"},{"@type":"Organization","@id":"https:\/\/metropolitanthings.com\/ca\/#organization","name":"Metropolitan Things","url":"https:\/\/metropolitanthings.com\/ca\/","logo":{"@type":"ImageObject","inLanguage":"ca","@id":"https:\/\/metropolitanthings.com\/ca\/#\/schema\/logo\/image\/","url":"https:\/\/metropolitanthings.com\/wp-content\/uploads\/2025\/02\/cropped-cropped-logo-metropolitan.png","contentUrl":"https:\/\/metropolitanthings.com\/wp-content\/uploads\/2025\/02\/cropped-cropped-logo-metropolitan.png","width":512,"height":512,"caption":"Metropolitan Things"},"image":{"@id":"https:\/\/metropolitanthings.com\/ca\/#\/schema\/logo\/image\/"}}]}},"jetpack_sharing_enabled":true,"_links":{"self":[{"href":"https:\/\/metropolitanthings.com\/ca\/wp-json\/wp\/v2\/product\/2050","targetHints":{"allow":["GET"]}}],"collection":[{"href":"https:\/\/metropolitanthings.com\/ca\/wp-json\/wp\/v2\/product"}],"about":[{"href":"https:\/\/metropolitanthings.com\/ca\/wp-json\/wp\/v2\/types\/product"}],"version-history":[{"count":1,"href":"https:\/\/metropolitanthings.com\/ca\/wp-json\/wp\/v2\/product\/2050\/revisions"}],"predecessor-version":[{"id":2277,"href":"https:\/\/metropolitanthings.com\/ca\/wp-json\/wp\/v2\/product\/2050\/revisions\/2277"}],"wp:featuredmedia":[{"embeddable":true,"href":"https:\/\/metropolitanthings.com\/ca\/wp-json\/wp\/v2\/media\/1358"}],"wp:attachment":[{"href":"https:\/\/metropolitanthings.com\/ca\/wp-json\/wp\/v2\/media?parent=2050"}],"wp:term":[{"taxonomy":"product_brand","embeddable":true,"href":"https:\/\/metropolitanthings.com\/ca\/wp-json\/wp\/v2\/product_brand?post=2050"},{"taxonomy":"product_cat","embeddable":true,"href":"https:\/\/metropolitanthings.com\/ca\/wp-json\/wp\/v2\/product_cat?post=2050"},{"taxonomy":"product_tag","embeddable":true,"href":"https:\/\/metropolitanthings.com\/ca\/wp-json\/wp\/v2\/product_tag?post=2050"}],"curies":[{"name":"wp","href":"https:\/\/api.w.org\/{rel}","templated":true}]}}