{"id":2048,"date":"2025-03-06T13:02:26","date_gmt":"2025-03-06T13:02:26","guid":{"rendered":"https:\/\/metropolitanthings.com\/product\/perfum-yara-tous\/"},"modified":"2025-05-16T12:38:03","modified_gmt":"2025-05-16T12:38:03","slug":"perfum-yara-tous","status":"publish","type":"product","link":"https:\/\/metropolitanthings.com\/ca\/product\/perfum-yara-tous\/","title":{"rendered":"Perfum Yara Tous"},"content":{"rendered":"<p data-start=\"0\" data-end=\"88\"><span class=\"relative -mx-px my-[-0.2rem] rounded px-px py-[0.2rem]\">\u200bEl <strong data-start=\"3\" data-end=\"24\">Perfum Yara Tous<\/strong> de <strong data-start=\"28\" data-end=\"48\">Lattafa Perfums<\/strong> \u00e9s una frag\u00e0ncia femenina que combina notes tropicals i florals per a oferir una experi\u00e8ncia olfact\u00f2ria vibrant i ex\u00f2tica.\u200b<\/span><\/p>\n<p data-start=\"90\" data-end=\"112\"><strong data-start=\"90\" data-end=\"112\">Pir\u00e0mide olfact\u00f2ria:<\/strong><\/p>\n<ul data-start=\"114\" data-end=\"430\">\n<li data-start=\"114\" data-end=\"218\">\n<p data-start=\"116\" data-end=\"218\"><strong data-start=\"116\" data-end=\"136\">Notes de sortida:<\/strong> <span class=\"relative -mx-px my-[-0.2rem] rounded px-px py-[0.2rem]\">Mango, coco i fruita de la passi\u00f3.\u200b<\/span><\/p>\n<\/li>\n<li data-start=\"220\" data-end=\"325\">\n<p data-start=\"222\" data-end=\"325\"><strong data-start=\"222\" data-end=\"243\">Notes de cor: <\/strong><span class=\"relative -mx-px my-[-0.2rem] rounded px-px py-[0.2rem]\">Gessam\u00ed, heliotropi i flor del taronger.\u200b<\/span><\/p>\n<\/li>\n<li data-start=\"327\" data-end=\"430\">\n<p data-start=\"329\" data-end=\"430\"><strong data-start=\"329\" data-end=\"348\">Notes de fons: <\/strong><span class=\"relative -mx-px my-[-0.2rem] rounded px-px py-[0.2rem]\">Vainilla, almesc i cashmer\u00e1n.<\/span><\/p>\n<\/li>\n<\/ul>\n<p data-start=\"432\" data-end=\"553\"><span class=\"relative -mx-px my-[-0.2rem] rounded px-px py-[0.2rem]\">Aquesta combinaci\u00f3 crea una aroma dol\u00e7a i tropical, perfecte per als qui busquen una frag\u00e0ncia que evoqui la calidesa i l&#8217;alegria d&#8217;un parad\u00eds assolellat.<\/span><\/p>\n<p data-start=\"555\" data-end=\"586\"><strong data-start=\"555\" data-end=\"586\">Caracter\u00edstiques destacades:<\/strong><\/p>\n<ul data-start=\"588\" data-end=\"845\">\n<li data-start=\"588\" data-end=\"738\">\n<p data-start=\"590\" data-end=\"738\"><strong data-start=\"590\" data-end=\"612\">Durada i deixant:<\/strong> <span class=\"relative -mx-px my-[-0.2rem] rounded px-px py-[0.2rem]\">Ofereix una longevitat moderada i un deixant suau, ideal per als qui busquen una frag\u00e0ncia que acompanyi de manera subtil. \u200b<\/span><\/p>\n<\/li>\n<li data-start=\"740\" data-end=\"845\">\n<p data-start=\"742\" data-end=\"845\"><strong data-start=\"742\" data-end=\"759\">Presentaci\u00f3: <\/strong><span class=\"relative -mx-px my-[-0.2rem] rounded px-px py-[0.2rem]\">Disponible en un elegant flasc\u00f3 de 100 ml, reflectint la sofisticaci\u00f3 de la frag\u00e0ncia.\u200b<\/span><\/p>\n<\/li>\n<\/ul>\n<p data-start=\"847\" data-end=\"932\"><span class=\"relative -mx-px my-[-0.2rem] rounded px-px py-[0.2rem]\">El <strong data-start=\"3\" data-end=\"24\">Perfum Yara Tous<\/strong> de <strong data-start=\"28\" data-end=\"39\">Lattafa<\/strong> \u00e9s una opci\u00f3 ideal per als qui busquen una frag\u00e0ncia femenina que combini dol\u00e7or i eleg\u00e0ncia en cada aplicaci\u00f3.<\/span><\/p>\n","protected":false},"excerpt":{"rendered":"<p>\u200bEl Perfum Yara Tous de Lattafa Perfums \u00e9s una frag\u00e0ncia femenina que combina notes tropicals i florals per a oferir una experi\u00e8ncia olfact\u00f2ria vibrant i ex\u00f2tica.\u200b<span class=\"excerpt-hellip\"> [\u2026]<\/span><\/p>\n","protected":false},"featured_media":1580,"template":"","meta":[],"product_brand":[],"product_cat":[110],"product_tag":[],"class_list":{"0":"post-2048","1":"product","2":"type-product","3":"status-publish","4":"has-post-thumbnail","6":"product_cat-perfumes-ca","8":"first","9":"instock","10":"taxable","11":"shipping-taxable","12":"purchasable","13":"product-type-simple"},"yoast_head":"<!-- This site is optimized with the Yoast SEO plugin v27.1.1 - https:\/\/yoast.com\/product\/yoast-seo-wordpress\/ -->\n<title>Perfum Yara Tous - Metropolitan Things<\/title>\n<meta name=\"robots\" content=\"index, follow, max-snippet:-1, max-image-preview:large, max-video-preview:-1\" \/>\n<link rel=\"canonical\" href=\"https:\/\/metropolitanthings.com\/ca\/product\/perfum-yara-tous\/\" \/>\n<meta property=\"og:locale\" content=\"ca_ES\" \/>\n<meta property=\"og:type\" content=\"article\" \/>\n<meta property=\"og:title\" content=\"Perfum Yara Tous - Metropolitan Things\" \/>\n<meta property=\"og:description\" content=\"\u200bEl Perfum Yara Tous de Lattafa Perfums \u00e9s una frag\u00e0ncia femenina que combina notes tropicals i florals per a oferir una experi\u00e8ncia olfact\u00f2ria vibrant i ex\u00f2tica.\u200b [\u2026]\" \/>\n<meta property=\"og:url\" content=\"https:\/\/metropolitanthings.com\/ca\/product\/perfum-yara-tous\/\" \/>\n<meta property=\"og:site_name\" content=\"Metropolitan Things\" \/>\n<meta property=\"article:modified_time\" content=\"2025-05-16T12:38:03+00:00\" \/>\n<meta property=\"og:image\" content=\"https:\/\/metropolitanthings.com\/wp-content\/uploads\/2025\/03\/Yara_tous.png\" \/>\n\t<meta property=\"og:image:width\" content=\"800\" \/>\n\t<meta property=\"og:image:height\" content=\"800\" \/>\n\t<meta property=\"og:image:type\" content=\"image\/png\" \/>\n<meta name=\"twitter:card\" content=\"summary_large_image\" \/>\n<meta name=\"twitter:label1\" content=\"Temps estimat de lectura\" \/>\n\t<meta name=\"twitter:data1\" content=\"1 minut\" \/>\n<script type=\"application\/ld+json\" class=\"yoast-schema-graph\">{\"@context\":\"https:\/\/schema.org\",\"@graph\":[{\"@type\":\"WebPage\",\"@id\":\"https:\/\/metropolitanthings.com\/ca\/product\/perfum-yara-tous\/\",\"url\":\"https:\/\/metropolitanthings.com\/ca\/product\/perfum-yara-tous\/\",\"name\":\"Perfum Yara Tous - Metropolitan Things\",\"isPartOf\":{\"@id\":\"https:\/\/metropolitanthings.com\/ca\/#website\"},\"primaryImageOfPage\":{\"@id\":\"https:\/\/metropolitanthings.com\/ca\/product\/perfum-yara-tous\/#primaryimage\"},\"image\":{\"@id\":\"https:\/\/metropolitanthings.com\/ca\/product\/perfum-yara-tous\/#primaryimage\"},\"thumbnailUrl\":\"https:\/\/metropolitanthings.com\/wp-content\/uploads\/2025\/03\/Yara_tous.png\",\"datePublished\":\"2025-03-06T13:02:26+00:00\",\"dateModified\":\"2025-05-16T12:38:03+00:00\",\"breadcrumb\":{\"@id\":\"https:\/\/metropolitanthings.com\/ca\/product\/perfum-yara-tous\/#breadcrumb\"},\"inLanguage\":\"ca\",\"potentialAction\":[{\"@type\":\"ReadAction\",\"target\":[\"https:\/\/metropolitanthings.com\/ca\/product\/perfum-yara-tous\/\"]}]},{\"@type\":\"ImageObject\",\"inLanguage\":\"ca\",\"@id\":\"https:\/\/metropolitanthings.com\/ca\/product\/perfum-yara-tous\/#primaryimage\",\"url\":\"https:\/\/metropolitanthings.com\/wp-content\/uploads\/2025\/03\/Yara_tous.png\",\"contentUrl\":\"https:\/\/metropolitanthings.com\/wp-content\/uploads\/2025\/03\/Yara_tous.png\",\"width\":800,\"height\":800,\"caption\":\"perfume-yara-tour-metropolitan-things\"},{\"@type\":\"BreadcrumbList\",\"@id\":\"https:\/\/metropolitanthings.com\/ca\/product\/perfum-yara-tous\/#breadcrumb\",\"itemListElement\":[{\"@type\":\"ListItem\",\"position\":1,\"name\":\"Home\",\"item\":\"https:\/\/metropolitanthings.com\/ca\/\"},{\"@type\":\"ListItem\",\"position\":2,\"name\":\"Botiga\",\"item\":\"https:\/\/metropolitanthings.com\/botiga\/\"},{\"@type\":\"ListItem\",\"position\":3,\"name\":\"Perfum Yara Tous\"}]},{\"@type\":\"WebSite\",\"@id\":\"https:\/\/metropolitanthings.com\/ca\/#website\",\"url\":\"https:\/\/metropolitanthings.com\/ca\/\",\"name\":\"Metropolitan Things\",\"description\":\"\",\"publisher\":{\"@id\":\"https:\/\/metropolitanthings.com\/ca\/#organization\"},\"potentialAction\":[{\"@type\":\"SearchAction\",\"target\":{\"@type\":\"EntryPoint\",\"urlTemplate\":\"https:\/\/metropolitanthings.com\/ca\/?s={search_term_string}\"},\"query-input\":{\"@type\":\"PropertyValueSpecification\",\"valueRequired\":true,\"valueName\":\"search_term_string\"}}],\"inLanguage\":\"ca\"},{\"@type\":\"Organization\",\"@id\":\"https:\/\/metropolitanthings.com\/ca\/#organization\",\"name\":\"Metropolitan Things\",\"url\":\"https:\/\/metropolitanthings.com\/ca\/\",\"logo\":{\"@type\":\"ImageObject\",\"inLanguage\":\"ca\",\"@id\":\"https:\/\/metropolitanthings.com\/ca\/#\/schema\/logo\/image\/\",\"url\":\"https:\/\/metropolitanthings.com\/wp-content\/uploads\/2025\/02\/cropped-cropped-logo-metropolitan.png\",\"contentUrl\":\"https:\/\/metropolitanthings.com\/wp-content\/uploads\/2025\/02\/cropped-cropped-logo-metropolitan.png\",\"width\":512,\"height\":512,\"caption\":\"Metropolitan Things\"},\"image\":{\"@id\":\"https:\/\/metropolitanthings.com\/ca\/#\/schema\/logo\/image\/\"}}]}<\/script>\n<!-- \/ Yoast SEO plugin. -->","yoast_head_json":{"title":"Perfum Yara Tous - Metropolitan Things","robots":{"index":"index","follow":"follow","max-snippet":"max-snippet:-1","max-image-preview":"max-image-preview:large","max-video-preview":"max-video-preview:-1"},"canonical":"https:\/\/metropolitanthings.com\/ca\/product\/perfum-yara-tous\/","og_locale":"ca_ES","og_type":"article","og_title":"Perfum Yara Tous - Metropolitan Things","og_description":"\u200bEl Perfum Yara Tous de Lattafa Perfums \u00e9s una frag\u00e0ncia femenina que combina notes tropicals i florals per a oferir una experi\u00e8ncia olfact\u00f2ria vibrant i ex\u00f2tica.\u200b [\u2026]","og_url":"https:\/\/metropolitanthings.com\/ca\/product\/perfum-yara-tous\/","og_site_name":"Metropolitan Things","article_modified_time":"2025-05-16T12:38:03+00:00","og_image":[{"width":800,"height":800,"url":"https:\/\/metropolitanthings.com\/wp-content\/uploads\/2025\/03\/Yara_tous.png","type":"image\/png"}],"twitter_card":"summary_large_image","twitter_misc":{"Temps estimat de lectura":"1 minut"},"schema":{"@context":"https:\/\/schema.org","@graph":[{"@type":"WebPage","@id":"https:\/\/metropolitanthings.com\/ca\/product\/perfum-yara-tous\/","url":"https:\/\/metropolitanthings.com\/ca\/product\/perfum-yara-tous\/","name":"Perfum Yara Tous - Metropolitan Things","isPartOf":{"@id":"https:\/\/metropolitanthings.com\/ca\/#website"},"primaryImageOfPage":{"@id":"https:\/\/metropolitanthings.com\/ca\/product\/perfum-yara-tous\/#primaryimage"},"image":{"@id":"https:\/\/metropolitanthings.com\/ca\/product\/perfum-yara-tous\/#primaryimage"},"thumbnailUrl":"https:\/\/metropolitanthings.com\/wp-content\/uploads\/2025\/03\/Yara_tous.png","datePublished":"2025-03-06T13:02:26+00:00","dateModified":"2025-05-16T12:38:03+00:00","breadcrumb":{"@id":"https:\/\/metropolitanthings.com\/ca\/product\/perfum-yara-tous\/#breadcrumb"},"inLanguage":"ca","potentialAction":[{"@type":"ReadAction","target":["https:\/\/metropolitanthings.com\/ca\/product\/perfum-yara-tous\/"]}]},{"@type":"ImageObject","inLanguage":"ca","@id":"https:\/\/metropolitanthings.com\/ca\/product\/perfum-yara-tous\/#primaryimage","url":"https:\/\/metropolitanthings.com\/wp-content\/uploads\/2025\/03\/Yara_tous.png","contentUrl":"https:\/\/metropolitanthings.com\/wp-content\/uploads\/2025\/03\/Yara_tous.png","width":800,"height":800,"caption":"perfume-yara-tour-metropolitan-things"},{"@type":"BreadcrumbList","@id":"https:\/\/metropolitanthings.com\/ca\/product\/perfum-yara-tous\/#breadcrumb","itemListElement":[{"@type":"ListItem","position":1,"name":"Home","item":"https:\/\/metropolitanthings.com\/ca\/"},{"@type":"ListItem","position":2,"name":"Botiga","item":"https:\/\/metropolitanthings.com\/botiga\/"},{"@type":"ListItem","position":3,"name":"Perfum Yara Tous"}]},{"@type":"WebSite","@id":"https:\/\/metropolitanthings.com\/ca\/#website","url":"https:\/\/metropolitanthings.com\/ca\/","name":"Metropolitan Things","description":"","publisher":{"@id":"https:\/\/metropolitanthings.com\/ca\/#organization"},"potentialAction":[{"@type":"SearchAction","target":{"@type":"EntryPoint","urlTemplate":"https:\/\/metropolitanthings.com\/ca\/?s={search_term_string}"},"query-input":{"@type":"PropertyValueSpecification","valueRequired":true,"valueName":"search_term_string"}}],"inLanguage":"ca"},{"@type":"Organization","@id":"https:\/\/metropolitanthings.com\/ca\/#organization","name":"Metropolitan Things","url":"https:\/\/metropolitanthings.com\/ca\/","logo":{"@type":"ImageObject","inLanguage":"ca","@id":"https:\/\/metropolitanthings.com\/ca\/#\/schema\/logo\/image\/","url":"https:\/\/metropolitanthings.com\/wp-content\/uploads\/2025\/02\/cropped-cropped-logo-metropolitan.png","contentUrl":"https:\/\/metropolitanthings.com\/wp-content\/uploads\/2025\/02\/cropped-cropped-logo-metropolitan.png","width":512,"height":512,"caption":"Metropolitan Things"},"image":{"@id":"https:\/\/metropolitanthings.com\/ca\/#\/schema\/logo\/image\/"}}]}},"jetpack_sharing_enabled":true,"_links":{"self":[{"href":"https:\/\/metropolitanthings.com\/ca\/wp-json\/wp\/v2\/product\/2048","targetHints":{"allow":["GET"]}}],"collection":[{"href":"https:\/\/metropolitanthings.com\/ca\/wp-json\/wp\/v2\/product"}],"about":[{"href":"https:\/\/metropolitanthings.com\/ca\/wp-json\/wp\/v2\/types\/product"}],"version-history":[{"count":1,"href":"https:\/\/metropolitanthings.com\/ca\/wp-json\/wp\/v2\/product\/2048\/revisions"}],"predecessor-version":[{"id":2275,"href":"https:\/\/metropolitanthings.com\/ca\/wp-json\/wp\/v2\/product\/2048\/revisions\/2275"}],"wp:featuredmedia":[{"embeddable":true,"href":"https:\/\/metropolitanthings.com\/ca\/wp-json\/wp\/v2\/media\/1580"}],"wp:attachment":[{"href":"https:\/\/metropolitanthings.com\/ca\/wp-json\/wp\/v2\/media?parent=2048"}],"wp:term":[{"taxonomy":"product_brand","embeddable":true,"href":"https:\/\/metropolitanthings.com\/ca\/wp-json\/wp\/v2\/product_brand?post=2048"},{"taxonomy":"product_cat","embeddable":true,"href":"https:\/\/metropolitanthings.com\/ca\/wp-json\/wp\/v2\/product_cat?post=2048"},{"taxonomy":"product_tag","embeddable":true,"href":"https:\/\/metropolitanthings.com\/ca\/wp-json\/wp\/v2\/product_tag?post=2048"}],"curies":[{"name":"wp","href":"https:\/\/api.w.org\/{rel}","templated":true}]}}