{"id":2047,"date":"2025-03-06T13:02:29","date_gmt":"2025-03-06T13:02:29","guid":{"rendered":"https:\/\/metropolitanthings.com\/product\/perfum-yara-rosa\/"},"modified":"2025-05-16T12:49:12","modified_gmt":"2025-05-16T12:49:12","slug":"perfum-yara-rosa","status":"publish","type":"product","link":"https:\/\/metropolitanthings.com\/ca\/product\/perfum-yara-rosa\/","title":{"rendered":"Perfum Yara Rosa"},"content":{"rendered":"<p data-start=\"0\" data-end=\"126\"><span class=\"relative -mx-px my-[-0.2rem] rounded px-px py-[0.2rem]\">\u200bEl <strong data-start=\"3\" data-end=\"19\">Perfum Yara Rosa<\/strong> \u00e9s una frag\u00e0ncia femenina de la fam\u00edlia olfact\u00f2ria oriental vainilla, llan\u00e7ada en 2020.<\/span><\/p>\n<p data-start=\"128\" data-end=\"150\"><strong data-start=\"128\" data-end=\"150\">Pir\u00e0mide olfact\u00f2ria:<\/strong><\/p>\n<ul data-start=\"152\" data-end=\"468\">\n<li data-start=\"152\" data-end=\"256\">\n<p data-start=\"154\" data-end=\"256\"><strong data-start=\"154\" data-end=\"174\">Notes de sortida:<\/strong> <span class=\"relative -mx-px my-[-0.2rem] rounded px-px py-[0.2rem]\">Orqu\u00eddia, heliotropi i mandarina<\/span><\/p>\n<\/li>\n<li data-start=\"258\" data-end=\"363\">\n<p data-start=\"260\" data-end=\"363\"><strong data-start=\"260\" data-end=\"281\">Notes de cor<\/strong>: <span class=\"relative -mx-px my-[-0.2rem] rounded px-px py-[0.2rem]\">Concorde llaminer i fruites tropicals<\/span><\/p>\n<\/li>\n<li data-start=\"365\" data-end=\"468\">\n<p data-start=\"367\" data-end=\"468\"><strong data-start=\"367\" data-end=\"386\">Notes de fons:<\/strong> <span class=\"relative -mx-px my-[-0.2rem] rounded px-px py-[0.2rem]\">Vainilla, almesc i s\u00e0ndal<\/span><\/p>\n<\/li>\n<\/ul>\n<p data-start=\"470\" data-end=\"593\"><span class=\"relative -mx-px my-[-0.2rem] rounded px-px py-[0.2rem]\">Aquesta combinaci\u00f3 ofereix una aroma dol\u00e7a i tropical, perfecte per als qui busquen una frag\u00e0ncia duradora i vers\u00e0til, adequada tant per a l&#8217;\u00fas diari com per a ocasions especials.<\/span><\/p>\n<p data-start=\"595\" data-end=\"626\"><strong data-start=\"595\" data-end=\"626\">Caracter\u00edstiques destacades:<\/strong><\/p>\n<ul data-start=\"628\" data-end=\"845\">\n<li data-start=\"628\" data-end=\"738\">\n<p data-start=\"630\" data-end=\"738\"><strong data-start=\"630\" data-end=\"652\">Durada i deixant:<\/strong> <span class=\"relative -mx-px my-[-0.2rem] rounded px-px py-[0.2rem]\">Ofereix una longevitat moderada i un deixant suau, ideal per als qui busquen una frag\u00e0ncia que acompanyi de manera subtil.\u200b<\/span><\/p>\n<\/li>\n<li data-start=\"740\" data-end=\"845\">\n<p data-start=\"742\" data-end=\"845\"><strong data-start=\"742\" data-end=\"759\">Presentaci\u00f3<\/strong>: <span class=\"relative -mx-px my-[-0.2rem] rounded px-px py-[0.2rem]\">Disponible en un elegant flasc\u00f3 de 100 ml, reflectint la sofisticaci\u00f3 de la frag\u00e0ncia.\u200b<\/span><\/p>\n<\/li>\n<\/ul>\n<p data-start=\"847\" data-end=\"932\"><span class=\"relative -mx-px my-[-0.2rem] rounded px-px py-[0.2rem]\">El <strong data-start=\"3\" data-end=\"19\">Perfum Yara Rosa<\/strong> \u00e9s una opci\u00f3 ideal per als qui busquen una frag\u00e0ncia femenina que combini dol\u00e7or i eleg\u00e0ncia en cada aplicaci\u00f3.<\/span><\/p>\n","protected":false},"excerpt":{"rendered":"<p>\u200bEl Perfum Yara Rosa \u00e9s una frag\u00e0ncia femenina de la fam\u00edlia olfact\u00f2ria oriental vainilla, llan\u00e7ada en 2020. Pir\u00e0mide olfact\u00f2ria: Notes de sortida: Orqu\u00eddia, heliotropi i mandarina<span class=\"excerpt-hellip\"> [\u2026]<\/span><\/p>\n","protected":false},"featured_media":1577,"template":"","meta":[],"product_brand":[],"product_cat":[110],"product_tag":[],"class_list":{"0":"post-2047","1":"product","2":"type-product","3":"status-publish","4":"has-post-thumbnail","6":"product_cat-perfumes-ca","8":"first","9":"instock","10":"taxable","11":"shipping-taxable","12":"purchasable","13":"product-type-simple"},"yoast_head":"<!-- This site is optimized with the Yoast SEO plugin v27.1.1 - https:\/\/yoast.com\/product\/yoast-seo-wordpress\/ -->\n<title>Perfum Yara Rosa - Metropolitan Things<\/title>\n<meta name=\"robots\" content=\"index, follow, max-snippet:-1, max-image-preview:large, max-video-preview:-1\" \/>\n<link rel=\"canonical\" href=\"https:\/\/metropolitanthings.com\/ca\/product\/perfum-yara-rosa\/\" \/>\n<meta property=\"og:locale\" content=\"ca_ES\" \/>\n<meta property=\"og:type\" content=\"article\" \/>\n<meta property=\"og:title\" content=\"Perfum Yara Rosa - Metropolitan Things\" \/>\n<meta property=\"og:description\" content=\"\u200bEl Perfum Yara Rosa \u00e9s una frag\u00e0ncia femenina de la fam\u00edlia olfact\u00f2ria oriental vainilla, llan\u00e7ada en 2020. Pir\u00e0mide olfact\u00f2ria: Notes de sortida: Orqu\u00eddia, heliotropi i mandarina [\u2026]\" \/>\n<meta property=\"og:url\" content=\"https:\/\/metropolitanthings.com\/ca\/product\/perfum-yara-rosa\/\" \/>\n<meta property=\"og:site_name\" content=\"Metropolitan Things\" \/>\n<meta property=\"article:modified_time\" content=\"2025-05-16T12:49:12+00:00\" \/>\n<meta property=\"og:image\" content=\"https:\/\/metropolitanthings.com\/wp-content\/uploads\/2025\/03\/Yara_Rosa.png\" \/>\n\t<meta property=\"og:image:width\" content=\"800\" \/>\n\t<meta property=\"og:image:height\" content=\"800\" \/>\n\t<meta property=\"og:image:type\" content=\"image\/png\" \/>\n<meta name=\"twitter:card\" content=\"summary_large_image\" \/>\n<meta name=\"twitter:label1\" content=\"Temps estimat de lectura\" \/>\n\t<meta name=\"twitter:data1\" content=\"1 minut\" \/>\n<script type=\"application\/ld+json\" class=\"yoast-schema-graph\">{\"@context\":\"https:\/\/schema.org\",\"@graph\":[{\"@type\":\"WebPage\",\"@id\":\"https:\/\/metropolitanthings.com\/ca\/product\/perfum-yara-rosa\/\",\"url\":\"https:\/\/metropolitanthings.com\/ca\/product\/perfum-yara-rosa\/\",\"name\":\"Perfum Yara Rosa - Metropolitan Things\",\"isPartOf\":{\"@id\":\"https:\/\/metropolitanthings.com\/ca\/#website\"},\"primaryImageOfPage\":{\"@id\":\"https:\/\/metropolitanthings.com\/ca\/product\/perfum-yara-rosa\/#primaryimage\"},\"image\":{\"@id\":\"https:\/\/metropolitanthings.com\/ca\/product\/perfum-yara-rosa\/#primaryimage\"},\"thumbnailUrl\":\"https:\/\/metropolitanthings.com\/wp-content\/uploads\/2025\/03\/Yara_Rosa.png\",\"datePublished\":\"2025-03-06T13:02:29+00:00\",\"dateModified\":\"2025-05-16T12:49:12+00:00\",\"breadcrumb\":{\"@id\":\"https:\/\/metropolitanthings.com\/ca\/product\/perfum-yara-rosa\/#breadcrumb\"},\"inLanguage\":\"ca\",\"potentialAction\":[{\"@type\":\"ReadAction\",\"target\":[\"https:\/\/metropolitanthings.com\/ca\/product\/perfum-yara-rosa\/\"]}]},{\"@type\":\"ImageObject\",\"inLanguage\":\"ca\",\"@id\":\"https:\/\/metropolitanthings.com\/ca\/product\/perfum-yara-rosa\/#primaryimage\",\"url\":\"https:\/\/metropolitanthings.com\/wp-content\/uploads\/2025\/03\/Yara_Rosa.png\",\"contentUrl\":\"https:\/\/metropolitanthings.com\/wp-content\/uploads\/2025\/03\/Yara_Rosa.png\",\"width\":800,\"height\":800,\"caption\":\"perfume-yara-rosa-metropolitan-things\"},{\"@type\":\"BreadcrumbList\",\"@id\":\"https:\/\/metropolitanthings.com\/ca\/product\/perfum-yara-rosa\/#breadcrumb\",\"itemListElement\":[{\"@type\":\"ListItem\",\"position\":1,\"name\":\"Home\",\"item\":\"https:\/\/metropolitanthings.com\/ca\/\"},{\"@type\":\"ListItem\",\"position\":2,\"name\":\"Botiga\",\"item\":\"https:\/\/metropolitanthings.com\/botiga\/\"},{\"@type\":\"ListItem\",\"position\":3,\"name\":\"Perfum Yara Rosa\"}]},{\"@type\":\"WebSite\",\"@id\":\"https:\/\/metropolitanthings.com\/ca\/#website\",\"url\":\"https:\/\/metropolitanthings.com\/ca\/\",\"name\":\"Metropolitan Things\",\"description\":\"\",\"publisher\":{\"@id\":\"https:\/\/metropolitanthings.com\/ca\/#organization\"},\"potentialAction\":[{\"@type\":\"SearchAction\",\"target\":{\"@type\":\"EntryPoint\",\"urlTemplate\":\"https:\/\/metropolitanthings.com\/ca\/?s={search_term_string}\"},\"query-input\":{\"@type\":\"PropertyValueSpecification\",\"valueRequired\":true,\"valueName\":\"search_term_string\"}}],\"inLanguage\":\"ca\"},{\"@type\":\"Organization\",\"@id\":\"https:\/\/metropolitanthings.com\/ca\/#organization\",\"name\":\"Metropolitan Things\",\"url\":\"https:\/\/metropolitanthings.com\/ca\/\",\"logo\":{\"@type\":\"ImageObject\",\"inLanguage\":\"ca\",\"@id\":\"https:\/\/metropolitanthings.com\/ca\/#\/schema\/logo\/image\/\",\"url\":\"https:\/\/metropolitanthings.com\/wp-content\/uploads\/2025\/02\/cropped-cropped-logo-metropolitan.png\",\"contentUrl\":\"https:\/\/metropolitanthings.com\/wp-content\/uploads\/2025\/02\/cropped-cropped-logo-metropolitan.png\",\"width\":512,\"height\":512,\"caption\":\"Metropolitan Things\"},\"image\":{\"@id\":\"https:\/\/metropolitanthings.com\/ca\/#\/schema\/logo\/image\/\"}}]}<\/script>\n<!-- \/ Yoast SEO plugin. -->","yoast_head_json":{"title":"Perfum Yara Rosa - Metropolitan Things","robots":{"index":"index","follow":"follow","max-snippet":"max-snippet:-1","max-image-preview":"max-image-preview:large","max-video-preview":"max-video-preview:-1"},"canonical":"https:\/\/metropolitanthings.com\/ca\/product\/perfum-yara-rosa\/","og_locale":"ca_ES","og_type":"article","og_title":"Perfum Yara Rosa - Metropolitan Things","og_description":"\u200bEl Perfum Yara Rosa \u00e9s una frag\u00e0ncia femenina de la fam\u00edlia olfact\u00f2ria oriental vainilla, llan\u00e7ada en 2020. Pir\u00e0mide olfact\u00f2ria: Notes de sortida: Orqu\u00eddia, heliotropi i mandarina [\u2026]","og_url":"https:\/\/metropolitanthings.com\/ca\/product\/perfum-yara-rosa\/","og_site_name":"Metropolitan Things","article_modified_time":"2025-05-16T12:49:12+00:00","og_image":[{"width":800,"height":800,"url":"https:\/\/metropolitanthings.com\/wp-content\/uploads\/2025\/03\/Yara_Rosa.png","type":"image\/png"}],"twitter_card":"summary_large_image","twitter_misc":{"Temps estimat de lectura":"1 minut"},"schema":{"@context":"https:\/\/schema.org","@graph":[{"@type":"WebPage","@id":"https:\/\/metropolitanthings.com\/ca\/product\/perfum-yara-rosa\/","url":"https:\/\/metropolitanthings.com\/ca\/product\/perfum-yara-rosa\/","name":"Perfum Yara Rosa - Metropolitan Things","isPartOf":{"@id":"https:\/\/metropolitanthings.com\/ca\/#website"},"primaryImageOfPage":{"@id":"https:\/\/metropolitanthings.com\/ca\/product\/perfum-yara-rosa\/#primaryimage"},"image":{"@id":"https:\/\/metropolitanthings.com\/ca\/product\/perfum-yara-rosa\/#primaryimage"},"thumbnailUrl":"https:\/\/metropolitanthings.com\/wp-content\/uploads\/2025\/03\/Yara_Rosa.png","datePublished":"2025-03-06T13:02:29+00:00","dateModified":"2025-05-16T12:49:12+00:00","breadcrumb":{"@id":"https:\/\/metropolitanthings.com\/ca\/product\/perfum-yara-rosa\/#breadcrumb"},"inLanguage":"ca","potentialAction":[{"@type":"ReadAction","target":["https:\/\/metropolitanthings.com\/ca\/product\/perfum-yara-rosa\/"]}]},{"@type":"ImageObject","inLanguage":"ca","@id":"https:\/\/metropolitanthings.com\/ca\/product\/perfum-yara-rosa\/#primaryimage","url":"https:\/\/metropolitanthings.com\/wp-content\/uploads\/2025\/03\/Yara_Rosa.png","contentUrl":"https:\/\/metropolitanthings.com\/wp-content\/uploads\/2025\/03\/Yara_Rosa.png","width":800,"height":800,"caption":"perfume-yara-rosa-metropolitan-things"},{"@type":"BreadcrumbList","@id":"https:\/\/metropolitanthings.com\/ca\/product\/perfum-yara-rosa\/#breadcrumb","itemListElement":[{"@type":"ListItem","position":1,"name":"Home","item":"https:\/\/metropolitanthings.com\/ca\/"},{"@type":"ListItem","position":2,"name":"Botiga","item":"https:\/\/metropolitanthings.com\/botiga\/"},{"@type":"ListItem","position":3,"name":"Perfum Yara Rosa"}]},{"@type":"WebSite","@id":"https:\/\/metropolitanthings.com\/ca\/#website","url":"https:\/\/metropolitanthings.com\/ca\/","name":"Metropolitan Things","description":"","publisher":{"@id":"https:\/\/metropolitanthings.com\/ca\/#organization"},"potentialAction":[{"@type":"SearchAction","target":{"@type":"EntryPoint","urlTemplate":"https:\/\/metropolitanthings.com\/ca\/?s={search_term_string}"},"query-input":{"@type":"PropertyValueSpecification","valueRequired":true,"valueName":"search_term_string"}}],"inLanguage":"ca"},{"@type":"Organization","@id":"https:\/\/metropolitanthings.com\/ca\/#organization","name":"Metropolitan Things","url":"https:\/\/metropolitanthings.com\/ca\/","logo":{"@type":"ImageObject","inLanguage":"ca","@id":"https:\/\/metropolitanthings.com\/ca\/#\/schema\/logo\/image\/","url":"https:\/\/metropolitanthings.com\/wp-content\/uploads\/2025\/02\/cropped-cropped-logo-metropolitan.png","contentUrl":"https:\/\/metropolitanthings.com\/wp-content\/uploads\/2025\/02\/cropped-cropped-logo-metropolitan.png","width":512,"height":512,"caption":"Metropolitan Things"},"image":{"@id":"https:\/\/metropolitanthings.com\/ca\/#\/schema\/logo\/image\/"}}]}},"jetpack_sharing_enabled":true,"_links":{"self":[{"href":"https:\/\/metropolitanthings.com\/ca\/wp-json\/wp\/v2\/product\/2047","targetHints":{"allow":["GET"]}}],"collection":[{"href":"https:\/\/metropolitanthings.com\/ca\/wp-json\/wp\/v2\/product"}],"about":[{"href":"https:\/\/metropolitanthings.com\/ca\/wp-json\/wp\/v2\/types\/product"}],"version-history":[{"count":1,"href":"https:\/\/metropolitanthings.com\/ca\/wp-json\/wp\/v2\/product\/2047\/revisions"}],"predecessor-version":[{"id":2291,"href":"https:\/\/metropolitanthings.com\/ca\/wp-json\/wp\/v2\/product\/2047\/revisions\/2291"}],"wp:featuredmedia":[{"embeddable":true,"href":"https:\/\/metropolitanthings.com\/ca\/wp-json\/wp\/v2\/media\/1577"}],"wp:attachment":[{"href":"https:\/\/metropolitanthings.com\/ca\/wp-json\/wp\/v2\/media?parent=2047"}],"wp:term":[{"taxonomy":"product_brand","embeddable":true,"href":"https:\/\/metropolitanthings.com\/ca\/wp-json\/wp\/v2\/product_brand?post=2047"},{"taxonomy":"product_cat","embeddable":true,"href":"https:\/\/metropolitanthings.com\/ca\/wp-json\/wp\/v2\/product_cat?post=2047"},{"taxonomy":"product_tag","embeddable":true,"href":"https:\/\/metropolitanthings.com\/ca\/wp-json\/wp\/v2\/product_tag?post=2047"}],"curies":[{"name":"wp","href":"https:\/\/api.w.org\/{rel}","templated":true}]}}