{"id":2046,"date":"2025-03-06T13:02:32","date_gmt":"2025-03-06T13:02:32","guid":{"rendered":"https:\/\/metropolitanthings.com\/product\/perfum-yara-moi\/"},"modified":"2025-05-16T12:45:34","modified_gmt":"2025-05-16T12:45:34","slug":"perfum-yara-moi","status":"publish","type":"product","link":"https:\/\/metropolitanthings.com\/ca\/product\/perfum-yara-moi\/","title":{"rendered":"Perfum Yara Moi"},"content":{"rendered":"<p data-start=\"0\" data-end=\"88\"><span class=\"relative -mx-px my-[-0.2rem] rounded px-px py-[0.2rem]\">\u200bEl <strong data-start=\"3\" data-end=\"23\">Perfum Yara Moi<\/strong> de <strong data-start=\"27\" data-end=\"47\">Lattafa Perfums<\/strong> \u00e9s una frag\u00e0ncia femenina que combina notes florals i dol\u00e7os per a oferir una experi\u00e8ncia olfact\u00f2ria \u00fanica.\u200b<\/span><\/p>\n<p data-start=\"90\" data-end=\"112\"><strong data-start=\"90\" data-end=\"112\">Pir\u00e0mide olfact\u00f2ria:<\/strong><\/p>\n<ul data-start=\"114\" data-end=\"430\">\n<li data-start=\"114\" data-end=\"218\">\n<p data-start=\"116\" data-end=\"218\"><strong data-start=\"116\" data-end=\"136\">Notes de sortida:<\/strong><span class=\"relative -mx-px my-[-0.2rem] rounded px-px py-[0.2rem]\"> Gessam\u00ed i pr\u00e9ssec (pr\u00e9ssec).\u200b<\/span><\/p>\n<\/li>\n<li data-start=\"220\" data-end=\"325\">\n<p data-start=\"222\" data-end=\"325\"><strong data-start=\"222\" data-end=\"243\">Notes de cor:<\/strong> <span class=\"relative -mx-px my-[-0.2rem] rounded px-px py-[0.2rem]\">Caramel i ambre.\u200b<\/span><\/p>\n<\/li>\n<li data-start=\"327\" data-end=\"430\">\n<p data-start=\"329\" data-end=\"430\"><strong data-start=\"329\" data-end=\"348\">Notes de fons: <\/strong><span class=\"relative -mx-px my-[-0.2rem] rounded px-px py-[0.2rem]\">P\u00e0txuli i s\u00e0ndal.\u200b<\/span><\/p>\n<\/li>\n<\/ul>\n<p data-start=\"432\" data-end=\"553\"><span class=\"relative -mx-px my-[-0.2rem] rounded px-px py-[0.2rem]\">Aquesta composici\u00f3 crea una aroma que equilibra la dol\u00e7or del caramel amb la frescor del gessam\u00ed i el pr\u00e9ssec, sobre una base c\u00e0lida i afustada de p\u00e0txuli i s\u00e0ndal.<\/span><\/p>\n<p data-start=\"555\" data-end=\"586\"><strong data-start=\"555\" data-end=\"586\">Caracter\u00edstiques destacades:<\/strong><\/p>\n<ul data-start=\"588\" data-end=\"962\">\n<li data-start=\"588\" data-end=\"698\">\n<p data-start=\"590\" data-end=\"698\"><strong data-start=\"590\" data-end=\"612\">Durada i deixant:<\/strong> <span class=\"relative -mx-px my-[-0.2rem] rounded px-px py-[0.2rem]\">Ofereix una longevitat moderada i un deixant suau, ideal per als qui busquen una frag\u00e0ncia que acompanyi de manera subtil.\u200b<\/span><\/p>\n<\/li>\n<li data-start=\"700\" data-end=\"815\">\n<p data-start=\"702\" data-end=\"815\"><strong data-start=\"702\" data-end=\"729\">Ocasions recomanades<\/strong>: <span class=\"relative -mx-px my-[-0.2rem] rounded px-px py-[0.2rem]\">Perfecta per a \u00fas diari i esdeveniments especials, especialment en climes temperats o freds.\u200b<\/span><\/p>\n<\/li>\n<li data-start=\"817\" data-end=\"962\">\n<p data-start=\"819\" data-end=\"962\"><strong data-start=\"819\" data-end=\"836\">Presentaci\u00f3:<\/strong> <span class=\"relative -mx-px my-[-0.2rem] rounded px-px py-[0.2rem]\">Disponible en un elegant flasc\u00f3 de 100 ml, reflectint la sofisticaci\u00f3 de la frag\u00e0ncia.<\/span><\/p>\n<\/li>\n<\/ul>\n","protected":false},"excerpt":{"rendered":"<p>\u200bEl Perfum Yara Moi de Lattafa Perfums \u00e9s una frag\u00e0ncia femenina que combina notes florals i dol\u00e7os per a oferir una experi\u00e8ncia olfact\u00f2ria \u00fanica.\u200b Pir\u00e0mide olfact\u00f2ria:<span class=\"excerpt-hellip\"> [\u2026]<\/span><\/p>\n","protected":false},"featured_media":1583,"template":"","meta":[],"product_brand":[],"product_cat":[110],"product_tag":[],"class_list":{"0":"post-2046","1":"product","2":"type-product","3":"status-publish","4":"has-post-thumbnail","6":"product_cat-perfumes-ca","8":"first","9":"instock","10":"taxable","11":"shipping-taxable","12":"purchasable","13":"product-type-simple"},"yoast_head":"<!-- This site is optimized with the Yoast SEO plugin v27.1.1 - https:\/\/yoast.com\/product\/yoast-seo-wordpress\/ -->\n<title>Perfum Yara Moi - Metropolitan Things<\/title>\n<meta name=\"robots\" content=\"index, follow, max-snippet:-1, max-image-preview:large, max-video-preview:-1\" \/>\n<link rel=\"canonical\" href=\"https:\/\/metropolitanthings.com\/ca\/product\/perfum-yara-moi\/\" \/>\n<meta property=\"og:locale\" content=\"ca_ES\" \/>\n<meta property=\"og:type\" content=\"article\" \/>\n<meta property=\"og:title\" content=\"Perfum Yara Moi - Metropolitan Things\" \/>\n<meta property=\"og:description\" content=\"\u200bEl Perfum Yara Moi de Lattafa Perfums \u00e9s una frag\u00e0ncia femenina que combina notes florals i dol\u00e7os per a oferir una experi\u00e8ncia olfact\u00f2ria \u00fanica.\u200b Pir\u00e0mide olfact\u00f2ria: [\u2026]\" \/>\n<meta property=\"og:url\" content=\"https:\/\/metropolitanthings.com\/ca\/product\/perfum-yara-moi\/\" \/>\n<meta property=\"og:site_name\" content=\"Metropolitan Things\" \/>\n<meta property=\"article:modified_time\" content=\"2025-05-16T12:45:34+00:00\" \/>\n<meta property=\"og:image\" content=\"https:\/\/metropolitanthings.com\/wp-content\/uploads\/2025\/03\/Yara_Moi.png\" \/>\n\t<meta property=\"og:image:width\" content=\"800\" \/>\n\t<meta property=\"og:image:height\" content=\"800\" \/>\n\t<meta property=\"og:image:type\" content=\"image\/png\" \/>\n<meta name=\"twitter:card\" content=\"summary_large_image\" \/>\n<meta name=\"twitter:label1\" content=\"Temps estimat de lectura\" \/>\n\t<meta name=\"twitter:data1\" content=\"1 minut\" \/>\n<script type=\"application\/ld+json\" class=\"yoast-schema-graph\">{\"@context\":\"https:\/\/schema.org\",\"@graph\":[{\"@type\":\"WebPage\",\"@id\":\"https:\/\/metropolitanthings.com\/ca\/product\/perfum-yara-moi\/\",\"url\":\"https:\/\/metropolitanthings.com\/ca\/product\/perfum-yara-moi\/\",\"name\":\"Perfum Yara Moi - Metropolitan Things\",\"isPartOf\":{\"@id\":\"https:\/\/metropolitanthings.com\/ca\/#website\"},\"primaryImageOfPage\":{\"@id\":\"https:\/\/metropolitanthings.com\/ca\/product\/perfum-yara-moi\/#primaryimage\"},\"image\":{\"@id\":\"https:\/\/metropolitanthings.com\/ca\/product\/perfum-yara-moi\/#primaryimage\"},\"thumbnailUrl\":\"https:\/\/metropolitanthings.com\/wp-content\/uploads\/2025\/03\/Yara_Moi.png\",\"datePublished\":\"2025-03-06T13:02:32+00:00\",\"dateModified\":\"2025-05-16T12:45:34+00:00\",\"breadcrumb\":{\"@id\":\"https:\/\/metropolitanthings.com\/ca\/product\/perfum-yara-moi\/#breadcrumb\"},\"inLanguage\":\"ca\",\"potentialAction\":[{\"@type\":\"ReadAction\",\"target\":[\"https:\/\/metropolitanthings.com\/ca\/product\/perfum-yara-moi\/\"]}]},{\"@type\":\"ImageObject\",\"inLanguage\":\"ca\",\"@id\":\"https:\/\/metropolitanthings.com\/ca\/product\/perfum-yara-moi\/#primaryimage\",\"url\":\"https:\/\/metropolitanthings.com\/wp-content\/uploads\/2025\/03\/Yara_Moi.png\",\"contentUrl\":\"https:\/\/metropolitanthings.com\/wp-content\/uploads\/2025\/03\/Yara_Moi.png\",\"width\":800,\"height\":800,\"caption\":\"perfume-yara-moi-blanco-metropolitan-things\"},{\"@type\":\"BreadcrumbList\",\"@id\":\"https:\/\/metropolitanthings.com\/ca\/product\/perfum-yara-moi\/#breadcrumb\",\"itemListElement\":[{\"@type\":\"ListItem\",\"position\":1,\"name\":\"Home\",\"item\":\"https:\/\/metropolitanthings.com\/ca\/\"},{\"@type\":\"ListItem\",\"position\":2,\"name\":\"Botiga\",\"item\":\"https:\/\/metropolitanthings.com\/botiga\/\"},{\"@type\":\"ListItem\",\"position\":3,\"name\":\"Perfum Yara Moi\"}]},{\"@type\":\"WebSite\",\"@id\":\"https:\/\/metropolitanthings.com\/ca\/#website\",\"url\":\"https:\/\/metropolitanthings.com\/ca\/\",\"name\":\"Metropolitan Things\",\"description\":\"\",\"publisher\":{\"@id\":\"https:\/\/metropolitanthings.com\/ca\/#organization\"},\"potentialAction\":[{\"@type\":\"SearchAction\",\"target\":{\"@type\":\"EntryPoint\",\"urlTemplate\":\"https:\/\/metropolitanthings.com\/ca\/?s={search_term_string}\"},\"query-input\":{\"@type\":\"PropertyValueSpecification\",\"valueRequired\":true,\"valueName\":\"search_term_string\"}}],\"inLanguage\":\"ca\"},{\"@type\":\"Organization\",\"@id\":\"https:\/\/metropolitanthings.com\/ca\/#organization\",\"name\":\"Metropolitan Things\",\"url\":\"https:\/\/metropolitanthings.com\/ca\/\",\"logo\":{\"@type\":\"ImageObject\",\"inLanguage\":\"ca\",\"@id\":\"https:\/\/metropolitanthings.com\/ca\/#\/schema\/logo\/image\/\",\"url\":\"https:\/\/metropolitanthings.com\/wp-content\/uploads\/2025\/02\/cropped-cropped-logo-metropolitan.png\",\"contentUrl\":\"https:\/\/metropolitanthings.com\/wp-content\/uploads\/2025\/02\/cropped-cropped-logo-metropolitan.png\",\"width\":512,\"height\":512,\"caption\":\"Metropolitan Things\"},\"image\":{\"@id\":\"https:\/\/metropolitanthings.com\/ca\/#\/schema\/logo\/image\/\"}}]}<\/script>\n<!-- \/ Yoast SEO plugin. -->","yoast_head_json":{"title":"Perfum Yara Moi - Metropolitan Things","robots":{"index":"index","follow":"follow","max-snippet":"max-snippet:-1","max-image-preview":"max-image-preview:large","max-video-preview":"max-video-preview:-1"},"canonical":"https:\/\/metropolitanthings.com\/ca\/product\/perfum-yara-moi\/","og_locale":"ca_ES","og_type":"article","og_title":"Perfum Yara Moi - Metropolitan Things","og_description":"\u200bEl Perfum Yara Moi de Lattafa Perfums \u00e9s una frag\u00e0ncia femenina que combina notes florals i dol\u00e7os per a oferir una experi\u00e8ncia olfact\u00f2ria \u00fanica.\u200b Pir\u00e0mide olfact\u00f2ria: [\u2026]","og_url":"https:\/\/metropolitanthings.com\/ca\/product\/perfum-yara-moi\/","og_site_name":"Metropolitan Things","article_modified_time":"2025-05-16T12:45:34+00:00","og_image":[{"width":800,"height":800,"url":"https:\/\/metropolitanthings.com\/wp-content\/uploads\/2025\/03\/Yara_Moi.png","type":"image\/png"}],"twitter_card":"summary_large_image","twitter_misc":{"Temps estimat de lectura":"1 minut"},"schema":{"@context":"https:\/\/schema.org","@graph":[{"@type":"WebPage","@id":"https:\/\/metropolitanthings.com\/ca\/product\/perfum-yara-moi\/","url":"https:\/\/metropolitanthings.com\/ca\/product\/perfum-yara-moi\/","name":"Perfum Yara Moi - Metropolitan Things","isPartOf":{"@id":"https:\/\/metropolitanthings.com\/ca\/#website"},"primaryImageOfPage":{"@id":"https:\/\/metropolitanthings.com\/ca\/product\/perfum-yara-moi\/#primaryimage"},"image":{"@id":"https:\/\/metropolitanthings.com\/ca\/product\/perfum-yara-moi\/#primaryimage"},"thumbnailUrl":"https:\/\/metropolitanthings.com\/wp-content\/uploads\/2025\/03\/Yara_Moi.png","datePublished":"2025-03-06T13:02:32+00:00","dateModified":"2025-05-16T12:45:34+00:00","breadcrumb":{"@id":"https:\/\/metropolitanthings.com\/ca\/product\/perfum-yara-moi\/#breadcrumb"},"inLanguage":"ca","potentialAction":[{"@type":"ReadAction","target":["https:\/\/metropolitanthings.com\/ca\/product\/perfum-yara-moi\/"]}]},{"@type":"ImageObject","inLanguage":"ca","@id":"https:\/\/metropolitanthings.com\/ca\/product\/perfum-yara-moi\/#primaryimage","url":"https:\/\/metropolitanthings.com\/wp-content\/uploads\/2025\/03\/Yara_Moi.png","contentUrl":"https:\/\/metropolitanthings.com\/wp-content\/uploads\/2025\/03\/Yara_Moi.png","width":800,"height":800,"caption":"perfume-yara-moi-blanco-metropolitan-things"},{"@type":"BreadcrumbList","@id":"https:\/\/metropolitanthings.com\/ca\/product\/perfum-yara-moi\/#breadcrumb","itemListElement":[{"@type":"ListItem","position":1,"name":"Home","item":"https:\/\/metropolitanthings.com\/ca\/"},{"@type":"ListItem","position":2,"name":"Botiga","item":"https:\/\/metropolitanthings.com\/botiga\/"},{"@type":"ListItem","position":3,"name":"Perfum Yara Moi"}]},{"@type":"WebSite","@id":"https:\/\/metropolitanthings.com\/ca\/#website","url":"https:\/\/metropolitanthings.com\/ca\/","name":"Metropolitan Things","description":"","publisher":{"@id":"https:\/\/metropolitanthings.com\/ca\/#organization"},"potentialAction":[{"@type":"SearchAction","target":{"@type":"EntryPoint","urlTemplate":"https:\/\/metropolitanthings.com\/ca\/?s={search_term_string}"},"query-input":{"@type":"PropertyValueSpecification","valueRequired":true,"valueName":"search_term_string"}}],"inLanguage":"ca"},{"@type":"Organization","@id":"https:\/\/metropolitanthings.com\/ca\/#organization","name":"Metropolitan Things","url":"https:\/\/metropolitanthings.com\/ca\/","logo":{"@type":"ImageObject","inLanguage":"ca","@id":"https:\/\/metropolitanthings.com\/ca\/#\/schema\/logo\/image\/","url":"https:\/\/metropolitanthings.com\/wp-content\/uploads\/2025\/02\/cropped-cropped-logo-metropolitan.png","contentUrl":"https:\/\/metropolitanthings.com\/wp-content\/uploads\/2025\/02\/cropped-cropped-logo-metropolitan.png","width":512,"height":512,"caption":"Metropolitan Things"},"image":{"@id":"https:\/\/metropolitanthings.com\/ca\/#\/schema\/logo\/image\/"}}]}},"jetpack_sharing_enabled":true,"_links":{"self":[{"href":"https:\/\/metropolitanthings.com\/ca\/wp-json\/wp\/v2\/product\/2046","targetHints":{"allow":["GET"]}}],"collection":[{"href":"https:\/\/metropolitanthings.com\/ca\/wp-json\/wp\/v2\/product"}],"about":[{"href":"https:\/\/metropolitanthings.com\/ca\/wp-json\/wp\/v2\/types\/product"}],"version-history":[{"count":1,"href":"https:\/\/metropolitanthings.com\/ca\/wp-json\/wp\/v2\/product\/2046\/revisions"}],"predecessor-version":[{"id":2290,"href":"https:\/\/metropolitanthings.com\/ca\/wp-json\/wp\/v2\/product\/2046\/revisions\/2290"}],"wp:featuredmedia":[{"embeddable":true,"href":"https:\/\/metropolitanthings.com\/ca\/wp-json\/wp\/v2\/media\/1583"}],"wp:attachment":[{"href":"https:\/\/metropolitanthings.com\/ca\/wp-json\/wp\/v2\/media?parent=2046"}],"wp:term":[{"taxonomy":"product_brand","embeddable":true,"href":"https:\/\/metropolitanthings.com\/ca\/wp-json\/wp\/v2\/product_brand?post=2046"},{"taxonomy":"product_cat","embeddable":true,"href":"https:\/\/metropolitanthings.com\/ca\/wp-json\/wp\/v2\/product_cat?post=2046"},{"taxonomy":"product_tag","embeddable":true,"href":"https:\/\/metropolitanthings.com\/ca\/wp-json\/wp\/v2\/product_tag?post=2046"}],"curies":[{"name":"wp","href":"https:\/\/api.w.org\/{rel}","templated":true}]}}