{"id":2044,"date":"2025-03-06T13:02:38","date_gmt":"2025-03-06T13:02:38","guid":{"rendered":"https:\/\/metropolitanthings.com\/product\/coixi-terapeutic\/"},"modified":"2025-05-16T12:45:23","modified_gmt":"2025-05-16T12:45:23","slug":"coixi-terapeutic","status":"publish","type":"product","link":"https:\/\/metropolitanthings.com\/ca\/product\/coixi-terapeutic\/","title":{"rendered":"Coix\u00ed terap\u00e8utic"},"content":{"rendered":"<p data-start=\"0\" data-end=\"88\"><span class=\"relative -mx-px my-[-0.2rem] rounded px-px py-[0.2rem]\">Accessori dissenyat per a millorar l&#8217;alineaci\u00f3 corporal i proporcionar un descans m\u00e9s reparador.\u200b<\/span><\/p>\n<p data-start=\"90\" data-end=\"122\"><strong data-start=\"90\" data-end=\"122\">Caracter\u00edstiques principals:<\/strong><\/p>\n<ul data-start=\"124\" data-end=\"564\">\n<li data-start=\"124\" data-end=\"230\">\n<p data-start=\"126\" data-end=\"230\"><strong data-start=\"126\" data-end=\"148\">Disseny ergon\u00f2mic:<\/strong> <span class=\"relative -mx-px my-[-0.2rem] rounded px-px py-[0.2rem]\">La seva forma contornejada s&#8217;adapta a l&#8217;anatomia de les cames, mantenint una correcta alineaci\u00f3 de la columna vertebral i reduint la pressi\u00f3 en la zona lumbar.\u200b<\/span><\/p>\n<\/li>\n<li data-start=\"232\" data-end=\"345\">\n<p data-start=\"234\" data-end=\"345\"><strong data-start=\"234\" data-end=\"263\">Material d&#8217;alta qualitat:<\/strong> <span class=\"relative -mx-px my-[-0.2rem] rounded px-px py-[0.2rem]\">Fabricada amb escuma viscoel\u00e0stica de densitat mitjana, ofereix un equilibri perfecte entre suport i comoditat, adaptant-se a la forma del cos i recuperant la seva forma original despr\u00e9s de cada \u00fas.\u200b<\/span><\/p>\n<\/li>\n<li data-start=\"347\" data-end=\"449\">\n<p data-start=\"349\" data-end=\"449\"><strong data-start=\"349\" data-end=\"367\">Funda rentable:<\/strong><span class=\"relative -mx-px my-[-0.2rem] rounded px-px py-[0.2rem]\"> Inclou una funda extra\u00efble de teixit suau i transpirable, f\u00e0cil de rentar, que garanteix una higiene \u00f2ptima i una sensaci\u00f3 agradable al tacte.\u200b<\/span><\/p>\n<\/li>\n<li data-start=\"451\" data-end=\"564\">\n<p data-start=\"453\" data-end=\"564\"><strong data-start=\"453\" data-end=\"482\">Beneficis per a la salut:<\/strong> <span class=\"relative -mx-px my-[-0.2rem] rounded px-px py-[0.2rem]\">Ajuda a alleujar dolors en la zona lumbar, malucs i genolls, millora la circulaci\u00f3 sangu\u00ednia i \u00e9s especialment \u00fatil per a persones que dormen de costat o que sofreixen de ci\u00e0tica.<\/span><\/p>\n<\/li>\n<\/ul>\n","protected":false},"excerpt":{"rendered":"<p>Accessori dissenyat per a millorar l&#8217;alineaci\u00f3 corporal i proporcionar un descans m\u00e9s reparador.\u200b Caracter\u00edstiques principals: Disseny ergon\u00f2mic: La seva forma contornejada s&#8217;adapta a l&#8217;anatomia de les<span class=\"excerpt-hellip\"> [\u2026]<\/span><\/p>\n","protected":false},"featured_media":1498,"template":"","meta":[],"product_brand":[],"product_cat":[123],"product_tag":[],"class_list":{"0":"post-2044","1":"product","2":"type-product","3":"status-publish","4":"has-post-thumbnail","6":"product_cat-articulos-utiles-para-el-hogar-ca","8":"first","9":"instock","10":"taxable","11":"shipping-taxable","12":"purchasable","13":"product-type-simple"},"yoast_head":"<!-- This site is optimized with the Yoast SEO plugin v27.1.1 - https:\/\/yoast.com\/product\/yoast-seo-wordpress\/ -->\n<title>Coix\u00ed terap\u00e8utic - Metropolitan Things<\/title>\n<meta name=\"robots\" content=\"index, follow, max-snippet:-1, max-image-preview:large, max-video-preview:-1\" \/>\n<link rel=\"canonical\" href=\"https:\/\/metropolitanthings.com\/ca\/product\/coixi-terapeutic\/\" \/>\n<meta property=\"og:locale\" content=\"ca_ES\" \/>\n<meta property=\"og:type\" content=\"article\" \/>\n<meta property=\"og:title\" content=\"Coix\u00ed terap\u00e8utic - Metropolitan Things\" \/>\n<meta property=\"og:description\" content=\"Accessori dissenyat per a millorar l&#8217;alineaci\u00f3 corporal i proporcionar un descans m\u00e9s reparador.\u200b Caracter\u00edstiques principals: Disseny ergon\u00f2mic: La seva forma contornejada s&#8217;adapta a l&#8217;anatomia de les [\u2026]\" \/>\n<meta property=\"og:url\" content=\"https:\/\/metropolitanthings.com\/ca\/product\/coixi-terapeutic\/\" \/>\n<meta property=\"og:site_name\" content=\"Metropolitan Things\" \/>\n<meta property=\"article:modified_time\" content=\"2025-05-16T12:45:23+00:00\" \/>\n<meta property=\"og:image\" content=\"https:\/\/metropolitanthings.com\/wp-content\/uploads\/2025\/03\/almohada-piernas.webp\" \/>\n\t<meta property=\"og:image:width\" content=\"800\" \/>\n\t<meta property=\"og:image:height\" content=\"800\" \/>\n\t<meta property=\"og:image:type\" content=\"image\/webp\" \/>\n<meta name=\"twitter:card\" content=\"summary_large_image\" \/>\n<meta name=\"twitter:label1\" content=\"Temps estimat de lectura\" \/>\n\t<meta name=\"twitter:data1\" content=\"1 minut\" \/>\n<script type=\"application\/ld+json\" class=\"yoast-schema-graph\">{\"@context\":\"https:\/\/schema.org\",\"@graph\":[{\"@type\":\"WebPage\",\"@id\":\"https:\/\/metropolitanthings.com\/ca\/product\/coixi-terapeutic\/\",\"url\":\"https:\/\/metropolitanthings.com\/ca\/product\/coixi-terapeutic\/\",\"name\":\"Coix\u00ed terap\u00e8utic - Metropolitan Things\",\"isPartOf\":{\"@id\":\"https:\/\/metropolitanthings.com\/ca\/#website\"},\"primaryImageOfPage\":{\"@id\":\"https:\/\/metropolitanthings.com\/ca\/product\/coixi-terapeutic\/#primaryimage\"},\"image\":{\"@id\":\"https:\/\/metropolitanthings.com\/ca\/product\/coixi-terapeutic\/#primaryimage\"},\"thumbnailUrl\":\"https:\/\/metropolitanthings.com\/wp-content\/uploads\/2025\/03\/almohada-piernas.webp\",\"datePublished\":\"2025-03-06T13:02:38+00:00\",\"dateModified\":\"2025-05-16T12:45:23+00:00\",\"breadcrumb\":{\"@id\":\"https:\/\/metropolitanthings.com\/ca\/product\/coixi-terapeutic\/#breadcrumb\"},\"inLanguage\":\"ca\",\"potentialAction\":[{\"@type\":\"ReadAction\",\"target\":[\"https:\/\/metropolitanthings.com\/ca\/product\/coixi-terapeutic\/\"]}]},{\"@type\":\"ImageObject\",\"inLanguage\":\"ca\",\"@id\":\"https:\/\/metropolitanthings.com\/ca\/product\/coixi-terapeutic\/#primaryimage\",\"url\":\"https:\/\/metropolitanthings.com\/wp-content\/uploads\/2025\/03\/almohada-piernas.webp\",\"contentUrl\":\"https:\/\/metropolitanthings.com\/wp-content\/uploads\/2025\/03\/almohada-piernas.webp\",\"width\":800,\"height\":800,\"caption\":\"almohada-piernas-metropolitan-things\"},{\"@type\":\"BreadcrumbList\",\"@id\":\"https:\/\/metropolitanthings.com\/ca\/product\/coixi-terapeutic\/#breadcrumb\",\"itemListElement\":[{\"@type\":\"ListItem\",\"position\":1,\"name\":\"Home\",\"item\":\"https:\/\/metropolitanthings.com\/ca\/\"},{\"@type\":\"ListItem\",\"position\":2,\"name\":\"Botiga\",\"item\":\"https:\/\/metropolitanthings.com\/botiga\/\"},{\"@type\":\"ListItem\",\"position\":3,\"name\":\"Coix\u00ed terap\u00e8utic\"}]},{\"@type\":\"WebSite\",\"@id\":\"https:\/\/metropolitanthings.com\/ca\/#website\",\"url\":\"https:\/\/metropolitanthings.com\/ca\/\",\"name\":\"Metropolitan Things\",\"description\":\"\",\"publisher\":{\"@id\":\"https:\/\/metropolitanthings.com\/ca\/#organization\"},\"potentialAction\":[{\"@type\":\"SearchAction\",\"target\":{\"@type\":\"EntryPoint\",\"urlTemplate\":\"https:\/\/metropolitanthings.com\/ca\/?s={search_term_string}\"},\"query-input\":{\"@type\":\"PropertyValueSpecification\",\"valueRequired\":true,\"valueName\":\"search_term_string\"}}],\"inLanguage\":\"ca\"},{\"@type\":\"Organization\",\"@id\":\"https:\/\/metropolitanthings.com\/ca\/#organization\",\"name\":\"Metropolitan Things\",\"url\":\"https:\/\/metropolitanthings.com\/ca\/\",\"logo\":{\"@type\":\"ImageObject\",\"inLanguage\":\"ca\",\"@id\":\"https:\/\/metropolitanthings.com\/ca\/#\/schema\/logo\/image\/\",\"url\":\"https:\/\/metropolitanthings.com\/wp-content\/uploads\/2025\/02\/cropped-cropped-logo-metropolitan.png\",\"contentUrl\":\"https:\/\/metropolitanthings.com\/wp-content\/uploads\/2025\/02\/cropped-cropped-logo-metropolitan.png\",\"width\":512,\"height\":512,\"caption\":\"Metropolitan Things\"},\"image\":{\"@id\":\"https:\/\/metropolitanthings.com\/ca\/#\/schema\/logo\/image\/\"}}]}<\/script>\n<!-- \/ Yoast SEO plugin. -->","yoast_head_json":{"title":"Coix\u00ed terap\u00e8utic - Metropolitan Things","robots":{"index":"index","follow":"follow","max-snippet":"max-snippet:-1","max-image-preview":"max-image-preview:large","max-video-preview":"max-video-preview:-1"},"canonical":"https:\/\/metropolitanthings.com\/ca\/product\/coixi-terapeutic\/","og_locale":"ca_ES","og_type":"article","og_title":"Coix\u00ed terap\u00e8utic - Metropolitan Things","og_description":"Accessori dissenyat per a millorar l&#8217;alineaci\u00f3 corporal i proporcionar un descans m\u00e9s reparador.\u200b Caracter\u00edstiques principals: Disseny ergon\u00f2mic: La seva forma contornejada s&#8217;adapta a l&#8217;anatomia de les [\u2026]","og_url":"https:\/\/metropolitanthings.com\/ca\/product\/coixi-terapeutic\/","og_site_name":"Metropolitan Things","article_modified_time":"2025-05-16T12:45:23+00:00","og_image":[{"width":800,"height":800,"url":"https:\/\/metropolitanthings.com\/wp-content\/uploads\/2025\/03\/almohada-piernas.webp","type":"image\/webp"}],"twitter_card":"summary_large_image","twitter_misc":{"Temps estimat de lectura":"1 minut"},"schema":{"@context":"https:\/\/schema.org","@graph":[{"@type":"WebPage","@id":"https:\/\/metropolitanthings.com\/ca\/product\/coixi-terapeutic\/","url":"https:\/\/metropolitanthings.com\/ca\/product\/coixi-terapeutic\/","name":"Coix\u00ed terap\u00e8utic - Metropolitan Things","isPartOf":{"@id":"https:\/\/metropolitanthings.com\/ca\/#website"},"primaryImageOfPage":{"@id":"https:\/\/metropolitanthings.com\/ca\/product\/coixi-terapeutic\/#primaryimage"},"image":{"@id":"https:\/\/metropolitanthings.com\/ca\/product\/coixi-terapeutic\/#primaryimage"},"thumbnailUrl":"https:\/\/metropolitanthings.com\/wp-content\/uploads\/2025\/03\/almohada-piernas.webp","datePublished":"2025-03-06T13:02:38+00:00","dateModified":"2025-05-16T12:45:23+00:00","breadcrumb":{"@id":"https:\/\/metropolitanthings.com\/ca\/product\/coixi-terapeutic\/#breadcrumb"},"inLanguage":"ca","potentialAction":[{"@type":"ReadAction","target":["https:\/\/metropolitanthings.com\/ca\/product\/coixi-terapeutic\/"]}]},{"@type":"ImageObject","inLanguage":"ca","@id":"https:\/\/metropolitanthings.com\/ca\/product\/coixi-terapeutic\/#primaryimage","url":"https:\/\/metropolitanthings.com\/wp-content\/uploads\/2025\/03\/almohada-piernas.webp","contentUrl":"https:\/\/metropolitanthings.com\/wp-content\/uploads\/2025\/03\/almohada-piernas.webp","width":800,"height":800,"caption":"almohada-piernas-metropolitan-things"},{"@type":"BreadcrumbList","@id":"https:\/\/metropolitanthings.com\/ca\/product\/coixi-terapeutic\/#breadcrumb","itemListElement":[{"@type":"ListItem","position":1,"name":"Home","item":"https:\/\/metropolitanthings.com\/ca\/"},{"@type":"ListItem","position":2,"name":"Botiga","item":"https:\/\/metropolitanthings.com\/botiga\/"},{"@type":"ListItem","position":3,"name":"Coix\u00ed terap\u00e8utic"}]},{"@type":"WebSite","@id":"https:\/\/metropolitanthings.com\/ca\/#website","url":"https:\/\/metropolitanthings.com\/ca\/","name":"Metropolitan Things","description":"","publisher":{"@id":"https:\/\/metropolitanthings.com\/ca\/#organization"},"potentialAction":[{"@type":"SearchAction","target":{"@type":"EntryPoint","urlTemplate":"https:\/\/metropolitanthings.com\/ca\/?s={search_term_string}"},"query-input":{"@type":"PropertyValueSpecification","valueRequired":true,"valueName":"search_term_string"}}],"inLanguage":"ca"},{"@type":"Organization","@id":"https:\/\/metropolitanthings.com\/ca\/#organization","name":"Metropolitan Things","url":"https:\/\/metropolitanthings.com\/ca\/","logo":{"@type":"ImageObject","inLanguage":"ca","@id":"https:\/\/metropolitanthings.com\/ca\/#\/schema\/logo\/image\/","url":"https:\/\/metropolitanthings.com\/wp-content\/uploads\/2025\/02\/cropped-cropped-logo-metropolitan.png","contentUrl":"https:\/\/metropolitanthings.com\/wp-content\/uploads\/2025\/02\/cropped-cropped-logo-metropolitan.png","width":512,"height":512,"caption":"Metropolitan Things"},"image":{"@id":"https:\/\/metropolitanthings.com\/ca\/#\/schema\/logo\/image\/"}}]}},"jetpack_sharing_enabled":true,"_links":{"self":[{"href":"https:\/\/metropolitanthings.com\/ca\/wp-json\/wp\/v2\/product\/2044","targetHints":{"allow":["GET"]}}],"collection":[{"href":"https:\/\/metropolitanthings.com\/ca\/wp-json\/wp\/v2\/product"}],"about":[{"href":"https:\/\/metropolitanthings.com\/ca\/wp-json\/wp\/v2\/types\/product"}],"version-history":[{"count":1,"href":"https:\/\/metropolitanthings.com\/ca\/wp-json\/wp\/v2\/product\/2044\/revisions"}],"predecessor-version":[{"id":2288,"href":"https:\/\/metropolitanthings.com\/ca\/wp-json\/wp\/v2\/product\/2044\/revisions\/2288"}],"wp:featuredmedia":[{"embeddable":true,"href":"https:\/\/metropolitanthings.com\/ca\/wp-json\/wp\/v2\/media\/1498"}],"wp:attachment":[{"href":"https:\/\/metropolitanthings.com\/ca\/wp-json\/wp\/v2\/media?parent=2044"}],"wp:term":[{"taxonomy":"product_brand","embeddable":true,"href":"https:\/\/metropolitanthings.com\/ca\/wp-json\/wp\/v2\/product_brand?post=2044"},{"taxonomy":"product_cat","embeddable":true,"href":"https:\/\/metropolitanthings.com\/ca\/wp-json\/wp\/v2\/product_cat?post=2044"},{"taxonomy":"product_tag","embeddable":true,"href":"https:\/\/metropolitanthings.com\/ca\/wp-json\/wp\/v2\/product_tag?post=2044"}],"curies":[{"name":"wp","href":"https:\/\/api.w.org\/{rel}","templated":true}]}}