{"id":2040,"date":"2025-03-06T13:49:53","date_gmt":"2025-03-06T13:49:53","guid":{"rendered":"https:\/\/metropolitanthings.com\/product\/pack-de-4-piles-aa\/"},"modified":"2025-05-16T12:40:51","modified_gmt":"2025-05-16T12:40:51","slug":"pack-de-4-piles-aa","status":"publish","type":"product","link":"https:\/\/metropolitanthings.com\/ca\/product\/pack-de-4-piles-aa\/","title":{"rendered":"Pack de 4 piles AA"},"content":{"rendered":"<hr \/>\n<p data-start=\"124\" data-end=\"205\"><span class=\"relative -mx-px my-[-0.2rem] rounded px-px py-[0.2rem]\">Les <strong data-start=\"4\" data-end=\"21\">Piles AA (R6) <\/strong>s\u00f3n essencials per a una \u00e0mplia gamma de dispositius electr\u00f2nics, oferint una font d&#8217;energia de confian\u00e7a i duradora.\u200b<\/span><\/p>\n<p data-start=\"207\" data-end=\"239\"><strong data-start=\"207\" data-end=\"239\">Caracter\u00edstiques principals:<\/strong><\/p>\n<ul data-start=\"241\" data-end=\"748\">\n<li data-start=\"241\" data-end=\"334\"><strong data-start=\"243\" data-end=\"252\">Tipus:<\/strong> <span class=\"relative -mx-px my-[-0.2rem] rounded px-px py-[0.2rem]\">Piles alcalinas AA (R6)<\/span>\u200b<\/li>\n<li data-start=\"335\" data-end=\"439\"><strong data-start=\"337\" data-end=\"357\">Voltatge nominal: <\/strong><span class=\"relative -mx-px my-[-0.2rem] rounded px-px py-[0.2rem]\">1.5V<\/span><\/li>\n<li data-start=\"440\" data-end=\"545\"><strong data-start=\"442\" data-end=\"463\">Capacitat t\u00edpica:<\/strong> <span class=\"relative -mx-px my-[-0.2rem] rounded px-px py-[0.2rem]\">Entre 1700 y 3000 mAh, depenent del fabricant i la qualitat de la pila<\/span>\u200b<\/li>\n<li data-start=\"546\" data-end=\"650\"><strong data-start=\"548\" data-end=\"564\">Dimensions:<\/strong> <span class=\"relative -mx-px my-[-0.2rem] rounded px-px py-[0.2rem]\">Longitud de 49.2 a 50.5 mm i di\u00e0metro de 13.5 a 14.5 mm<\/span><\/li>\n<li data-start=\"651\" data-end=\"748\"><strong data-start=\"653\" data-end=\"662\">Pes:<\/strong> <span class=\"relative -mx-px my-[-0.2rem] rounded px-px py-[0.2rem]\">Aproxima\u00e0dament 23 grams<\/span>\u200b<\/li>\n<\/ul>\n<p data-start=\"750\" data-end=\"767\"><strong data-start=\"750\" data-end=\"767\">Usos comuns:<\/strong><\/p>\n<p data-start=\"769\" data-end=\"854\"><span class=\"relative -mx-px my-[-0.2rem] rounded px-px py-[0.2rem]\">Ideals per a dispositius d&#8217;alt consum energ\u00e8tic com a joguines electr\u00f2niques, c\u00e0meres digitals, llanternes i controls remots.\u200b<\/span><\/p>\n<p data-start=\"856\" data-end=\"871\"><strong data-start=\"856\" data-end=\"871\">Beneficis:<\/strong><\/p>\n<ul data-start=\"873\" data-end=\"1099\">\n<li data-start=\"873\" data-end=\"980\"><strong data-start=\"875\" data-end=\"894\">Llarga durada:<\/strong> <span class=\"relative -mx-px my-[-0.2rem] rounded px-px py-[0.2rem]\">Proporcionen energia constant durant per\u00edodes prolongats.\u200b<\/span><\/li>\n<li data-start=\"981\" data-end=\"1099\"><strong data-start=\"983\" data-end=\"1013\">Emmagatzematge prolongat:<\/strong> <span class=\"relative -mx-px my-[-0.2rem] rounded px-px py-[0.2rem]\">Vida \u00fatil d&#8217;emmagatzematge de fins a 5 anys, mantenint la seva c\u00e0rrega en condicions \u00f2ptimes.<\/span><\/li>\n<\/ul>\n","protected":false},"excerpt":{"rendered":"<p>Les Piles AA (R6) s\u00f3n essencials per a una \u00e0mplia gamma de dispositius electr\u00f2nics, oferint una font d&#8217;energia de confian\u00e7a i duradora.\u200b Caracter\u00edstiques principals: Tipus: Piles<span class=\"excerpt-hellip\"> [\u2026]<\/span><\/p>\n","protected":false},"featured_media":1599,"template":"","meta":[],"product_brand":[],"product_cat":[107,127],"product_tag":[],"class_list":{"0":"post-2040","1":"product","2":"type-product","3":"status-publish","4":"has-post-thumbnail","6":"product_cat-pilas-ca","7":"product_cat-pilas-r6-ca","9":"first","10":"instock","11":"taxable","12":"shipping-taxable","13":"purchasable","14":"product-type-simple"},"yoast_head":"<!-- This site is optimized with the Yoast SEO plugin v27.1.1 - https:\/\/yoast.com\/product\/yoast-seo-wordpress\/ -->\n<title>Pack de 4 piles AA - Metropolitan Things<\/title>\n<meta name=\"robots\" content=\"index, follow, max-snippet:-1, max-image-preview:large, max-video-preview:-1\" \/>\n<link rel=\"canonical\" href=\"https:\/\/metropolitanthings.com\/ca\/product\/pack-de-4-piles-aa\/\" \/>\n<meta property=\"og:locale\" content=\"ca_ES\" \/>\n<meta property=\"og:type\" content=\"article\" \/>\n<meta property=\"og:title\" content=\"Pack de 4 piles AA - Metropolitan Things\" \/>\n<meta property=\"og:description\" content=\"Les Piles AA (R6) s\u00f3n essencials per a una \u00e0mplia gamma de dispositius electr\u00f2nics, oferint una font d&#8217;energia de confian\u00e7a i duradora.\u200b Caracter\u00edstiques principals: Tipus: Piles [\u2026]\" \/>\n<meta property=\"og:url\" content=\"https:\/\/metropolitanthings.com\/ca\/product\/pack-de-4-piles-aa\/\" \/>\n<meta property=\"og:site_name\" content=\"Metropolitan Things\" \/>\n<meta property=\"article:modified_time\" content=\"2025-05-16T12:40:51+00:00\" \/>\n<meta property=\"og:image\" content=\"https:\/\/metropolitanthings.com\/wp-content\/uploads\/2025\/03\/Panasonic_AA.webp\" \/>\n\t<meta property=\"og:image:width\" content=\"800\" \/>\n\t<meta property=\"og:image:height\" content=\"800\" \/>\n\t<meta property=\"og:image:type\" content=\"image\/webp\" \/>\n<meta name=\"twitter:card\" content=\"summary_large_image\" \/>\n<meta name=\"twitter:label1\" content=\"Temps estimat de lectura\" \/>\n\t<meta name=\"twitter:data1\" content=\"1 minut\" \/>\n<script type=\"application\/ld+json\" class=\"yoast-schema-graph\">{\"@context\":\"https:\/\/schema.org\",\"@graph\":[{\"@type\":\"WebPage\",\"@id\":\"https:\/\/metropolitanthings.com\/ca\/product\/pack-de-4-piles-aa\/\",\"url\":\"https:\/\/metropolitanthings.com\/ca\/product\/pack-de-4-piles-aa\/\",\"name\":\"Pack de 4 piles AA - Metropolitan Things\",\"isPartOf\":{\"@id\":\"https:\/\/metropolitanthings.com\/ca\/#website\"},\"primaryImageOfPage\":{\"@id\":\"https:\/\/metropolitanthings.com\/ca\/product\/pack-de-4-piles-aa\/#primaryimage\"},\"image\":{\"@id\":\"https:\/\/metropolitanthings.com\/ca\/product\/pack-de-4-piles-aa\/#primaryimage\"},\"thumbnailUrl\":\"https:\/\/metropolitanthings.com\/wp-content\/uploads\/2025\/03\/Panasonic_AA.webp\",\"datePublished\":\"2025-03-06T13:49:53+00:00\",\"dateModified\":\"2025-05-16T12:40:51+00:00\",\"breadcrumb\":{\"@id\":\"https:\/\/metropolitanthings.com\/ca\/product\/pack-de-4-piles-aa\/#breadcrumb\"},\"inLanguage\":\"ca\",\"potentialAction\":[{\"@type\":\"ReadAction\",\"target\":[\"https:\/\/metropolitanthings.com\/ca\/product\/pack-de-4-piles-aa\/\"]}]},{\"@type\":\"ImageObject\",\"inLanguage\":\"ca\",\"@id\":\"https:\/\/metropolitanthings.com\/ca\/product\/pack-de-4-piles-aa\/#primaryimage\",\"url\":\"https:\/\/metropolitanthings.com\/wp-content\/uploads\/2025\/03\/Panasonic_AA.webp\",\"contentUrl\":\"https:\/\/metropolitanthings.com\/wp-content\/uploads\/2025\/03\/Panasonic_AA.webp\",\"width\":800,\"height\":800},{\"@type\":\"BreadcrumbList\",\"@id\":\"https:\/\/metropolitanthings.com\/ca\/product\/pack-de-4-piles-aa\/#breadcrumb\",\"itemListElement\":[{\"@type\":\"ListItem\",\"position\":1,\"name\":\"Home\",\"item\":\"https:\/\/metropolitanthings.com\/ca\/\"},{\"@type\":\"ListItem\",\"position\":2,\"name\":\"Botiga\",\"item\":\"https:\/\/metropolitanthings.com\/botiga\/\"},{\"@type\":\"ListItem\",\"position\":3,\"name\":\"Pack de 4 piles AA\"}]},{\"@type\":\"WebSite\",\"@id\":\"https:\/\/metropolitanthings.com\/ca\/#website\",\"url\":\"https:\/\/metropolitanthings.com\/ca\/\",\"name\":\"Metropolitan Things\",\"description\":\"\",\"publisher\":{\"@id\":\"https:\/\/metropolitanthings.com\/ca\/#organization\"},\"potentialAction\":[{\"@type\":\"SearchAction\",\"target\":{\"@type\":\"EntryPoint\",\"urlTemplate\":\"https:\/\/metropolitanthings.com\/ca\/?s={search_term_string}\"},\"query-input\":{\"@type\":\"PropertyValueSpecification\",\"valueRequired\":true,\"valueName\":\"search_term_string\"}}],\"inLanguage\":\"ca\"},{\"@type\":\"Organization\",\"@id\":\"https:\/\/metropolitanthings.com\/ca\/#organization\",\"name\":\"Metropolitan Things\",\"url\":\"https:\/\/metropolitanthings.com\/ca\/\",\"logo\":{\"@type\":\"ImageObject\",\"inLanguage\":\"ca\",\"@id\":\"https:\/\/metropolitanthings.com\/ca\/#\/schema\/logo\/image\/\",\"url\":\"https:\/\/metropolitanthings.com\/wp-content\/uploads\/2025\/02\/cropped-cropped-logo-metropolitan.png\",\"contentUrl\":\"https:\/\/metropolitanthings.com\/wp-content\/uploads\/2025\/02\/cropped-cropped-logo-metropolitan.png\",\"width\":512,\"height\":512,\"caption\":\"Metropolitan Things\"},\"image\":{\"@id\":\"https:\/\/metropolitanthings.com\/ca\/#\/schema\/logo\/image\/\"}}]}<\/script>\n<!-- \/ Yoast SEO plugin. -->","yoast_head_json":{"title":"Pack de 4 piles AA - Metropolitan Things","robots":{"index":"index","follow":"follow","max-snippet":"max-snippet:-1","max-image-preview":"max-image-preview:large","max-video-preview":"max-video-preview:-1"},"canonical":"https:\/\/metropolitanthings.com\/ca\/product\/pack-de-4-piles-aa\/","og_locale":"ca_ES","og_type":"article","og_title":"Pack de 4 piles AA - Metropolitan Things","og_description":"Les Piles AA (R6) s\u00f3n essencials per a una \u00e0mplia gamma de dispositius electr\u00f2nics, oferint una font d&#8217;energia de confian\u00e7a i duradora.\u200b Caracter\u00edstiques principals: Tipus: Piles [\u2026]","og_url":"https:\/\/metropolitanthings.com\/ca\/product\/pack-de-4-piles-aa\/","og_site_name":"Metropolitan Things","article_modified_time":"2025-05-16T12:40:51+00:00","og_image":[{"width":800,"height":800,"url":"https:\/\/metropolitanthings.com\/wp-content\/uploads\/2025\/03\/Panasonic_AA.webp","type":"image\/webp"}],"twitter_card":"summary_large_image","twitter_misc":{"Temps estimat de lectura":"1 minut"},"schema":{"@context":"https:\/\/schema.org","@graph":[{"@type":"WebPage","@id":"https:\/\/metropolitanthings.com\/ca\/product\/pack-de-4-piles-aa\/","url":"https:\/\/metropolitanthings.com\/ca\/product\/pack-de-4-piles-aa\/","name":"Pack de 4 piles AA - Metropolitan Things","isPartOf":{"@id":"https:\/\/metropolitanthings.com\/ca\/#website"},"primaryImageOfPage":{"@id":"https:\/\/metropolitanthings.com\/ca\/product\/pack-de-4-piles-aa\/#primaryimage"},"image":{"@id":"https:\/\/metropolitanthings.com\/ca\/product\/pack-de-4-piles-aa\/#primaryimage"},"thumbnailUrl":"https:\/\/metropolitanthings.com\/wp-content\/uploads\/2025\/03\/Panasonic_AA.webp","datePublished":"2025-03-06T13:49:53+00:00","dateModified":"2025-05-16T12:40:51+00:00","breadcrumb":{"@id":"https:\/\/metropolitanthings.com\/ca\/product\/pack-de-4-piles-aa\/#breadcrumb"},"inLanguage":"ca","potentialAction":[{"@type":"ReadAction","target":["https:\/\/metropolitanthings.com\/ca\/product\/pack-de-4-piles-aa\/"]}]},{"@type":"ImageObject","inLanguage":"ca","@id":"https:\/\/metropolitanthings.com\/ca\/product\/pack-de-4-piles-aa\/#primaryimage","url":"https:\/\/metropolitanthings.com\/wp-content\/uploads\/2025\/03\/Panasonic_AA.webp","contentUrl":"https:\/\/metropolitanthings.com\/wp-content\/uploads\/2025\/03\/Panasonic_AA.webp","width":800,"height":800},{"@type":"BreadcrumbList","@id":"https:\/\/metropolitanthings.com\/ca\/product\/pack-de-4-piles-aa\/#breadcrumb","itemListElement":[{"@type":"ListItem","position":1,"name":"Home","item":"https:\/\/metropolitanthings.com\/ca\/"},{"@type":"ListItem","position":2,"name":"Botiga","item":"https:\/\/metropolitanthings.com\/botiga\/"},{"@type":"ListItem","position":3,"name":"Pack de 4 piles AA"}]},{"@type":"WebSite","@id":"https:\/\/metropolitanthings.com\/ca\/#website","url":"https:\/\/metropolitanthings.com\/ca\/","name":"Metropolitan Things","description":"","publisher":{"@id":"https:\/\/metropolitanthings.com\/ca\/#organization"},"potentialAction":[{"@type":"SearchAction","target":{"@type":"EntryPoint","urlTemplate":"https:\/\/metropolitanthings.com\/ca\/?s={search_term_string}"},"query-input":{"@type":"PropertyValueSpecification","valueRequired":true,"valueName":"search_term_string"}}],"inLanguage":"ca"},{"@type":"Organization","@id":"https:\/\/metropolitanthings.com\/ca\/#organization","name":"Metropolitan Things","url":"https:\/\/metropolitanthings.com\/ca\/","logo":{"@type":"ImageObject","inLanguage":"ca","@id":"https:\/\/metropolitanthings.com\/ca\/#\/schema\/logo\/image\/","url":"https:\/\/metropolitanthings.com\/wp-content\/uploads\/2025\/02\/cropped-cropped-logo-metropolitan.png","contentUrl":"https:\/\/metropolitanthings.com\/wp-content\/uploads\/2025\/02\/cropped-cropped-logo-metropolitan.png","width":512,"height":512,"caption":"Metropolitan Things"},"image":{"@id":"https:\/\/metropolitanthings.com\/ca\/#\/schema\/logo\/image\/"}}]}},"jetpack_sharing_enabled":true,"_links":{"self":[{"href":"https:\/\/metropolitanthings.com\/ca\/wp-json\/wp\/v2\/product\/2040","targetHints":{"allow":["GET"]}}],"collection":[{"href":"https:\/\/metropolitanthings.com\/ca\/wp-json\/wp\/v2\/product"}],"about":[{"href":"https:\/\/metropolitanthings.com\/ca\/wp-json\/wp\/v2\/types\/product"}],"version-history":[{"count":1,"href":"https:\/\/metropolitanthings.com\/ca\/wp-json\/wp\/v2\/product\/2040\/revisions"}],"predecessor-version":[{"id":2286,"href":"https:\/\/metropolitanthings.com\/ca\/wp-json\/wp\/v2\/product\/2040\/revisions\/2286"}],"wp:featuredmedia":[{"embeddable":true,"href":"https:\/\/metropolitanthings.com\/ca\/wp-json\/wp\/v2\/media\/1599"}],"wp:attachment":[{"href":"https:\/\/metropolitanthings.com\/ca\/wp-json\/wp\/v2\/media?parent=2040"}],"wp:term":[{"taxonomy":"product_brand","embeddable":true,"href":"https:\/\/metropolitanthings.com\/ca\/wp-json\/wp\/v2\/product_brand?post=2040"},{"taxonomy":"product_cat","embeddable":true,"href":"https:\/\/metropolitanthings.com\/ca\/wp-json\/wp\/v2\/product_cat?post=2040"},{"taxonomy":"product_tag","embeddable":true,"href":"https:\/\/metropolitanthings.com\/ca\/wp-json\/wp\/v2\/product_tag?post=2040"}],"curies":[{"name":"wp","href":"https:\/\/api.w.org\/{rel}","templated":true}]}}