{"id":2039,"date":"2025-03-06T13:53:52","date_gmt":"2025-03-06T13:53:52","guid":{"rendered":"https:\/\/metropolitanthings.com\/product\/pack-de-5-piles-de-boto\/"},"modified":"2025-05-16T12:40:26","modified_gmt":"2025-05-16T12:40:26","slug":"pack-de-5-piles-de-boto","status":"publish","type":"product","link":"https:\/\/metropolitanthings.com\/ca\/product\/pack-de-5-piles-de-boto\/","title":{"rendered":"Pack de 5 piles de bot\u00f3"},"content":{"rendered":"<p data-start=\"0\" data-end=\"149\"><span class=\"relative -mx-px my-[-0.2rem] rounded px-px py-[0.2rem]\">\u200bLa <strong data-start=\"3\" data-end=\"36\">pila de bot\u00f3 de liti CR2032<\/strong> de <strong data-start=\"40\" data-end=\"50\">Maxell<\/strong> \u00e9s una font d&#8217;energia de confian\u00e7a i duradora, \u00e0mpliament utilitzada en dispositius electr\u00f2nics de petita grand\u00e0ria.<\/span> A continuaci\u00f3, es detallen els seus principals caracter\u00edstiques:\u200b<\/p>\n<p data-start=\"151\" data-end=\"183\"><strong data-start=\"151\" data-end=\"183\">Caracter\u00edstiques principals:<\/strong><\/p>\n<ul data-start=\"185\" data-end=\"960\">\n<li data-start=\"185\" data-end=\"280\"><strong data-start=\"187\" data-end=\"198\">Model:<\/strong> <span class=\"relative -mx-px my-[-0.2rem] rounded px-px py-[0.2rem]\">CR2032<\/span>\u200b<\/li>\n<li data-start=\"281\" data-end=\"359\"><strong data-start=\"283\" data-end=\"292\">Tipus:<\/strong> Pila de bot\u00f3 de liti\u200b<\/li>\n<li data-start=\"360\" data-end=\"429\"><strong data-start=\"362\" data-end=\"382\">Voltatge nominal: <\/strong>3V\u200b<\/li>\n<li data-start=\"430\" data-end=\"535\"><strong data-start=\"432\" data-end=\"453\">Capacitat t\u00edpica:<\/strong> <span class=\"relative -mx-px my-[-0.2rem] rounded px-px py-[0.2rem]\">220 mAh<\/span>\u200b<\/li>\n<li data-start=\"536\" data-end=\"730\"><strong data-start=\"538\" data-end=\"554\">Dimensions:<\/strong>\n<ul data-start=\"557\" data-end=\"730\">\n<li data-start=\"557\" data-end=\"640\"><span class=\"relative -mx-px my-[-0.2rem] rounded px-px py-[0.2rem]\">Di\u00e0metre: 20 mm<\/span>\u200b<\/li>\n<li data-start=\"643\" data-end=\"730\"><span class=\"relative -mx-px my-[-0.2rem] rounded px-px py-[0.2rem]\">Altura: 3,2 mm<\/span><\/li>\n<\/ul>\n<\/li>\n<li data-start=\"731\" data-end=\"828\"><strong data-start=\"733\" data-end=\"742\">Pes:<\/strong> <span class=\"relative -mx-px my-[-0.2rem] rounded px-px py-[0.2rem]\">Aproximat 3 grams<\/span><\/li>\n<li data-start=\"829\" data-end=\"960\"><strong data-start=\"831\" data-end=\"874\">Rang de temperatura de funcionament:<\/strong><span class=\"relative -mx-px my-[-0.2rem] rounded px-px py-[0.2rem]\"> -20 \u00b0C a +85 \u00b0C<\/span><\/li>\n<\/ul>\n<p data-start=\"981\" data-end=\"1066\"><span class=\"relative -mx-px my-[-0.2rem] rounded px-px py-[0.2rem]\">Aquestes piles s\u00f3n ideals per a alimentar una varietat de dispositius electr\u00f2nics, com ara<\/span><\/p>\n<ul data-start=\"1068\" data-end=\"1683\">\n<li data-start=\"1068\" data-end=\"1155\"><span class=\"relative -mx-px my-[-0.2rem] rounded px-px py-[0.2rem]\">Rellotges de paret\u200b<\/span><\/li>\n<li data-start=\"1156\" data-end=\"1243\"><span class=\"relative -mx-px my-[-0.2rem] rounded px-px py-[0.2rem]\">Calculadores<\/span><\/li>\n<li data-start=\"1244\" data-end=\"1331\"><span class=\"relative -mx-px my-[-0.2rem] rounded px-px py-[0.2rem]\">Claus de cotxe\u200b<\/span><\/li>\n<li data-start=\"1332\" data-end=\"1419\"><span class=\"relative -mx-px my-[-0.2rem] rounded px-px py-[0.2rem]\">Ordinadors<\/span>\u200b<\/li>\n<li data-start=\"1420\" data-end=\"1507\"><span class=\"relative -mx-px my-[-0.2rem] rounded px-px py-[0.2rem]\">Sensors<\/span>\u200b<\/li>\n<li data-start=\"1508\" data-end=\"1595\"><span class=\"relative -mx-px my-[-0.2rem] rounded px-px py-[0.2rem]\">Rastrejadors d&#8217;activitat\u200b<\/span><\/li>\n<li data-start=\"1596\" data-end=\"1683\"><span class=\"relative -mx-px my-[-0.2rem] rounded px-px py-[0.2rem]\">Dispositius m\u00e8dics<\/span><\/li>\n<\/ul>\n<p data-start=\"1685\" data-end=\"1700\"><strong data-start=\"1685\" data-end=\"1700\">Beneficis:<\/strong><\/p>\n<ul data-start=\"1702\" data-end=\"2050\">\n<li data-start=\"1702\" data-end=\"1819\"><strong data-start=\"1704\" data-end=\"1733\">Alta densitat energ\u00e8tica:<\/strong> <span class=\"relative -mx-px my-[-0.2rem] rounded px-px py-[0.2rem]\">Proporciona una font d&#8217;energia de confian\u00e7a i duradora per a dispositius electr\u00f2nics.\u200b<\/span><\/li>\n<li data-start=\"1820\" data-end=\"1941\"><strong data-start=\"1822\" data-end=\"1855\">Resist\u00e8ncia superior a fugides:<\/strong> <span class=\"relative -mx-px my-[-0.2rem] rounded px-px py-[0.2rem]\">Dissenyada per a minimitzar el risc de fugides, fins i tot baix altes temperatures i acceleraci\u00f3<\/span><\/li>\n<li data-start=\"1942\" data-end=\"2050\"><strong data-start=\"1944\" data-end=\"1964\">Llarga vida \u00fatil: <\/strong><span class=\"relative -mx-px my-[-0.2rem] rounded px-px py-[0.2rem]\">Mant\u00e9 la seva c\u00e0rrega durant per\u00edodes prolongats, la qual cosa la fa adequada per a dispositius que requereixen reempla\u00e7aments poc freq\u00fcents.\u200b<\/span><\/li>\n<\/ul>\n<p data-start=\"2071\" data-end=\"2156\"><span class=\"relative -mx-px my-[-0.2rem] rounded px-px py-[0.2rem]\">Aquest producte es presenta en bl\u00edsters de 5 unitats, la qual cosa facilita el seu emmagatzematge i \u00fas segons sigui necessari.<\/span><\/p>\n","protected":false},"excerpt":{"rendered":"<p>\u200bLa pila de bot\u00f3 de liti CR2032 de Maxell \u00e9s una font d&#8217;energia de confian\u00e7a i duradora, \u00e0mpliament utilitzada en dispositius electr\u00f2nics de petita grand\u00e0ria. A<span class=\"excerpt-hellip\"> [\u2026]<\/span><\/p>\n","protected":false},"featured_media":1605,"template":"","meta":[],"product_brand":[],"product_cat":[107,128],"product_tag":[],"class_list":{"0":"post-2039","1":"product","2":"type-product","3":"status-publish","4":"has-post-thumbnail","6":"product_cat-pilas-ca","7":"product_cat-pilas-de-boton-ca","9":"first","10":"instock","11":"taxable","12":"shipping-taxable","13":"purchasable","14":"product-type-simple"},"yoast_head":"<!-- This site is optimized with the Yoast SEO plugin v27.1.1 - https:\/\/yoast.com\/product\/yoast-seo-wordpress\/ -->\n<title>Pack de 5 piles de bot\u00f3 - Metropolitan Things<\/title>\n<meta name=\"robots\" content=\"index, follow, max-snippet:-1, max-image-preview:large, max-video-preview:-1\" \/>\n<link rel=\"canonical\" href=\"https:\/\/metropolitanthings.com\/ca\/product\/pack-de-5-piles-de-boto\/\" \/>\n<meta property=\"og:locale\" content=\"ca_ES\" \/>\n<meta property=\"og:type\" content=\"article\" \/>\n<meta property=\"og:title\" content=\"Pack de 5 piles de bot\u00f3 - Metropolitan Things\" \/>\n<meta property=\"og:description\" content=\"\u200bLa pila de bot\u00f3 de liti CR2032 de Maxell \u00e9s una font d&#8217;energia de confian\u00e7a i duradora, \u00e0mpliament utilitzada en dispositius electr\u00f2nics de petita grand\u00e0ria. A [\u2026]\" \/>\n<meta property=\"og:url\" content=\"https:\/\/metropolitanthings.com\/ca\/product\/pack-de-5-piles-de-boto\/\" \/>\n<meta property=\"og:site_name\" content=\"Metropolitan Things\" \/>\n<meta property=\"article:modified_time\" content=\"2025-05-16T12:40:26+00:00\" \/>\n<meta property=\"og:image\" content=\"https:\/\/metropolitanthings.com\/wp-content\/uploads\/2025\/03\/Pila_Boton_20_32.webp\" \/>\n\t<meta property=\"og:image:width\" content=\"800\" \/>\n\t<meta property=\"og:image:height\" content=\"800\" \/>\n\t<meta property=\"og:image:type\" content=\"image\/webp\" \/>\n<meta name=\"twitter:card\" content=\"summary_large_image\" \/>\n<meta name=\"twitter:label1\" content=\"Temps estimat de lectura\" \/>\n\t<meta name=\"twitter:data1\" content=\"2 minuts\" \/>\n<script type=\"application\/ld+json\" class=\"yoast-schema-graph\">{\"@context\":\"https:\/\/schema.org\",\"@graph\":[{\"@type\":\"WebPage\",\"@id\":\"https:\/\/metropolitanthings.com\/ca\/product\/pack-de-5-piles-de-boto\/\",\"url\":\"https:\/\/metropolitanthings.com\/ca\/product\/pack-de-5-piles-de-boto\/\",\"name\":\"Pack de 5 piles de bot\u00f3 - Metropolitan Things\",\"isPartOf\":{\"@id\":\"https:\/\/metropolitanthings.com\/ca\/#website\"},\"primaryImageOfPage\":{\"@id\":\"https:\/\/metropolitanthings.com\/ca\/product\/pack-de-5-piles-de-boto\/#primaryimage\"},\"image\":{\"@id\":\"https:\/\/metropolitanthings.com\/ca\/product\/pack-de-5-piles-de-boto\/#primaryimage\"},\"thumbnailUrl\":\"https:\/\/metropolitanthings.com\/wp-content\/uploads\/2025\/03\/Pila_Boton_20_32.webp\",\"datePublished\":\"2025-03-06T13:53:52+00:00\",\"dateModified\":\"2025-05-16T12:40:26+00:00\",\"breadcrumb\":{\"@id\":\"https:\/\/metropolitanthings.com\/ca\/product\/pack-de-5-piles-de-boto\/#breadcrumb\"},\"inLanguage\":\"ca\",\"potentialAction\":[{\"@type\":\"ReadAction\",\"target\":[\"https:\/\/metropolitanthings.com\/ca\/product\/pack-de-5-piles-de-boto\/\"]}]},{\"@type\":\"ImageObject\",\"inLanguage\":\"ca\",\"@id\":\"https:\/\/metropolitanthings.com\/ca\/product\/pack-de-5-piles-de-boto\/#primaryimage\",\"url\":\"https:\/\/metropolitanthings.com\/wp-content\/uploads\/2025\/03\/Pila_Boton_20_32.webp\",\"contentUrl\":\"https:\/\/metropolitanthings.com\/wp-content\/uploads\/2025\/03\/Pila_Boton_20_32.webp\",\"width\":800,\"height\":800,\"caption\":\"pila-boton-metropolitan-things\"},{\"@type\":\"BreadcrumbList\",\"@id\":\"https:\/\/metropolitanthings.com\/ca\/product\/pack-de-5-piles-de-boto\/#breadcrumb\",\"itemListElement\":[{\"@type\":\"ListItem\",\"position\":1,\"name\":\"Home\",\"item\":\"https:\/\/metropolitanthings.com\/ca\/\"},{\"@type\":\"ListItem\",\"position\":2,\"name\":\"Botiga\",\"item\":\"https:\/\/metropolitanthings.com\/botiga\/\"},{\"@type\":\"ListItem\",\"position\":3,\"name\":\"Pack de 5 piles de bot\u00f3\"}]},{\"@type\":\"WebSite\",\"@id\":\"https:\/\/metropolitanthings.com\/ca\/#website\",\"url\":\"https:\/\/metropolitanthings.com\/ca\/\",\"name\":\"Metropolitan Things\",\"description\":\"\",\"publisher\":{\"@id\":\"https:\/\/metropolitanthings.com\/ca\/#organization\"},\"potentialAction\":[{\"@type\":\"SearchAction\",\"target\":{\"@type\":\"EntryPoint\",\"urlTemplate\":\"https:\/\/metropolitanthings.com\/ca\/?s={search_term_string}\"},\"query-input\":{\"@type\":\"PropertyValueSpecification\",\"valueRequired\":true,\"valueName\":\"search_term_string\"}}],\"inLanguage\":\"ca\"},{\"@type\":\"Organization\",\"@id\":\"https:\/\/metropolitanthings.com\/ca\/#organization\",\"name\":\"Metropolitan Things\",\"url\":\"https:\/\/metropolitanthings.com\/ca\/\",\"logo\":{\"@type\":\"ImageObject\",\"inLanguage\":\"ca\",\"@id\":\"https:\/\/metropolitanthings.com\/ca\/#\/schema\/logo\/image\/\",\"url\":\"https:\/\/metropolitanthings.com\/wp-content\/uploads\/2025\/02\/cropped-cropped-logo-metropolitan.png\",\"contentUrl\":\"https:\/\/metropolitanthings.com\/wp-content\/uploads\/2025\/02\/cropped-cropped-logo-metropolitan.png\",\"width\":512,\"height\":512,\"caption\":\"Metropolitan Things\"},\"image\":{\"@id\":\"https:\/\/metropolitanthings.com\/ca\/#\/schema\/logo\/image\/\"}}]}<\/script>\n<!-- \/ Yoast SEO plugin. -->","yoast_head_json":{"title":"Pack de 5 piles de bot\u00f3 - Metropolitan Things","robots":{"index":"index","follow":"follow","max-snippet":"max-snippet:-1","max-image-preview":"max-image-preview:large","max-video-preview":"max-video-preview:-1"},"canonical":"https:\/\/metropolitanthings.com\/ca\/product\/pack-de-5-piles-de-boto\/","og_locale":"ca_ES","og_type":"article","og_title":"Pack de 5 piles de bot\u00f3 - Metropolitan Things","og_description":"\u200bLa pila de bot\u00f3 de liti CR2032 de Maxell \u00e9s una font d&#8217;energia de confian\u00e7a i duradora, \u00e0mpliament utilitzada en dispositius electr\u00f2nics de petita grand\u00e0ria. A [\u2026]","og_url":"https:\/\/metropolitanthings.com\/ca\/product\/pack-de-5-piles-de-boto\/","og_site_name":"Metropolitan Things","article_modified_time":"2025-05-16T12:40:26+00:00","og_image":[{"width":800,"height":800,"url":"https:\/\/metropolitanthings.com\/wp-content\/uploads\/2025\/03\/Pila_Boton_20_32.webp","type":"image\/webp"}],"twitter_card":"summary_large_image","twitter_misc":{"Temps estimat de lectura":"2 minuts"},"schema":{"@context":"https:\/\/schema.org","@graph":[{"@type":"WebPage","@id":"https:\/\/metropolitanthings.com\/ca\/product\/pack-de-5-piles-de-boto\/","url":"https:\/\/metropolitanthings.com\/ca\/product\/pack-de-5-piles-de-boto\/","name":"Pack de 5 piles de bot\u00f3 - Metropolitan Things","isPartOf":{"@id":"https:\/\/metropolitanthings.com\/ca\/#website"},"primaryImageOfPage":{"@id":"https:\/\/metropolitanthings.com\/ca\/product\/pack-de-5-piles-de-boto\/#primaryimage"},"image":{"@id":"https:\/\/metropolitanthings.com\/ca\/product\/pack-de-5-piles-de-boto\/#primaryimage"},"thumbnailUrl":"https:\/\/metropolitanthings.com\/wp-content\/uploads\/2025\/03\/Pila_Boton_20_32.webp","datePublished":"2025-03-06T13:53:52+00:00","dateModified":"2025-05-16T12:40:26+00:00","breadcrumb":{"@id":"https:\/\/metropolitanthings.com\/ca\/product\/pack-de-5-piles-de-boto\/#breadcrumb"},"inLanguage":"ca","potentialAction":[{"@type":"ReadAction","target":["https:\/\/metropolitanthings.com\/ca\/product\/pack-de-5-piles-de-boto\/"]}]},{"@type":"ImageObject","inLanguage":"ca","@id":"https:\/\/metropolitanthings.com\/ca\/product\/pack-de-5-piles-de-boto\/#primaryimage","url":"https:\/\/metropolitanthings.com\/wp-content\/uploads\/2025\/03\/Pila_Boton_20_32.webp","contentUrl":"https:\/\/metropolitanthings.com\/wp-content\/uploads\/2025\/03\/Pila_Boton_20_32.webp","width":800,"height":800,"caption":"pila-boton-metropolitan-things"},{"@type":"BreadcrumbList","@id":"https:\/\/metropolitanthings.com\/ca\/product\/pack-de-5-piles-de-boto\/#breadcrumb","itemListElement":[{"@type":"ListItem","position":1,"name":"Home","item":"https:\/\/metropolitanthings.com\/ca\/"},{"@type":"ListItem","position":2,"name":"Botiga","item":"https:\/\/metropolitanthings.com\/botiga\/"},{"@type":"ListItem","position":3,"name":"Pack de 5 piles de bot\u00f3"}]},{"@type":"WebSite","@id":"https:\/\/metropolitanthings.com\/ca\/#website","url":"https:\/\/metropolitanthings.com\/ca\/","name":"Metropolitan Things","description":"","publisher":{"@id":"https:\/\/metropolitanthings.com\/ca\/#organization"},"potentialAction":[{"@type":"SearchAction","target":{"@type":"EntryPoint","urlTemplate":"https:\/\/metropolitanthings.com\/ca\/?s={search_term_string}"},"query-input":{"@type":"PropertyValueSpecification","valueRequired":true,"valueName":"search_term_string"}}],"inLanguage":"ca"},{"@type":"Organization","@id":"https:\/\/metropolitanthings.com\/ca\/#organization","name":"Metropolitan Things","url":"https:\/\/metropolitanthings.com\/ca\/","logo":{"@type":"ImageObject","inLanguage":"ca","@id":"https:\/\/metropolitanthings.com\/ca\/#\/schema\/logo\/image\/","url":"https:\/\/metropolitanthings.com\/wp-content\/uploads\/2025\/02\/cropped-cropped-logo-metropolitan.png","contentUrl":"https:\/\/metropolitanthings.com\/wp-content\/uploads\/2025\/02\/cropped-cropped-logo-metropolitan.png","width":512,"height":512,"caption":"Metropolitan Things"},"image":{"@id":"https:\/\/metropolitanthings.com\/ca\/#\/schema\/logo\/image\/"}}]}},"jetpack_sharing_enabled":true,"_links":{"self":[{"href":"https:\/\/metropolitanthings.com\/ca\/wp-json\/wp\/v2\/product\/2039","targetHints":{"allow":["GET"]}}],"collection":[{"href":"https:\/\/metropolitanthings.com\/ca\/wp-json\/wp\/v2\/product"}],"about":[{"href":"https:\/\/metropolitanthings.com\/ca\/wp-json\/wp\/v2\/types\/product"}],"version-history":[{"count":1,"href":"https:\/\/metropolitanthings.com\/ca\/wp-json\/wp\/v2\/product\/2039\/revisions"}],"predecessor-version":[{"id":2285,"href":"https:\/\/metropolitanthings.com\/ca\/wp-json\/wp\/v2\/product\/2039\/revisions\/2285"}],"wp:featuredmedia":[{"embeddable":true,"href":"https:\/\/metropolitanthings.com\/ca\/wp-json\/wp\/v2\/media\/1605"}],"wp:attachment":[{"href":"https:\/\/metropolitanthings.com\/ca\/wp-json\/wp\/v2\/media?parent=2039"}],"wp:term":[{"taxonomy":"product_brand","embeddable":true,"href":"https:\/\/metropolitanthings.com\/ca\/wp-json\/wp\/v2\/product_brand?post=2039"},{"taxonomy":"product_cat","embeddable":true,"href":"https:\/\/metropolitanthings.com\/ca\/wp-json\/wp\/v2\/product_cat?post=2039"},{"taxonomy":"product_tag","embeddable":true,"href":"https:\/\/metropolitanthings.com\/ca\/wp-json\/wp\/v2\/product_tag?post=2039"}],"curies":[{"name":"wp","href":"https:\/\/api.w.org\/{rel}","templated":true}]}}