{"id":2037,"date":"2025-03-17T13:01:20","date_gmt":"2025-03-17T13:01:20","guid":{"rendered":"https:\/\/metropolitanthings.com\/product\/cafetera-dalumini-6-tasses\/"},"modified":"2025-05-16T12:39:58","modified_gmt":"2025-05-16T12:39:58","slug":"cafetera-dalumini-6-tasses","status":"publish","type":"product","link":"https:\/\/metropolitanthings.com\/ca\/product\/cafetera-dalumini-6-tasses\/","title":{"rendered":"Cafetera d&#8217;alumini 6 tasses"},"content":{"rendered":"<p data-start=\"0\" data-end=\"126\"><span class=\"relative -mx-px my-[-0.2rem] rounded px-px py-[0.2rem]\">Fabricada en alumini d&#8217;alta qualitat, aquesta cafetera \u00e9s lleugera i eficient en la conducci\u00f3 de la calor, garantint una preparaci\u00f3 r\u00e0pida i uniforme del teu caf\u00e8.\u200b<\/span><\/p>\n<p data-start=\"128\" data-end=\"160\"><strong data-start=\"128\" data-end=\"160\">Caracter\u00edstiques principals:<\/strong><\/p>\n<ul data-start=\"162\" data-end=\"577\">\n<li data-start=\"162\" data-end=\"259\">\n<p data-start=\"164\" data-end=\"259\"><strong data-start=\"164\" data-end=\"177\">Material:<\/strong> <span class=\"relative -mx-px my-[-0.2rem] rounded px-px py-[0.2rem]\">Alumini resistent que assegura durabilitat i un escalfament uniforme.\u200b<\/span><\/p>\n<\/li>\n<li data-start=\"261\" data-end=\"373\">\n<p data-start=\"263\" data-end=\"373\"><strong data-start=\"263\" data-end=\"291\">Capacitats disponibles:<\/strong> <span class=\"relative -mx-px my-[-0.2rem] rounded px-px py-[0.2rem]\">6 tasses<\/span><\/p>\n<\/li>\n<li data-start=\"375\" data-end=\"478\">\n<p data-start=\"377\" data-end=\"478\"><strong data-start=\"377\" data-end=\"396\">Compatibilitat:<\/strong> <span class=\"relative -mx-px my-[-0.2rem] rounded px-px py-[0.2rem]\">Apta per a cuines de gas, el\u00e8ctriques i vitrocer\u00e0miques. No \u00e9s compatible amb plaques d&#8217;inducci\u00f3.<\/span>\u200b<\/p>\n<\/li>\n<li data-start=\"480\" data-end=\"577\">\n<p data-start=\"482\" data-end=\"577\"><strong data-start=\"482\" data-end=\"493\">Disseny: <\/strong><span class=\"relative -mx-px my-[-0.2rem] rounded px-px py-[0.2rem]\">Acabat en color plata amb un disseny tradicional que aporta un toc cl\u00e0ssic a qualsevol cuina.<\/span><\/p>\n<\/li>\n<\/ul>\n","protected":false},"excerpt":{"rendered":"<p>Fabricada en alumini d&#8217;alta qualitat, aquesta cafetera \u00e9s lleugera i eficient en la conducci\u00f3 de la calor, garantint una preparaci\u00f3 r\u00e0pida i uniforme del teu caf\u00e8.\u200b<span class=\"excerpt-hellip\"> [\u2026]<\/span><\/p>\n","protected":false},"featured_media":769,"template":"","meta":[],"product_brand":[],"product_cat":[108,112],"product_tag":[],"class_list":{"0":"post-2037","1":"product","2":"type-product","3":"status-publish","4":"has-post-thumbnail","6":"product_cat-cafeteras-ca","7":"product_cat-petit-electrodomestic","9":"first","10":"instock","11":"taxable","12":"shipping-taxable","13":"purchasable","14":"product-type-simple"},"yoast_head":"<!-- This site is optimized with the Yoast SEO plugin v27.1.1 - https:\/\/yoast.com\/product\/yoast-seo-wordpress\/ -->\n<title>Cafetera d&#039;alumini 6 tasses - Metropolitan Things<\/title>\n<meta name=\"robots\" content=\"index, follow, max-snippet:-1, max-image-preview:large, max-video-preview:-1\" \/>\n<link rel=\"canonical\" href=\"https:\/\/metropolitanthings.com\/ca\/product\/cafetera-dalumini-6-tasses\/\" \/>\n<meta property=\"og:locale\" content=\"ca_ES\" \/>\n<meta property=\"og:type\" content=\"article\" \/>\n<meta property=\"og:title\" content=\"Cafetera d&#039;alumini 6 tasses - Metropolitan Things\" \/>\n<meta property=\"og:description\" content=\"Fabricada en alumini d&#8217;alta qualitat, aquesta cafetera \u00e9s lleugera i eficient en la conducci\u00f3 de la calor, garantint una preparaci\u00f3 r\u00e0pida i uniforme del teu caf\u00e8.\u200b [\u2026]\" \/>\n<meta property=\"og:url\" content=\"https:\/\/metropolitanthings.com\/ca\/product\/cafetera-dalumini-6-tasses\/\" \/>\n<meta property=\"og:site_name\" content=\"Metropolitan Things\" \/>\n<meta property=\"article:modified_time\" content=\"2025-05-16T12:39:58+00:00\" \/>\n<meta property=\"og:image\" content=\"https:\/\/metropolitanthings.com\/wp-content\/uploads\/2025\/02\/CAFETERAS-DE-ALUMINIO-CLASSIC.jpg\" \/>\n\t<meta property=\"og:image:width\" content=\"1280\" \/>\n\t<meta property=\"og:image:height\" content=\"1279\" \/>\n\t<meta property=\"og:image:type\" content=\"image\/jpeg\" \/>\n<meta name=\"twitter:card\" content=\"summary_large_image\" \/>\n<meta name=\"twitter:label1\" content=\"Temps estimat de lectura\" \/>\n\t<meta name=\"twitter:data1\" content=\"1 minut\" \/>\n<script type=\"application\/ld+json\" class=\"yoast-schema-graph\">{\"@context\":\"https:\/\/schema.org\",\"@graph\":[{\"@type\":\"WebPage\",\"@id\":\"https:\/\/metropolitanthings.com\/ca\/product\/cafetera-dalumini-6-tasses\/\",\"url\":\"https:\/\/metropolitanthings.com\/ca\/product\/cafetera-dalumini-6-tasses\/\",\"name\":\"Cafetera d'alumini 6 tasses - Metropolitan Things\",\"isPartOf\":{\"@id\":\"https:\/\/metropolitanthings.com\/ca\/#website\"},\"primaryImageOfPage\":{\"@id\":\"https:\/\/metropolitanthings.com\/ca\/product\/cafetera-dalumini-6-tasses\/#primaryimage\"},\"image\":{\"@id\":\"https:\/\/metropolitanthings.com\/ca\/product\/cafetera-dalumini-6-tasses\/#primaryimage\"},\"thumbnailUrl\":\"https:\/\/metropolitanthings.com\/wp-content\/uploads\/2025\/02\/CAFETERAS-DE-ALUMINIO-CLASSIC.jpg\",\"datePublished\":\"2025-03-17T13:01:20+00:00\",\"dateModified\":\"2025-05-16T12:39:58+00:00\",\"breadcrumb\":{\"@id\":\"https:\/\/metropolitanthings.com\/ca\/product\/cafetera-dalumini-6-tasses\/#breadcrumb\"},\"inLanguage\":\"ca\",\"potentialAction\":[{\"@type\":\"ReadAction\",\"target\":[\"https:\/\/metropolitanthings.com\/ca\/product\/cafetera-dalumini-6-tasses\/\"]}]},{\"@type\":\"ImageObject\",\"inLanguage\":\"ca\",\"@id\":\"https:\/\/metropolitanthings.com\/ca\/product\/cafetera-dalumini-6-tasses\/#primaryimage\",\"url\":\"https:\/\/metropolitanthings.com\/wp-content\/uploads\/2025\/02\/CAFETERAS-DE-ALUMINIO-CLASSIC.jpg\",\"contentUrl\":\"https:\/\/metropolitanthings.com\/wp-content\/uploads\/2025\/02\/CAFETERAS-DE-ALUMINIO-CLASSIC.jpg\",\"width\":1280,\"height\":1279,\"caption\":\"cafetera-aluminio-metropolitan-things\"},{\"@type\":\"BreadcrumbList\",\"@id\":\"https:\/\/metropolitanthings.com\/ca\/product\/cafetera-dalumini-6-tasses\/#breadcrumb\",\"itemListElement\":[{\"@type\":\"ListItem\",\"position\":1,\"name\":\"Home\",\"item\":\"https:\/\/metropolitanthings.com\/ca\/\"},{\"@type\":\"ListItem\",\"position\":2,\"name\":\"Botiga\",\"item\":\"https:\/\/metropolitanthings.com\/botiga\/\"},{\"@type\":\"ListItem\",\"position\":3,\"name\":\"Cafetera d&#8217;alumini 6 tasses\"}]},{\"@type\":\"WebSite\",\"@id\":\"https:\/\/metropolitanthings.com\/ca\/#website\",\"url\":\"https:\/\/metropolitanthings.com\/ca\/\",\"name\":\"Metropolitan Things\",\"description\":\"\",\"publisher\":{\"@id\":\"https:\/\/metropolitanthings.com\/ca\/#organization\"},\"potentialAction\":[{\"@type\":\"SearchAction\",\"target\":{\"@type\":\"EntryPoint\",\"urlTemplate\":\"https:\/\/metropolitanthings.com\/ca\/?s={search_term_string}\"},\"query-input\":{\"@type\":\"PropertyValueSpecification\",\"valueRequired\":true,\"valueName\":\"search_term_string\"}}],\"inLanguage\":\"ca\"},{\"@type\":\"Organization\",\"@id\":\"https:\/\/metropolitanthings.com\/ca\/#organization\",\"name\":\"Metropolitan Things\",\"url\":\"https:\/\/metropolitanthings.com\/ca\/\",\"logo\":{\"@type\":\"ImageObject\",\"inLanguage\":\"ca\",\"@id\":\"https:\/\/metropolitanthings.com\/ca\/#\/schema\/logo\/image\/\",\"url\":\"https:\/\/metropolitanthings.com\/wp-content\/uploads\/2025\/02\/cropped-cropped-logo-metropolitan.png\",\"contentUrl\":\"https:\/\/metropolitanthings.com\/wp-content\/uploads\/2025\/02\/cropped-cropped-logo-metropolitan.png\",\"width\":512,\"height\":512,\"caption\":\"Metropolitan Things\"},\"image\":{\"@id\":\"https:\/\/metropolitanthings.com\/ca\/#\/schema\/logo\/image\/\"}}]}<\/script>\n<!-- \/ Yoast SEO plugin. -->","yoast_head_json":{"title":"Cafetera d'alumini 6 tasses - Metropolitan Things","robots":{"index":"index","follow":"follow","max-snippet":"max-snippet:-1","max-image-preview":"max-image-preview:large","max-video-preview":"max-video-preview:-1"},"canonical":"https:\/\/metropolitanthings.com\/ca\/product\/cafetera-dalumini-6-tasses\/","og_locale":"ca_ES","og_type":"article","og_title":"Cafetera d'alumini 6 tasses - Metropolitan Things","og_description":"Fabricada en alumini d&#8217;alta qualitat, aquesta cafetera \u00e9s lleugera i eficient en la conducci\u00f3 de la calor, garantint una preparaci\u00f3 r\u00e0pida i uniforme del teu caf\u00e8.\u200b [\u2026]","og_url":"https:\/\/metropolitanthings.com\/ca\/product\/cafetera-dalumini-6-tasses\/","og_site_name":"Metropolitan Things","article_modified_time":"2025-05-16T12:39:58+00:00","og_image":[{"width":1280,"height":1279,"url":"https:\/\/metropolitanthings.com\/wp-content\/uploads\/2025\/02\/CAFETERAS-DE-ALUMINIO-CLASSIC.jpg","type":"image\/jpeg"}],"twitter_card":"summary_large_image","twitter_misc":{"Temps estimat de lectura":"1 minut"},"schema":{"@context":"https:\/\/schema.org","@graph":[{"@type":"WebPage","@id":"https:\/\/metropolitanthings.com\/ca\/product\/cafetera-dalumini-6-tasses\/","url":"https:\/\/metropolitanthings.com\/ca\/product\/cafetera-dalumini-6-tasses\/","name":"Cafetera d'alumini 6 tasses - Metropolitan Things","isPartOf":{"@id":"https:\/\/metropolitanthings.com\/ca\/#website"},"primaryImageOfPage":{"@id":"https:\/\/metropolitanthings.com\/ca\/product\/cafetera-dalumini-6-tasses\/#primaryimage"},"image":{"@id":"https:\/\/metropolitanthings.com\/ca\/product\/cafetera-dalumini-6-tasses\/#primaryimage"},"thumbnailUrl":"https:\/\/metropolitanthings.com\/wp-content\/uploads\/2025\/02\/CAFETERAS-DE-ALUMINIO-CLASSIC.jpg","datePublished":"2025-03-17T13:01:20+00:00","dateModified":"2025-05-16T12:39:58+00:00","breadcrumb":{"@id":"https:\/\/metropolitanthings.com\/ca\/product\/cafetera-dalumini-6-tasses\/#breadcrumb"},"inLanguage":"ca","potentialAction":[{"@type":"ReadAction","target":["https:\/\/metropolitanthings.com\/ca\/product\/cafetera-dalumini-6-tasses\/"]}]},{"@type":"ImageObject","inLanguage":"ca","@id":"https:\/\/metropolitanthings.com\/ca\/product\/cafetera-dalumini-6-tasses\/#primaryimage","url":"https:\/\/metropolitanthings.com\/wp-content\/uploads\/2025\/02\/CAFETERAS-DE-ALUMINIO-CLASSIC.jpg","contentUrl":"https:\/\/metropolitanthings.com\/wp-content\/uploads\/2025\/02\/CAFETERAS-DE-ALUMINIO-CLASSIC.jpg","width":1280,"height":1279,"caption":"cafetera-aluminio-metropolitan-things"},{"@type":"BreadcrumbList","@id":"https:\/\/metropolitanthings.com\/ca\/product\/cafetera-dalumini-6-tasses\/#breadcrumb","itemListElement":[{"@type":"ListItem","position":1,"name":"Home","item":"https:\/\/metropolitanthings.com\/ca\/"},{"@type":"ListItem","position":2,"name":"Botiga","item":"https:\/\/metropolitanthings.com\/botiga\/"},{"@type":"ListItem","position":3,"name":"Cafetera d&#8217;alumini 6 tasses"}]},{"@type":"WebSite","@id":"https:\/\/metropolitanthings.com\/ca\/#website","url":"https:\/\/metropolitanthings.com\/ca\/","name":"Metropolitan Things","description":"","publisher":{"@id":"https:\/\/metropolitanthings.com\/ca\/#organization"},"potentialAction":[{"@type":"SearchAction","target":{"@type":"EntryPoint","urlTemplate":"https:\/\/metropolitanthings.com\/ca\/?s={search_term_string}"},"query-input":{"@type":"PropertyValueSpecification","valueRequired":true,"valueName":"search_term_string"}}],"inLanguage":"ca"},{"@type":"Organization","@id":"https:\/\/metropolitanthings.com\/ca\/#organization","name":"Metropolitan Things","url":"https:\/\/metropolitanthings.com\/ca\/","logo":{"@type":"ImageObject","inLanguage":"ca","@id":"https:\/\/metropolitanthings.com\/ca\/#\/schema\/logo\/image\/","url":"https:\/\/metropolitanthings.com\/wp-content\/uploads\/2025\/02\/cropped-cropped-logo-metropolitan.png","contentUrl":"https:\/\/metropolitanthings.com\/wp-content\/uploads\/2025\/02\/cropped-cropped-logo-metropolitan.png","width":512,"height":512,"caption":"Metropolitan Things"},"image":{"@id":"https:\/\/metropolitanthings.com\/ca\/#\/schema\/logo\/image\/"}}]}},"jetpack_sharing_enabled":true,"_links":{"self":[{"href":"https:\/\/metropolitanthings.com\/ca\/wp-json\/wp\/v2\/product\/2037","targetHints":{"allow":["GET"]}}],"collection":[{"href":"https:\/\/metropolitanthings.com\/ca\/wp-json\/wp\/v2\/product"}],"about":[{"href":"https:\/\/metropolitanthings.com\/ca\/wp-json\/wp\/v2\/types\/product"}],"version-history":[{"count":1,"href":"https:\/\/metropolitanthings.com\/ca\/wp-json\/wp\/v2\/product\/2037\/revisions"}],"predecessor-version":[{"id":2284,"href":"https:\/\/metropolitanthings.com\/ca\/wp-json\/wp\/v2\/product\/2037\/revisions\/2284"}],"wp:featuredmedia":[{"embeddable":true,"href":"https:\/\/metropolitanthings.com\/ca\/wp-json\/wp\/v2\/media\/769"}],"wp:attachment":[{"href":"https:\/\/metropolitanthings.com\/ca\/wp-json\/wp\/v2\/media?parent=2037"}],"wp:term":[{"taxonomy":"product_brand","embeddable":true,"href":"https:\/\/metropolitanthings.com\/ca\/wp-json\/wp\/v2\/product_brand?post=2037"},{"taxonomy":"product_cat","embeddable":true,"href":"https:\/\/metropolitanthings.com\/ca\/wp-json\/wp\/v2\/product_cat?post=2037"},{"taxonomy":"product_tag","embeddable":true,"href":"https:\/\/metropolitanthings.com\/ca\/wp-json\/wp\/v2\/product_tag?post=2037"}],"curies":[{"name":"wp","href":"https:\/\/api.w.org\/{rel}","templated":true}]}}