{"id":2034,"date":"2025-03-17T13:07:28","date_gmt":"2025-03-17T13:07:28","guid":{"rendered":"https:\/\/metropolitanthings.com\/product\/paella-niu-dabella-20-cm\/"},"modified":"2025-05-16T12:39:29","modified_gmt":"2025-05-16T12:39:29","slug":"paella-niu-dabella-20-cm","status":"publish","type":"product","link":"https:\/\/metropolitanthings.com\/ca\/product\/paella-niu-dabella-20-cm\/","title":{"rendered":"Paella Niu d&#8217;Abella 20 cm"},"content":{"rendered":"<p>La paella antiadherent amb disseny de niu d&#8217;abella \u00e9s una eina essencial per a qualsevol cuina moderna. La seva superf\u00edcie \u00fanica, inspirada en l&#8217;estructura hexagonal d&#8217;una bresca, garanteix una distribuci\u00f3 uniforme de la calor, permetent una cocci\u00f3 homog\u00e8nia dels aliments. Aquest disseny no sols millora el rendiment culinari, sin\u00f3 que tamb\u00e9 prolonga la durabilitat de la paella, evitant deformacions i desgastos prematurs.<\/p>\n<p>El revestiment antiadherent d&#8217;alta qualitat facilita la preparaci\u00f3 de plats amb menys oli, promovent opcions m\u00e9s saludables i assegurant que els aliments no s&#8217;adhereixin, la qual cosa simplifica la neteja posterior. A m\u00e9s, aquesta paella \u00e9s compatible amb diverses fonts de calor, incloent-hi gas, vitrocer\u00e0mica i inducci\u00f3, oferint versatilitat i adaptabilitat a diferents tipus de cuines.<\/p>\n<p>Incorporar aquesta paella a la teva col\u00b7lecci\u00f3 d&#8217;utensilis de cuina et permetr\u00e0 gaudir d&#8217;una experi\u00e8ncia culin\u00e0ria eficient i plaent, obtenint sempre resultats professionals en cada preparaci\u00f3.<\/p>\n","protected":false},"excerpt":{"rendered":"<p>La paella antiadherent amb disseny de niu d&#8217;abella \u00e9s una eina essencial per a qualsevol cuina moderna. La seva superf\u00edcie \u00fanica, inspirada en l&#8217;estructura hexagonal d&#8217;una<span class=\"excerpt-hellip\"> [\u2026]<\/span><\/p>\n","protected":false},"featured_media":1575,"template":"","meta":[],"product_brand":[],"product_cat":[124,106],"product_tag":[],"class_list":{"0":"post-2034","1":"product","2":"type-product","3":"status-publish","4":"has-post-thumbnail","6":"product_cat-sartenes-y-ollas-ca","7":"product_cat-sartenes-nido-de-abeja-ca","9":"first","10":"instock","11":"taxable","12":"shipping-taxable","13":"purchasable","14":"product-type-simple"},"yoast_head":"<!-- This site is optimized with the Yoast SEO plugin v27.1.1 - https:\/\/yoast.com\/product\/yoast-seo-wordpress\/ -->\n<title>Paella Niu d&#039;Abella 20 cm - Metropolitan Things<\/title>\n<meta name=\"robots\" content=\"index, follow, max-snippet:-1, max-image-preview:large, max-video-preview:-1\" \/>\n<link rel=\"canonical\" href=\"https:\/\/metropolitanthings.com\/ca\/product\/paella-niu-dabella-20-cm\/\" \/>\n<meta property=\"og:locale\" content=\"ca_ES\" \/>\n<meta property=\"og:type\" content=\"article\" \/>\n<meta property=\"og:title\" content=\"Paella Niu d&#039;Abella 20 cm - Metropolitan Things\" \/>\n<meta property=\"og:description\" content=\"La paella antiadherent amb disseny de niu d&#8217;abella \u00e9s una eina essencial per a qualsevol cuina moderna. La seva superf\u00edcie \u00fanica, inspirada en l&#8217;estructura hexagonal d&#8217;una [\u2026]\" \/>\n<meta property=\"og:url\" content=\"https:\/\/metropolitanthings.com\/ca\/product\/paella-niu-dabella-20-cm\/\" \/>\n<meta property=\"og:site_name\" content=\"Metropolitan Things\" \/>\n<meta property=\"article:modified_time\" content=\"2025-05-16T12:39:29+00:00\" \/>\n<meta property=\"og:image\" content=\"https:\/\/metropolitanthings.com\/wp-content\/uploads\/2025\/03\/sartentes_categorias.png\" \/>\n\t<meta property=\"og:image:width\" content=\"800\" \/>\n\t<meta property=\"og:image:height\" content=\"800\" \/>\n\t<meta property=\"og:image:type\" content=\"image\/png\" \/>\n<meta name=\"twitter:card\" content=\"summary_large_image\" \/>\n<meta name=\"twitter:label1\" content=\"Temps estimat de lectura\" \/>\n\t<meta name=\"twitter:data1\" content=\"1 minut\" \/>\n<script type=\"application\/ld+json\" class=\"yoast-schema-graph\">{\"@context\":\"https:\/\/schema.org\",\"@graph\":[{\"@type\":\"WebPage\",\"@id\":\"https:\/\/metropolitanthings.com\/ca\/product\/paella-niu-dabella-20-cm\/\",\"url\":\"https:\/\/metropolitanthings.com\/ca\/product\/paella-niu-dabella-20-cm\/\",\"name\":\"Paella Niu d'Abella 20 cm - Metropolitan Things\",\"isPartOf\":{\"@id\":\"https:\/\/metropolitanthings.com\/ca\/#website\"},\"primaryImageOfPage\":{\"@id\":\"https:\/\/metropolitanthings.com\/ca\/product\/paella-niu-dabella-20-cm\/#primaryimage\"},\"image\":{\"@id\":\"https:\/\/metropolitanthings.com\/ca\/product\/paella-niu-dabella-20-cm\/#primaryimage\"},\"thumbnailUrl\":\"https:\/\/metropolitanthings.com\/wp-content\/uploads\/2025\/03\/sartentes_categorias.png\",\"datePublished\":\"2025-03-17T13:07:28+00:00\",\"dateModified\":\"2025-05-16T12:39:29+00:00\",\"breadcrumb\":{\"@id\":\"https:\/\/metropolitanthings.com\/ca\/product\/paella-niu-dabella-20-cm\/#breadcrumb\"},\"inLanguage\":\"ca\",\"potentialAction\":[{\"@type\":\"ReadAction\",\"target\":[\"https:\/\/metropolitanthings.com\/ca\/product\/paella-niu-dabella-20-cm\/\"]}]},{\"@type\":\"ImageObject\",\"inLanguage\":\"ca\",\"@id\":\"https:\/\/metropolitanthings.com\/ca\/product\/paella-niu-dabella-20-cm\/#primaryimage\",\"url\":\"https:\/\/metropolitanthings.com\/wp-content\/uploads\/2025\/03\/sartentes_categorias.png\",\"contentUrl\":\"https:\/\/metropolitanthings.com\/wp-content\/uploads\/2025\/03\/sartentes_categorias.png\",\"width\":800,\"height\":800,\"caption\":\"sarten-metropolitan-things\"},{\"@type\":\"BreadcrumbList\",\"@id\":\"https:\/\/metropolitanthings.com\/ca\/product\/paella-niu-dabella-20-cm\/#breadcrumb\",\"itemListElement\":[{\"@type\":\"ListItem\",\"position\":1,\"name\":\"Home\",\"item\":\"https:\/\/metropolitanthings.com\/ca\/\"},{\"@type\":\"ListItem\",\"position\":2,\"name\":\"Botiga\",\"item\":\"https:\/\/metropolitanthings.com\/botiga\/\"},{\"@type\":\"ListItem\",\"position\":3,\"name\":\"Paella Niu d&#8217;Abella 20 cm\"}]},{\"@type\":\"WebSite\",\"@id\":\"https:\/\/metropolitanthings.com\/ca\/#website\",\"url\":\"https:\/\/metropolitanthings.com\/ca\/\",\"name\":\"Metropolitan Things\",\"description\":\"\",\"publisher\":{\"@id\":\"https:\/\/metropolitanthings.com\/ca\/#organization\"},\"potentialAction\":[{\"@type\":\"SearchAction\",\"target\":{\"@type\":\"EntryPoint\",\"urlTemplate\":\"https:\/\/metropolitanthings.com\/ca\/?s={search_term_string}\"},\"query-input\":{\"@type\":\"PropertyValueSpecification\",\"valueRequired\":true,\"valueName\":\"search_term_string\"}}],\"inLanguage\":\"ca\"},{\"@type\":\"Organization\",\"@id\":\"https:\/\/metropolitanthings.com\/ca\/#organization\",\"name\":\"Metropolitan Things\",\"url\":\"https:\/\/metropolitanthings.com\/ca\/\",\"logo\":{\"@type\":\"ImageObject\",\"inLanguage\":\"ca\",\"@id\":\"https:\/\/metropolitanthings.com\/ca\/#\/schema\/logo\/image\/\",\"url\":\"https:\/\/metropolitanthings.com\/wp-content\/uploads\/2025\/02\/cropped-cropped-logo-metropolitan.png\",\"contentUrl\":\"https:\/\/metropolitanthings.com\/wp-content\/uploads\/2025\/02\/cropped-cropped-logo-metropolitan.png\",\"width\":512,\"height\":512,\"caption\":\"Metropolitan Things\"},\"image\":{\"@id\":\"https:\/\/metropolitanthings.com\/ca\/#\/schema\/logo\/image\/\"}}]}<\/script>\n<!-- \/ Yoast SEO plugin. -->","yoast_head_json":{"title":"Paella Niu d'Abella 20 cm - Metropolitan Things","robots":{"index":"index","follow":"follow","max-snippet":"max-snippet:-1","max-image-preview":"max-image-preview:large","max-video-preview":"max-video-preview:-1"},"canonical":"https:\/\/metropolitanthings.com\/ca\/product\/paella-niu-dabella-20-cm\/","og_locale":"ca_ES","og_type":"article","og_title":"Paella Niu d'Abella 20 cm - Metropolitan Things","og_description":"La paella antiadherent amb disseny de niu d&#8217;abella \u00e9s una eina essencial per a qualsevol cuina moderna. La seva superf\u00edcie \u00fanica, inspirada en l&#8217;estructura hexagonal d&#8217;una [\u2026]","og_url":"https:\/\/metropolitanthings.com\/ca\/product\/paella-niu-dabella-20-cm\/","og_site_name":"Metropolitan Things","article_modified_time":"2025-05-16T12:39:29+00:00","og_image":[{"width":800,"height":800,"url":"https:\/\/metropolitanthings.com\/wp-content\/uploads\/2025\/03\/sartentes_categorias.png","type":"image\/png"}],"twitter_card":"summary_large_image","twitter_misc":{"Temps estimat de lectura":"1 minut"},"schema":{"@context":"https:\/\/schema.org","@graph":[{"@type":"WebPage","@id":"https:\/\/metropolitanthings.com\/ca\/product\/paella-niu-dabella-20-cm\/","url":"https:\/\/metropolitanthings.com\/ca\/product\/paella-niu-dabella-20-cm\/","name":"Paella Niu d'Abella 20 cm - Metropolitan Things","isPartOf":{"@id":"https:\/\/metropolitanthings.com\/ca\/#website"},"primaryImageOfPage":{"@id":"https:\/\/metropolitanthings.com\/ca\/product\/paella-niu-dabella-20-cm\/#primaryimage"},"image":{"@id":"https:\/\/metropolitanthings.com\/ca\/product\/paella-niu-dabella-20-cm\/#primaryimage"},"thumbnailUrl":"https:\/\/metropolitanthings.com\/wp-content\/uploads\/2025\/03\/sartentes_categorias.png","datePublished":"2025-03-17T13:07:28+00:00","dateModified":"2025-05-16T12:39:29+00:00","breadcrumb":{"@id":"https:\/\/metropolitanthings.com\/ca\/product\/paella-niu-dabella-20-cm\/#breadcrumb"},"inLanguage":"ca","potentialAction":[{"@type":"ReadAction","target":["https:\/\/metropolitanthings.com\/ca\/product\/paella-niu-dabella-20-cm\/"]}]},{"@type":"ImageObject","inLanguage":"ca","@id":"https:\/\/metropolitanthings.com\/ca\/product\/paella-niu-dabella-20-cm\/#primaryimage","url":"https:\/\/metropolitanthings.com\/wp-content\/uploads\/2025\/03\/sartentes_categorias.png","contentUrl":"https:\/\/metropolitanthings.com\/wp-content\/uploads\/2025\/03\/sartentes_categorias.png","width":800,"height":800,"caption":"sarten-metropolitan-things"},{"@type":"BreadcrumbList","@id":"https:\/\/metropolitanthings.com\/ca\/product\/paella-niu-dabella-20-cm\/#breadcrumb","itemListElement":[{"@type":"ListItem","position":1,"name":"Home","item":"https:\/\/metropolitanthings.com\/ca\/"},{"@type":"ListItem","position":2,"name":"Botiga","item":"https:\/\/metropolitanthings.com\/botiga\/"},{"@type":"ListItem","position":3,"name":"Paella Niu d&#8217;Abella 20 cm"}]},{"@type":"WebSite","@id":"https:\/\/metropolitanthings.com\/ca\/#website","url":"https:\/\/metropolitanthings.com\/ca\/","name":"Metropolitan Things","description":"","publisher":{"@id":"https:\/\/metropolitanthings.com\/ca\/#organization"},"potentialAction":[{"@type":"SearchAction","target":{"@type":"EntryPoint","urlTemplate":"https:\/\/metropolitanthings.com\/ca\/?s={search_term_string}"},"query-input":{"@type":"PropertyValueSpecification","valueRequired":true,"valueName":"search_term_string"}}],"inLanguage":"ca"},{"@type":"Organization","@id":"https:\/\/metropolitanthings.com\/ca\/#organization","name":"Metropolitan Things","url":"https:\/\/metropolitanthings.com\/ca\/","logo":{"@type":"ImageObject","inLanguage":"ca","@id":"https:\/\/metropolitanthings.com\/ca\/#\/schema\/logo\/image\/","url":"https:\/\/metropolitanthings.com\/wp-content\/uploads\/2025\/02\/cropped-cropped-logo-metropolitan.png","contentUrl":"https:\/\/metropolitanthings.com\/wp-content\/uploads\/2025\/02\/cropped-cropped-logo-metropolitan.png","width":512,"height":512,"caption":"Metropolitan Things"},"image":{"@id":"https:\/\/metropolitanthings.com\/ca\/#\/schema\/logo\/image\/"}}]}},"jetpack_sharing_enabled":true,"_links":{"self":[{"href":"https:\/\/metropolitanthings.com\/ca\/wp-json\/wp\/v2\/product\/2034","targetHints":{"allow":["GET"]}}],"collection":[{"href":"https:\/\/metropolitanthings.com\/ca\/wp-json\/wp\/v2\/product"}],"about":[{"href":"https:\/\/metropolitanthings.com\/ca\/wp-json\/wp\/v2\/types\/product"}],"version-history":[{"count":2,"href":"https:\/\/metropolitanthings.com\/ca\/wp-json\/wp\/v2\/product\/2034\/revisions"}],"predecessor-version":[{"id":2282,"href":"https:\/\/metropolitanthings.com\/ca\/wp-json\/wp\/v2\/product\/2034\/revisions\/2282"}],"wp:featuredmedia":[{"embeddable":true,"href":"https:\/\/metropolitanthings.com\/ca\/wp-json\/wp\/v2\/media\/1575"}],"wp:attachment":[{"href":"https:\/\/metropolitanthings.com\/ca\/wp-json\/wp\/v2\/media?parent=2034"}],"wp:term":[{"taxonomy":"product_brand","embeddable":true,"href":"https:\/\/metropolitanthings.com\/ca\/wp-json\/wp\/v2\/product_brand?post=2034"},{"taxonomy":"product_cat","embeddable":true,"href":"https:\/\/metropolitanthings.com\/ca\/wp-json\/wp\/v2\/product_cat?post=2034"},{"taxonomy":"product_tag","embeddable":true,"href":"https:\/\/metropolitanthings.com\/ca\/wp-json\/wp\/v2\/product_tag?post=2034"}],"curies":[{"name":"wp","href":"https:\/\/api.w.org\/{rel}","templated":true}]}}