{"id":2027,"date":"2025-03-17T13:21:42","date_gmt":"2025-03-17T13:21:42","guid":{"rendered":"https:\/\/metropolitanthings.com\/product\/olla-acer-inoxidable-24-cm\/"},"modified":"2025-05-16T11:48:57","modified_gmt":"2025-05-16T11:48:57","slug":"olla-acer-inoxidable-24-cm","status":"publish","type":"product","link":"https:\/\/metropolitanthings.com\/ca\/product\/olla-acer-inoxidable-24-cm\/","title":{"rendered":"Olla Acer Inoxidable 24 cm"},"content":{"rendered":"<p data-start=\"0\" data-end=\"164\"><span class=\"relative -mx-px my-[-0.2rem] rounded px-px py-[0.2rem]\">Fabricada en acer inoxidable d&#8217;alta qualitat, aquesta olla garanteix durabilitat i resist\u00e8ncia a la corrosi\u00f3, assegurant una llarga vida \u00fatil.<\/span> <span class=\"relative -mx-px my-[-0.2rem] rounded px-px py-[0.2rem]\">El seu disseny alt i elegant no sols aporta est\u00e8tica a la teva cuina, sin\u00f3 que tamb\u00e9 \u00e9s funcional per a la preparaci\u00f3 d&#8217;una \u00e0mplia varietat de plats.\u200b<\/span><\/p>\n<p data-start=\"166\" data-end=\"197\"><strong data-start=\"166\" data-end=\"197\">Caracter\u00edstiques:<\/strong><\/p>\n<ul data-start=\"199\" data-end=\"563\">\n<li data-start=\"199\" data-end=\"323\">\n<p data-start=\"201\" data-end=\"323\"><strong data-start=\"201\" data-end=\"241\">Tapa de vidre amb v\u00e0lvula de vapor:<\/strong><\/p>\n<\/li>\n<li data-start=\"325\" data-end=\"453\">\n<p data-start=\"327\" data-end=\"453\"><strong data-start=\"327\" data-end=\"371\">Compatibilitat amb tota mena de cuines:<\/strong> <span class=\"relative -mx-px my-[-0.2rem] rounded px-px py-[0.2rem]\">apta per al seu \u00fas en cuines de gas, vitrocer\u00e0mica, el\u00e8ctriques i inducci\u00f3<\/span><\/p>\n<\/li>\n<li data-start=\"325\" data-end=\"453\">\n<p data-start=\"327\" data-end=\"453\"><strong data-start=\"457\" data-end=\"481\">Grand\u00e0ria:<\/strong> 24cms<\/p>\n<\/li>\n<\/ul>\n<p>\u200b<\/p>\n<p data-start=\"2043\" data-end=\"2142\">\n","protected":false},"excerpt":{"rendered":"<p><span class=\"relative -mx-px my-[-0.2rem] rounded px-px py-[0.2rem]\">Aquesta olla \u00e9s el complement perfecte per a la teva cuina, dissenyada per a satisfer les necessitats de fam\u00edlies nombroses o per a la preparaci\u00f3 de grans quantitats d&#8217;aliments.<\/span><\/p>\n","protected":false},"featured_media":1356,"template":"","meta":[],"product_brand":[],"product_cat":[109,124],"product_tag":[],"class_list":{"0":"post-2027","1":"product","2":"type-product","3":"status-publish","4":"has-post-thumbnail","6":"product_cat-ollas-ca","7":"product_cat-sartenes-y-ollas-ca","9":"first","10":"instock","11":"taxable","12":"shipping-taxable","13":"purchasable","14":"product-type-simple"},"yoast_head":"<!-- This site is optimized with the Yoast SEO plugin v27.1.1 - https:\/\/yoast.com\/product\/yoast-seo-wordpress\/ -->\n<title>Olla Acer Inoxidable 24 cm - Metropolitan Things<\/title>\n<meta name=\"robots\" content=\"index, follow, max-snippet:-1, max-image-preview:large, max-video-preview:-1\" \/>\n<link rel=\"canonical\" href=\"https:\/\/metropolitanthings.com\/ca\/product\/olla-acer-inoxidable-24-cm\/\" \/>\n<meta property=\"og:locale\" content=\"ca_ES\" \/>\n<meta property=\"og:type\" content=\"article\" \/>\n<meta property=\"og:title\" content=\"Olla Acer Inoxidable 24 cm - Metropolitan Things\" \/>\n<meta property=\"og:description\" content=\"Aquesta olla \u00e9s el complement perfecte per a la teva cuina, dissenyada per a satisfer les necessitats de fam\u00edlies nombroses o per a la preparaci\u00f3 de grans quantitats d&#039;aliments.\" \/>\n<meta property=\"og:url\" content=\"https:\/\/metropolitanthings.com\/ca\/product\/olla-acer-inoxidable-24-cm\/\" \/>\n<meta property=\"og:site_name\" content=\"Metropolitan Things\" \/>\n<meta property=\"article:modified_time\" content=\"2025-05-16T11:48:57+00:00\" \/>\n<meta property=\"og:image\" content=\"https:\/\/metropolitanthings.com\/wp-content\/uploads\/2025\/02\/olla.webp\" \/>\n\t<meta property=\"og:image:width\" content=\"800\" \/>\n\t<meta property=\"og:image:height\" content=\"800\" \/>\n\t<meta property=\"og:image:type\" content=\"image\/webp\" \/>\n<meta name=\"twitter:card\" content=\"summary_large_image\" \/>\n<meta name=\"twitter:label1\" content=\"Temps estimat de lectura\" \/>\n\t<meta name=\"twitter:data1\" content=\"1 minut\" \/>\n<script type=\"application\/ld+json\" class=\"yoast-schema-graph\">{\"@context\":\"https:\/\/schema.org\",\"@graph\":[{\"@type\":\"WebPage\",\"@id\":\"https:\/\/metropolitanthings.com\/ca\/product\/olla-acer-inoxidable-24-cm\/\",\"url\":\"https:\/\/metropolitanthings.com\/ca\/product\/olla-acer-inoxidable-24-cm\/\",\"name\":\"Olla Acer Inoxidable 24 cm - Metropolitan Things\",\"isPartOf\":{\"@id\":\"https:\/\/metropolitanthings.com\/ca\/#website\"},\"primaryImageOfPage\":{\"@id\":\"https:\/\/metropolitanthings.com\/ca\/product\/olla-acer-inoxidable-24-cm\/#primaryimage\"},\"image\":{\"@id\":\"https:\/\/metropolitanthings.com\/ca\/product\/olla-acer-inoxidable-24-cm\/#primaryimage\"},\"thumbnailUrl\":\"https:\/\/metropolitanthings.com\/wp-content\/uploads\/2025\/02\/olla.webp\",\"datePublished\":\"2025-03-17T13:21:42+00:00\",\"dateModified\":\"2025-05-16T11:48:57+00:00\",\"breadcrumb\":{\"@id\":\"https:\/\/metropolitanthings.com\/ca\/product\/olla-acer-inoxidable-24-cm\/#breadcrumb\"},\"inLanguage\":\"ca\",\"potentialAction\":[{\"@type\":\"ReadAction\",\"target\":[\"https:\/\/metropolitanthings.com\/ca\/product\/olla-acer-inoxidable-24-cm\/\"]}]},{\"@type\":\"ImageObject\",\"inLanguage\":\"ca\",\"@id\":\"https:\/\/metropolitanthings.com\/ca\/product\/olla-acer-inoxidable-24-cm\/#primaryimage\",\"url\":\"https:\/\/metropolitanthings.com\/wp-content\/uploads\/2025\/02\/olla.webp\",\"contentUrl\":\"https:\/\/metropolitanthings.com\/wp-content\/uploads\/2025\/02\/olla.webp\",\"width\":800,\"height\":800,\"caption\":\"olla-acero-inoxidable-metropolitan-things\"},{\"@type\":\"BreadcrumbList\",\"@id\":\"https:\/\/metropolitanthings.com\/ca\/product\/olla-acer-inoxidable-24-cm\/#breadcrumb\",\"itemListElement\":[{\"@type\":\"ListItem\",\"position\":1,\"name\":\"Home\",\"item\":\"https:\/\/metropolitanthings.com\/ca\/\"},{\"@type\":\"ListItem\",\"position\":2,\"name\":\"Botiga\",\"item\":\"https:\/\/metropolitanthings.com\/botiga\/\"},{\"@type\":\"ListItem\",\"position\":3,\"name\":\"Olla Acer Inoxidable 24 cm\"}]},{\"@type\":\"WebSite\",\"@id\":\"https:\/\/metropolitanthings.com\/ca\/#website\",\"url\":\"https:\/\/metropolitanthings.com\/ca\/\",\"name\":\"Metropolitan Things\",\"description\":\"\",\"publisher\":{\"@id\":\"https:\/\/metropolitanthings.com\/ca\/#organization\"},\"potentialAction\":[{\"@type\":\"SearchAction\",\"target\":{\"@type\":\"EntryPoint\",\"urlTemplate\":\"https:\/\/metropolitanthings.com\/ca\/?s={search_term_string}\"},\"query-input\":{\"@type\":\"PropertyValueSpecification\",\"valueRequired\":true,\"valueName\":\"search_term_string\"}}],\"inLanguage\":\"ca\"},{\"@type\":\"Organization\",\"@id\":\"https:\/\/metropolitanthings.com\/ca\/#organization\",\"name\":\"Metropolitan Things\",\"url\":\"https:\/\/metropolitanthings.com\/ca\/\",\"logo\":{\"@type\":\"ImageObject\",\"inLanguage\":\"ca\",\"@id\":\"https:\/\/metropolitanthings.com\/ca\/#\/schema\/logo\/image\/\",\"url\":\"https:\/\/metropolitanthings.com\/wp-content\/uploads\/2025\/02\/cropped-cropped-logo-metropolitan.png\",\"contentUrl\":\"https:\/\/metropolitanthings.com\/wp-content\/uploads\/2025\/02\/cropped-cropped-logo-metropolitan.png\",\"width\":512,\"height\":512,\"caption\":\"Metropolitan Things\"},\"image\":{\"@id\":\"https:\/\/metropolitanthings.com\/ca\/#\/schema\/logo\/image\/\"}}]}<\/script>\n<!-- \/ Yoast SEO plugin. -->","yoast_head_json":{"title":"Olla Acer Inoxidable 24 cm - Metropolitan Things","robots":{"index":"index","follow":"follow","max-snippet":"max-snippet:-1","max-image-preview":"max-image-preview:large","max-video-preview":"max-video-preview:-1"},"canonical":"https:\/\/metropolitanthings.com\/ca\/product\/olla-acer-inoxidable-24-cm\/","og_locale":"ca_ES","og_type":"article","og_title":"Olla Acer Inoxidable 24 cm - Metropolitan Things","og_description":"Aquesta olla \u00e9s el complement perfecte per a la teva cuina, dissenyada per a satisfer les necessitats de fam\u00edlies nombroses o per a la preparaci\u00f3 de grans quantitats d'aliments.","og_url":"https:\/\/metropolitanthings.com\/ca\/product\/olla-acer-inoxidable-24-cm\/","og_site_name":"Metropolitan Things","article_modified_time":"2025-05-16T11:48:57+00:00","og_image":[{"width":800,"height":800,"url":"https:\/\/metropolitanthings.com\/wp-content\/uploads\/2025\/02\/olla.webp","type":"image\/webp"}],"twitter_card":"summary_large_image","twitter_misc":{"Temps estimat de lectura":"1 minut"},"schema":{"@context":"https:\/\/schema.org","@graph":[{"@type":"WebPage","@id":"https:\/\/metropolitanthings.com\/ca\/product\/olla-acer-inoxidable-24-cm\/","url":"https:\/\/metropolitanthings.com\/ca\/product\/olla-acer-inoxidable-24-cm\/","name":"Olla Acer Inoxidable 24 cm - Metropolitan Things","isPartOf":{"@id":"https:\/\/metropolitanthings.com\/ca\/#website"},"primaryImageOfPage":{"@id":"https:\/\/metropolitanthings.com\/ca\/product\/olla-acer-inoxidable-24-cm\/#primaryimage"},"image":{"@id":"https:\/\/metropolitanthings.com\/ca\/product\/olla-acer-inoxidable-24-cm\/#primaryimage"},"thumbnailUrl":"https:\/\/metropolitanthings.com\/wp-content\/uploads\/2025\/02\/olla.webp","datePublished":"2025-03-17T13:21:42+00:00","dateModified":"2025-05-16T11:48:57+00:00","breadcrumb":{"@id":"https:\/\/metropolitanthings.com\/ca\/product\/olla-acer-inoxidable-24-cm\/#breadcrumb"},"inLanguage":"ca","potentialAction":[{"@type":"ReadAction","target":["https:\/\/metropolitanthings.com\/ca\/product\/olla-acer-inoxidable-24-cm\/"]}]},{"@type":"ImageObject","inLanguage":"ca","@id":"https:\/\/metropolitanthings.com\/ca\/product\/olla-acer-inoxidable-24-cm\/#primaryimage","url":"https:\/\/metropolitanthings.com\/wp-content\/uploads\/2025\/02\/olla.webp","contentUrl":"https:\/\/metropolitanthings.com\/wp-content\/uploads\/2025\/02\/olla.webp","width":800,"height":800,"caption":"olla-acero-inoxidable-metropolitan-things"},{"@type":"BreadcrumbList","@id":"https:\/\/metropolitanthings.com\/ca\/product\/olla-acer-inoxidable-24-cm\/#breadcrumb","itemListElement":[{"@type":"ListItem","position":1,"name":"Home","item":"https:\/\/metropolitanthings.com\/ca\/"},{"@type":"ListItem","position":2,"name":"Botiga","item":"https:\/\/metropolitanthings.com\/botiga\/"},{"@type":"ListItem","position":3,"name":"Olla Acer Inoxidable 24 cm"}]},{"@type":"WebSite","@id":"https:\/\/metropolitanthings.com\/ca\/#website","url":"https:\/\/metropolitanthings.com\/ca\/","name":"Metropolitan Things","description":"","publisher":{"@id":"https:\/\/metropolitanthings.com\/ca\/#organization"},"potentialAction":[{"@type":"SearchAction","target":{"@type":"EntryPoint","urlTemplate":"https:\/\/metropolitanthings.com\/ca\/?s={search_term_string}"},"query-input":{"@type":"PropertyValueSpecification","valueRequired":true,"valueName":"search_term_string"}}],"inLanguage":"ca"},{"@type":"Organization","@id":"https:\/\/metropolitanthings.com\/ca\/#organization","name":"Metropolitan Things","url":"https:\/\/metropolitanthings.com\/ca\/","logo":{"@type":"ImageObject","inLanguage":"ca","@id":"https:\/\/metropolitanthings.com\/ca\/#\/schema\/logo\/image\/","url":"https:\/\/metropolitanthings.com\/wp-content\/uploads\/2025\/02\/cropped-cropped-logo-metropolitan.png","contentUrl":"https:\/\/metropolitanthings.com\/wp-content\/uploads\/2025\/02\/cropped-cropped-logo-metropolitan.png","width":512,"height":512,"caption":"Metropolitan Things"},"image":{"@id":"https:\/\/metropolitanthings.com\/ca\/#\/schema\/logo\/image\/"}}]}},"jetpack_sharing_enabled":true,"_links":{"self":[{"href":"https:\/\/metropolitanthings.com\/ca\/wp-json\/wp\/v2\/product\/2027","targetHints":{"allow":["GET"]}}],"collection":[{"href":"https:\/\/metropolitanthings.com\/ca\/wp-json\/wp\/v2\/product"}],"about":[{"href":"https:\/\/metropolitanthings.com\/ca\/wp-json\/wp\/v2\/types\/product"}],"version-history":[{"count":1,"href":"https:\/\/metropolitanthings.com\/ca\/wp-json\/wp\/v2\/product\/2027\/revisions"}],"predecessor-version":[{"id":2029,"href":"https:\/\/metropolitanthings.com\/ca\/wp-json\/wp\/v2\/product\/2027\/revisions\/2029"}],"wp:featuredmedia":[{"embeddable":true,"href":"https:\/\/metropolitanthings.com\/ca\/wp-json\/wp\/v2\/media\/1356"}],"wp:attachment":[{"href":"https:\/\/metropolitanthings.com\/ca\/wp-json\/wp\/v2\/media?parent=2027"}],"wp:term":[{"taxonomy":"product_brand","embeddable":true,"href":"https:\/\/metropolitanthings.com\/ca\/wp-json\/wp\/v2\/product_brand?post=2027"},{"taxonomy":"product_cat","embeddable":true,"href":"https:\/\/metropolitanthings.com\/ca\/wp-json\/wp\/v2\/product_cat?post=2027"},{"taxonomy":"product_tag","embeddable":true,"href":"https:\/\/metropolitanthings.com\/ca\/wp-json\/wp\/v2\/product_tag?post=2027"}],"curies":[{"name":"wp","href":"https:\/\/api.w.org\/{rel}","templated":true}]}}