{"id":2026,"date":"2025-03-17T13:31:26","date_gmt":"2025-03-17T13:31:26","guid":{"rendered":"https:\/\/metropolitanthings.com\/product\/picadora-gran\/"},"modified":"2025-05-16T11:48:44","modified_gmt":"2025-05-16T11:48:44","slug":"picadora-gran","status":"publish","type":"product","link":"https:\/\/metropolitanthings.com\/ca\/product\/picadora-gran\/","title":{"rendered":"Picadora gran"},"content":{"rendered":"<p data-start=\"0\" data-end=\"88\"><span class=\"relative -mx-px my-[-0.2rem] rounded px-px py-[0.2rem]\">Eina essencial en qualsevol cuina, dissenyada per a facilitar la preparaci\u00f3 d&#8217;aliments en permetre picar, triturar i barrejar ingredients de manera eficient.\u200b<\/span><\/p>\n<p data-start=\"90\" data-end=\"122\"><strong data-start=\"90\" data-end=\"122\">Caracter\u00edstiques principals:<\/strong><\/p>\n<ul data-start=\"124\" data-end=\"658\">\n<li data-start=\"124\" data-end=\"222\">\n<p data-start=\"126\" data-end=\"222\"><strong data-start=\"126\" data-end=\"140\">Capacitat: <\/strong><span class=\"relative -mx-px my-[-0.2rem] rounded px-px py-[0.2rem]\">El seu ampli recipient permet processar grans quantitats d&#8217;aliments en una sola operaci\u00f3, ideal per a fam\u00edlies nombroses o preparacions en esdeveniments.<\/span>\u200b<\/p>\n<\/li>\n<li data-start=\"224\" data-end=\"321\">\n<p data-start=\"226\" data-end=\"321\"><strong data-start=\"226\" data-end=\"239\">Pot\u00e8ncia: <\/strong><span class=\"relative -mx-px my-[-0.2rem] rounded px-px py-[0.2rem]\">Equipada amb un motor robust que garanteix un rendiment \u00f2ptim, permetent picar des de vegetals fins a carns amb facilitat.\u200b<\/span><\/p>\n<\/li>\n<li data-start=\"323\" data-end=\"441\">\n<p data-start=\"325\" data-end=\"441\"><strong data-start=\"325\" data-end=\"359\">Fulles d&#8217;acer inoxidable:<\/strong><span class=\"relative -mx-px my-[-0.2rem] rounded px-px py-[0.2rem]\"> Les fulles esmolades asseguren un tall prec\u00eds i uniforme, a m\u00e9s de ser resistents a la corrosi\u00f3, la qual cosa prolonga la vida \u00fatil del producte.\u200b<\/span><\/p>\n<\/li>\n<li data-start=\"443\" data-end=\"549\">\n<p data-start=\"445\" data-end=\"549\"><strong data-start=\"445\" data-end=\"467\">Disseny ergon\u00f2mic:<\/strong> <span class=\"relative -mx-px my-[-0.2rem] rounded px-px py-[0.2rem]\">La seva estructura est\u00e0 pensada per a un \u00fas c\u00f2mode i segur, amb bases antilliscants que brinden estabilitat durant el funcionament.\u200b<\/span><\/p>\n<\/li>\n<li data-start=\"551\" data-end=\"658\">\n<p data-start=\"553\" data-end=\"658\"><strong data-start=\"553\" data-end=\"572\">F\u00e0cil neteja: <\/strong><span class=\"relative -mx-px my-[-0.2rem] rounded px-px py-[0.2rem]\">Les peces desmuntables faciliten la neteja, sent aptes per a rentavaixelles, la qual cosa estalvia temps en el manteniment de l&#8217;equip.<\/span><\/p>\n<\/li>\n<\/ul>\n","protected":false},"excerpt":{"rendered":"<p>Eina essencial en qualsevol cuina, dissenyada per a facilitar la preparaci\u00f3 d&#8217;aliments en permetre picar, triturar i barrejar ingredients de manera eficient.\u200b Caracter\u00edstiques principals: Capacitat: El<span class=\"excerpt-hellip\"> [\u2026]<\/span><\/p>\n","protected":false},"featured_media":1358,"template":"","meta":[],"product_brand":[],"product_cat":[112,119],"product_tag":[],"class_list":{"0":"post-2026","1":"product","2":"type-product","3":"status-publish","4":"has-post-thumbnail","6":"product_cat-petit-electrodomestic","7":"product_cat-picadoras-ca","9":"first","10":"instock","11":"taxable","12":"shipping-taxable","13":"purchasable","14":"product-type-simple"},"yoast_head":"<!-- This site is optimized with the Yoast SEO plugin v27.1.1 - https:\/\/yoast.com\/product\/yoast-seo-wordpress\/ -->\n<title>Picadora gran - Metropolitan Things<\/title>\n<meta name=\"robots\" content=\"index, follow, max-snippet:-1, max-image-preview:large, max-video-preview:-1\" \/>\n<link rel=\"canonical\" href=\"https:\/\/metropolitanthings.com\/ca\/product\/picadora-gran\/\" \/>\n<meta property=\"og:locale\" content=\"ca_ES\" \/>\n<meta property=\"og:type\" content=\"article\" \/>\n<meta property=\"og:title\" content=\"Picadora gran - Metropolitan Things\" \/>\n<meta property=\"og:description\" content=\"Eina essencial en qualsevol cuina, dissenyada per a facilitar la preparaci\u00f3 d&#8217;aliments en permetre picar, triturar i barrejar ingredients de manera eficient.\u200b Caracter\u00edstiques principals: Capacitat: El [\u2026]\" \/>\n<meta property=\"og:url\" content=\"https:\/\/metropolitanthings.com\/ca\/product\/picadora-gran\/\" \/>\n<meta property=\"og:site_name\" content=\"Metropolitan Things\" \/>\n<meta property=\"article:modified_time\" content=\"2025-05-16T11:48:44+00:00\" \/>\n<meta property=\"og:image\" content=\"https:\/\/metropolitanthings.com\/wp-content\/uploads\/2025\/03\/batidora-manual.webp\" \/>\n\t<meta property=\"og:image:width\" content=\"800\" \/>\n\t<meta property=\"og:image:height\" content=\"800\" \/>\n\t<meta property=\"og:image:type\" content=\"image\/webp\" \/>\n<meta name=\"twitter:card\" content=\"summary_large_image\" \/>\n<meta name=\"twitter:label1\" content=\"Temps estimat de lectura\" \/>\n\t<meta name=\"twitter:data1\" content=\"1 minut\" \/>\n<script type=\"application\/ld+json\" class=\"yoast-schema-graph\">{\"@context\":\"https:\/\/schema.org\",\"@graph\":[{\"@type\":\"WebPage\",\"@id\":\"https:\/\/metropolitanthings.com\/ca\/product\/picadora-gran\/\",\"url\":\"https:\/\/metropolitanthings.com\/ca\/product\/picadora-gran\/\",\"name\":\"Picadora gran - Metropolitan Things\",\"isPartOf\":{\"@id\":\"https:\/\/metropolitanthings.com\/ca\/#website\"},\"primaryImageOfPage\":{\"@id\":\"https:\/\/metropolitanthings.com\/ca\/product\/picadora-gran\/#primaryimage\"},\"image\":{\"@id\":\"https:\/\/metropolitanthings.com\/ca\/product\/picadora-gran\/#primaryimage\"},\"thumbnailUrl\":\"https:\/\/metropolitanthings.com\/wp-content\/uploads\/2025\/03\/batidora-manual.webp\",\"datePublished\":\"2025-03-17T13:31:26+00:00\",\"dateModified\":\"2025-05-16T11:48:44+00:00\",\"breadcrumb\":{\"@id\":\"https:\/\/metropolitanthings.com\/ca\/product\/picadora-gran\/#breadcrumb\"},\"inLanguage\":\"ca\",\"potentialAction\":[{\"@type\":\"ReadAction\",\"target\":[\"https:\/\/metropolitanthings.com\/ca\/product\/picadora-gran\/\"]}]},{\"@type\":\"ImageObject\",\"inLanguage\":\"ca\",\"@id\":\"https:\/\/metropolitanthings.com\/ca\/product\/picadora-gran\/#primaryimage\",\"url\":\"https:\/\/metropolitanthings.com\/wp-content\/uploads\/2025\/03\/batidora-manual.webp\",\"contentUrl\":\"https:\/\/metropolitanthings.com\/wp-content\/uploads\/2025\/03\/batidora-manual.webp\",\"width\":800,\"height\":800,\"caption\":\"picadora-grande-metropolitan-things\"},{\"@type\":\"BreadcrumbList\",\"@id\":\"https:\/\/metropolitanthings.com\/ca\/product\/picadora-gran\/#breadcrumb\",\"itemListElement\":[{\"@type\":\"ListItem\",\"position\":1,\"name\":\"Home\",\"item\":\"https:\/\/metropolitanthings.com\/ca\/\"},{\"@type\":\"ListItem\",\"position\":2,\"name\":\"Botiga\",\"item\":\"https:\/\/metropolitanthings.com\/botiga\/\"},{\"@type\":\"ListItem\",\"position\":3,\"name\":\"Picadora gran\"}]},{\"@type\":\"WebSite\",\"@id\":\"https:\/\/metropolitanthings.com\/ca\/#website\",\"url\":\"https:\/\/metropolitanthings.com\/ca\/\",\"name\":\"Metropolitan Things\",\"description\":\"\",\"publisher\":{\"@id\":\"https:\/\/metropolitanthings.com\/ca\/#organization\"},\"potentialAction\":[{\"@type\":\"SearchAction\",\"target\":{\"@type\":\"EntryPoint\",\"urlTemplate\":\"https:\/\/metropolitanthings.com\/ca\/?s={search_term_string}\"},\"query-input\":{\"@type\":\"PropertyValueSpecification\",\"valueRequired\":true,\"valueName\":\"search_term_string\"}}],\"inLanguage\":\"ca\"},{\"@type\":\"Organization\",\"@id\":\"https:\/\/metropolitanthings.com\/ca\/#organization\",\"name\":\"Metropolitan Things\",\"url\":\"https:\/\/metropolitanthings.com\/ca\/\",\"logo\":{\"@type\":\"ImageObject\",\"inLanguage\":\"ca\",\"@id\":\"https:\/\/metropolitanthings.com\/ca\/#\/schema\/logo\/image\/\",\"url\":\"https:\/\/metropolitanthings.com\/wp-content\/uploads\/2025\/02\/cropped-cropped-logo-metropolitan.png\",\"contentUrl\":\"https:\/\/metropolitanthings.com\/wp-content\/uploads\/2025\/02\/cropped-cropped-logo-metropolitan.png\",\"width\":512,\"height\":512,\"caption\":\"Metropolitan Things\"},\"image\":{\"@id\":\"https:\/\/metropolitanthings.com\/ca\/#\/schema\/logo\/image\/\"}}]}<\/script>\n<!-- \/ Yoast SEO plugin. -->","yoast_head_json":{"title":"Picadora gran - Metropolitan Things","robots":{"index":"index","follow":"follow","max-snippet":"max-snippet:-1","max-image-preview":"max-image-preview:large","max-video-preview":"max-video-preview:-1"},"canonical":"https:\/\/metropolitanthings.com\/ca\/product\/picadora-gran\/","og_locale":"ca_ES","og_type":"article","og_title":"Picadora gran - Metropolitan Things","og_description":"Eina essencial en qualsevol cuina, dissenyada per a facilitar la preparaci\u00f3 d&#8217;aliments en permetre picar, triturar i barrejar ingredients de manera eficient.\u200b Caracter\u00edstiques principals: Capacitat: El [\u2026]","og_url":"https:\/\/metropolitanthings.com\/ca\/product\/picadora-gran\/","og_site_name":"Metropolitan Things","article_modified_time":"2025-05-16T11:48:44+00:00","og_image":[{"width":800,"height":800,"url":"https:\/\/metropolitanthings.com\/wp-content\/uploads\/2025\/03\/batidora-manual.webp","type":"image\/webp"}],"twitter_card":"summary_large_image","twitter_misc":{"Temps estimat de lectura":"1 minut"},"schema":{"@context":"https:\/\/schema.org","@graph":[{"@type":"WebPage","@id":"https:\/\/metropolitanthings.com\/ca\/product\/picadora-gran\/","url":"https:\/\/metropolitanthings.com\/ca\/product\/picadora-gran\/","name":"Picadora gran - Metropolitan Things","isPartOf":{"@id":"https:\/\/metropolitanthings.com\/ca\/#website"},"primaryImageOfPage":{"@id":"https:\/\/metropolitanthings.com\/ca\/product\/picadora-gran\/#primaryimage"},"image":{"@id":"https:\/\/metropolitanthings.com\/ca\/product\/picadora-gran\/#primaryimage"},"thumbnailUrl":"https:\/\/metropolitanthings.com\/wp-content\/uploads\/2025\/03\/batidora-manual.webp","datePublished":"2025-03-17T13:31:26+00:00","dateModified":"2025-05-16T11:48:44+00:00","breadcrumb":{"@id":"https:\/\/metropolitanthings.com\/ca\/product\/picadora-gran\/#breadcrumb"},"inLanguage":"ca","potentialAction":[{"@type":"ReadAction","target":["https:\/\/metropolitanthings.com\/ca\/product\/picadora-gran\/"]}]},{"@type":"ImageObject","inLanguage":"ca","@id":"https:\/\/metropolitanthings.com\/ca\/product\/picadora-gran\/#primaryimage","url":"https:\/\/metropolitanthings.com\/wp-content\/uploads\/2025\/03\/batidora-manual.webp","contentUrl":"https:\/\/metropolitanthings.com\/wp-content\/uploads\/2025\/03\/batidora-manual.webp","width":800,"height":800,"caption":"picadora-grande-metropolitan-things"},{"@type":"BreadcrumbList","@id":"https:\/\/metropolitanthings.com\/ca\/product\/picadora-gran\/#breadcrumb","itemListElement":[{"@type":"ListItem","position":1,"name":"Home","item":"https:\/\/metropolitanthings.com\/ca\/"},{"@type":"ListItem","position":2,"name":"Botiga","item":"https:\/\/metropolitanthings.com\/botiga\/"},{"@type":"ListItem","position":3,"name":"Picadora gran"}]},{"@type":"WebSite","@id":"https:\/\/metropolitanthings.com\/ca\/#website","url":"https:\/\/metropolitanthings.com\/ca\/","name":"Metropolitan Things","description":"","publisher":{"@id":"https:\/\/metropolitanthings.com\/ca\/#organization"},"potentialAction":[{"@type":"SearchAction","target":{"@type":"EntryPoint","urlTemplate":"https:\/\/metropolitanthings.com\/ca\/?s={search_term_string}"},"query-input":{"@type":"PropertyValueSpecification","valueRequired":true,"valueName":"search_term_string"}}],"inLanguage":"ca"},{"@type":"Organization","@id":"https:\/\/metropolitanthings.com\/ca\/#organization","name":"Metropolitan Things","url":"https:\/\/metropolitanthings.com\/ca\/","logo":{"@type":"ImageObject","inLanguage":"ca","@id":"https:\/\/metropolitanthings.com\/ca\/#\/schema\/logo\/image\/","url":"https:\/\/metropolitanthings.com\/wp-content\/uploads\/2025\/02\/cropped-cropped-logo-metropolitan.png","contentUrl":"https:\/\/metropolitanthings.com\/wp-content\/uploads\/2025\/02\/cropped-cropped-logo-metropolitan.png","width":512,"height":512,"caption":"Metropolitan Things"},"image":{"@id":"https:\/\/metropolitanthings.com\/ca\/#\/schema\/logo\/image\/"}}]}},"jetpack_sharing_enabled":true,"_links":{"self":[{"href":"https:\/\/metropolitanthings.com\/ca\/wp-json\/wp\/v2\/product\/2026","targetHints":{"allow":["GET"]}}],"collection":[{"href":"https:\/\/metropolitanthings.com\/ca\/wp-json\/wp\/v2\/product"}],"about":[{"href":"https:\/\/metropolitanthings.com\/ca\/wp-json\/wp\/v2\/types\/product"}],"version-history":[{"count":1,"href":"https:\/\/metropolitanthings.com\/ca\/wp-json\/wp\/v2\/product\/2026\/revisions"}],"predecessor-version":[{"id":2269,"href":"https:\/\/metropolitanthings.com\/ca\/wp-json\/wp\/v2\/product\/2026\/revisions\/2269"}],"wp:featuredmedia":[{"embeddable":true,"href":"https:\/\/metropolitanthings.com\/ca\/wp-json\/wp\/v2\/media\/1358"}],"wp:attachment":[{"href":"https:\/\/metropolitanthings.com\/ca\/wp-json\/wp\/v2\/media?parent=2026"}],"wp:term":[{"taxonomy":"product_brand","embeddable":true,"href":"https:\/\/metropolitanthings.com\/ca\/wp-json\/wp\/v2\/product_brand?post=2026"},{"taxonomy":"product_cat","embeddable":true,"href":"https:\/\/metropolitanthings.com\/ca\/wp-json\/wp\/v2\/product_cat?post=2026"},{"taxonomy":"product_tag","embeddable":true,"href":"https:\/\/metropolitanthings.com\/ca\/wp-json\/wp\/v2\/product_tag?post=2026"}],"curies":[{"name":"wp","href":"https:\/\/api.w.org\/{rel}","templated":true}]}}