{"id":2025,"date":"2025-03-17T14:00:43","date_gmt":"2025-03-17T14:00:43","guid":{"rendered":"https:\/\/metropolitanthings.com\/product\/pack-de-4-piles-aaa\/"},"modified":"2025-05-16T11:48:23","modified_gmt":"2025-05-16T11:48:23","slug":"pack-de-4-piles-aaa","status":"publish","type":"product","link":"https:\/\/metropolitanthings.com\/ca\/product\/pack-de-4-piles-aaa\/","title":{"rendered":"Pack de 4 Piles AAA"},"content":{"rendered":"<p data-start=\"1136\" data-end=\"1221\"><span class=\"relative -mx-px my-[-0.2rem] rounded px-px py-[0.2rem]\">Les<strong data-start=\"4\" data-end=\"22\"> Piles AAA (R3)<\/strong> s\u00f3n perfectes per a dispositius electr\u00f2nics m\u00e9s petits que requereixen una font d&#8217;energia compacta i eficient.\u200b<\/span><\/p>\n<p data-start=\"1223\" data-end=\"1255\"><strong data-start=\"1223\" data-end=\"1255\">Caracter\u00edstiques principals:<\/strong><\/p>\n<ul data-start=\"1257\" data-end=\"1776\">\n<li data-start=\"1257\" data-end=\"1354\"><strong data-start=\"1259\" data-end=\"1268\">Tipus:<\/strong> <span class=\"relative -mx-px my-[-0.2rem] rounded px-px py-[0.2rem]\">Piles alcalines AAA (R3)\u200b<\/span><\/li>\n<li data-start=\"1355\" data-end=\"1463\"><strong data-start=\"1357\" data-end=\"1377\">Voltatge nominal:<\/strong> <span class=\"relative -mx-px my-[-0.2rem] rounded px-px py-[0.2rem]\">1.5V\u200b<\/span><\/li>\n<li data-start=\"1464\" data-end=\"1573\"><strong data-start=\"1466\" data-end=\"1487\">Capacitat t\u00edpica:<\/strong> <span class=\"relative -mx-px my-[-0.2rem] rounded px-px py-[0.2rem]\">Entre 860 i 1200 mAh, segons el fabricant i la qualitat de la pila\u200b<\/span><\/li>\n<li data-start=\"1574\" data-end=\"1678\"><strong data-start=\"1576\" data-end=\"1592\">Dimensions:<\/strong> <span class=\"relative -mx-px my-[-0.2rem] rounded px-px py-[0.2rem]\">Longitud de 44.5 mm i di\u00e0metre de 10.5 mm\u200b<\/span><\/li>\n<li data-start=\"1679\" data-end=\"1776\"><strong data-start=\"1681\" data-end=\"1690\">Pes:<\/strong> <span class=\"relative -mx-px my-[-0.2rem] rounded px-px py-[0.2rem]\">Aproximadament 11.5 grams<\/span><\/li>\n<\/ul>\n<p data-start=\"1778\" data-end=\"1795\"><strong data-start=\"1778\" data-end=\"1795\">Usos comuns:<\/strong><\/p>\n<p data-start=\"1797\" data-end=\"1882\"><span class=\"relative -mx-px my-[-0.2rem] rounded px-px py-[0.2rem]\">Adequades per a dispositius de baix consum com a controls remots, rellotges de paret, reproductors d&#8217;MP3 i c\u00e0meres digitals compactes<\/span><\/p>\n<p data-start=\"1884\" data-end=\"1899\"><strong data-start=\"1884\" data-end=\"1899\">Beneficis:<\/strong><\/p>\n<ul data-start=\"1901\" data-end=\"2118\">\n<li data-start=\"1901\" data-end=\"2009\"><strong data-start=\"1903\" data-end=\"1923\">Disseny compacte:<\/strong> <span class=\"relative -mx-px my-[-0.2rem] rounded px-px py-[0.2rem]\">Ideals per a dispositius petits i lleugers.<\/span><\/li>\n<li data-start=\"2010\" data-end=\"2118\"><strong data-start=\"2012\" data-end=\"2032\">Llarga vida \u00fatil:<\/strong><\/li>\n<\/ul>\n","protected":false},"excerpt":{"rendered":"<p>Les Piles AAA (R3) s\u00f3n perfectes per a dispositius electr\u00f2nics m\u00e9s petits que requereixen una font d&#8217;energia compacta i eficient.\u200b Caracter\u00edstiques principals: Tipus: Piles alcalines AAA<span class=\"excerpt-hellip\"> [\u2026]<\/span><\/p>\n","protected":false},"featured_media":1601,"template":"","meta":[],"product_brand":[],"product_cat":[107,127],"product_tag":[],"class_list":{"0":"post-2025","1":"product","2":"type-product","3":"status-publish","4":"has-post-thumbnail","6":"product_cat-pilas-ca","7":"product_cat-pilas-r6-ca","9":"first","10":"instock","11":"taxable","12":"shipping-taxable","13":"purchasable","14":"product-type-simple"},"yoast_head":"<!-- This site is optimized with the Yoast SEO plugin v27.1.1 - https:\/\/yoast.com\/product\/yoast-seo-wordpress\/ -->\n<title>Pack de 4 Piles AAA - Metropolitan Things<\/title>\n<meta name=\"robots\" content=\"index, follow, max-snippet:-1, max-image-preview:large, max-video-preview:-1\" \/>\n<link rel=\"canonical\" href=\"https:\/\/metropolitanthings.com\/ca\/product\/pack-de-4-piles-aaa\/\" \/>\n<meta property=\"og:locale\" content=\"ca_ES\" \/>\n<meta property=\"og:type\" content=\"article\" \/>\n<meta property=\"og:title\" content=\"Pack de 4 Piles AAA - Metropolitan Things\" \/>\n<meta property=\"og:description\" content=\"Les Piles AAA (R3) s\u00f3n perfectes per a dispositius electr\u00f2nics m\u00e9s petits que requereixen una font d&#8217;energia compacta i eficient.\u200b Caracter\u00edstiques principals: Tipus: Piles alcalines AAA [\u2026]\" \/>\n<meta property=\"og:url\" content=\"https:\/\/metropolitanthings.com\/ca\/product\/pack-de-4-piles-aaa\/\" \/>\n<meta property=\"og:site_name\" content=\"Metropolitan Things\" \/>\n<meta property=\"article:modified_time\" content=\"2025-05-16T11:48:23+00:00\" \/>\n<meta property=\"og:image\" content=\"https:\/\/metropolitanthings.com\/wp-content\/uploads\/2025\/03\/Panasonic_AAA.webp\" \/>\n\t<meta property=\"og:image:width\" content=\"800\" \/>\n\t<meta property=\"og:image:height\" content=\"800\" \/>\n\t<meta property=\"og:image:type\" content=\"image\/webp\" \/>\n<meta name=\"twitter:card\" content=\"summary_large_image\" \/>\n<meta name=\"twitter:label1\" content=\"Temps estimat de lectura\" \/>\n\t<meta name=\"twitter:data1\" content=\"1 minut\" \/>\n<script type=\"application\/ld+json\" class=\"yoast-schema-graph\">{\"@context\":\"https:\/\/schema.org\",\"@graph\":[{\"@type\":\"WebPage\",\"@id\":\"https:\/\/metropolitanthings.com\/ca\/product\/pack-de-4-piles-aaa\/\",\"url\":\"https:\/\/metropolitanthings.com\/ca\/product\/pack-de-4-piles-aaa\/\",\"name\":\"Pack de 4 Piles AAA - Metropolitan Things\",\"isPartOf\":{\"@id\":\"https:\/\/metropolitanthings.com\/ca\/#website\"},\"primaryImageOfPage\":{\"@id\":\"https:\/\/metropolitanthings.com\/ca\/product\/pack-de-4-piles-aaa\/#primaryimage\"},\"image\":{\"@id\":\"https:\/\/metropolitanthings.com\/ca\/product\/pack-de-4-piles-aaa\/#primaryimage\"},\"thumbnailUrl\":\"https:\/\/metropolitanthings.com\/wp-content\/uploads\/2025\/03\/Panasonic_AAA.webp\",\"datePublished\":\"2025-03-17T14:00:43+00:00\",\"dateModified\":\"2025-05-16T11:48:23+00:00\",\"breadcrumb\":{\"@id\":\"https:\/\/metropolitanthings.com\/ca\/product\/pack-de-4-piles-aaa\/#breadcrumb\"},\"inLanguage\":\"ca\",\"potentialAction\":[{\"@type\":\"ReadAction\",\"target\":[\"https:\/\/metropolitanthings.com\/ca\/product\/pack-de-4-piles-aaa\/\"]}]},{\"@type\":\"ImageObject\",\"inLanguage\":\"ca\",\"@id\":\"https:\/\/metropolitanthings.com\/ca\/product\/pack-de-4-piles-aaa\/#primaryimage\",\"url\":\"https:\/\/metropolitanthings.com\/wp-content\/uploads\/2025\/03\/Panasonic_AAA.webp\",\"contentUrl\":\"https:\/\/metropolitanthings.com\/wp-content\/uploads\/2025\/03\/Panasonic_AAA.webp\",\"width\":800,\"height\":800,\"caption\":\"pack-pilas-aaa-metropolitan-things\"},{\"@type\":\"BreadcrumbList\",\"@id\":\"https:\/\/metropolitanthings.com\/ca\/product\/pack-de-4-piles-aaa\/#breadcrumb\",\"itemListElement\":[{\"@type\":\"ListItem\",\"position\":1,\"name\":\"Home\",\"item\":\"https:\/\/metropolitanthings.com\/ca\/\"},{\"@type\":\"ListItem\",\"position\":2,\"name\":\"Botiga\",\"item\":\"https:\/\/metropolitanthings.com\/botiga\/\"},{\"@type\":\"ListItem\",\"position\":3,\"name\":\"Pack de 4 Piles AAA\"}]},{\"@type\":\"WebSite\",\"@id\":\"https:\/\/metropolitanthings.com\/ca\/#website\",\"url\":\"https:\/\/metropolitanthings.com\/ca\/\",\"name\":\"Metropolitan Things\",\"description\":\"\",\"publisher\":{\"@id\":\"https:\/\/metropolitanthings.com\/ca\/#organization\"},\"potentialAction\":[{\"@type\":\"SearchAction\",\"target\":{\"@type\":\"EntryPoint\",\"urlTemplate\":\"https:\/\/metropolitanthings.com\/ca\/?s={search_term_string}\"},\"query-input\":{\"@type\":\"PropertyValueSpecification\",\"valueRequired\":true,\"valueName\":\"search_term_string\"}}],\"inLanguage\":\"ca\"},{\"@type\":\"Organization\",\"@id\":\"https:\/\/metropolitanthings.com\/ca\/#organization\",\"name\":\"Metropolitan Things\",\"url\":\"https:\/\/metropolitanthings.com\/ca\/\",\"logo\":{\"@type\":\"ImageObject\",\"inLanguage\":\"ca\",\"@id\":\"https:\/\/metropolitanthings.com\/ca\/#\/schema\/logo\/image\/\",\"url\":\"https:\/\/metropolitanthings.com\/wp-content\/uploads\/2025\/02\/cropped-cropped-logo-metropolitan.png\",\"contentUrl\":\"https:\/\/metropolitanthings.com\/wp-content\/uploads\/2025\/02\/cropped-cropped-logo-metropolitan.png\",\"width\":512,\"height\":512,\"caption\":\"Metropolitan Things\"},\"image\":{\"@id\":\"https:\/\/metropolitanthings.com\/ca\/#\/schema\/logo\/image\/\"}}]}<\/script>\n<!-- \/ Yoast SEO plugin. -->","yoast_head_json":{"title":"Pack de 4 Piles AAA - Metropolitan Things","robots":{"index":"index","follow":"follow","max-snippet":"max-snippet:-1","max-image-preview":"max-image-preview:large","max-video-preview":"max-video-preview:-1"},"canonical":"https:\/\/metropolitanthings.com\/ca\/product\/pack-de-4-piles-aaa\/","og_locale":"ca_ES","og_type":"article","og_title":"Pack de 4 Piles AAA - Metropolitan Things","og_description":"Les Piles AAA (R3) s\u00f3n perfectes per a dispositius electr\u00f2nics m\u00e9s petits que requereixen una font d&#8217;energia compacta i eficient.\u200b Caracter\u00edstiques principals: Tipus: Piles alcalines AAA [\u2026]","og_url":"https:\/\/metropolitanthings.com\/ca\/product\/pack-de-4-piles-aaa\/","og_site_name":"Metropolitan Things","article_modified_time":"2025-05-16T11:48:23+00:00","og_image":[{"width":800,"height":800,"url":"https:\/\/metropolitanthings.com\/wp-content\/uploads\/2025\/03\/Panasonic_AAA.webp","type":"image\/webp"}],"twitter_card":"summary_large_image","twitter_misc":{"Temps estimat de lectura":"1 minut"},"schema":{"@context":"https:\/\/schema.org","@graph":[{"@type":"WebPage","@id":"https:\/\/metropolitanthings.com\/ca\/product\/pack-de-4-piles-aaa\/","url":"https:\/\/metropolitanthings.com\/ca\/product\/pack-de-4-piles-aaa\/","name":"Pack de 4 Piles AAA - Metropolitan Things","isPartOf":{"@id":"https:\/\/metropolitanthings.com\/ca\/#website"},"primaryImageOfPage":{"@id":"https:\/\/metropolitanthings.com\/ca\/product\/pack-de-4-piles-aaa\/#primaryimage"},"image":{"@id":"https:\/\/metropolitanthings.com\/ca\/product\/pack-de-4-piles-aaa\/#primaryimage"},"thumbnailUrl":"https:\/\/metropolitanthings.com\/wp-content\/uploads\/2025\/03\/Panasonic_AAA.webp","datePublished":"2025-03-17T14:00:43+00:00","dateModified":"2025-05-16T11:48:23+00:00","breadcrumb":{"@id":"https:\/\/metropolitanthings.com\/ca\/product\/pack-de-4-piles-aaa\/#breadcrumb"},"inLanguage":"ca","potentialAction":[{"@type":"ReadAction","target":["https:\/\/metropolitanthings.com\/ca\/product\/pack-de-4-piles-aaa\/"]}]},{"@type":"ImageObject","inLanguage":"ca","@id":"https:\/\/metropolitanthings.com\/ca\/product\/pack-de-4-piles-aaa\/#primaryimage","url":"https:\/\/metropolitanthings.com\/wp-content\/uploads\/2025\/03\/Panasonic_AAA.webp","contentUrl":"https:\/\/metropolitanthings.com\/wp-content\/uploads\/2025\/03\/Panasonic_AAA.webp","width":800,"height":800,"caption":"pack-pilas-aaa-metropolitan-things"},{"@type":"BreadcrumbList","@id":"https:\/\/metropolitanthings.com\/ca\/product\/pack-de-4-piles-aaa\/#breadcrumb","itemListElement":[{"@type":"ListItem","position":1,"name":"Home","item":"https:\/\/metropolitanthings.com\/ca\/"},{"@type":"ListItem","position":2,"name":"Botiga","item":"https:\/\/metropolitanthings.com\/botiga\/"},{"@type":"ListItem","position":3,"name":"Pack de 4 Piles AAA"}]},{"@type":"WebSite","@id":"https:\/\/metropolitanthings.com\/ca\/#website","url":"https:\/\/metropolitanthings.com\/ca\/","name":"Metropolitan Things","description":"","publisher":{"@id":"https:\/\/metropolitanthings.com\/ca\/#organization"},"potentialAction":[{"@type":"SearchAction","target":{"@type":"EntryPoint","urlTemplate":"https:\/\/metropolitanthings.com\/ca\/?s={search_term_string}"},"query-input":{"@type":"PropertyValueSpecification","valueRequired":true,"valueName":"search_term_string"}}],"inLanguage":"ca"},{"@type":"Organization","@id":"https:\/\/metropolitanthings.com\/ca\/#organization","name":"Metropolitan Things","url":"https:\/\/metropolitanthings.com\/ca\/","logo":{"@type":"ImageObject","inLanguage":"ca","@id":"https:\/\/metropolitanthings.com\/ca\/#\/schema\/logo\/image\/","url":"https:\/\/metropolitanthings.com\/wp-content\/uploads\/2025\/02\/cropped-cropped-logo-metropolitan.png","contentUrl":"https:\/\/metropolitanthings.com\/wp-content\/uploads\/2025\/02\/cropped-cropped-logo-metropolitan.png","width":512,"height":512,"caption":"Metropolitan Things"},"image":{"@id":"https:\/\/metropolitanthings.com\/ca\/#\/schema\/logo\/image\/"}}]}},"jetpack_sharing_enabled":true,"_links":{"self":[{"href":"https:\/\/metropolitanthings.com\/ca\/wp-json\/wp\/v2\/product\/2025","targetHints":{"allow":["GET"]}}],"collection":[{"href":"https:\/\/metropolitanthings.com\/ca\/wp-json\/wp\/v2\/product"}],"about":[{"href":"https:\/\/metropolitanthings.com\/ca\/wp-json\/wp\/v2\/types\/product"}],"version-history":[{"count":1,"href":"https:\/\/metropolitanthings.com\/ca\/wp-json\/wp\/v2\/product\/2025\/revisions"}],"predecessor-version":[{"id":2268,"href":"https:\/\/metropolitanthings.com\/ca\/wp-json\/wp\/v2\/product\/2025\/revisions\/2268"}],"wp:featuredmedia":[{"embeddable":true,"href":"https:\/\/metropolitanthings.com\/ca\/wp-json\/wp\/v2\/media\/1601"}],"wp:attachment":[{"href":"https:\/\/metropolitanthings.com\/ca\/wp-json\/wp\/v2\/media?parent=2025"}],"wp:term":[{"taxonomy":"product_brand","embeddable":true,"href":"https:\/\/metropolitanthings.com\/ca\/wp-json\/wp\/v2\/product_brand?post=2025"},{"taxonomy":"product_cat","embeddable":true,"href":"https:\/\/metropolitanthings.com\/ca\/wp-json\/wp\/v2\/product_cat?post=2025"},{"taxonomy":"product_tag","embeddable":true,"href":"https:\/\/metropolitanthings.com\/ca\/wp-json\/wp\/v2\/product_tag?post=2025"}],"curies":[{"name":"wp","href":"https:\/\/api.w.org\/{rel}","templated":true}]}}