{"id":2024,"date":"2025-03-17T14:00:46","date_gmt":"2025-03-17T14:00:46","guid":{"rendered":"https:\/\/metropolitanthings.com\/product\/pack-de-2-piles-tipus-d\/"},"modified":"2025-05-16T11:48:09","modified_gmt":"2025-05-16T11:48:09","slug":"pack-de-2-piles-tipus-d","status":"publish","type":"product","link":"https:\/\/metropolitanthings.com\/ca\/product\/pack-de-2-piles-tipus-d\/","title":{"rendered":"Pack de 2 Piles Tipus D"},"content":{"rendered":"<p data-start=\"129\" data-end=\"210\"><span class=\"relative -mx-px my-[-0.2rem] rounded px-px py-[0.2rem]\">Les <strong data-start=\"4\" data-end=\"26\">Piles Tipus D <\/strong>s\u00f3n ideals per a dispositius que requereixen una font d&#8217;energia duradora i de confian\u00e7a, especialment aquells d&#8217;alt consum energ\u00e8tic.\u200b<\/span><\/p>\n<p data-start=\"212\" data-end=\"244\"><strong data-start=\"212\" data-end=\"244\">Caracter\u00edstiques principals:<\/strong><\/p>\n<ul data-start=\"246\" data-end=\"753\">\n<li data-start=\"246\" data-end=\"339\"><strong data-start=\"248\" data-end=\"257\">Tipus: <\/strong><span class=\"relative -mx-px my-[-0.2rem] rounded px-px py-[0.2rem]\">Piles alcalines D (R20)\u200b<\/span><\/li>\n<li data-start=\"340\" data-end=\"444\"><strong data-start=\"342\" data-end=\"362\">Voltatge nominal: <\/strong><span class=\"relative -mx-px my-[-0.2rem] rounded px-px py-[0.2rem]\">1.5V<\/span><\/li>\n<li data-start=\"445\" data-end=\"550\"><strong data-start=\"447\" data-end=\"468\">Capacitat t\u00edpica:<\/strong> <span class=\"relative -mx-px my-[-0.2rem] rounded px-px py-[0.2rem]\">Aproximadament 8,000 mAh\u200b<\/span><\/li>\n<li data-start=\"551\" data-end=\"655\"><strong data-start=\"553\" data-end=\"569\">Dimensions:<\/strong> <span class=\"relative -mx-px my-[-0.2rem] rounded px-px py-[0.2rem]\">Di\u00e0metre de 32.0 mm i altura de 61.0 mm<\/span><\/li>\n<li data-start=\"656\" data-end=\"753\"><strong data-start=\"658\" data-end=\"667\">Pes:<\/strong> <span class=\"relative -mx-px my-[-0.2rem] rounded px-px py-[0.2rem]\">Aproximadament 140 grams<\/span><\/li>\n<\/ul>\n<p data-start=\"755\" data-end=\"772\"><strong data-start=\"755\" data-end=\"772\">Usos comuns:<\/strong><\/p>\n<p data-start=\"774\" data-end=\"859\"><span class=\"relative -mx-px my-[-0.2rem] rounded px-px py-[0.2rem]\">Adequades per a dispositius d&#8217;alt consum com a llanternes, equips d&#8217;\u00e0udio port\u00e0tils, joguines el\u00e8ctriques i aparells m\u00e8dics<\/span><\/p>\n<p data-start=\"861\" data-end=\"876\"><strong data-start=\"861\" data-end=\"876\">Beneficis:<\/strong><\/p>\n<ul data-start=\"878\" data-end=\"1104\">\n<li data-start=\"878\" data-end=\"985\"><strong data-start=\"880\" data-end=\"899\">Llarga durada:<\/strong> <span class=\"relative -mx-px my-[-0.2rem] rounded px-px py-[0.2rem]\">Proporcionen energia constant durant per\u00edodes prolongats, reduint la freq\u00fc\u00e8ncia de reempla\u00e7ament.\u200b<\/span><\/li>\n<li data-start=\"986\" data-end=\"1104\"><strong data-start=\"988\" data-end=\"1018\">Emmagatzematge prolongat:<\/strong> <span class=\"relative -mx-px my-[-0.2rem] rounded px-px py-[0.2rem]\">Mantenen la seva c\u00e0rrega en condicions \u00f2ptimes durant diversos anys, sent ideals per a emerg\u00e8ncies.<\/span><\/li>\n<\/ul>\n<p>\u200b<\/p>\n","protected":false},"excerpt":{"rendered":"<p>Les Piles Tipus D s\u00f3n ideals per a dispositius que requereixen una font d&#8217;energia duradora i de confian\u00e7a, especialment aquells d&#8217;alt consum energ\u00e8tic.\u200b Caracter\u00edstiques principals: Tipus:<span class=\"excerpt-hellip\"> [\u2026]<\/span><\/p>\n","protected":false},"featured_media":1603,"template":"","meta":[],"product_brand":[],"product_cat":[107,127],"product_tag":[],"class_list":{"0":"post-2024","1":"product","2":"type-product","3":"status-publish","4":"has-post-thumbnail","6":"product_cat-pilas-ca","7":"product_cat-pilas-r6-ca","9":"first","10":"instock","11":"taxable","12":"shipping-taxable","13":"purchasable","14":"product-type-simple"},"yoast_head":"<!-- This site is optimized with the Yoast SEO plugin v27.1.1 - https:\/\/yoast.com\/product\/yoast-seo-wordpress\/ -->\n<title>Pack de 2 Piles Tipus D - Metropolitan Things<\/title>\n<meta name=\"robots\" content=\"index, follow, max-snippet:-1, max-image-preview:large, max-video-preview:-1\" \/>\n<link rel=\"canonical\" href=\"https:\/\/metropolitanthings.com\/ca\/product\/pack-de-2-piles-tipus-d\/\" \/>\n<meta property=\"og:locale\" content=\"ca_ES\" \/>\n<meta property=\"og:type\" content=\"article\" \/>\n<meta property=\"og:title\" content=\"Pack de 2 Piles Tipus D - Metropolitan Things\" \/>\n<meta property=\"og:description\" content=\"Les Piles Tipus D s\u00f3n ideals per a dispositius que requereixen una font d&#8217;energia duradora i de confian\u00e7a, especialment aquells d&#8217;alt consum energ\u00e8tic.\u200b Caracter\u00edstiques principals: Tipus: [\u2026]\" \/>\n<meta property=\"og:url\" content=\"https:\/\/metropolitanthings.com\/ca\/product\/pack-de-2-piles-tipus-d\/\" \/>\n<meta property=\"og:site_name\" content=\"Metropolitan Things\" \/>\n<meta property=\"article:modified_time\" content=\"2025-05-16T11:48:09+00:00\" \/>\n<meta property=\"og:image\" content=\"https:\/\/metropolitanthings.com\/wp-content\/uploads\/2025\/03\/Panasonic_D.webp\" \/>\n\t<meta property=\"og:image:width\" content=\"800\" \/>\n\t<meta property=\"og:image:height\" content=\"800\" \/>\n\t<meta property=\"og:image:type\" content=\"image\/webp\" \/>\n<meta name=\"twitter:card\" content=\"summary_large_image\" \/>\n<meta name=\"twitter:label1\" content=\"Temps estimat de lectura\" \/>\n\t<meta name=\"twitter:data1\" content=\"1 minut\" \/>\n<script type=\"application\/ld+json\" class=\"yoast-schema-graph\">{\"@context\":\"https:\/\/schema.org\",\"@graph\":[{\"@type\":\"WebPage\",\"@id\":\"https:\/\/metropolitanthings.com\/ca\/product\/pack-de-2-piles-tipus-d\/\",\"url\":\"https:\/\/metropolitanthings.com\/ca\/product\/pack-de-2-piles-tipus-d\/\",\"name\":\"Pack de 2 Piles Tipus D - Metropolitan Things\",\"isPartOf\":{\"@id\":\"https:\/\/metropolitanthings.com\/ca\/#website\"},\"primaryImageOfPage\":{\"@id\":\"https:\/\/metropolitanthings.com\/ca\/product\/pack-de-2-piles-tipus-d\/#primaryimage\"},\"image\":{\"@id\":\"https:\/\/metropolitanthings.com\/ca\/product\/pack-de-2-piles-tipus-d\/#primaryimage\"},\"thumbnailUrl\":\"https:\/\/metropolitanthings.com\/wp-content\/uploads\/2025\/03\/Panasonic_D.webp\",\"datePublished\":\"2025-03-17T14:00:46+00:00\",\"dateModified\":\"2025-05-16T11:48:09+00:00\",\"breadcrumb\":{\"@id\":\"https:\/\/metropolitanthings.com\/ca\/product\/pack-de-2-piles-tipus-d\/#breadcrumb\"},\"inLanguage\":\"ca\",\"potentialAction\":[{\"@type\":\"ReadAction\",\"target\":[\"https:\/\/metropolitanthings.com\/ca\/product\/pack-de-2-piles-tipus-d\/\"]}]},{\"@type\":\"ImageObject\",\"inLanguage\":\"ca\",\"@id\":\"https:\/\/metropolitanthings.com\/ca\/product\/pack-de-2-piles-tipus-d\/#primaryimage\",\"url\":\"https:\/\/metropolitanthings.com\/wp-content\/uploads\/2025\/03\/Panasonic_D.webp\",\"contentUrl\":\"https:\/\/metropolitanthings.com\/wp-content\/uploads\/2025\/03\/Panasonic_D.webp\",\"width\":800,\"height\":800,\"caption\":\"panasonic-d-metropolitan-things\"},{\"@type\":\"BreadcrumbList\",\"@id\":\"https:\/\/metropolitanthings.com\/ca\/product\/pack-de-2-piles-tipus-d\/#breadcrumb\",\"itemListElement\":[{\"@type\":\"ListItem\",\"position\":1,\"name\":\"Home\",\"item\":\"https:\/\/metropolitanthings.com\/ca\/\"},{\"@type\":\"ListItem\",\"position\":2,\"name\":\"Botiga\",\"item\":\"https:\/\/metropolitanthings.com\/botiga\/\"},{\"@type\":\"ListItem\",\"position\":3,\"name\":\"Pack de 2 Piles Tipus D\"}]},{\"@type\":\"WebSite\",\"@id\":\"https:\/\/metropolitanthings.com\/ca\/#website\",\"url\":\"https:\/\/metropolitanthings.com\/ca\/\",\"name\":\"Metropolitan Things\",\"description\":\"\",\"publisher\":{\"@id\":\"https:\/\/metropolitanthings.com\/ca\/#organization\"},\"potentialAction\":[{\"@type\":\"SearchAction\",\"target\":{\"@type\":\"EntryPoint\",\"urlTemplate\":\"https:\/\/metropolitanthings.com\/ca\/?s={search_term_string}\"},\"query-input\":{\"@type\":\"PropertyValueSpecification\",\"valueRequired\":true,\"valueName\":\"search_term_string\"}}],\"inLanguage\":\"ca\"},{\"@type\":\"Organization\",\"@id\":\"https:\/\/metropolitanthings.com\/ca\/#organization\",\"name\":\"Metropolitan Things\",\"url\":\"https:\/\/metropolitanthings.com\/ca\/\",\"logo\":{\"@type\":\"ImageObject\",\"inLanguage\":\"ca\",\"@id\":\"https:\/\/metropolitanthings.com\/ca\/#\/schema\/logo\/image\/\",\"url\":\"https:\/\/metropolitanthings.com\/wp-content\/uploads\/2025\/02\/cropped-cropped-logo-metropolitan.png\",\"contentUrl\":\"https:\/\/metropolitanthings.com\/wp-content\/uploads\/2025\/02\/cropped-cropped-logo-metropolitan.png\",\"width\":512,\"height\":512,\"caption\":\"Metropolitan Things\"},\"image\":{\"@id\":\"https:\/\/metropolitanthings.com\/ca\/#\/schema\/logo\/image\/\"}}]}<\/script>\n<!-- \/ Yoast SEO plugin. -->","yoast_head_json":{"title":"Pack de 2 Piles Tipus D - Metropolitan Things","robots":{"index":"index","follow":"follow","max-snippet":"max-snippet:-1","max-image-preview":"max-image-preview:large","max-video-preview":"max-video-preview:-1"},"canonical":"https:\/\/metropolitanthings.com\/ca\/product\/pack-de-2-piles-tipus-d\/","og_locale":"ca_ES","og_type":"article","og_title":"Pack de 2 Piles Tipus D - Metropolitan Things","og_description":"Les Piles Tipus D s\u00f3n ideals per a dispositius que requereixen una font d&#8217;energia duradora i de confian\u00e7a, especialment aquells d&#8217;alt consum energ\u00e8tic.\u200b Caracter\u00edstiques principals: Tipus: [\u2026]","og_url":"https:\/\/metropolitanthings.com\/ca\/product\/pack-de-2-piles-tipus-d\/","og_site_name":"Metropolitan Things","article_modified_time":"2025-05-16T11:48:09+00:00","og_image":[{"width":800,"height":800,"url":"https:\/\/metropolitanthings.com\/wp-content\/uploads\/2025\/03\/Panasonic_D.webp","type":"image\/webp"}],"twitter_card":"summary_large_image","twitter_misc":{"Temps estimat de lectura":"1 minut"},"schema":{"@context":"https:\/\/schema.org","@graph":[{"@type":"WebPage","@id":"https:\/\/metropolitanthings.com\/ca\/product\/pack-de-2-piles-tipus-d\/","url":"https:\/\/metropolitanthings.com\/ca\/product\/pack-de-2-piles-tipus-d\/","name":"Pack de 2 Piles Tipus D - Metropolitan Things","isPartOf":{"@id":"https:\/\/metropolitanthings.com\/ca\/#website"},"primaryImageOfPage":{"@id":"https:\/\/metropolitanthings.com\/ca\/product\/pack-de-2-piles-tipus-d\/#primaryimage"},"image":{"@id":"https:\/\/metropolitanthings.com\/ca\/product\/pack-de-2-piles-tipus-d\/#primaryimage"},"thumbnailUrl":"https:\/\/metropolitanthings.com\/wp-content\/uploads\/2025\/03\/Panasonic_D.webp","datePublished":"2025-03-17T14:00:46+00:00","dateModified":"2025-05-16T11:48:09+00:00","breadcrumb":{"@id":"https:\/\/metropolitanthings.com\/ca\/product\/pack-de-2-piles-tipus-d\/#breadcrumb"},"inLanguage":"ca","potentialAction":[{"@type":"ReadAction","target":["https:\/\/metropolitanthings.com\/ca\/product\/pack-de-2-piles-tipus-d\/"]}]},{"@type":"ImageObject","inLanguage":"ca","@id":"https:\/\/metropolitanthings.com\/ca\/product\/pack-de-2-piles-tipus-d\/#primaryimage","url":"https:\/\/metropolitanthings.com\/wp-content\/uploads\/2025\/03\/Panasonic_D.webp","contentUrl":"https:\/\/metropolitanthings.com\/wp-content\/uploads\/2025\/03\/Panasonic_D.webp","width":800,"height":800,"caption":"panasonic-d-metropolitan-things"},{"@type":"BreadcrumbList","@id":"https:\/\/metropolitanthings.com\/ca\/product\/pack-de-2-piles-tipus-d\/#breadcrumb","itemListElement":[{"@type":"ListItem","position":1,"name":"Home","item":"https:\/\/metropolitanthings.com\/ca\/"},{"@type":"ListItem","position":2,"name":"Botiga","item":"https:\/\/metropolitanthings.com\/botiga\/"},{"@type":"ListItem","position":3,"name":"Pack de 2 Piles Tipus D"}]},{"@type":"WebSite","@id":"https:\/\/metropolitanthings.com\/ca\/#website","url":"https:\/\/metropolitanthings.com\/ca\/","name":"Metropolitan Things","description":"","publisher":{"@id":"https:\/\/metropolitanthings.com\/ca\/#organization"},"potentialAction":[{"@type":"SearchAction","target":{"@type":"EntryPoint","urlTemplate":"https:\/\/metropolitanthings.com\/ca\/?s={search_term_string}"},"query-input":{"@type":"PropertyValueSpecification","valueRequired":true,"valueName":"search_term_string"}}],"inLanguage":"ca"},{"@type":"Organization","@id":"https:\/\/metropolitanthings.com\/ca\/#organization","name":"Metropolitan Things","url":"https:\/\/metropolitanthings.com\/ca\/","logo":{"@type":"ImageObject","inLanguage":"ca","@id":"https:\/\/metropolitanthings.com\/ca\/#\/schema\/logo\/image\/","url":"https:\/\/metropolitanthings.com\/wp-content\/uploads\/2025\/02\/cropped-cropped-logo-metropolitan.png","contentUrl":"https:\/\/metropolitanthings.com\/wp-content\/uploads\/2025\/02\/cropped-cropped-logo-metropolitan.png","width":512,"height":512,"caption":"Metropolitan Things"},"image":{"@id":"https:\/\/metropolitanthings.com\/ca\/#\/schema\/logo\/image\/"}}]}},"jetpack_sharing_enabled":true,"_links":{"self":[{"href":"https:\/\/metropolitanthings.com\/ca\/wp-json\/wp\/v2\/product\/2024","targetHints":{"allow":["GET"]}}],"collection":[{"href":"https:\/\/metropolitanthings.com\/ca\/wp-json\/wp\/v2\/product"}],"about":[{"href":"https:\/\/metropolitanthings.com\/ca\/wp-json\/wp\/v2\/types\/product"}],"version-history":[{"count":1,"href":"https:\/\/metropolitanthings.com\/ca\/wp-json\/wp\/v2\/product\/2024\/revisions"}],"predecessor-version":[{"id":2267,"href":"https:\/\/metropolitanthings.com\/ca\/wp-json\/wp\/v2\/product\/2024\/revisions\/2267"}],"wp:featuredmedia":[{"embeddable":true,"href":"https:\/\/metropolitanthings.com\/ca\/wp-json\/wp\/v2\/media\/1603"}],"wp:attachment":[{"href":"https:\/\/metropolitanthings.com\/ca\/wp-json\/wp\/v2\/media?parent=2024"}],"wp:term":[{"taxonomy":"product_brand","embeddable":true,"href":"https:\/\/metropolitanthings.com\/ca\/wp-json\/wp\/v2\/product_brand?post=2024"},{"taxonomy":"product_cat","embeddable":true,"href":"https:\/\/metropolitanthings.com\/ca\/wp-json\/wp\/v2\/product_cat?post=2024"},{"taxonomy":"product_tag","embeddable":true,"href":"https:\/\/metropolitanthings.com\/ca\/wp-json\/wp\/v2\/product_tag?post=2024"}],"curies":[{"name":"wp","href":"https:\/\/api.w.org\/{rel}","templated":true}]}}