{"id":2023,"date":"2025-03-17T14:01:46","date_gmt":"2025-03-17T14:01:46","guid":{"rendered":"https:\/\/metropolitanthings.com\/product\/pack-de-2-piles-tipus-c\/"},"modified":"2025-05-16T11:47:29","modified_gmt":"2025-05-16T11:47:29","slug":"pack-de-2-piles-tipus-c","status":"publish","type":"product","link":"https:\/\/metropolitanthings.com\/ca\/product\/pack-de-2-piles-tipus-c\/","title":{"rendered":"Pack de 2 Piles Tipus C"},"content":{"rendered":"<p data-start=\"1145\" data-end=\"1230\"><span class=\"relative -mx-px my-[-0.2rem] rounded px-px py-[0.2rem]\">Les <strong data-start=\"4\" data-end=\"26\">Piles Tipus C <\/strong>ofereixen una soluci\u00f3 energ\u00e8tica de confian\u00e7a per a una varietat de dispositius electr\u00f2nics de consum mitj\u00e0.\u200b<\/span><\/p>\n<p data-start=\"1232\" data-end=\"1264\"><strong data-start=\"1232\" data-end=\"1264\">Caracter\u00edstiques principals:<\/strong><\/p>\n<ul data-start=\"1266\" data-end=\"1785\">\n<li data-start=\"1266\" data-end=\"1363\"><strong data-start=\"1268\" data-end=\"1277\">Tipus: <\/strong><span class=\"relative -mx-px my-[-0.2rem] rounded px-px py-[0.2rem]\">Piles alcalines C (R14)\u200b<\/span><\/li>\n<li data-start=\"1364\" data-end=\"1472\"><strong data-start=\"1366\" data-end=\"1386\">Voltatge nominal:<\/strong> <span class=\"relative -mx-px my-[-0.2rem] rounded px-px py-[0.2rem]\">1.5V\u200b<\/span><\/li>\n<li data-start=\"1473\" data-end=\"1582\"><strong data-start=\"1475\" data-end=\"1496\">Capacitat t\u00edpica:<\/strong> <span class=\"relative -mx-px my-[-0.2rem] rounded px-px py-[0.2rem]\">Aproximadament 8,000 mAh\u200b<\/span><\/li>\n<li data-start=\"1583\" data-end=\"1687\"><strong data-start=\"1585\" data-end=\"1601\">Dimensions: <\/strong><span class=\"relative -mx-px my-[-0.2rem] rounded px-px py-[0.2rem]\">Di\u00e0metre de 26.2 mm i altura de 50.0 mm\u200b<\/span><\/li>\n<li data-start=\"1688\" data-end=\"1785\"><strong data-start=\"1690\" data-end=\"1699\">Pes: <\/strong><span class=\"relative -mx-px my-[-0.2rem] rounded px-px py-[0.2rem]\">Aproximadament 72 grams\u200b<\/span><\/li>\n<\/ul>\n<p data-start=\"1787\" data-end=\"1804\"><strong data-start=\"1787\" data-end=\"1804\">Usos comuns:<\/strong><\/p>\n<p data-start=\"1806\" data-end=\"1891\"><span class=\"relative -mx-px my-[-0.2rem] rounded px-px py-[0.2rem]\">Ideals per a dispositius com a llanternes, joguines, r\u00e0dios port\u00e0tils i equips de mesurament.<\/span><\/p>\n<p data-start=\"1893\" data-end=\"1908\"><strong data-start=\"1893\" data-end=\"1908\">Beneficis:<\/strong><\/p>\n<ul data-start=\"1910\" data-end=\"2129\">\n<li data-start=\"1910\" data-end=\"2020\"><strong data-start=\"1912\" data-end=\"1934\">Energia de confian\u00e7a:<\/strong> <span class=\"relative -mx-px my-[-0.2rem] rounded px-px py-[0.2rem]\">Ofereixen un rendiment consistent, assegurant el funcionament \u00f2ptim dels dispositius.\u200b<\/span><\/li>\n<li data-start=\"2021\" data-end=\"2129\"><strong data-start=\"2023\" data-end=\"2043\">Llarga vida \u00fatil:<\/strong> <span class=\"relative -mx-px my-[-0.2rem] rounded px-px py-[0.2rem]\">Dissenyades per a durar, reduint la necessitat de reempla\u00e7aments freq\u00fcents.<\/span><\/li>\n<\/ul>\n","protected":false},"excerpt":{"rendered":"<p>Les Piles Tipus C ofereixen una soluci\u00f3 energ\u00e8tica de confian\u00e7a per a una varietat de dispositius electr\u00f2nics de consum mitj\u00e0.\u200b Caracter\u00edstiques principals: Tipus: Piles alcalines C<span class=\"excerpt-hellip\"> [\u2026]<\/span><\/p>\n","protected":false},"featured_media":1607,"template":"","meta":[],"product_brand":[],"product_cat":[107,127],"product_tag":[],"class_list":{"0":"post-2023","1":"product","2":"type-product","3":"status-publish","4":"has-post-thumbnail","6":"product_cat-pilas-ca","7":"product_cat-pilas-r6-ca","9":"first","10":"instock","11":"taxable","12":"shipping-taxable","13":"purchasable","14":"product-type-simple"},"yoast_head":"<!-- This site is optimized with the Yoast SEO plugin v27.1.1 - https:\/\/yoast.com\/product\/yoast-seo-wordpress\/ -->\n<title>Pack de 2 Piles Tipus C | Metropolitan Things<\/title>\n<meta name=\"description\" content=\"Ideals per a dispositius com a llanternes, joguines, r\u00e0dios port\u00e0tils i equips de mesurament.\" \/>\n<meta name=\"robots\" content=\"index, follow, max-snippet:-1, max-image-preview:large, max-video-preview:-1\" \/>\n<link rel=\"canonical\" href=\"https:\/\/metropolitanthings.com\/ca\/product\/pack-de-2-piles-tipus-c\/\" \/>\n<meta property=\"og:locale\" content=\"ca_ES\" \/>\n<meta property=\"og:type\" content=\"article\" \/>\n<meta property=\"og:title\" content=\"Pack de 2 Piles Tipus C | Metropolitan Things\" \/>\n<meta property=\"og:description\" content=\"Ideals per a dispositius com a llanternes, joguines, r\u00e0dios port\u00e0tils i equips de mesurament.\" \/>\n<meta property=\"og:url\" content=\"https:\/\/metropolitanthings.com\/ca\/product\/pack-de-2-piles-tipus-c\/\" \/>\n<meta property=\"og:site_name\" content=\"Metropolitan Things\" \/>\n<meta property=\"article:modified_time\" content=\"2025-05-16T11:47:29+00:00\" \/>\n<meta property=\"og:image\" content=\"https:\/\/metropolitanthings.com\/wp-content\/uploads\/2025\/03\/Panasonic_C.webp\" \/>\n\t<meta property=\"og:image:width\" content=\"800\" \/>\n\t<meta property=\"og:image:height\" content=\"800\" \/>\n\t<meta property=\"og:image:type\" content=\"image\/webp\" \/>\n<meta name=\"twitter:card\" content=\"summary_large_image\" \/>\n<meta name=\"twitter:label1\" content=\"Temps estimat de lectura\" \/>\n\t<meta name=\"twitter:data1\" content=\"1 minut\" \/>\n<script type=\"application\/ld+json\" class=\"yoast-schema-graph\">{\"@context\":\"https:\/\/schema.org\",\"@graph\":[{\"@type\":\"WebPage\",\"@id\":\"https:\/\/metropolitanthings.com\/ca\/product\/pack-de-2-piles-tipus-c\/\",\"url\":\"https:\/\/metropolitanthings.com\/ca\/product\/pack-de-2-piles-tipus-c\/\",\"name\":\"Pack de 2 Piles Tipus C | Metropolitan Things\",\"isPartOf\":{\"@id\":\"https:\/\/metropolitanthings.com\/ca\/#website\"},\"primaryImageOfPage\":{\"@id\":\"https:\/\/metropolitanthings.com\/ca\/product\/pack-de-2-piles-tipus-c\/#primaryimage\"},\"image\":{\"@id\":\"https:\/\/metropolitanthings.com\/ca\/product\/pack-de-2-piles-tipus-c\/#primaryimage\"},\"thumbnailUrl\":\"https:\/\/metropolitanthings.com\/wp-content\/uploads\/2025\/03\/Panasonic_C.webp\",\"datePublished\":\"2025-03-17T14:01:46+00:00\",\"dateModified\":\"2025-05-16T11:47:29+00:00\",\"description\":\"Ideals per a dispositius com a llanternes, joguines, r\u00e0dios port\u00e0tils i equips de mesurament.\",\"breadcrumb\":{\"@id\":\"https:\/\/metropolitanthings.com\/ca\/product\/pack-de-2-piles-tipus-c\/#breadcrumb\"},\"inLanguage\":\"ca\",\"potentialAction\":[{\"@type\":\"ReadAction\",\"target\":[\"https:\/\/metropolitanthings.com\/ca\/product\/pack-de-2-piles-tipus-c\/\"]}]},{\"@type\":\"ImageObject\",\"inLanguage\":\"ca\",\"@id\":\"https:\/\/metropolitanthings.com\/ca\/product\/pack-de-2-piles-tipus-c\/#primaryimage\",\"url\":\"https:\/\/metropolitanthings.com\/wp-content\/uploads\/2025\/03\/Panasonic_C.webp\",\"contentUrl\":\"https:\/\/metropolitanthings.com\/wp-content\/uploads\/2025\/03\/Panasonic_C.webp\",\"width\":800,\"height\":800,\"caption\":\"panasonic-c-metropolitan-things\"},{\"@type\":\"BreadcrumbList\",\"@id\":\"https:\/\/metropolitanthings.com\/ca\/product\/pack-de-2-piles-tipus-c\/#breadcrumb\",\"itemListElement\":[{\"@type\":\"ListItem\",\"position\":1,\"name\":\"Home\",\"item\":\"https:\/\/metropolitanthings.com\/ca\/\"},{\"@type\":\"ListItem\",\"position\":2,\"name\":\"Botiga\",\"item\":\"https:\/\/metropolitanthings.com\/botiga\/\"},{\"@type\":\"ListItem\",\"position\":3,\"name\":\"Pack de 2 Piles Tipus C\"}]},{\"@type\":\"WebSite\",\"@id\":\"https:\/\/metropolitanthings.com\/ca\/#website\",\"url\":\"https:\/\/metropolitanthings.com\/ca\/\",\"name\":\"Metropolitan Things\",\"description\":\"\",\"publisher\":{\"@id\":\"https:\/\/metropolitanthings.com\/ca\/#organization\"},\"potentialAction\":[{\"@type\":\"SearchAction\",\"target\":{\"@type\":\"EntryPoint\",\"urlTemplate\":\"https:\/\/metropolitanthings.com\/ca\/?s={search_term_string}\"},\"query-input\":{\"@type\":\"PropertyValueSpecification\",\"valueRequired\":true,\"valueName\":\"search_term_string\"}}],\"inLanguage\":\"ca\"},{\"@type\":\"Organization\",\"@id\":\"https:\/\/metropolitanthings.com\/ca\/#organization\",\"name\":\"Metropolitan Things\",\"url\":\"https:\/\/metropolitanthings.com\/ca\/\",\"logo\":{\"@type\":\"ImageObject\",\"inLanguage\":\"ca\",\"@id\":\"https:\/\/metropolitanthings.com\/ca\/#\/schema\/logo\/image\/\",\"url\":\"https:\/\/metropolitanthings.com\/wp-content\/uploads\/2025\/02\/cropped-cropped-logo-metropolitan.png\",\"contentUrl\":\"https:\/\/metropolitanthings.com\/wp-content\/uploads\/2025\/02\/cropped-cropped-logo-metropolitan.png\",\"width\":512,\"height\":512,\"caption\":\"Metropolitan Things\"},\"image\":{\"@id\":\"https:\/\/metropolitanthings.com\/ca\/#\/schema\/logo\/image\/\"}}]}<\/script>\n<!-- \/ Yoast SEO plugin. -->","yoast_head_json":{"title":"Pack de 2 Piles Tipus C | Metropolitan Things","description":"Ideals per a dispositius com a llanternes, joguines, r\u00e0dios port\u00e0tils i equips de mesurament.","robots":{"index":"index","follow":"follow","max-snippet":"max-snippet:-1","max-image-preview":"max-image-preview:large","max-video-preview":"max-video-preview:-1"},"canonical":"https:\/\/metropolitanthings.com\/ca\/product\/pack-de-2-piles-tipus-c\/","og_locale":"ca_ES","og_type":"article","og_title":"Pack de 2 Piles Tipus C | Metropolitan Things","og_description":"Ideals per a dispositius com a llanternes, joguines, r\u00e0dios port\u00e0tils i equips de mesurament.","og_url":"https:\/\/metropolitanthings.com\/ca\/product\/pack-de-2-piles-tipus-c\/","og_site_name":"Metropolitan Things","article_modified_time":"2025-05-16T11:47:29+00:00","og_image":[{"width":800,"height":800,"url":"https:\/\/metropolitanthings.com\/wp-content\/uploads\/2025\/03\/Panasonic_C.webp","type":"image\/webp"}],"twitter_card":"summary_large_image","twitter_misc":{"Temps estimat de lectura":"1 minut"},"schema":{"@context":"https:\/\/schema.org","@graph":[{"@type":"WebPage","@id":"https:\/\/metropolitanthings.com\/ca\/product\/pack-de-2-piles-tipus-c\/","url":"https:\/\/metropolitanthings.com\/ca\/product\/pack-de-2-piles-tipus-c\/","name":"Pack de 2 Piles Tipus C | Metropolitan Things","isPartOf":{"@id":"https:\/\/metropolitanthings.com\/ca\/#website"},"primaryImageOfPage":{"@id":"https:\/\/metropolitanthings.com\/ca\/product\/pack-de-2-piles-tipus-c\/#primaryimage"},"image":{"@id":"https:\/\/metropolitanthings.com\/ca\/product\/pack-de-2-piles-tipus-c\/#primaryimage"},"thumbnailUrl":"https:\/\/metropolitanthings.com\/wp-content\/uploads\/2025\/03\/Panasonic_C.webp","datePublished":"2025-03-17T14:01:46+00:00","dateModified":"2025-05-16T11:47:29+00:00","description":"Ideals per a dispositius com a llanternes, joguines, r\u00e0dios port\u00e0tils i equips de mesurament.","breadcrumb":{"@id":"https:\/\/metropolitanthings.com\/ca\/product\/pack-de-2-piles-tipus-c\/#breadcrumb"},"inLanguage":"ca","potentialAction":[{"@type":"ReadAction","target":["https:\/\/metropolitanthings.com\/ca\/product\/pack-de-2-piles-tipus-c\/"]}]},{"@type":"ImageObject","inLanguage":"ca","@id":"https:\/\/metropolitanthings.com\/ca\/product\/pack-de-2-piles-tipus-c\/#primaryimage","url":"https:\/\/metropolitanthings.com\/wp-content\/uploads\/2025\/03\/Panasonic_C.webp","contentUrl":"https:\/\/metropolitanthings.com\/wp-content\/uploads\/2025\/03\/Panasonic_C.webp","width":800,"height":800,"caption":"panasonic-c-metropolitan-things"},{"@type":"BreadcrumbList","@id":"https:\/\/metropolitanthings.com\/ca\/product\/pack-de-2-piles-tipus-c\/#breadcrumb","itemListElement":[{"@type":"ListItem","position":1,"name":"Home","item":"https:\/\/metropolitanthings.com\/ca\/"},{"@type":"ListItem","position":2,"name":"Botiga","item":"https:\/\/metropolitanthings.com\/botiga\/"},{"@type":"ListItem","position":3,"name":"Pack de 2 Piles Tipus C"}]},{"@type":"WebSite","@id":"https:\/\/metropolitanthings.com\/ca\/#website","url":"https:\/\/metropolitanthings.com\/ca\/","name":"Metropolitan Things","description":"","publisher":{"@id":"https:\/\/metropolitanthings.com\/ca\/#organization"},"potentialAction":[{"@type":"SearchAction","target":{"@type":"EntryPoint","urlTemplate":"https:\/\/metropolitanthings.com\/ca\/?s={search_term_string}"},"query-input":{"@type":"PropertyValueSpecification","valueRequired":true,"valueName":"search_term_string"}}],"inLanguage":"ca"},{"@type":"Organization","@id":"https:\/\/metropolitanthings.com\/ca\/#organization","name":"Metropolitan Things","url":"https:\/\/metropolitanthings.com\/ca\/","logo":{"@type":"ImageObject","inLanguage":"ca","@id":"https:\/\/metropolitanthings.com\/ca\/#\/schema\/logo\/image\/","url":"https:\/\/metropolitanthings.com\/wp-content\/uploads\/2025\/02\/cropped-cropped-logo-metropolitan.png","contentUrl":"https:\/\/metropolitanthings.com\/wp-content\/uploads\/2025\/02\/cropped-cropped-logo-metropolitan.png","width":512,"height":512,"caption":"Metropolitan Things"},"image":{"@id":"https:\/\/metropolitanthings.com\/ca\/#\/schema\/logo\/image\/"}}]}},"jetpack_sharing_enabled":true,"_links":{"self":[{"href":"https:\/\/metropolitanthings.com\/ca\/wp-json\/wp\/v2\/product\/2023","targetHints":{"allow":["GET"]}}],"collection":[{"href":"https:\/\/metropolitanthings.com\/ca\/wp-json\/wp\/v2\/product"}],"about":[{"href":"https:\/\/metropolitanthings.com\/ca\/wp-json\/wp\/v2\/types\/product"}],"version-history":[{"count":1,"href":"https:\/\/metropolitanthings.com\/ca\/wp-json\/wp\/v2\/product\/2023\/revisions"}],"predecessor-version":[{"id":2266,"href":"https:\/\/metropolitanthings.com\/ca\/wp-json\/wp\/v2\/product\/2023\/revisions\/2266"}],"wp:featuredmedia":[{"embeddable":true,"href":"https:\/\/metropolitanthings.com\/ca\/wp-json\/wp\/v2\/media\/1607"}],"wp:attachment":[{"href":"https:\/\/metropolitanthings.com\/ca\/wp-json\/wp\/v2\/media?parent=2023"}],"wp:term":[{"taxonomy":"product_brand","embeddable":true,"href":"https:\/\/metropolitanthings.com\/ca\/wp-json\/wp\/v2\/product_brand?post=2023"},{"taxonomy":"product_cat","embeddable":true,"href":"https:\/\/metropolitanthings.com\/ca\/wp-json\/wp\/v2\/product_cat?post=2023"},{"taxonomy":"product_tag","embeddable":true,"href":"https:\/\/metropolitanthings.com\/ca\/wp-json\/wp\/v2\/product_tag?post=2023"}],"curies":[{"name":"wp","href":"https:\/\/api.w.org\/{rel}","templated":true}]}}