{"id":2022,"date":"2025-03-17T15:55:33","date_gmt":"2025-03-17T15:55:33","guid":{"rendered":"https:\/\/metropolitanthings.com\/product\/casso-kaula-arcs-20-cm\/"},"modified":"2025-05-16T11:47:16","modified_gmt":"2025-05-16T11:47:16","slug":"casso-kaula-arcs-20-cm","status":"publish","type":"product","link":"https:\/\/metropolitanthings.com\/ca\/product\/casso-kaula-arcs-20-cm\/","title":{"rendered":"Cass\u00f3 Kaula Arcs 20 cm"},"content":{"rendered":"<p data-start=\"0\" data-end=\"88\"><span class=\"relative -mx-px my-[-0.2rem] rounded px-px py-[0.2rem]\">\u200bEl <strong data-start=\"3\" data-end=\"44\">Cass\u00f3 Antiadherent de la S\u00e8rie Kaula<\/strong> <strong data-start=\"48\" data-end=\"57\">d&#8217;Arcos<\/strong> \u00e9s una pe\u00e7a essencial per a qualsevol cuina, dissenyada per a oferir durabilitat i efici\u00e8ncia en la preparaci\u00f3 de les teves receptes favorites.\u200b<\/span><\/p>\n<p data-start=\"90\" data-end=\"122\"><strong data-start=\"90\" data-end=\"122\">Caracter\u00edstiques principals:<\/strong><\/p>\n<ul data-start=\"124\" data-end=\"566\">\n<li data-start=\"124\" data-end=\"236\">\n<p data-start=\"126\" data-end=\"236\"><strong data-start=\"126\" data-end=\"154\">Material de fabricaci\u00f3:<\/strong> <span class=\"relative -mx-px my-[-0.2rem] rounded px-px py-[0.2rem]\">El cass\u00f3 est\u00e0 elaborat en alumini forjat, reconegut per la seva resist\u00e8ncia i excel\u00b7lent conductivitat t\u00e8rmica, la qual cosa garanteix una distribuci\u00f3 uniforme de la calor durant la cocci\u00f3.\u200b<\/span><\/p>\n<\/li>\n<li data-start=\"238\" data-end=\"354\">\n<p data-start=\"240\" data-end=\"354\"><strong data-start=\"240\" data-end=\"272\">Revestiment antiadherent:<\/strong> <span class=\"relative -mx-px my-[-0.2rem] rounded px-px py-[0.2rem]\">Compta amb un recobriment QuanTanium\u00ae, un multi-recobriment internament refor\u00e7at amb part\u00edcules de titani. Aquesta tecnologia proporciona una alta resist\u00e8ncia a les esgarrapades i cops, a m\u00e9s de ser lliure de PFOA, assegurant la seva idone\u00eftat per al contacte alimentari.<\/span>\u200b<\/p>\n<\/li>\n<li data-start=\"356\" data-end=\"461\">\n<p data-start=\"358\" data-end=\"461\"><strong data-start=\"358\" data-end=\"379\">M\u00e0nec ergon\u00f2mic: <\/strong><span class=\"relative -mx-px my-[-0.2rem] rounded px-px py-[0.2rem]\">Equipat amb un m\u00e0nec de baquelita ergon\u00f2mic, s&#8217;adapta c\u00f2modament a la m\u00e0 i roman fred al tacte, brindant seguretat i comoditat durant el seu \u00fas.\u200b<\/span><\/p>\n<\/li>\n<li data-start=\"463\" data-end=\"566\">\n<p data-start=\"465\" data-end=\"566\"><strong data-start=\"465\" data-end=\"484\">Compatibilitat:<\/strong> <span class=\"relative -mx-px my-[-0.2rem] rounded px-px py-[0.2rem]\">Aquest cass\u00f3 \u00e9s apte per a tota mena de cuines, incloent-hi gas, el\u00e8ctriques i vitrocer\u00e0miques, oferint versatilitat en el seu \u00fas.<\/span><\/p>\n<\/li>\n<li data-start=\"463\" data-end=\"566\"><strong>Grand\u00e0ria:<\/strong> 20 cms<\/li>\n<\/ul>\n","protected":false},"excerpt":{"rendered":"<p>\u200bEl Cass\u00f3 Antiadherent de la S\u00e8rie Kaula d&#8217;Arcos \u00e9s una pe\u00e7a essencial per a qualsevol cuina, dissenyada per a oferir durabilitat i efici\u00e8ncia en la preparaci\u00f3<span class=\"excerpt-hellip\"> [\u2026]<\/span><\/p>\n","protected":false},"featured_media":1565,"template":"","meta":[],"product_brand":[],"product_cat":[125,113,124],"product_tag":[],"class_list":{"0":"post-2022","1":"product","2":"type-product","3":"status-publish","4":"has-post-thumbnail","6":"product_cat-cazos-ca","7":"product_cat-menaje-ca","8":"product_cat-sartenes-y-ollas-ca","10":"first","11":"instock","12":"taxable","13":"shipping-taxable","14":"purchasable","15":"product-type-simple"},"yoast_head":"<!-- This site is optimized with the Yoast SEO plugin v27.1.1 - https:\/\/yoast.com\/product\/yoast-seo-wordpress\/ -->\n<title>Cass\u00f3 Kaula Arcs 20 cm - Metropolitan Things<\/title>\n<meta name=\"robots\" content=\"index, follow, max-snippet:-1, max-image-preview:large, max-video-preview:-1\" \/>\n<link rel=\"canonical\" href=\"https:\/\/metropolitanthings.com\/ca\/product\/casso-kaula-arcs-20-cm\/\" \/>\n<meta property=\"og:locale\" content=\"ca_ES\" \/>\n<meta property=\"og:type\" content=\"article\" \/>\n<meta property=\"og:title\" content=\"Cass\u00f3 Kaula Arcs 20 cm - Metropolitan Things\" \/>\n<meta property=\"og:description\" content=\"\u200bEl Cass\u00f3 Antiadherent de la S\u00e8rie Kaula d&#8217;Arcos \u00e9s una pe\u00e7a essencial per a qualsevol cuina, dissenyada per a oferir durabilitat i efici\u00e8ncia en la preparaci\u00f3 [\u2026]\" \/>\n<meta property=\"og:url\" content=\"https:\/\/metropolitanthings.com\/ca\/product\/casso-kaula-arcs-20-cm\/\" \/>\n<meta property=\"og:site_name\" content=\"Metropolitan Things\" \/>\n<meta property=\"article:modified_time\" content=\"2025-05-16T11:47:16+00:00\" \/>\n<meta property=\"og:image\" content=\"https:\/\/metropolitanthings.com\/wp-content\/uploads\/2025\/02\/cazo_kaula_arcos.png\" \/>\n\t<meta property=\"og:image:width\" content=\"800\" \/>\n\t<meta property=\"og:image:height\" content=\"800\" \/>\n\t<meta property=\"og:image:type\" content=\"image\/png\" \/>\n<meta name=\"twitter:card\" content=\"summary_large_image\" \/>\n<meta name=\"twitter:label1\" content=\"Temps estimat de lectura\" \/>\n\t<meta name=\"twitter:data1\" content=\"1 minut\" \/>\n<script type=\"application\/ld+json\" class=\"yoast-schema-graph\">{\"@context\":\"https:\/\/schema.org\",\"@graph\":[{\"@type\":\"WebPage\",\"@id\":\"https:\/\/metropolitanthings.com\/ca\/product\/casso-kaula-arcs-20-cm\/\",\"url\":\"https:\/\/metropolitanthings.com\/ca\/product\/casso-kaula-arcs-20-cm\/\",\"name\":\"Cass\u00f3 Kaula Arcs 20 cm - Metropolitan Things\",\"isPartOf\":{\"@id\":\"https:\/\/metropolitanthings.com\/ca\/#website\"},\"primaryImageOfPage\":{\"@id\":\"https:\/\/metropolitanthings.com\/ca\/product\/casso-kaula-arcs-20-cm\/#primaryimage\"},\"image\":{\"@id\":\"https:\/\/metropolitanthings.com\/ca\/product\/casso-kaula-arcs-20-cm\/#primaryimage\"},\"thumbnailUrl\":\"https:\/\/metropolitanthings.com\/wp-content\/uploads\/2025\/02\/cazo_kaula_arcos.png\",\"datePublished\":\"2025-03-17T15:55:33+00:00\",\"dateModified\":\"2025-05-16T11:47:16+00:00\",\"breadcrumb\":{\"@id\":\"https:\/\/metropolitanthings.com\/ca\/product\/casso-kaula-arcs-20-cm\/#breadcrumb\"},\"inLanguage\":\"ca\",\"potentialAction\":[{\"@type\":\"ReadAction\",\"target\":[\"https:\/\/metropolitanthings.com\/ca\/product\/casso-kaula-arcs-20-cm\/\"]}]},{\"@type\":\"ImageObject\",\"inLanguage\":\"ca\",\"@id\":\"https:\/\/metropolitanthings.com\/ca\/product\/casso-kaula-arcs-20-cm\/#primaryimage\",\"url\":\"https:\/\/metropolitanthings.com\/wp-content\/uploads\/2025\/02\/cazo_kaula_arcos.png\",\"contentUrl\":\"https:\/\/metropolitanthings.com\/wp-content\/uploads\/2025\/02\/cazo_kaula_arcos.png\",\"width\":800,\"height\":800,\"caption\":\"cazo-kaula-metropolitan-things\"},{\"@type\":\"BreadcrumbList\",\"@id\":\"https:\/\/metropolitanthings.com\/ca\/product\/casso-kaula-arcs-20-cm\/#breadcrumb\",\"itemListElement\":[{\"@type\":\"ListItem\",\"position\":1,\"name\":\"Home\",\"item\":\"https:\/\/metropolitanthings.com\/ca\/\"},{\"@type\":\"ListItem\",\"position\":2,\"name\":\"Botiga\",\"item\":\"https:\/\/metropolitanthings.com\/botiga\/\"},{\"@type\":\"ListItem\",\"position\":3,\"name\":\"Cass\u00f3 Kaula Arcs 20 cm\"}]},{\"@type\":\"WebSite\",\"@id\":\"https:\/\/metropolitanthings.com\/ca\/#website\",\"url\":\"https:\/\/metropolitanthings.com\/ca\/\",\"name\":\"Metropolitan Things\",\"description\":\"\",\"publisher\":{\"@id\":\"https:\/\/metropolitanthings.com\/ca\/#organization\"},\"potentialAction\":[{\"@type\":\"SearchAction\",\"target\":{\"@type\":\"EntryPoint\",\"urlTemplate\":\"https:\/\/metropolitanthings.com\/ca\/?s={search_term_string}\"},\"query-input\":{\"@type\":\"PropertyValueSpecification\",\"valueRequired\":true,\"valueName\":\"search_term_string\"}}],\"inLanguage\":\"ca\"},{\"@type\":\"Organization\",\"@id\":\"https:\/\/metropolitanthings.com\/ca\/#organization\",\"name\":\"Metropolitan Things\",\"url\":\"https:\/\/metropolitanthings.com\/ca\/\",\"logo\":{\"@type\":\"ImageObject\",\"inLanguage\":\"ca\",\"@id\":\"https:\/\/metropolitanthings.com\/ca\/#\/schema\/logo\/image\/\",\"url\":\"https:\/\/metropolitanthings.com\/wp-content\/uploads\/2025\/02\/cropped-cropped-logo-metropolitan.png\",\"contentUrl\":\"https:\/\/metropolitanthings.com\/wp-content\/uploads\/2025\/02\/cropped-cropped-logo-metropolitan.png\",\"width\":512,\"height\":512,\"caption\":\"Metropolitan Things\"},\"image\":{\"@id\":\"https:\/\/metropolitanthings.com\/ca\/#\/schema\/logo\/image\/\"}}]}<\/script>\n<!-- \/ Yoast SEO plugin. -->","yoast_head_json":{"title":"Cass\u00f3 Kaula Arcs 20 cm - Metropolitan Things","robots":{"index":"index","follow":"follow","max-snippet":"max-snippet:-1","max-image-preview":"max-image-preview:large","max-video-preview":"max-video-preview:-1"},"canonical":"https:\/\/metropolitanthings.com\/ca\/product\/casso-kaula-arcs-20-cm\/","og_locale":"ca_ES","og_type":"article","og_title":"Cass\u00f3 Kaula Arcs 20 cm - Metropolitan Things","og_description":"\u200bEl Cass\u00f3 Antiadherent de la S\u00e8rie Kaula d&#8217;Arcos \u00e9s una pe\u00e7a essencial per a qualsevol cuina, dissenyada per a oferir durabilitat i efici\u00e8ncia en la preparaci\u00f3 [\u2026]","og_url":"https:\/\/metropolitanthings.com\/ca\/product\/casso-kaula-arcs-20-cm\/","og_site_name":"Metropolitan Things","article_modified_time":"2025-05-16T11:47:16+00:00","og_image":[{"width":800,"height":800,"url":"https:\/\/metropolitanthings.com\/wp-content\/uploads\/2025\/02\/cazo_kaula_arcos.png","type":"image\/png"}],"twitter_card":"summary_large_image","twitter_misc":{"Temps estimat de lectura":"1 minut"},"schema":{"@context":"https:\/\/schema.org","@graph":[{"@type":"WebPage","@id":"https:\/\/metropolitanthings.com\/ca\/product\/casso-kaula-arcs-20-cm\/","url":"https:\/\/metropolitanthings.com\/ca\/product\/casso-kaula-arcs-20-cm\/","name":"Cass\u00f3 Kaula Arcs 20 cm - Metropolitan Things","isPartOf":{"@id":"https:\/\/metropolitanthings.com\/ca\/#website"},"primaryImageOfPage":{"@id":"https:\/\/metropolitanthings.com\/ca\/product\/casso-kaula-arcs-20-cm\/#primaryimage"},"image":{"@id":"https:\/\/metropolitanthings.com\/ca\/product\/casso-kaula-arcs-20-cm\/#primaryimage"},"thumbnailUrl":"https:\/\/metropolitanthings.com\/wp-content\/uploads\/2025\/02\/cazo_kaula_arcos.png","datePublished":"2025-03-17T15:55:33+00:00","dateModified":"2025-05-16T11:47:16+00:00","breadcrumb":{"@id":"https:\/\/metropolitanthings.com\/ca\/product\/casso-kaula-arcs-20-cm\/#breadcrumb"},"inLanguage":"ca","potentialAction":[{"@type":"ReadAction","target":["https:\/\/metropolitanthings.com\/ca\/product\/casso-kaula-arcs-20-cm\/"]}]},{"@type":"ImageObject","inLanguage":"ca","@id":"https:\/\/metropolitanthings.com\/ca\/product\/casso-kaula-arcs-20-cm\/#primaryimage","url":"https:\/\/metropolitanthings.com\/wp-content\/uploads\/2025\/02\/cazo_kaula_arcos.png","contentUrl":"https:\/\/metropolitanthings.com\/wp-content\/uploads\/2025\/02\/cazo_kaula_arcos.png","width":800,"height":800,"caption":"cazo-kaula-metropolitan-things"},{"@type":"BreadcrumbList","@id":"https:\/\/metropolitanthings.com\/ca\/product\/casso-kaula-arcs-20-cm\/#breadcrumb","itemListElement":[{"@type":"ListItem","position":1,"name":"Home","item":"https:\/\/metropolitanthings.com\/ca\/"},{"@type":"ListItem","position":2,"name":"Botiga","item":"https:\/\/metropolitanthings.com\/botiga\/"},{"@type":"ListItem","position":3,"name":"Cass\u00f3 Kaula Arcs 20 cm"}]},{"@type":"WebSite","@id":"https:\/\/metropolitanthings.com\/ca\/#website","url":"https:\/\/metropolitanthings.com\/ca\/","name":"Metropolitan Things","description":"","publisher":{"@id":"https:\/\/metropolitanthings.com\/ca\/#organization"},"potentialAction":[{"@type":"SearchAction","target":{"@type":"EntryPoint","urlTemplate":"https:\/\/metropolitanthings.com\/ca\/?s={search_term_string}"},"query-input":{"@type":"PropertyValueSpecification","valueRequired":true,"valueName":"search_term_string"}}],"inLanguage":"ca"},{"@type":"Organization","@id":"https:\/\/metropolitanthings.com\/ca\/#organization","name":"Metropolitan Things","url":"https:\/\/metropolitanthings.com\/ca\/","logo":{"@type":"ImageObject","inLanguage":"ca","@id":"https:\/\/metropolitanthings.com\/ca\/#\/schema\/logo\/image\/","url":"https:\/\/metropolitanthings.com\/wp-content\/uploads\/2025\/02\/cropped-cropped-logo-metropolitan.png","contentUrl":"https:\/\/metropolitanthings.com\/wp-content\/uploads\/2025\/02\/cropped-cropped-logo-metropolitan.png","width":512,"height":512,"caption":"Metropolitan Things"},"image":{"@id":"https:\/\/metropolitanthings.com\/ca\/#\/schema\/logo\/image\/"}}]}},"jetpack_sharing_enabled":true,"_links":{"self":[{"href":"https:\/\/metropolitanthings.com\/ca\/wp-json\/wp\/v2\/product\/2022","targetHints":{"allow":["GET"]}}],"collection":[{"href":"https:\/\/metropolitanthings.com\/ca\/wp-json\/wp\/v2\/product"}],"about":[{"href":"https:\/\/metropolitanthings.com\/ca\/wp-json\/wp\/v2\/types\/product"}],"version-history":[{"count":1,"href":"https:\/\/metropolitanthings.com\/ca\/wp-json\/wp\/v2\/product\/2022\/revisions"}],"predecessor-version":[{"id":2265,"href":"https:\/\/metropolitanthings.com\/ca\/wp-json\/wp\/v2\/product\/2022\/revisions\/2265"}],"wp:featuredmedia":[{"embeddable":true,"href":"https:\/\/metropolitanthings.com\/ca\/wp-json\/wp\/v2\/media\/1565"}],"wp:attachment":[{"href":"https:\/\/metropolitanthings.com\/ca\/wp-json\/wp\/v2\/media?parent=2022"}],"wp:term":[{"taxonomy":"product_brand","embeddable":true,"href":"https:\/\/metropolitanthings.com\/ca\/wp-json\/wp\/v2\/product_brand?post=2022"},{"taxonomy":"product_cat","embeddable":true,"href":"https:\/\/metropolitanthings.com\/ca\/wp-json\/wp\/v2\/product_cat?post=2022"},{"taxonomy":"product_tag","embeddable":true,"href":"https:\/\/metropolitanthings.com\/ca\/wp-json\/wp\/v2\/product_tag?post=2022"}],"curies":[{"name":"wp","href":"https:\/\/api.w.org\/{rel}","templated":true}]}}