{"id":2019,"date":"2025-03-18T12:39:53","date_gmt":"2025-03-18T12:39:53","guid":{"rendered":"https:\/\/metropolitanthings.com\/product\/set-de-6-culleres-de-cafe\/"},"modified":"2025-05-16T11:36:42","modified_gmt":"2025-05-16T11:36:42","slug":"set-de-6-culleres-de-cafe","status":"publish","type":"product","link":"https:\/\/metropolitanthings.com\/ca\/product\/set-de-6-culleres-de-cafe\/","title":{"rendered":"Set de 6 culleres de cafe"},"content":{"rendered":"<p data-start=\"0\" data-end=\"88\"><span class=\"relative -mx-px my-[-0.2rem] rounded px-px py-[0.2rem]\">Elecci\u00f3 ideal per als qui busquen combinar funcionalitat i eleg\u00e0ncia en la seva taula.\u200b<\/span><\/p>\n<p data-start=\"90\" data-end=\"122\"><strong data-start=\"90\" data-end=\"122\">Caracter\u00edstiques principals:<\/strong><\/p>\n<ul data-start=\"124\" data-end=\"560\">\n<li data-start=\"124\" data-end=\"237\">\n<p data-start=\"126\" data-end=\"237\"><strong data-start=\"126\" data-end=\"155\">Material d&#8217;alta qualitat:<\/strong> <span class=\"relative -mx-px my-[-0.2rem] rounded px-px py-[0.2rem]\">Fabricades en acer inoxidable, aquestes culleres garanteixen durabilitat i resist\u00e8ncia a la corrosi\u00f3, mantenint la seva lluentor i aparen\u00e7a al llarg del temps.\u200b<\/span><\/p>\n<\/li>\n<li data-start=\"239\" data-end=\"345\">\n<p data-start=\"241\" data-end=\"345\"><strong data-start=\"241\" data-end=\"263\">Disseny ergon\u00f2mic: <\/strong><span class=\"relative -mx-px my-[-0.2rem] rounded px-px py-[0.2rem]\">Cada cullera est\u00e0 dissenyada per a oferir un agarri c\u00f2mode i equilibrat, facilitant el seu \u00fas durant els menjars.\u200b<\/span><\/p>\n<\/li>\n<li data-start=\"347\" data-end=\"450\">\n<p data-start=\"349\" data-end=\"450\"><strong data-start=\"349\" data-end=\"368\">Acabat polit:<\/strong><span class=\"relative -mx-px my-[-0.2rem] rounded px-px py-[0.2rem]\"> L&#8217;acabat polit afegeix un toc de sofisticaci\u00f3, adaptant-se a diversos estils de vaixella i decoraci\u00f3 de taula.\u200b<\/span><\/p>\n<\/li>\n<li data-start=\"452\" data-end=\"560\">\n<p data-start=\"454\" data-end=\"560\"><strong data-start=\"454\" data-end=\"478\">F\u00e0cil manteniment:<\/strong> <span class=\"relative -mx-px my-[-0.2rem] rounded px-px py-[0.2rem]\">Aptes per a rentavaixelles, aquestes culleres s\u00f3n senzilles de netejar, conservant la seva lluentor sense esfor\u00e7 addicional.<\/span><\/p>\n<\/li>\n<\/ul>\n","protected":false},"excerpt":{"rendered":"<p>Elecci\u00f3 ideal per als qui busquen combinar funcionalitat i eleg\u00e0ncia en la seva taula.\u200b Caracter\u00edstiques principals: Material d&#8217;alta qualitat: Fabricades en acer inoxidable, aquestes culleres garanteixen<span class=\"excerpt-hellip\"> [\u2026]<\/span><\/p>\n","protected":false},"featured_media":1393,"template":"","meta":[],"product_brand":[],"product_cat":[111],"product_tag":[],"class_list":{"0":"post-2019","1":"product","2":"type-product","3":"status-publish","4":"has-post-thumbnail","6":"product_cat-cubiertos-ca","8":"first","9":"instock","10":"taxable","11":"shipping-taxable","12":"purchasable","13":"product-type-simple"},"yoast_head":"<!-- This site is optimized with the Yoast SEO plugin v27.1.1 - https:\/\/yoast.com\/product\/yoast-seo-wordpress\/ -->\n<title>Set de 6 culleres de cafe - Metropolitan Things<\/title>\n<meta name=\"robots\" content=\"index, follow, max-snippet:-1, max-image-preview:large, max-video-preview:-1\" \/>\n<link rel=\"canonical\" href=\"https:\/\/metropolitanthings.com\/ca\/product\/set-de-6-culleres-de-cafe\/\" \/>\n<meta property=\"og:locale\" content=\"ca_ES\" \/>\n<meta property=\"og:type\" content=\"article\" \/>\n<meta property=\"og:title\" content=\"Set de 6 culleres de cafe - Metropolitan Things\" \/>\n<meta property=\"og:description\" content=\"Elecci\u00f3 ideal per als qui busquen combinar funcionalitat i eleg\u00e0ncia en la seva taula.\u200b Caracter\u00edstiques principals: Material d&#8217;alta qualitat: Fabricades en acer inoxidable, aquestes culleres garanteixen [\u2026]\" \/>\n<meta property=\"og:url\" content=\"https:\/\/metropolitanthings.com\/ca\/product\/set-de-6-culleres-de-cafe\/\" \/>\n<meta property=\"og:site_name\" content=\"Metropolitan Things\" \/>\n<meta property=\"article:modified_time\" content=\"2025-05-16T11:36:42+00:00\" \/>\n<meta property=\"og:image\" content=\"https:\/\/metropolitanthings.com\/wp-content\/uploads\/2025\/03\/getimage_1__2.jpg\" \/>\n\t<meta property=\"og:image:width\" content=\"1280\" \/>\n\t<meta property=\"og:image:height\" content=\"1280\" \/>\n\t<meta property=\"og:image:type\" content=\"image\/jpeg\" \/>\n<meta name=\"twitter:card\" content=\"summary_large_image\" \/>\n<meta name=\"twitter:label1\" content=\"Temps estimat de lectura\" \/>\n\t<meta name=\"twitter:data1\" content=\"1 minut\" \/>\n<script type=\"application\/ld+json\" class=\"yoast-schema-graph\">{\"@context\":\"https:\/\/schema.org\",\"@graph\":[{\"@type\":\"WebPage\",\"@id\":\"https:\/\/metropolitanthings.com\/ca\/product\/set-de-6-culleres-de-cafe\/\",\"url\":\"https:\/\/metropolitanthings.com\/ca\/product\/set-de-6-culleres-de-cafe\/\",\"name\":\"Set de 6 culleres de cafe - Metropolitan Things\",\"isPartOf\":{\"@id\":\"https:\/\/metropolitanthings.com\/ca\/#website\"},\"primaryImageOfPage\":{\"@id\":\"https:\/\/metropolitanthings.com\/ca\/product\/set-de-6-culleres-de-cafe\/#primaryimage\"},\"image\":{\"@id\":\"https:\/\/metropolitanthings.com\/ca\/product\/set-de-6-culleres-de-cafe\/#primaryimage\"},\"thumbnailUrl\":\"https:\/\/metropolitanthings.com\/wp-content\/uploads\/2025\/03\/getimage_1__2.jpg\",\"datePublished\":\"2025-03-18T12:39:53+00:00\",\"dateModified\":\"2025-05-16T11:36:42+00:00\",\"breadcrumb\":{\"@id\":\"https:\/\/metropolitanthings.com\/ca\/product\/set-de-6-culleres-de-cafe\/#breadcrumb\"},\"inLanguage\":\"ca\",\"potentialAction\":[{\"@type\":\"ReadAction\",\"target\":[\"https:\/\/metropolitanthings.com\/ca\/product\/set-de-6-culleres-de-cafe\/\"]}]},{\"@type\":\"ImageObject\",\"inLanguage\":\"ca\",\"@id\":\"https:\/\/metropolitanthings.com\/ca\/product\/set-de-6-culleres-de-cafe\/#primaryimage\",\"url\":\"https:\/\/metropolitanthings.com\/wp-content\/uploads\/2025\/03\/getimage_1__2.jpg\",\"contentUrl\":\"https:\/\/metropolitanthings.com\/wp-content\/uploads\/2025\/03\/getimage_1__2.jpg\",\"width\":1280,\"height\":1280,\"caption\":\"set-cucharas-cafe-metropolitan-things\"},{\"@type\":\"BreadcrumbList\",\"@id\":\"https:\/\/metropolitanthings.com\/ca\/product\/set-de-6-culleres-de-cafe\/#breadcrumb\",\"itemListElement\":[{\"@type\":\"ListItem\",\"position\":1,\"name\":\"Home\",\"item\":\"https:\/\/metropolitanthings.com\/ca\/\"},{\"@type\":\"ListItem\",\"position\":2,\"name\":\"Botiga\",\"item\":\"https:\/\/metropolitanthings.com\/botiga\/\"},{\"@type\":\"ListItem\",\"position\":3,\"name\":\"Set de 6 culleres de cafe\"}]},{\"@type\":\"WebSite\",\"@id\":\"https:\/\/metropolitanthings.com\/ca\/#website\",\"url\":\"https:\/\/metropolitanthings.com\/ca\/\",\"name\":\"Metropolitan Things\",\"description\":\"\",\"publisher\":{\"@id\":\"https:\/\/metropolitanthings.com\/ca\/#organization\"},\"potentialAction\":[{\"@type\":\"SearchAction\",\"target\":{\"@type\":\"EntryPoint\",\"urlTemplate\":\"https:\/\/metropolitanthings.com\/ca\/?s={search_term_string}\"},\"query-input\":{\"@type\":\"PropertyValueSpecification\",\"valueRequired\":true,\"valueName\":\"search_term_string\"}}],\"inLanguage\":\"ca\"},{\"@type\":\"Organization\",\"@id\":\"https:\/\/metropolitanthings.com\/ca\/#organization\",\"name\":\"Metropolitan Things\",\"url\":\"https:\/\/metropolitanthings.com\/ca\/\",\"logo\":{\"@type\":\"ImageObject\",\"inLanguage\":\"ca\",\"@id\":\"https:\/\/metropolitanthings.com\/ca\/#\/schema\/logo\/image\/\",\"url\":\"https:\/\/metropolitanthings.com\/wp-content\/uploads\/2025\/02\/cropped-cropped-logo-metropolitan.png\",\"contentUrl\":\"https:\/\/metropolitanthings.com\/wp-content\/uploads\/2025\/02\/cropped-cropped-logo-metropolitan.png\",\"width\":512,\"height\":512,\"caption\":\"Metropolitan Things\"},\"image\":{\"@id\":\"https:\/\/metropolitanthings.com\/ca\/#\/schema\/logo\/image\/\"}}]}<\/script>\n<!-- \/ Yoast SEO plugin. -->","yoast_head_json":{"title":"Set de 6 culleres de cafe - Metropolitan Things","robots":{"index":"index","follow":"follow","max-snippet":"max-snippet:-1","max-image-preview":"max-image-preview:large","max-video-preview":"max-video-preview:-1"},"canonical":"https:\/\/metropolitanthings.com\/ca\/product\/set-de-6-culleres-de-cafe\/","og_locale":"ca_ES","og_type":"article","og_title":"Set de 6 culleres de cafe - Metropolitan Things","og_description":"Elecci\u00f3 ideal per als qui busquen combinar funcionalitat i eleg\u00e0ncia en la seva taula.\u200b Caracter\u00edstiques principals: Material d&#8217;alta qualitat: Fabricades en acer inoxidable, aquestes culleres garanteixen [\u2026]","og_url":"https:\/\/metropolitanthings.com\/ca\/product\/set-de-6-culleres-de-cafe\/","og_site_name":"Metropolitan Things","article_modified_time":"2025-05-16T11:36:42+00:00","og_image":[{"width":1280,"height":1280,"url":"https:\/\/metropolitanthings.com\/wp-content\/uploads\/2025\/03\/getimage_1__2.jpg","type":"image\/jpeg"}],"twitter_card":"summary_large_image","twitter_misc":{"Temps estimat de lectura":"1 minut"},"schema":{"@context":"https:\/\/schema.org","@graph":[{"@type":"WebPage","@id":"https:\/\/metropolitanthings.com\/ca\/product\/set-de-6-culleres-de-cafe\/","url":"https:\/\/metropolitanthings.com\/ca\/product\/set-de-6-culleres-de-cafe\/","name":"Set de 6 culleres de cafe - Metropolitan Things","isPartOf":{"@id":"https:\/\/metropolitanthings.com\/ca\/#website"},"primaryImageOfPage":{"@id":"https:\/\/metropolitanthings.com\/ca\/product\/set-de-6-culleres-de-cafe\/#primaryimage"},"image":{"@id":"https:\/\/metropolitanthings.com\/ca\/product\/set-de-6-culleres-de-cafe\/#primaryimage"},"thumbnailUrl":"https:\/\/metropolitanthings.com\/wp-content\/uploads\/2025\/03\/getimage_1__2.jpg","datePublished":"2025-03-18T12:39:53+00:00","dateModified":"2025-05-16T11:36:42+00:00","breadcrumb":{"@id":"https:\/\/metropolitanthings.com\/ca\/product\/set-de-6-culleres-de-cafe\/#breadcrumb"},"inLanguage":"ca","potentialAction":[{"@type":"ReadAction","target":["https:\/\/metropolitanthings.com\/ca\/product\/set-de-6-culleres-de-cafe\/"]}]},{"@type":"ImageObject","inLanguage":"ca","@id":"https:\/\/metropolitanthings.com\/ca\/product\/set-de-6-culleres-de-cafe\/#primaryimage","url":"https:\/\/metropolitanthings.com\/wp-content\/uploads\/2025\/03\/getimage_1__2.jpg","contentUrl":"https:\/\/metropolitanthings.com\/wp-content\/uploads\/2025\/03\/getimage_1__2.jpg","width":1280,"height":1280,"caption":"set-cucharas-cafe-metropolitan-things"},{"@type":"BreadcrumbList","@id":"https:\/\/metropolitanthings.com\/ca\/product\/set-de-6-culleres-de-cafe\/#breadcrumb","itemListElement":[{"@type":"ListItem","position":1,"name":"Home","item":"https:\/\/metropolitanthings.com\/ca\/"},{"@type":"ListItem","position":2,"name":"Botiga","item":"https:\/\/metropolitanthings.com\/botiga\/"},{"@type":"ListItem","position":3,"name":"Set de 6 culleres de cafe"}]},{"@type":"WebSite","@id":"https:\/\/metropolitanthings.com\/ca\/#website","url":"https:\/\/metropolitanthings.com\/ca\/","name":"Metropolitan Things","description":"","publisher":{"@id":"https:\/\/metropolitanthings.com\/ca\/#organization"},"potentialAction":[{"@type":"SearchAction","target":{"@type":"EntryPoint","urlTemplate":"https:\/\/metropolitanthings.com\/ca\/?s={search_term_string}"},"query-input":{"@type":"PropertyValueSpecification","valueRequired":true,"valueName":"search_term_string"}}],"inLanguage":"ca"},{"@type":"Organization","@id":"https:\/\/metropolitanthings.com\/ca\/#organization","name":"Metropolitan Things","url":"https:\/\/metropolitanthings.com\/ca\/","logo":{"@type":"ImageObject","inLanguage":"ca","@id":"https:\/\/metropolitanthings.com\/ca\/#\/schema\/logo\/image\/","url":"https:\/\/metropolitanthings.com\/wp-content\/uploads\/2025\/02\/cropped-cropped-logo-metropolitan.png","contentUrl":"https:\/\/metropolitanthings.com\/wp-content\/uploads\/2025\/02\/cropped-cropped-logo-metropolitan.png","width":512,"height":512,"caption":"Metropolitan Things"},"image":{"@id":"https:\/\/metropolitanthings.com\/ca\/#\/schema\/logo\/image\/"}}]}},"jetpack_sharing_enabled":true,"_links":{"self":[{"href":"https:\/\/metropolitanthings.com\/ca\/wp-json\/wp\/v2\/product\/2019","targetHints":{"allow":["GET"]}}],"collection":[{"href":"https:\/\/metropolitanthings.com\/ca\/wp-json\/wp\/v2\/product"}],"about":[{"href":"https:\/\/metropolitanthings.com\/ca\/wp-json\/wp\/v2\/types\/product"}],"version-history":[{"count":1,"href":"https:\/\/metropolitanthings.com\/ca\/wp-json\/wp\/v2\/product\/2019\/revisions"}],"predecessor-version":[{"id":2262,"href":"https:\/\/metropolitanthings.com\/ca\/wp-json\/wp\/v2\/product\/2019\/revisions\/2262"}],"wp:featuredmedia":[{"embeddable":true,"href":"https:\/\/metropolitanthings.com\/ca\/wp-json\/wp\/v2\/media\/1393"}],"wp:attachment":[{"href":"https:\/\/metropolitanthings.com\/ca\/wp-json\/wp\/v2\/media?parent=2019"}],"wp:term":[{"taxonomy":"product_brand","embeddable":true,"href":"https:\/\/metropolitanthings.com\/ca\/wp-json\/wp\/v2\/product_brand?post=2019"},{"taxonomy":"product_cat","embeddable":true,"href":"https:\/\/metropolitanthings.com\/ca\/wp-json\/wp\/v2\/product_cat?post=2019"},{"taxonomy":"product_tag","embeddable":true,"href":"https:\/\/metropolitanthings.com\/ca\/wp-json\/wp\/v2\/product_tag?post=2019"}],"curies":[{"name":"wp","href":"https:\/\/api.w.org\/{rel}","templated":true}]}}