{"id":1745,"date":"2025-03-18T15:26:50","date_gmt":"2025-03-18T15:26:50","guid":{"rendered":"https:\/\/metropolitanthings.com\/?post_type=product&#038;p=1745"},"modified":"2025-05-14T08:15:24","modified_gmt":"2025-05-14T08:15:24","slug":"radio-sanda-sd-4012","status":"publish","type":"product","link":"https:\/\/metropolitanthings.com\/ca\/product\/radio-sanda-sd-4012\/","title":{"rendered":"R\u00e1dio FM \/ AM X-Bass Sanda Sd-4012"},"content":{"rendered":"<p data-start=\"216\" data-end=\"248\"><strong data-start=\"216\" data-end=\"248\">Caracter\u00edsticas principales:<\/strong><\/p>\n<ul data-start=\"250\" data-end=\"1367\">\n<li data-start=\"250\" data-end=\"537\">\n<p data-start=\"252\" data-end=\"279\"><strong data-start=\"252\" data-end=\"279\">Frecuencias soportadas:<\/strong><\/p>\n<ul data-start=\"282\" data-end=\"537\">\n<li data-start=\"282\" data-end=\"365\"><span class=\"relative -mx-px my-[-0.2rem] rounded px-px py-[0.2rem]\">FM: 86 &#8211; 108 MHz<\/span><\/li>\n<li data-start=\"368\" data-end=\"451\"><span class=\"relative -mx-px my-[-0.2rem] rounded px-px py-[0.2rem]\">AM: 513 &#8211; 1626 KHz<\/span>\u200b<\/li>\n<li data-start=\"454\" data-end=\"537\"><span class=\"relative -mx-px my-[-0.2rem] rounded px-px py-[0.2rem]\">SW: 5.5 &#8211; 18.1 MHz<\/span><\/li>\n<\/ul>\n<\/li>\n<li data-start=\"539\" data-end=\"649\">\n<p data-start=\"541\" data-end=\"649\"><strong data-start=\"541\" data-end=\"563\">Antena extensible:<\/strong> <span class=\"relative -mx-px my-[-0.2rem] rounded px-px py-[0.2rem]\">Cuenta con una antena de 50 cm que mejora la recepci\u00f3n de se\u00f1ales, garantizando una escucha clara.<\/span>\u200b<\/p>\n<\/li>\n<li data-start=\"651\" data-end=\"764\">\n<p data-start=\"653\" data-end=\"764\"><strong data-start=\"653\" data-end=\"678\">Controles intuitivos:<\/strong> <span class=\"relative -mx-px my-[-0.2rem] rounded px-px py-[0.2rem]\">Dispone de botones para sintonizaci\u00f3n, ajuste de volumen, reproducci\u00f3n, avance, retroceso y selecci\u00f3n de modo, facilitando su uso.<\/span><\/p>\n<\/li>\n<li data-start=\"766\" data-end=\"1154\">\n<p data-start=\"768\" data-end=\"794\"><strong data-start=\"768\" data-end=\"794\">Conectividad m\u00faltiple:<\/strong><\/p>\n<ul data-start=\"797\" data-end=\"1154\">\n<li data-start=\"797\" data-end=\"884\"><span class=\"relative -mx-px my-[-0.2rem] rounded px-px py-[0.2rem]\">Ranura para tarjetas Micro SD<\/span>\u200b<\/li>\n<li data-start=\"887\" data-end=\"974\"><span class=\"relative -mx-px my-[-0.2rem] rounded px-px py-[0.2rem]\">Puerto USB 2.0<\/span>\u200b<\/li>\n<li data-start=\"977\" data-end=\"1064\"><span class=\"relative -mx-px my-[-0.2rem] rounded px-px py-[0.2rem]\">Entrada AUX (Jack 3.5 mm)<\/span><\/li>\n<li data-start=\"1067\" data-end=\"1154\"><span class=\"relative -mx-px my-[-0.2rem] rounded px-px py-[0.2rem]\">Puerto Mini USB para carga<\/span>\u200b<\/li>\n<\/ul>\n<\/li>\n<li data-start=\"1156\" data-end=\"1261\">\n<p data-start=\"1158\" data-end=\"1261\"><strong data-start=\"1158\" data-end=\"1175\">Alimentaci\u00f3n:<\/strong> <span class=\"relative -mx-px my-[-0.2rem] rounded px-px py-[0.2rem]\">Funciona con dos bater\u00edas 18650 y admite carga a trav\u00e9s de DC 5V\/1A mediante Mini USB (cable incluido).<\/span>\u200b<\/p>\n<\/li>\n<li data-start=\"1263\" data-end=\"1367\">\n<p data-start=\"1265\" data-end=\"1367\"><strong data-start=\"1265\" data-end=\"1281\">Dimensiones:<\/strong> <span class=\"relative -mx-px my-[-0.2rem] rounded px-px py-[0.2rem]\">120 x 185 x 80 mm<\/span><\/p>\n<\/li>\n<\/ul>\n","protected":false},"excerpt":{"rendered":"<p>Caracter\u00edsticas principales: Frecuencias soportadas: FM: 86 &#8211; 108 MHz AM: 513 &#8211; 1626 KHz\u200b SW: 5.5 &#8211; 18.1 MHz Antena extensible: Cuenta con una antena de<span class=\"excerpt-hellip\"> [\u2026]<\/span><\/p>\n","protected":false},"featured_media":1764,"template":"","meta":[],"product_brand":[],"product_cat":[82],"product_tag":[],"class_list":{"0":"post-1745","1":"product","2":"type-product","3":"status-publish","4":"has-post-thumbnail","6":"product_cat-electronica-de-consumo","8":"first","9":"instock","10":"taxable","11":"shipping-taxable","12":"purchasable","13":"product-type-simple"},"yoast_head":"<!-- This site is optimized with the Yoast SEO plugin v27.1.1 - https:\/\/yoast.com\/product\/yoast-seo-wordpress\/ -->\n<title>R\u00e1dio FM \/ AM X-Bass Sanda Sd-4012 - Metropolitan Things<\/title>\n<meta name=\"description\" content=\"R\u00e1dio FM \/ AM X-Bass Sanda Sd-4012. La radio para cualquier momento en Metropolitan Things\" \/>\n<meta name=\"robots\" content=\"index, follow, max-snippet:-1, max-image-preview:large, max-video-preview:-1\" \/>\n<link rel=\"canonical\" href=\"https:\/\/metropolitanthings.com\/ca\/product\/radio-sanda-sd-4012\/\" \/>\n<meta property=\"og:locale\" content=\"ca_ES\" \/>\n<meta property=\"og:type\" content=\"article\" \/>\n<meta property=\"og:title\" content=\"R\u00e1dio FM \/ AM X-Bass Sanda Sd-4012 - Metropolitan Things\" \/>\n<meta property=\"og:description\" content=\"R\u00e1dio FM \/ AM X-Bass Sanda Sd-4012. La radio para cualquier momento en Metropolitan Things\" \/>\n<meta property=\"og:url\" content=\"https:\/\/metropolitanthings.com\/ca\/product\/radio-sanda-sd-4012\/\" \/>\n<meta property=\"og:site_name\" content=\"Metropolitan Things\" \/>\n<meta property=\"article:modified_time\" content=\"2025-05-14T08:15:24+00:00\" \/>\n<meta property=\"og:image\" content=\"https:\/\/metropolitanthings.com\/wp-content\/uploads\/2025\/03\/Radio_Grande-1.png\" \/>\n\t<meta property=\"og:image:width\" content=\"800\" \/>\n\t<meta property=\"og:image:height\" content=\"800\" \/>\n\t<meta property=\"og:image:type\" content=\"image\/png\" \/>\n<meta name=\"twitter:card\" content=\"summary_large_image\" \/>\n<meta name=\"twitter:label1\" content=\"Temps estimat de lectura\" \/>\n\t<meta name=\"twitter:data1\" content=\"1 minut\" \/>\n<script type=\"application\/ld+json\" class=\"yoast-schema-graph\">{\"@context\":\"https:\/\/schema.org\",\"@graph\":[{\"@type\":\"WebPage\",\"@id\":\"https:\/\/metropolitanthings.com\/ca\/product\/radio-sanda-sd-4012\/\",\"url\":\"https:\/\/metropolitanthings.com\/ca\/product\/radio-sanda-sd-4012\/\",\"name\":\"R\u00e1dio FM \/ AM X-Bass Sanda Sd-4012 - Metropolitan Things\",\"isPartOf\":{\"@id\":\"https:\/\/metropolitanthings.com\/ca\/#website\"},\"primaryImageOfPage\":{\"@id\":\"https:\/\/metropolitanthings.com\/ca\/product\/radio-sanda-sd-4012\/#primaryimage\"},\"image\":{\"@id\":\"https:\/\/metropolitanthings.com\/ca\/product\/radio-sanda-sd-4012\/#primaryimage\"},\"thumbnailUrl\":\"https:\/\/metropolitanthings.com\/wp-content\/uploads\/2025\/03\/Radio_Grande-1.png\",\"datePublished\":\"2025-03-18T15:26:50+00:00\",\"dateModified\":\"2025-05-14T08:15:24+00:00\",\"description\":\"R\u00e1dio FM \/ AM X-Bass Sanda Sd-4012. La radio para cualquier momento en Metropolitan Things\",\"breadcrumb\":{\"@id\":\"https:\/\/metropolitanthings.com\/ca\/product\/radio-sanda-sd-4012\/#breadcrumb\"},\"inLanguage\":\"ca\",\"potentialAction\":[{\"@type\":\"ReadAction\",\"target\":[\"https:\/\/metropolitanthings.com\/ca\/product\/radio-sanda-sd-4012\/\"]}]},{\"@type\":\"ImageObject\",\"inLanguage\":\"ca\",\"@id\":\"https:\/\/metropolitanthings.com\/ca\/product\/radio-sanda-sd-4012\/#primaryimage\",\"url\":\"https:\/\/metropolitanthings.com\/wp-content\/uploads\/2025\/03\/Radio_Grande-1.png\",\"contentUrl\":\"https:\/\/metropolitanthings.com\/wp-content\/uploads\/2025\/03\/Radio_Grande-1.png\",\"width\":800,\"height\":800,\"caption\":\"radio-grande-metropolitan-things\"},{\"@type\":\"BreadcrumbList\",\"@id\":\"https:\/\/metropolitanthings.com\/ca\/product\/radio-sanda-sd-4012\/#breadcrumb\",\"itemListElement\":[{\"@type\":\"ListItem\",\"position\":1,\"name\":\"Home\",\"item\":\"https:\/\/metropolitanthings.com\/ca\/\"},{\"@type\":\"ListItem\",\"position\":2,\"name\":\"Botiga\",\"item\":\"https:\/\/metropolitanthings.com\/botiga\/\"},{\"@type\":\"ListItem\",\"position\":3,\"name\":\"R\u00e1dio FM \/ AM X-Bass Sanda Sd-4012\"}]},{\"@type\":\"WebSite\",\"@id\":\"https:\/\/metropolitanthings.com\/ca\/#website\",\"url\":\"https:\/\/metropolitanthings.com\/ca\/\",\"name\":\"Metropolitan Things\",\"description\":\"\",\"publisher\":{\"@id\":\"https:\/\/metropolitanthings.com\/ca\/#organization\"},\"potentialAction\":[{\"@type\":\"SearchAction\",\"target\":{\"@type\":\"EntryPoint\",\"urlTemplate\":\"https:\/\/metropolitanthings.com\/ca\/?s={search_term_string}\"},\"query-input\":{\"@type\":\"PropertyValueSpecification\",\"valueRequired\":true,\"valueName\":\"search_term_string\"}}],\"inLanguage\":\"ca\"},{\"@type\":\"Organization\",\"@id\":\"https:\/\/metropolitanthings.com\/ca\/#organization\",\"name\":\"Metropolitan Things\",\"url\":\"https:\/\/metropolitanthings.com\/ca\/\",\"logo\":{\"@type\":\"ImageObject\",\"inLanguage\":\"ca\",\"@id\":\"https:\/\/metropolitanthings.com\/ca\/#\/schema\/logo\/image\/\",\"url\":\"https:\/\/metropolitanthings.com\/wp-content\/uploads\/2025\/02\/cropped-cropped-logo-metropolitan.png\",\"contentUrl\":\"https:\/\/metropolitanthings.com\/wp-content\/uploads\/2025\/02\/cropped-cropped-logo-metropolitan.png\",\"width\":512,\"height\":512,\"caption\":\"Metropolitan Things\"},\"image\":{\"@id\":\"https:\/\/metropolitanthings.com\/ca\/#\/schema\/logo\/image\/\"}}]}<\/script>\n<!-- \/ Yoast SEO plugin. -->","yoast_head_json":{"title":"R\u00e1dio FM \/ AM X-Bass Sanda Sd-4012 - Metropolitan Things","description":"R\u00e1dio FM \/ AM X-Bass Sanda Sd-4012. La radio para cualquier momento en Metropolitan Things","robots":{"index":"index","follow":"follow","max-snippet":"max-snippet:-1","max-image-preview":"max-image-preview:large","max-video-preview":"max-video-preview:-1"},"canonical":"https:\/\/metropolitanthings.com\/ca\/product\/radio-sanda-sd-4012\/","og_locale":"ca_ES","og_type":"article","og_title":"R\u00e1dio FM \/ AM X-Bass Sanda Sd-4012 - Metropolitan Things","og_description":"R\u00e1dio FM \/ AM X-Bass Sanda Sd-4012. La radio para cualquier momento en Metropolitan Things","og_url":"https:\/\/metropolitanthings.com\/ca\/product\/radio-sanda-sd-4012\/","og_site_name":"Metropolitan Things","article_modified_time":"2025-05-14T08:15:24+00:00","og_image":[{"width":800,"height":800,"url":"https:\/\/metropolitanthings.com\/wp-content\/uploads\/2025\/03\/Radio_Grande-1.png","type":"image\/png"}],"twitter_card":"summary_large_image","twitter_misc":{"Temps estimat de lectura":"1 minut"},"schema":{"@context":"https:\/\/schema.org","@graph":[{"@type":"WebPage","@id":"https:\/\/metropolitanthings.com\/ca\/product\/radio-sanda-sd-4012\/","url":"https:\/\/metropolitanthings.com\/ca\/product\/radio-sanda-sd-4012\/","name":"R\u00e1dio FM \/ AM X-Bass Sanda Sd-4012 - Metropolitan Things","isPartOf":{"@id":"https:\/\/metropolitanthings.com\/ca\/#website"},"primaryImageOfPage":{"@id":"https:\/\/metropolitanthings.com\/ca\/product\/radio-sanda-sd-4012\/#primaryimage"},"image":{"@id":"https:\/\/metropolitanthings.com\/ca\/product\/radio-sanda-sd-4012\/#primaryimage"},"thumbnailUrl":"https:\/\/metropolitanthings.com\/wp-content\/uploads\/2025\/03\/Radio_Grande-1.png","datePublished":"2025-03-18T15:26:50+00:00","dateModified":"2025-05-14T08:15:24+00:00","description":"R\u00e1dio FM \/ AM X-Bass Sanda Sd-4012. La radio para cualquier momento en Metropolitan Things","breadcrumb":{"@id":"https:\/\/metropolitanthings.com\/ca\/product\/radio-sanda-sd-4012\/#breadcrumb"},"inLanguage":"ca","potentialAction":[{"@type":"ReadAction","target":["https:\/\/metropolitanthings.com\/ca\/product\/radio-sanda-sd-4012\/"]}]},{"@type":"ImageObject","inLanguage":"ca","@id":"https:\/\/metropolitanthings.com\/ca\/product\/radio-sanda-sd-4012\/#primaryimage","url":"https:\/\/metropolitanthings.com\/wp-content\/uploads\/2025\/03\/Radio_Grande-1.png","contentUrl":"https:\/\/metropolitanthings.com\/wp-content\/uploads\/2025\/03\/Radio_Grande-1.png","width":800,"height":800,"caption":"radio-grande-metropolitan-things"},{"@type":"BreadcrumbList","@id":"https:\/\/metropolitanthings.com\/ca\/product\/radio-sanda-sd-4012\/#breadcrumb","itemListElement":[{"@type":"ListItem","position":1,"name":"Home","item":"https:\/\/metropolitanthings.com\/ca\/"},{"@type":"ListItem","position":2,"name":"Botiga","item":"https:\/\/metropolitanthings.com\/botiga\/"},{"@type":"ListItem","position":3,"name":"R\u00e1dio FM \/ AM X-Bass Sanda Sd-4012"}]},{"@type":"WebSite","@id":"https:\/\/metropolitanthings.com\/ca\/#website","url":"https:\/\/metropolitanthings.com\/ca\/","name":"Metropolitan Things","description":"","publisher":{"@id":"https:\/\/metropolitanthings.com\/ca\/#organization"},"potentialAction":[{"@type":"SearchAction","target":{"@type":"EntryPoint","urlTemplate":"https:\/\/metropolitanthings.com\/ca\/?s={search_term_string}"},"query-input":{"@type":"PropertyValueSpecification","valueRequired":true,"valueName":"search_term_string"}}],"inLanguage":"ca"},{"@type":"Organization","@id":"https:\/\/metropolitanthings.com\/ca\/#organization","name":"Metropolitan Things","url":"https:\/\/metropolitanthings.com\/ca\/","logo":{"@type":"ImageObject","inLanguage":"ca","@id":"https:\/\/metropolitanthings.com\/ca\/#\/schema\/logo\/image\/","url":"https:\/\/metropolitanthings.com\/wp-content\/uploads\/2025\/02\/cropped-cropped-logo-metropolitan.png","contentUrl":"https:\/\/metropolitanthings.com\/wp-content\/uploads\/2025\/02\/cropped-cropped-logo-metropolitan.png","width":512,"height":512,"caption":"Metropolitan Things"},"image":{"@id":"https:\/\/metropolitanthings.com\/ca\/#\/schema\/logo\/image\/"}}]}},"jetpack_sharing_enabled":true,"_links":{"self":[{"href":"https:\/\/metropolitanthings.com\/ca\/wp-json\/wp\/v2\/product\/1745","targetHints":{"allow":["GET"]}}],"collection":[{"href":"https:\/\/metropolitanthings.com\/ca\/wp-json\/wp\/v2\/product"}],"about":[{"href":"https:\/\/metropolitanthings.com\/ca\/wp-json\/wp\/v2\/types\/product"}],"version-history":[{"count":1,"href":"https:\/\/metropolitanthings.com\/ca\/wp-json\/wp\/v2\/product\/1745\/revisions"}],"predecessor-version":[{"id":1793,"href":"https:\/\/metropolitanthings.com\/ca\/wp-json\/wp\/v2\/product\/1745\/revisions\/1793"}],"wp:featuredmedia":[{"embeddable":true,"href":"https:\/\/metropolitanthings.com\/ca\/wp-json\/wp\/v2\/media\/1764"}],"wp:attachment":[{"href":"https:\/\/metropolitanthings.com\/ca\/wp-json\/wp\/v2\/media?parent=1745"}],"wp:term":[{"taxonomy":"product_brand","embeddable":true,"href":"https:\/\/metropolitanthings.com\/ca\/wp-json\/wp\/v2\/product_brand?post=1745"},{"taxonomy":"product_cat","embeddable":true,"href":"https:\/\/metropolitanthings.com\/ca\/wp-json\/wp\/v2\/product_cat?post=1745"},{"taxonomy":"product_tag","embeddable":true,"href":"https:\/\/metropolitanthings.com\/ca\/wp-json\/wp\/v2\/product_tag?post=1745"}],"curies":[{"name":"wp","href":"https:\/\/api.w.org\/{rel}","templated":true}]}}