{"id":1930,"date":"2021-09-30T12:56:28","date_gmt":"2021-09-30T12:56:28","guid":{"rendered":"https:\/\/metropolitanthings.com\/politica-de-cookies\/"},"modified":"2025-04-22T19:28:47","modified_gmt":"2025-04-22T19:28:47","slug":"politica-de-cookies","status":"publish","type":"page","link":"https:\/\/metropolitanthings.com\/ca\/politica-de-cookies\/","title":{"rendered":"Pol\u00edtica de Cookies"},"content":{"rendered":"\t\t<div data-elementor-type=\"wp-page\" data-elementor-id=\"1930\" class=\"elementor elementor-1930 elementor-688\">\n\t\t\t\t<div class=\"elementor-element elementor-element-510c7402 e-flex e-con-boxed e-con e-parent\" data-id=\"510c7402\" data-element_type=\"container\" data-e-type=\"container\">\n\t\t\t\t\t<div class=\"e-con-inner\">\n\t\t\t\t<div class=\"elementor-element elementor-element-20dc9532 elementor-widget elementor-widget-text-editor\" data-id=\"20dc9532\" data-element_type=\"widget\" data-e-type=\"widget\" data-widget_type=\"text-editor.default\">\n\t\t\t\t<div class=\"elementor-widget-container\">\n\t\t\t\t\t\t\t\t\t<\/p>\n<p><span style=\"font-weight: 400;\">L&#8217;acc\u00e9s a aquest Lloc web pot implicar la utilitzaci\u00f3 de cookies. Les cookies s\u00f3n petites quantitats d&#8217;informaci\u00f3 que s&#8217;emmagatzemen en el navegador utilitzat per cada Usuari \u2014en els diferents dispositius que pugui utilitzar per a navegar\u2014 perqu\u00e8 el servidor recordi una certa informaci\u00f3 que posteriorment i \u00fanicament el servidor que la va implementar llegir\u00e0. Les cookies faciliten la navegaci\u00f3, la fan m\u00e9s amigable, i no danyen el dispositiu de navegaci\u00f3.  <\/span><\/p>\n<p><span style=\"font-weight: 400;\">Les cookies s\u00f3n procediments autom\u00e0tics de recollida d&#8217;informaci\u00f3 relativa a les prefer\u00e8ncies determinades per l&#8217;Usuari durant la seva visita al Lloc web amb la finalitat de recon\u00e8ixer-lo com a Usuari, i personalitzar la seva experi\u00e8ncia i l&#8217;\u00fas del Lloc web, i poden tamb\u00e9, per exemple, ajudar a identificar i resoldre errors.<\/span><\/p>\n<p><span style=\"font-weight: 400;\">La informaci\u00f3 recaptada a trav\u00e9s de les cookies pot incloure la data i hora de visites al Lloc web, les p\u00e0gines visionades, el temps que ha estat en el Lloc web i els llocs visitats just abans i despr\u00e9s d&#8217;aquest. No obstant aix\u00f2, cap cookie permet que aquesta mateixa pugui contactar-se amb el n\u00famero de tel\u00e8fon de l&#8217;Usuari o amb qualsevol altre mitj\u00e0 de contacte personal. Cap cookie pot extreure informaci\u00f3 del disc dur de l&#8217;Usuari o robar informaci\u00f3 personal. L&#8217;\u00fanica manera que la informaci\u00f3 privada de l&#8217;Usuari formi part de l&#8217;arxiu Cookie \u00e9s que l&#8217;usuari doni personalment aquesta informaci\u00f3 al servidor.   <\/span><\/p>\n<p><span style=\"font-weight: 400;\">Les cookies que permeten identificar a una persona es consideren dades personals. Per tant, a les mateixes els ser\u00e0 aplicable la Pol\u00edtica de Privacitat anteriorment descrita. En aquest sentit, per a la utilitzaci\u00f3 de les mateixes ser\u00e0 necessari el consentiment de l&#8217;Usuari. Aquest consentiment ser\u00e0 comunicat, sobre la base d&#8217;una elecci\u00f3 aut\u00e8ntica, ofert mitjan\u00e7ant una decisi\u00f3 afirmativa i positiva, abans del tractament inicial, amovible i documentat.   <\/span><\/p>\n<h4> <\/h4>\n<h4><b>Cookies pr\u00f2pies<\/b><\/h4>\n<p><span style=\"font-weight: 400;\">S\u00f3n aquelles cookies que s\u00f3n enviades a l&#8217;ordinador o dispositiu de l&#8217;Usuari i gestionades exclusivament per Metropolitan Thing per al millor funcionament del Lloc web. La informaci\u00f3 que es recapta s&#8217;empra per a millorar la qualitat del Lloc web i el seu Contingut i la seva experi\u00e8ncia com a Usuari. Aquestes cookies permeten recon\u00e8ixer a l&#8217;Usuari com a visitant recurrent del Lloc web i adaptar el contingut per a oferir-li continguts que s&#8217;ajustin a les seves prefer\u00e8ncies.  <\/span><\/p>\n<h4><strong>Cookies de tercers<\/strong><\/h4>\n<p><span style=\"font-weight: 400;\">S\u00f3n cookies utilitzades i gestionades per entitats externes que proporcionen a Metropolitan Thing serveis sol\u00b7licitats per aquest mateix per a millorar el Lloc web i l&#8217;experi\u00e8ncia de l&#8217;usuari en navegar en el Lloc web. Els principals objectius per als quals s&#8217;utilitzen cookies de tercers s\u00f3n l&#8217;obtenci\u00f3 d&#8217;estad\u00edstiques d&#8217;accessos i analitzar la informaci\u00f3 de la navegaci\u00f3, \u00e9s a dir, com interactua l&#8217;Usuari amb el Lloc web. <\/span><\/p>\n<p><span style=\"font-weight: 400;\">La informaci\u00f3 que s&#8217;obt\u00e9 es refereix, per exemple, al nombre de p\u00e0gines visitades, l&#8217;idioma, el lloc a la qual l&#8217;adre\u00e7a IP des del qual accedeix l&#8217;Usuari, el nombre d&#8217;Usuaris que accedeixen, la freq\u00fc\u00e8ncia i reincid\u00e8ncia de les visites, el temps de visita, el navegador que usen, l&#8217;operador o tipus de dispositiu des del qual es realitza la visita. Aquesta informaci\u00f3 s&#8217;utilitza per a millorar el Lloc web, i detectar noves necessitats per a oferir als Usuaris un Contingut i\/o servei d&#8217;\u00f2ptima qualitat. En tot cas, la informaci\u00f3 es recopila de manera an\u00f2nima i s&#8217;elaboren informes de tend\u00e8ncies del Lloc web sense identificar a usuaris individuals. Pot obtenir m\u00e9s informaci\u00f3 sobre les cookies, la informaci\u00f3 sobre la privacitat, o consultar la descripci\u00f3 del tipus de cookies que s&#8217;utilitza, els seus principals caracter\u00edstiques, per\u00edode d&#8217;expiraci\u00f3, etc. en el seg\u00fcent(s) enlla\u00e7(s):   <br \/><\/span><\/p>\n<ul>\n<li><span style=\"font-weight: 400;\">elementor<br \/>6cb1f90cba489c85caa3c2ee6ebd0ccc<\/span><\/li>\n<li><span style=\"font-weight: 400;\">WP_DATA_USER_2<br \/>e_globals<\/span><\/li>\n<li><span style=\"font-weight: 400;\">WP_PREFERENCES_USER_2<br \/>ca04e1a769d6e87b84fd6bcda0639ce1<br \/>wc_cart_hash_104006164bf9248653064900d0d625b7<\/span><\/li>\n<li><span style=\"font-weight: 400;\">e_event-tracker<br \/>loglevel<br \/>e_kit-elements-defaults<br \/>storeApiNonce<br \/>wc_fragments_104006164bf9248653064900d0d625b7<\/span><\/li>\n<li><span style=\"font-weight: 400;\">wpEmojiSettingsSupports<br \/>wordpress_test_cooki<\/span><\/li>\n<li><span style=\"font-weight: 400;\">sbjs_migrations<\/span><\/li>\n<li><span style=\"font-weight: 400;\">sbjs_current_add<\/span><\/li>\n<li><span style=\"font-weight: 400;\">sbjs_first_add<\/span><\/li>\n<li><span style=\"font-weight: 400;\">sbjs_current<\/span><\/li>\n<li><span style=\"font-weight: 400;\">sbjs_first<\/span><\/li>\n<li><span style=\"font-weight: 400;\">sbjs_udata<\/span><\/li>\n<li><span style=\"font-weight: 400;\">woocommerce_recently_v<\/span><\/li>\n<li><span style=\"font-weight: 400;\">ewed<\/span><\/li>\n<li><span style=\"font-weight: 400;\">wp-settings-2<\/span><\/li>\n<li><span style=\"font-weight: 400;\">wp-settings-time-2<br \/>wp<\/span><\/li>\n<li><span style=\"font-weight: 400;\">wpml_current_admin_language_d41d8cd98f00b204e9800998ecf8427e<br \/>wp<\/span><\/li>\n<li><span style=\"font-weight: 400;\">wpml_current_language<br \/>wordpress_logged_in_97ae00696b22761f2eae1c25c3736c2b <\/span><\/li>\n<\/ul>\n<h4> <\/h4>\n<h4><b>Cookies de xarxes socials<\/b><\/h4>\n<p><span style=\"font-weight: 400;\">Metropolitan Things incorpora plugins de xarxes socials, que permeten accedir a les mateixes a partir del Lloc web. Per aquesta ra\u00f3, les cookies de xarxes socials poden emmagatzemar-se en el navegador de l&#8217;Usuari. Els titulars d&#8217;aquestes xarxes socials disposen de les seves pr\u00f2pies pol\u00edtiques de protecci\u00f3 de dades i de cookies, sent ells mateixos, en cada cas, responsables dels seus propis fitxers i de les seves pr\u00f2pies pr\u00e0ctiques de privacitat. L&#8217;Usuari ha de referir-se a les mateixes per a informar-se sobre aquestes cookies i, si \u00e9s el cas, del tractament de les seves dades personals. \u00danicament a t\u00edtol informatiu s&#8217;indiquen a continuaci\u00f3 els enlla\u00e7os en els quals es poden consultar aquestes pol\u00edtiques de privacitat i\/o de cookies:    <\/span><\/p>\n<ul>\n<li style=\"font-weight: 400;\" aria-level=\"1\"><span style=\"font-weight: 400;\">Facebook: <\/span><a href=\"https:\/\/www.facebook.com\/policies\/cookies\/\"><span style=\"font-weight: 400;\">https:\/\/www.facebook.com\/policies\/cookies\/<\/span><\/a><\/li>\n<li style=\"font-weight: 400;\" aria-level=\"1\"><span style=\"font-weight: 400;\">Twitter: <\/span><a href=\"https:\/\/twitter.com\/es\/privacy\"><span style=\"font-weight: 400;\">https:\/\/twitter.com\/es\/privacy<\/span><\/a><\/li>\n<li style=\"font-weight: 400;\" aria-level=\"1\"><span style=\"font-weight: 400;\">Instagram: <\/span><a href=\"https:\/\/help.instagram.com\/1896641480634370?ref=ig\"><span style=\"font-weight: 400;\">https:\/\/help.instagram.com\/1896641480634370?ref=ig<\/span><\/a><\/li>\n<li style=\"font-weight: 400;\" aria-level=\"1\"><span style=\"font-weight: 400;\">YouTube: <\/span><a href=\"https:\/\/policies.google.com\/privacy?hl=es-419&amp;gl=mx\"><span style=\"font-weight: 400;\">https:\/\/policies.google.com\/privacy?hl=es-419&amp;gl=mx<\/span><\/a><\/li>\n<li style=\"font-weight: 400;\" aria-level=\"1\"><span style=\"font-weight: 400;\">Pinterest: <\/span><a href=\"https:\/\/policy.pinterest.com\/es\/privacy-policy\"><span style=\"font-weight: 400;\">https:\/\/policy.pinterest.com\/es\/privacy-policy<\/span><\/a><\/li>\n<li style=\"font-weight: 400;\" aria-level=\"1\"><span style=\"font-weight: 400;\">LinkedIn: <\/span><a href=\"https:\/\/www.linkedin.com\/legal\/cookie-policy?trk=hp-cookies\"><span style=\"font-weight: 400;\">https:\/\/www.linkedin.com\/legal\/cookie-policy?trk=hp-cookies<\/span><\/a><\/li>\n<\/ul>\n<h4> <\/h4>\n<h4><b>Deshabilitar, rebutjar i eliminar cookies<\/b><\/h4>\n<p><span style=\"font-weight: 400;\">L&#8217;Usuari pot deshabilitar, rebutjar i eliminar les cookies \u2014totalment o parcialment\u2014 instal\u00b7lades en el seu dispositiu mitjan\u00e7ant la configuraci\u00f3 del seu navegador (entre els quals es troben, per exemple, Chrome, Firefox, Safari, Explorer). En aquest sentit, els procediments per a rebutjar i eliminar les cookies poden diferir d&#8217;un navegador d&#8217;Internet a un altre. En conseq\u00fc\u00e8ncia, l&#8217;Usuari ha d&#8217;acudir a les instruccions facilitades pel propi navegador d&#8217;Internet que estigui utilitzant. En el cas que rebutgi l&#8217;\u00fas de cookies \u2014totalment o parcialment\u2014 podr\u00e0 continuar usant el Lloc web, si b\u00e9 podr\u00e0 tenir limitada la utilitzaci\u00f3 d&#8217;algunes de les prestacions d&#8217;aquest.   <\/span><\/p>\n\t\t\t\t\t\t\t\t<\/div>\n\t\t\t\t<\/div>\n\t\t\t\t\t<\/div>\n\t\t\t\t<\/div>\n\t\t\t\t<\/div>\n\t\t","protected":false},"excerpt":{"rendered":"<p>L&#8217;acc\u00e9s a aquest Lloc web pot implicar la utilitzaci\u00f3 de cookies. Les cookies s\u00f3n petites quantitats d&#8217;informaci\u00f3 que s&#8217;emmagatzemen en el navegador utilitzat per cada Usuari<span class=\"excerpt-hellip\"> [\u2026]<\/span><\/p>\n","protected":false},"author":2,"featured_media":0,"parent":0,"menu_order":0,"comment_status":"open","ping_status":"open","template":"","meta":{"footnotes":""},"class_list":["post-1930","page","type-page","status-publish","hentry"],"yoast_head":"<!-- This site is optimized with the Yoast SEO plugin v27.1.1 - https:\/\/yoast.com\/product\/yoast-seo-wordpress\/ -->\n<title>Pol\u00edtica de Cookies - Metropolitan Things<\/title>\n<meta name=\"robots\" content=\"index, follow, max-snippet:-1, max-image-preview:large, max-video-preview:-1\" \/>\n<link rel=\"canonical\" href=\"https:\/\/metropolitanthings.com\/ca\/politica-de-cookies\/\" \/>\n<meta property=\"og:locale\" content=\"ca_ES\" \/>\n<meta property=\"og:type\" content=\"article\" \/>\n<meta property=\"og:title\" content=\"Pol\u00edtica de Cookies - Metropolitan Things\" \/>\n<meta property=\"og:description\" content=\"L&#8217;acc\u00e9s a aquest Lloc web pot implicar la utilitzaci\u00f3 de cookies. Les cookies s\u00f3n petites quantitats d&#8217;informaci\u00f3 que s&#8217;emmagatzemen en el navegador utilitzat per cada Usuari [\u2026]\" \/>\n<meta property=\"og:url\" content=\"https:\/\/metropolitanthings.com\/ca\/politica-de-cookies\/\" \/>\n<meta property=\"og:site_name\" content=\"Metropolitan Things\" \/>\n<meta property=\"article:modified_time\" content=\"2025-04-22T19:28:47+00:00\" \/>\n<meta name=\"twitter:card\" content=\"summary_large_image\" \/>\n<meta name=\"twitter:label1\" content=\"Temps estimat de lectura\" \/>\n\t<meta name=\"twitter:data1\" content=\"5 minuts\" \/>\n<script type=\"application\/ld+json\" class=\"yoast-schema-graph\">{\"@context\":\"https:\/\/schema.org\",\"@graph\":[{\"@type\":\"WebPage\",\"@id\":\"https:\/\/metropolitanthings.com\/ca\/politica-de-cookies\/\",\"url\":\"https:\/\/metropolitanthings.com\/ca\/politica-de-cookies\/\",\"name\":\"Pol\u00edtica de Cookies - Metropolitan Things\",\"isPartOf\":{\"@id\":\"https:\/\/metropolitanthings.com\/ca\/#website\"},\"datePublished\":\"2021-09-30T12:56:28+00:00\",\"dateModified\":\"2025-04-22T19:28:47+00:00\",\"breadcrumb\":{\"@id\":\"https:\/\/metropolitanthings.com\/ca\/politica-de-cookies\/#breadcrumb\"},\"inLanguage\":\"ca\",\"potentialAction\":[{\"@type\":\"ReadAction\",\"target\":[\"https:\/\/metropolitanthings.com\/ca\/politica-de-cookies\/\"]}]},{\"@type\":\"BreadcrumbList\",\"@id\":\"https:\/\/metropolitanthings.com\/ca\/politica-de-cookies\/#breadcrumb\",\"itemListElement\":[{\"@type\":\"ListItem\",\"position\":1,\"name\":\"Home\",\"item\":\"https:\/\/metropolitanthings.com\/ca\/\"},{\"@type\":\"ListItem\",\"position\":2,\"name\":\"Pol\u00edtica de Cookies\"}]},{\"@type\":\"WebSite\",\"@id\":\"https:\/\/metropolitanthings.com\/ca\/#website\",\"url\":\"https:\/\/metropolitanthings.com\/ca\/\",\"name\":\"Metropolitan Things\",\"description\":\"\",\"publisher\":{\"@id\":\"https:\/\/metropolitanthings.com\/ca\/#organization\"},\"potentialAction\":[{\"@type\":\"SearchAction\",\"target\":{\"@type\":\"EntryPoint\",\"urlTemplate\":\"https:\/\/metropolitanthings.com\/ca\/?s={search_term_string}\"},\"query-input\":{\"@type\":\"PropertyValueSpecification\",\"valueRequired\":true,\"valueName\":\"search_term_string\"}}],\"inLanguage\":\"ca\"},{\"@type\":\"Organization\",\"@id\":\"https:\/\/metropolitanthings.com\/ca\/#organization\",\"name\":\"Metropolitan Things\",\"url\":\"https:\/\/metropolitanthings.com\/ca\/\",\"logo\":{\"@type\":\"ImageObject\",\"inLanguage\":\"ca\",\"@id\":\"https:\/\/metropolitanthings.com\/ca\/#\/schema\/logo\/image\/\",\"url\":\"https:\/\/metropolitanthings.com\/wp-content\/uploads\/2025\/02\/cropped-cropped-logo-metropolitan.png\",\"contentUrl\":\"https:\/\/metropolitanthings.com\/wp-content\/uploads\/2025\/02\/cropped-cropped-logo-metropolitan.png\",\"width\":512,\"height\":512,\"caption\":\"Metropolitan Things\"},\"image\":{\"@id\":\"https:\/\/metropolitanthings.com\/ca\/#\/schema\/logo\/image\/\"}}]}<\/script>\n<!-- \/ Yoast SEO plugin. -->","yoast_head_json":{"title":"Pol\u00edtica de Cookies - Metropolitan Things","robots":{"index":"index","follow":"follow","max-snippet":"max-snippet:-1","max-image-preview":"max-image-preview:large","max-video-preview":"max-video-preview:-1"},"canonical":"https:\/\/metropolitanthings.com\/ca\/politica-de-cookies\/","og_locale":"ca_ES","og_type":"article","og_title":"Pol\u00edtica de Cookies - Metropolitan Things","og_description":"L&#8217;acc\u00e9s a aquest Lloc web pot implicar la utilitzaci\u00f3 de cookies. Les cookies s\u00f3n petites quantitats d&#8217;informaci\u00f3 que s&#8217;emmagatzemen en el navegador utilitzat per cada Usuari [\u2026]","og_url":"https:\/\/metropolitanthings.com\/ca\/politica-de-cookies\/","og_site_name":"Metropolitan Things","article_modified_time":"2025-04-22T19:28:47+00:00","twitter_card":"summary_large_image","twitter_misc":{"Temps estimat de lectura":"5 minuts"},"schema":{"@context":"https:\/\/schema.org","@graph":[{"@type":"WebPage","@id":"https:\/\/metropolitanthings.com\/ca\/politica-de-cookies\/","url":"https:\/\/metropolitanthings.com\/ca\/politica-de-cookies\/","name":"Pol\u00edtica de Cookies - Metropolitan Things","isPartOf":{"@id":"https:\/\/metropolitanthings.com\/ca\/#website"},"datePublished":"2021-09-30T12:56:28+00:00","dateModified":"2025-04-22T19:28:47+00:00","breadcrumb":{"@id":"https:\/\/metropolitanthings.com\/ca\/politica-de-cookies\/#breadcrumb"},"inLanguage":"ca","potentialAction":[{"@type":"ReadAction","target":["https:\/\/metropolitanthings.com\/ca\/politica-de-cookies\/"]}]},{"@type":"BreadcrumbList","@id":"https:\/\/metropolitanthings.com\/ca\/politica-de-cookies\/#breadcrumb","itemListElement":[{"@type":"ListItem","position":1,"name":"Home","item":"https:\/\/metropolitanthings.com\/ca\/"},{"@type":"ListItem","position":2,"name":"Pol\u00edtica de Cookies"}]},{"@type":"WebSite","@id":"https:\/\/metropolitanthings.com\/ca\/#website","url":"https:\/\/metropolitanthings.com\/ca\/","name":"Metropolitan Things","description":"","publisher":{"@id":"https:\/\/metropolitanthings.com\/ca\/#organization"},"potentialAction":[{"@type":"SearchAction","target":{"@type":"EntryPoint","urlTemplate":"https:\/\/metropolitanthings.com\/ca\/?s={search_term_string}"},"query-input":{"@type":"PropertyValueSpecification","valueRequired":true,"valueName":"search_term_string"}}],"inLanguage":"ca"},{"@type":"Organization","@id":"https:\/\/metropolitanthings.com\/ca\/#organization","name":"Metropolitan Things","url":"https:\/\/metropolitanthings.com\/ca\/","logo":{"@type":"ImageObject","inLanguage":"ca","@id":"https:\/\/metropolitanthings.com\/ca\/#\/schema\/logo\/image\/","url":"https:\/\/metropolitanthings.com\/wp-content\/uploads\/2025\/02\/cropped-cropped-logo-metropolitan.png","contentUrl":"https:\/\/metropolitanthings.com\/wp-content\/uploads\/2025\/02\/cropped-cropped-logo-metropolitan.png","width":512,"height":512,"caption":"Metropolitan Things"},"image":{"@id":"https:\/\/metropolitanthings.com\/ca\/#\/schema\/logo\/image\/"}}]}},"jetpack_sharing_enabled":true,"_links":{"self":[{"href":"https:\/\/metropolitanthings.com\/ca\/wp-json\/wp\/v2\/pages\/1930","targetHints":{"allow":["GET"]}}],"collection":[{"href":"https:\/\/metropolitanthings.com\/ca\/wp-json\/wp\/v2\/pages"}],"about":[{"href":"https:\/\/metropolitanthings.com\/ca\/wp-json\/wp\/v2\/types\/page"}],"author":[{"embeddable":true,"href":"https:\/\/metropolitanthings.com\/ca\/wp-json\/wp\/v2\/users\/2"}],"replies":[{"embeddable":true,"href":"https:\/\/metropolitanthings.com\/ca\/wp-json\/wp\/v2\/comments?post=1930"}],"version-history":[{"count":1,"href":"https:\/\/metropolitanthings.com\/ca\/wp-json\/wp\/v2\/pages\/1930\/revisions"}],"predecessor-version":[{"id":1931,"href":"https:\/\/metropolitanthings.com\/ca\/wp-json\/wp\/v2\/pages\/1930\/revisions\/1931"}],"wp:attachment":[{"href":"https:\/\/metropolitanthings.com\/ca\/wp-json\/wp\/v2\/media?parent=1930"}],"curies":[{"name":"wp","href":"https:\/\/api.w.org\/{rel}","templated":true}]}}